{"id":43,"date":"2014-09-17T16:45:07","date_gmt":"2014-09-17T16:45:07","guid":{"rendered":"http:\/\/agora.xtec.cat\/iet\/?page_id=43"},"modified":"2025-06-16T12:48:10","modified_gmt":"2025-06-16T10:48:10","slug":"consell-escolar","status":"publish","type":"page","link":"https:\/\/agora.xtec.cat\/iet\/linstitut\/consell-escolar\/","title":{"rendered":"Consell escolar"},"content":{"rendered":"\n<p>El <strong>Consell Escolar<\/strong> \u00e9s l\u2019\u00f2rgan col\u00b7legiat de participaci\u00f3 en el govern del centre, que representa tota la comunitat educativa de l\u2019Institut.<\/p>\n\n\n\n<p>Est\u00e0 format per representants del <strong>professorat, l\u2019alumnat, les fam\u00edlies, el personal d\u2019administraci\u00f3 i serveis<\/strong>, aix\u00ed com per membres designats per l\u2019administraci\u00f3 educativa.<\/p>\n\n\n\n<p>La seva funci\u00f3 principal \u00e9s <strong>participar en la presa de decisions que afecten el funcionament, l\u2019organitzaci\u00f3 i la qualitat educativa del centre<\/strong>, garantint un model de gesti\u00f3 democr\u00e0tic i transparent.<\/p>\n\n\n\n<h2 class=\"wp-block-heading has-medium-font-size\"><strong>Objectius<\/strong><\/h2>\n\n\n\n<ul class=\"wp-block-list\">\n<li><strong>Participar en la gesti\u00f3 democr\u00e0tica<\/strong> del centre educatiu.<\/li>\n\n\n\n<li><strong>Fomentar la col\u00b7laboraci\u00f3<\/strong> entre alumnat, fam\u00edlies, professorat i administraci\u00f3.<\/li>\n\n\n\n<li><strong>Contribuir a la millora de la qualitat educativa<\/strong> i del clima escolar.<\/li>\n\n\n\n<li><strong>Aprovar i fer seguiment<\/strong> dels documents de centre: projecte educatiu, programaci\u00f3 general anual, normativa de conviv\u00e8ncia, etc.<\/li>\n\n\n\n<li><strong>Supervisar aspectes organitzatius i econ\u00f2mics<\/strong>, com el pressupost i la gesti\u00f3 de recursos.<\/li>\n\n\n\n<li><strong>Fer seguiment del funcionament global del centre<\/strong>, i proposar millores quan calgui.<\/li>\n\n\n\n<li><strong>Vetllar pel compliment dels drets i deures<\/strong> de tots els membres de la comunitat educativa.<\/li>\n<\/ul>\n\n\n\n<p><\/p>\n","protected":false},"excerpt":{"rendered":"<p>El Consell Escolar \u00e9s l\u2019\u00f2rgan col\u00b7legiat de participaci\u00f3 en el govern del centre, que representa tota la comunitat educativa de l\u2019Institut. Est\u00e0 format per representants del professorat, l\u2019alumnat, les fam\u00edlies, el personal d\u2019administraci\u00f3 i serveis, aix\u00ed com per membres designats per l\u2019administraci\u00f3 educativa. La seva funci\u00f3 principal \u00e9s participar en la presa de decisions que [&hellip;]<\/p>\n","protected":false},"author":1,"featured_media":0,"parent":19,"menu_order":40,"comment_status":"closed","ping_status":"closed","template":"","meta":{"site-sidebar-layout":"default","site-content-layout":"","ast-site-content-layout":"default","site-content-style":"default","site-sidebar-style":"default","ast-global-header-display":"","ast-banner-title-visibility":"","ast-main-header-display":"","ast-hfb-above-header-display":"","ast-hfb-below-header-display":"","ast-hfb-mobile-header-display":"","site-post-title":"","ast-breadcrumbs-content":"","ast-featured-img":"","footer-sml-layout":"","theme-transparent-header-meta":"","adv-header-id-meta":"","stick-header-meta":"","header-above-stick-meta":"","header-main-stick-meta":"","header-below-stick-meta":"","astra-migrate-meta-layouts":"set","ast-page-background-enabled":"default","ast-page-background-meta":{"desktop":{"background-color":"var(--ast-global-color-4)","background-image":"","background-repeat":"repeat","background-position":"center center","background-size":"auto","background-attachment":"scroll","background-type":"","background-media":"","overlay-type":"","overlay-color":"","overlay-opacity":"","overlay-gradient":""},"tablet":{"background-color":"","background-image":"","background-repeat":"repeat","background-position":"center center","background-size":"auto","background-attachment":"scroll","background-type":"","background-media":"","overlay-type":"","overlay-color":"","overlay-opacity":"","overlay-gradient":""},"mobile":{"background-color":"","background-image":"","background-repeat":"repeat","background-position":"center center","background-size":"auto","background-attachment":"scroll","background-type":"","background-media":"","overlay-type":"","overlay-color":"","overlay-opacity":"","overlay-gradient":""}},"ast-content-background-meta":{"desktop":{"background-color":"var(--ast-global-color-5)","background-image":"","background-repeat":"repeat","background-position":"center center","background-size":"auto","background-attachment":"scroll","background-type":"","background-media":"","overlay-type":"","overlay-color":"","overlay-opacity":"","overlay-gradient":""},"tablet":{"background-color":"var(--ast-global-color-5)","background-image":"","background-repeat":"repeat","background-position":"center center","background-size":"auto","background-attachment":"scroll","background-type":"","background-media":"","overlay-type":"","overlay-color":"","overlay-opacity":"","overlay-gradient":""},"mobile":{"background-color":"var(--ast-global-color-5)","background-image":"","background-repeat":"repeat","background-position":"center center","background-size":"auto","background-attachment":"scroll","background-type":"","background-media":"","overlay-type":"","overlay-color":"","overlay-opacity":"","overlay-gradient":""}},"footnotes":""},"class_list":["post-43","page","type-page","status-publish","hentry"],"post_mailing_queue_ids":[],"_links":{"self":[{"href":"https:\/\/agora.xtec.cat\/iet\/wp-json\/wp\/v2\/pages\/43","targetHints":{"allow":["GET"]}}],"collection":[{"href":"https:\/\/agora.xtec.cat\/iet\/wp-json\/wp\/v2\/pages"}],"about":[{"href":"https:\/\/agora.xtec.cat\/iet\/wp-json\/wp\/v2\/types\/page"}],"author":[{"embeddable":true,"href":"https:\/\/agora.xtec.cat\/iet\/wp-json\/wp\/v2\/users\/1"}],"replies":[{"embeddable":true,"href":"https:\/\/agora.xtec.cat\/iet\/wp-json\/wp\/v2\/comments?post=43"}],"version-history":[{"count":2,"href":"https:\/\/agora.xtec.cat\/iet\/wp-json\/wp\/v2\/pages\/43\/revisions"}],"predecessor-version":[{"id":853,"href":"https:\/\/agora.xtec.cat\/iet\/wp-json\/wp\/v2\/pages\/43\/revisions\/853"}],"up":[{"embeddable":true,"href":"https:\/\/agora.xtec.cat\/iet\/wp-json\/wp\/v2\/pages\/19"}],"wp:attachment":[{"href":"https:\/\/agora.xtec.cat\/iet\/wp-json\/wp\/v2\/media?parent=43"}],"curies":[{"name":"wp","href":"https:\/\/api.w.org\/{rel}","templated":true}]}}