{"id":27,"date":"2014-09-17T16:24:03","date_gmt":"2014-09-17T16:24:03","guid":{"rendered":"http:\/\/agora.xtec.cat\/iet\/?page_id=27"},"modified":"2025-06-19T11:44:47","modified_gmt":"2025-06-19T09:44:47","slug":"historia","status":"publish","type":"page","link":"https:\/\/agora.xtec.cat\/iet\/linstitut\/historia\/","title":{"rendered":"Hist\u00f2ria"},"content":{"rendered":"\n<p class=\"has-cyan-bluish-gray-background-color has-background\" style=\"border-radius: 23px; font-size: 21px; text-align: justify;\">L\u2019Escola de Teixits de Canet de Mar, fundada el 1922, \u00e9s una instituci\u00f3 que ha estat referent en la formaci\u00f3 de professionals de la ind\u00fastria t\u00e8xtil a Catalunya. Al llarg dels anys, ha combinat la tradici\u00f3 amb la innovaci\u00f3, ensenyant tant el disseny com la producci\u00f3 de teixits. Gr\u00e0cies a aquesta escola, generacions de dissenyadors i t\u00e8cnics han contribu\u00eft al desenvolupament d\u2019una ind\u00fastria t\u00e8xtil que va ser essencial per a l\u2019economia del Maresme.<\/p>\n\n\n\n<div class=\"wp-block-getwid-content-timeline\" data-animation=\"none\" data-filling=\"true\"><div class=\"wp-block-getwid-content-timeline__line\"><div class=\"wp-block-getwid-content-timeline__bar\"><\/div><\/div><div class=\"wp-block-getwid-content-timeline__wrapper\">\n<div class=\"wp-block-getwid-content-timeline-item\"><div class=\"wp-block-getwid-content-timeline-item__wrapper\"><div class=\"wp-block-getwid-content-timeline-item__card\"><div class=\"wp-block-getwid-content-timeline-item__card-wrapper\"><div class=\"wp-block-getwid-content-timeline-item__image-wrapper\"><img loading=\"lazy\" decoding=\"async\" width=\"2560\" height=\"1707\" class=\"wp-block-getwid-content-timeline-item__image wp-image-741\" src=\"https:\/\/agora.xtec.cat\/iet\/wp-content\/uploads\/usu3484\/2025\/06\/escola_teixits_canet-37-scaled.jpg\" alt=\"\" srcset=\"https:\/\/agora.xtec.cat\/iet\/wp-content\/uploads\/usu3484\/2025\/06\/escola_teixits_canet-37-scaled.jpg 2560w, https:\/\/agora.xtec.cat\/iet\/wp-content\/uploads\/usu3484\/2025\/06\/escola_teixits_canet-37-300x200.jpg 300w, https:\/\/agora.xtec.cat\/iet\/wp-content\/uploads\/usu3484\/2025\/06\/escola_teixits_canet-37-1024x683.jpg 1024w, https:\/\/agora.xtec.cat\/iet\/wp-content\/uploads\/usu3484\/2025\/06\/escola_teixits_canet-37-768x512.jpg 768w, https:\/\/agora.xtec.cat\/iet\/wp-content\/uploads\/usu3484\/2025\/06\/escola_teixits_canet-37-1536x1024.jpg 1536w, https:\/\/agora.xtec.cat\/iet\/wp-content\/uploads\/usu3484\/2025\/06\/escola_teixits_canet-37-2048x1365.jpg 2048w\" sizes=\"auto, (max-width: 2560px) 100vw, 2560px\" \/><\/div><div class=\"wp-block-getwid-content-timeline-item__content-wrapper\"><div class=\"wp-block-getwid-content-timeline-item__mobile-meta\"><p class=\"wp-block-getwid-content-timeline-item__meta-content\">S\u2019inaugura l\u2019<strong>Institut Escola de Teixits<\/strong>, separant-se del Institut Lluis Dom\u00e8nech i Montaner amb nova identitat, nova web i la implantaci\u00f3 dels <strong>Cicles Formatius Art\u00edstics Superiors<\/strong> d\u2019Indument\u00e0ria T\u00e8xtil i Art T\u00e8xtil.<\/p><\/div>\n<h3 class=\"wp-block-heading\">Curs 2025\/2026 Esdev\u00e9 a ser un nou centre de Formaci\u00f3 Professional T\u00e8xtil<\/h3>\n\n\n\n<p><\/p>\n<\/div><\/div><\/div><div class=\"wp-block-getwid-content-timeline-item__point\"><div class=\"wp-block-getwid-content-timeline-item__point-content\"><\/div><\/div><div class=\"wp-block-getwid-content-timeline-item__meta\"><p class=\"wp-block-getwid-content-timeline-item__meta-content\">S\u2019inaugura l\u2019<strong>Institut Escola de Teixits<\/strong>, separant-se del Institut Lluis Dom\u00e8nech i Montaner amb nova identitat, nova web i la implantaci\u00f3 dels <strong>Cicles Formatius Art\u00edstics Superiors<\/strong> d\u2019Indument\u00e0ria T\u00e8xtil i Art T\u00e8xtil.<\/p><\/div><\/div><\/div>\n\n\n\n<div class=\"wp-block-getwid-content-timeline-item\"><div class=\"wp-block-getwid-content-timeline-item__wrapper\"><div class=\"wp-block-getwid-content-timeline-item__card\"><div class=\"wp-block-getwid-content-timeline-item__card-wrapper\"><div class=\"wp-block-getwid-content-timeline-item__image-wrapper\"><img loading=\"lazy\" decoding=\"async\" width=\"1125\" height=\"1500\" class=\"wp-block-getwid-content-timeline-item__image wp-image-926\" src=\"https:\/\/agora.xtec.cat\/iet\/wp-content\/uploads\/usu3484\/2025\/06\/2005_100001.jpg\" alt=\"\" srcset=\"https:\/\/agora.xtec.cat\/iet\/wp-content\/uploads\/usu3484\/2025\/06\/2005_100001.jpg 1125w, https:\/\/agora.xtec.cat\/iet\/wp-content\/uploads\/usu3484\/2025\/06\/2005_100001-225x300.jpg 225w, https:\/\/agora.xtec.cat\/iet\/wp-content\/uploads\/usu3484\/2025\/06\/2005_100001-768x1024.jpg 768w\" sizes=\"auto, (max-width: 1125px) 100vw, 1125px\" \/><\/div><div class=\"wp-block-getwid-content-timeline-item__content-wrapper\"><div class=\"wp-block-getwid-content-timeline-item__mobile-meta\"><p class=\"wp-block-getwid-content-timeline-item__meta-content\">Entre els anys 2013 i 2024, en el marc d\u2019un conveni de col\u00b7laboraci\u00f3 entre el Departament d\u2019Educaci\u00f3  la Diputaci\u00f3 de Barcelona, i de l\u2019Institut Llu\u00eds Dom\u00e8nech i Montaner, s\u2019hi van implantar els cicles formatius de Confecci\u00f3 i Moda, Patronatge i Moda, i Fabricaci\u00f3 T\u00e8xtil.<\/p><\/div>\n<h3 class=\"wp-block-heading\">Del 2013 &#8211; 2024. Inicien els Cicles formatius<\/h3>\n\n\n\n<p><\/p>\n<\/div><\/div><\/div><div class=\"wp-block-getwid-content-timeline-item__point\"><div class=\"wp-block-getwid-content-timeline-item__point-content\"><\/div><\/div><div class=\"wp-block-getwid-content-timeline-item__meta\"><p class=\"wp-block-getwid-content-timeline-item__meta-content\">Entre els anys 2013 i 2024, en el marc d\u2019un conveni de col\u00b7laboraci\u00f3 entre el Departament d\u2019Educaci\u00f3  la Diputaci\u00f3 de Barcelona, i de l\u2019Institut Llu\u00eds Dom\u00e8nech i Montaner, s\u2019hi van implantar els cicles formatius de Confecci\u00f3 i Moda, Patronatge i Moda, i Fabricaci\u00f3 T\u00e8xtil.<\/p><\/div><\/div><\/div>\n\n\n\n<div class=\"wp-block-getwid-content-timeline-item\"><div class=\"wp-block-getwid-content-timeline-item__wrapper\"><div class=\"wp-block-getwid-content-timeline-item__card\"><div class=\"wp-block-getwid-content-timeline-item__card-wrapper\"><div class=\"wp-block-getwid-content-timeline-item__image-wrapper\"><img loading=\"lazy\" decoding=\"async\" width=\"1500\" height=\"1125\" class=\"wp-block-getwid-content-timeline-item__image wp-image-1157\" src=\"https:\/\/agora.xtec.cat\/iet\/wp-content\/uploads\/usu3484\/2025\/06\/2005_460001-1.jpg\" alt=\"\" srcset=\"https:\/\/agora.xtec.cat\/iet\/wp-content\/uploads\/usu3484\/2025\/06\/2005_460001-1.jpg 1500w, https:\/\/agora.xtec.cat\/iet\/wp-content\/uploads\/usu3484\/2025\/06\/2005_460001-1-300x225.jpg 300w, https:\/\/agora.xtec.cat\/iet\/wp-content\/uploads\/usu3484\/2025\/06\/2005_460001-1-1024x768.jpg 1024w, https:\/\/agora.xtec.cat\/iet\/wp-content\/uploads\/usu3484\/2025\/06\/2005_460001-1-768x576.jpg 768w\" sizes=\"auto, (max-width: 1500px) 100vw, 1500px\" \/><\/div><div class=\"wp-block-getwid-content-timeline-item__content-wrapper\"><div class=\"wp-block-getwid-content-timeline-item__mobile-meta\"><p class=\"wp-block-getwid-content-timeline-item__meta-content\">L\u2019escola es reinventa i passa a ser un <strong>Centre de Recerca i Transfer\u00e8ncia de Tecnologia T\u00e8xtil (CRTTT)<\/strong>, apostant per la innovaci\u00f3 i la col\u00b7laboraci\u00f3 amb la ind\u00fastria.<\/p><\/div>\n<h3 class=\"wp-block-heading\">2008 \u2013 Transformaci\u00f3 en centre de recerca t\u00e8xtil<\/h3>\n\n\n\n<p><\/p>\n<\/div><\/div><\/div><div class=\"wp-block-getwid-content-timeline-item__point\"><div class=\"wp-block-getwid-content-timeline-item__point-content\"><\/div><\/div><div class=\"wp-block-getwid-content-timeline-item__meta\"><p class=\"wp-block-getwid-content-timeline-item__meta-content\">L\u2019escola es reinventa i passa a ser un <strong>Centre de Recerca i Transfer\u00e8ncia de Tecnologia T\u00e8xtil (CRTTT)<\/strong>, apostant per la innovaci\u00f3 i la col\u00b7laboraci\u00f3 amb la ind\u00fastria.<\/p><\/div><\/div><\/div>\n\n\n\n<div class=\"wp-block-getwid-content-timeline-item\"><div class=\"wp-block-getwid-content-timeline-item__wrapper\"><div class=\"wp-block-getwid-content-timeline-item__card\"><div class=\"wp-block-getwid-content-timeline-item__card-wrapper\"><div class=\"wp-block-getwid-content-timeline-item__image-wrapper\"><img loading=\"lazy\" decoding=\"async\" width=\"1500\" height=\"1014\" class=\"wp-block-getwid-content-timeline-item__image wp-image-1158\" src=\"https:\/\/agora.xtec.cat\/iet\/wp-content\/uploads\/usu3484\/2025\/06\/1997_20-FP.jpg\" alt=\"\" srcset=\"https:\/\/agora.xtec.cat\/iet\/wp-content\/uploads\/usu3484\/2025\/06\/1997_20-FP.jpg 1500w, https:\/\/agora.xtec.cat\/iet\/wp-content\/uploads\/usu3484\/2025\/06\/1997_20-FP-300x203.jpg 300w, https:\/\/agora.xtec.cat\/iet\/wp-content\/uploads\/usu3484\/2025\/06\/1997_20-FP-1024x692.jpg 1024w, https:\/\/agora.xtec.cat\/iet\/wp-content\/uploads\/usu3484\/2025\/06\/1997_20-FP-768x519.jpg 768w\" sizes=\"auto, (max-width: 1500px) 100vw, 1500px\" \/><\/div><div class=\"wp-block-getwid-content-timeline-item__content-wrapper\"><div class=\"wp-block-getwid-content-timeline-item__mobile-meta\"><p class=\"wp-block-getwid-content-timeline-item__meta-content\">La nova legislaci\u00f3 educativa va preveure la integraci\u00f3 de les escoles d\u2019enginyeria t\u00e8cnica i t\u00e8xtil dins del sistema educatiu oficial, refor\u00e7ant el paper del centre com a referent en formaci\u00f3 t\u00e8xtil. Aquest proc\u00e9s va culminar amb la desadscripci\u00f3 de la Universitat Polit\u00e8cnica de Catalunya (UPC) i l\u2019extinci\u00f3 progressiva dels estudis universitaris a Canet de Mar.<\/p><\/div>\n<h3 class=\"wp-block-heading\">1970\u20132006: Estudis universitaris amb la UPC i reestructuraci\u00f3 del model formatiu<\/h3>\n\n\n\n<p><\/p>\n<\/div><\/div><\/div><div class=\"wp-block-getwid-content-timeline-item__point\"><div class=\"wp-block-getwid-content-timeline-item__point-content\"><\/div><\/div><div class=\"wp-block-getwid-content-timeline-item__meta\"><p class=\"wp-block-getwid-content-timeline-item__meta-content\">La nova legislaci\u00f3 educativa va preveure la integraci\u00f3 de les escoles d\u2019enginyeria t\u00e8cnica i t\u00e8xtil dins del sistema educatiu oficial, refor\u00e7ant el paper del centre com a referent en formaci\u00f3 t\u00e8xtil. Aquest proc\u00e9s va culminar amb la desadscripci\u00f3 de la Universitat Polit\u00e8cnica de Catalunya (UPC) i l\u2019extinci\u00f3 progressiva dels estudis universitaris a Canet de Mar.<\/p><\/div><\/div><\/div>\n\n\n\n<div class=\"wp-block-getwid-content-timeline-item\"><div class=\"wp-block-getwid-content-timeline-item__wrapper\"><div class=\"wp-block-getwid-content-timeline-item__card\"><div class=\"wp-block-getwid-content-timeline-item__card-wrapper\"><div class=\"wp-block-getwid-content-timeline-item__image-wrapper\"><img loading=\"lazy\" decoding=\"async\" width=\"1093\" height=\"663\" class=\"wp-block-getwid-content-timeline-item__image wp-image-1152\" src=\"https:\/\/agora.xtec.cat\/iet\/wp-content\/uploads\/usu3484\/2025\/06\/Escola-Teixits_09-e1750158260713.jpg\" alt=\"\" srcset=\"https:\/\/agora.xtec.cat\/iet\/wp-content\/uploads\/usu3484\/2025\/06\/Escola-Teixits_09-e1750158260713.jpg 1093w, https:\/\/agora.xtec.cat\/iet\/wp-content\/uploads\/usu3484\/2025\/06\/Escola-Teixits_09-e1750158260713-300x182.jpg 300w, https:\/\/agora.xtec.cat\/iet\/wp-content\/uploads\/usu3484\/2025\/06\/Escola-Teixits_09-e1750158260713-1024x621.jpg 1024w, https:\/\/agora.xtec.cat\/iet\/wp-content\/uploads\/usu3484\/2025\/06\/Escola-Teixits_09-e1750158260713-768x466.jpg 768w\" sizes=\"auto, (max-width: 1093px) 100vw, 1093px\" \/><\/div><div class=\"wp-block-getwid-content-timeline-item__content-wrapper\"><div class=\"wp-block-getwid-content-timeline-item__mobile-meta\"><p class=\"wp-block-getwid-content-timeline-item__meta-content\">El centre adopta el nom d\u2019<strong>Escola de Teixits de Punt<\/strong>, especialitzant-se en la formaci\u00f3 t\u00e8cnica vinculada a la ind\u00fastria del punt, un \u00e0mbit clau a la comarca.<\/p><\/div>\n<h3 class=\"wp-block-heading\">1930 \u2013 Neix l\u2019Escola de Teixits de Punt<\/h3>\n\n\n\n<p><\/p>\n<\/div><\/div><\/div><div class=\"wp-block-getwid-content-timeline-item__point\"><div class=\"wp-block-getwid-content-timeline-item__point-content\"><\/div><\/div><div class=\"wp-block-getwid-content-timeline-item__meta\"><p class=\"wp-block-getwid-content-timeline-item__meta-content\">El centre adopta el nom d\u2019<strong>Escola de Teixits de Punt<\/strong>, especialitzant-se en la formaci\u00f3 t\u00e8cnica vinculada a la ind\u00fastria del punt, un \u00e0mbit clau a la comarca.<\/p><\/div><\/div><\/div>\n\n\n\n<div class=\"wp-block-getwid-content-timeline-item\"><div class=\"wp-block-getwid-content-timeline-item__wrapper\"><div class=\"wp-block-getwid-content-timeline-item__card\"><div class=\"wp-block-getwid-content-timeline-item__card-wrapper\"><div class=\"wp-block-getwid-content-timeline-item__image-wrapper\"><img loading=\"lazy\" decoding=\"async\" width=\"1500\" height=\"955\" class=\"wp-block-getwid-content-timeline-item__image wp-image-1149\" src=\"https:\/\/agora.xtec.cat\/iet\/wp-content\/uploads\/usu3484\/2025\/06\/Escola-Teixits_08.jpg\" alt=\"\" srcset=\"https:\/\/agora.xtec.cat\/iet\/wp-content\/uploads\/usu3484\/2025\/06\/Escola-Teixits_08.jpg 1500w, https:\/\/agora.xtec.cat\/iet\/wp-content\/uploads\/usu3484\/2025\/06\/Escola-Teixits_08-300x191.jpg 300w, https:\/\/agora.xtec.cat\/iet\/wp-content\/uploads\/usu3484\/2025\/06\/Escola-Teixits_08-1024x652.jpg 1024w, https:\/\/agora.xtec.cat\/iet\/wp-content\/uploads\/usu3484\/2025\/06\/Escola-Teixits_08-768x489.jpg 768w\" sizes=\"auto, (max-width: 1500px) 100vw, 1500px\" \/><\/div><div class=\"wp-block-getwid-content-timeline-item__content-wrapper\"><div class=\"wp-block-getwid-content-timeline-item__mobile-meta\"><p class=\"wp-block-getwid-content-timeline-item__meta-content\">Neix un centre formatiu amb voluntat de donar resposta a les necessitats del teixit industrial de Canet de Mar. S\u2019inicien els primers ensenyaments t\u00e8cnics vinculats al sector t\u00e8xtil local.<\/p><\/div>\n<h3 class=\"wp-block-heading\">1922 &#8211; Inauguraci\u00f3 de l\u2019Escola Local d\u2019Ind\u00fastries <\/h3>\n<\/div><\/div><\/div><div class=\"wp-block-getwid-content-timeline-item__point\"><div class=\"wp-block-getwid-content-timeline-item__point-content\"><\/div><\/div><div class=\"wp-block-getwid-content-timeline-item__meta\"><p class=\"wp-block-getwid-content-timeline-item__meta-content\">Neix un centre formatiu amb voluntat de donar resposta a les necessitats del teixit industrial de Canet de Mar. S\u2019inicien els primers ensenyaments t\u00e8cnics vinculats al sector t\u00e8xtil local.<\/p><\/div><\/div><\/div>\n<\/div><\/div>\n\n\n\n<p><\/p>\n","protected":false},"excerpt":{"rendered":"<p>L\u2019Escola de Teixits de Canet de Mar, fundada el 1922, \u00e9s una instituci\u00f3 que ha estat referent en la formaci\u00f3 de professionals de la ind\u00fastria t\u00e8xtil a Catalunya. Al llarg dels anys, ha combinat la tradici\u00f3 amb la innovaci\u00f3, ensenyant tant el disseny com la producci\u00f3 de teixits. Gr\u00e0cies a aquesta escola, generacions de dissenyadors [&hellip;]<\/p>\n","protected":false},"author":1,"featured_media":0,"parent":19,"menu_order":20,"comment_status":"closed","ping_status":"closed","template":"","meta":{"site-sidebar-layout":"default","site-content-layout":"","ast-site-content-layout":"default","site-content-style":"default","site-sidebar-style":"default","ast-global-header-display":"","ast-banner-title-visibility":"","ast-main-header-display":"","ast-hfb-above-header-display":"","ast-hfb-below-header-display":"","ast-hfb-mobile-header-display":"","site-post-title":"","ast-breadcrumbs-content":"","ast-featured-img":"","footer-sml-layout":"","theme-transparent-header-meta":"","adv-header-id-meta":"","stick-header-meta":"","header-above-stick-meta":"","header-main-stick-meta":"","header-below-stick-meta":"","astra-migrate-meta-layouts":"set","ast-page-background-enabled":"default","ast-page-background-meta":{"desktop":{"background-color":"var(--ast-global-color-4)","background-image":"","background-repeat":"repeat","background-position":"center center","background-size":"auto","background-attachment":"scroll","background-type":"","background-media":"","overlay-type":"","overlay-color":"","overlay-opacity":"","overlay-gradient":""},"tablet":{"background-color":"","background-image":"","background-repeat":"repeat","background-position":"center center","background-size":"auto","background-attachment":"scroll","background-type":"","background-media":"","overlay-type":"","overlay-color":"","overlay-opacity":"","overlay-gradient":""},"mobile":{"background-color":"","background-image":"","background-repeat":"repeat","background-position":"center center","background-size":"auto","background-attachment":"scroll","background-type":"","background-media":"","overlay-type":"","overlay-color":"","overlay-opacity":"","overlay-gradient":""}},"ast-content-background-meta":{"desktop":{"background-color":"var(--ast-global-color-5)","background-image":"","background-repeat":"repeat","background-position":"center center","background-size":"auto","background-attachment":"scroll","background-type":"","background-media":"","overlay-type":"","overlay-color":"","overlay-opacity":"","overlay-gradient":""},"tablet":{"background-color":"var(--ast-global-color-5)","background-image":"","background-repeat":"repeat","background-position":"center center","background-size":"auto","background-attachment":"scroll","background-type":"","background-media":"","overlay-type":"","overlay-color":"","overlay-opacity":"","overlay-gradient":""},"mobile":{"background-color":"var(--ast-global-color-5)","background-image":"","background-repeat":"repeat","background-position":"center center","background-size":"auto","background-attachment":"scroll","background-type":"","background-media":"","overlay-type":"","overlay-color":"","overlay-opacity":"","overlay-gradient":""}},"footnotes":""},"class_list":["post-27","page","type-page","status-publish","hentry"],"post_mailing_queue_ids":[],"_links":{"self":[{"href":"https:\/\/agora.xtec.cat\/iet\/wp-json\/wp\/v2\/pages\/27","targetHints":{"allow":["GET"]}}],"collection":[{"href":"https:\/\/agora.xtec.cat\/iet\/wp-json\/wp\/v2\/pages"}],"about":[{"href":"https:\/\/agora.xtec.cat\/iet\/wp-json\/wp\/v2\/types\/page"}],"author":[{"embeddable":true,"href":"https:\/\/agora.xtec.cat\/iet\/wp-json\/wp\/v2\/users\/1"}],"replies":[{"embeddable":true,"href":"https:\/\/agora.xtec.cat\/iet\/wp-json\/wp\/v2\/comments?post=27"}],"version-history":[{"count":6,"href":"https:\/\/agora.xtec.cat\/iet\/wp-json\/wp\/v2\/pages\/27\/revisions"}],"predecessor-version":[{"id":1229,"href":"https:\/\/agora.xtec.cat\/iet\/wp-json\/wp\/v2\/pages\/27\/revisions\/1229"}],"up":[{"embeddable":true,"href":"https:\/\/agora.xtec.cat\/iet\/wp-json\/wp\/v2\/pages\/19"}],"wp:attachment":[{"href":"https:\/\/agora.xtec.cat\/iet\/wp-json\/wp\/v2\/media?parent=27"}],"curies":[{"name":"wp","href":"https:\/\/api.w.org\/{rel}","templated":true}]}}