{"id":21,"date":"2014-09-17T16:14:14","date_gmt":"2014-09-17T16:14:14","guid":{"rendered":"http:\/\/agora.xtec.cat\/iet\/?page_id=21"},"modified":"2025-06-19T11:21:25","modified_gmt":"2025-06-19T09:21:25","slug":"on-som","status":"publish","type":"page","link":"https:\/\/agora.xtec.cat\/iet\/linstitut\/on-som\/","title":{"rendered":"On som"},"content":{"rendered":"\n<p>PLA\u00c7A IND\u00daSTRIA, 1<strong><br> <\/strong>08360 CANET DE MAR<\/p>\n\n\n\n<iframe src=\"https:\/\/www.google.com\/maps\/embed?pb=!1m18!1m12!1m3!1d5968.127962566511!2d2.577614475544698!3d41.589498583434974!2m3!1f0!2f0!3f0!3m2!1i1024!2i768!4f13.1!3m3!1m2!1s0x12bb37cb218c0d6d%3A0x98dee7aae21e8e1e!2sEscola%20de%20Teixits%20de%20Canet%20de%20Mar!5e0!3m2!1sca!2ses!4v1749580120901!5m2!1sca!2ses\" width=\"600\" height=\"450\" style=\"border:0;\" allowfullscreen=\"\" loading=\"lazy\" referrerpolicy=\"no-referrer-when-downgrade\"><\/iframe>\n\n\n\n<p><strong>Com arribar-hi:<br><\/strong><\/p>\n\n\n\n<ul class=\"wp-block-list\">\n<li>Per tren: Estaci\u00f3 Canet de Mar l\u00ednia R1 i RG1<\/li>\n<\/ul>\n\n\n\n<p>L\u2019Institut Escola de Teixits de Canet de Mar est\u00e0 ubicat al cor de la Costa del Maresme, a la bonica localitat de Canet de Mar. La nostra escola ofereix una formaci\u00f3 especialitzada en t\u00e8xtil i moda, amb un entorn acollidor i inspirador per a estudiants de totes les edats. Ens trobes a la Pla\u00e7a Ind\u00fastria, 1, 08360 Canet de Mar, Barcelona, amb bones comunicacions a cinc minuts de l\u2019estaci\u00f3 R1 Canet de Mar&nbsp; i un entorn ideal per a l\u2019aprenentatge i la creaci\u00f3.<\/p>\n\n\n\n<p><\/p>\n\n\n\n<p><\/p>\n","protected":false},"excerpt":{"rendered":"<p>PLA\u00c7A IND\u00daSTRIA, 1 08360 CANET DE MAR Com arribar-hi: L\u2019Institut Escola de Teixits de Canet de Mar est\u00e0 ubicat al cor de la Costa del Maresme, a la bonica localitat de Canet de Mar. La nostra escola ofereix una formaci\u00f3 especialitzada en t\u00e8xtil i moda, amb un entorn acollidor i inspirador per a estudiants de [&hellip;]<\/p>\n","protected":false},"author":1,"featured_media":0,"parent":19,"menu_order":10,"comment_status":"closed","ping_status":"closed","template":"","meta":{"site-sidebar-layout":"default","site-content-layout":"","ast-site-content-layout":"default","site-content-style":"default","site-sidebar-style":"default","ast-global-header-display":"","ast-banner-title-visibility":"","ast-main-header-display":"","ast-hfb-above-header-display":"","ast-hfb-below-header-display":"","ast-hfb-mobile-header-display":"","site-post-title":"","ast-breadcrumbs-content":"","ast-featured-img":"","footer-sml-layout":"","theme-transparent-header-meta":"","adv-header-id-meta":"","stick-header-meta":"","header-above-stick-meta":"","header-main-stick-meta":"","header-below-stick-meta":"","astra-migrate-meta-layouts":"set","ast-page-background-enabled":"default","ast-page-background-meta":{"desktop":{"background-color":"var(--ast-global-color-4)","background-image":"","background-repeat":"repeat","background-position":"center center","background-size":"auto","background-attachment":"scroll","background-type":"","background-media":"","overlay-type":"","overlay-color":"","overlay-opacity":"","overlay-gradient":""},"tablet":{"background-color":"","background-image":"","background-repeat":"repeat","background-position":"center center","background-size":"auto","background-attachment":"scroll","background-type":"","background-media":"","overlay-type":"","overlay-color":"","overlay-opacity":"","overlay-gradient":""},"mobile":{"background-color":"","background-image":"","background-repeat":"repeat","background-position":"center center","background-size":"auto","background-attachment":"scroll","background-type":"","background-media":"","overlay-type":"","overlay-color":"","overlay-opacity":"","overlay-gradient":""}},"ast-content-background-meta":{"desktop":{"background-color":"var(--ast-global-color-5)","background-image":"","background-repeat":"repeat","background-position":"center center","background-size":"auto","background-attachment":"scroll","background-type":"","background-media":"","overlay-type":"","overlay-color":"","overlay-opacity":"","overlay-gradient":""},"tablet":{"background-color":"var(--ast-global-color-5)","background-image":"","background-repeat":"repeat","background-position":"center center","background-size":"auto","background-attachment":"scroll","background-type":"","background-media":"","overlay-type":"","overlay-color":"","overlay-opacity":"","overlay-gradient":""},"mobile":{"background-color":"var(--ast-global-color-5)","background-image":"","background-repeat":"repeat","background-position":"center center","background-size":"auto","background-attachment":"scroll","background-type":"","background-media":"","overlay-type":"","overlay-color":"","overlay-opacity":"","overlay-gradient":""}},"footnotes":""},"class_list":["post-21","page","type-page","status-publish","hentry"],"post_mailing_queue_ids":[],"_links":{"self":[{"href":"https:\/\/agora.xtec.cat\/iet\/wp-json\/wp\/v2\/pages\/21","targetHints":{"allow":["GET"]}}],"collection":[{"href":"https:\/\/agora.xtec.cat\/iet\/wp-json\/wp\/v2\/pages"}],"about":[{"href":"https:\/\/agora.xtec.cat\/iet\/wp-json\/wp\/v2\/types\/page"}],"author":[{"embeddable":true,"href":"https:\/\/agora.xtec.cat\/iet\/wp-json\/wp\/v2\/users\/1"}],"replies":[{"embeddable":true,"href":"https:\/\/agora.xtec.cat\/iet\/wp-json\/wp\/v2\/comments?post=21"}],"version-history":[{"count":6,"href":"https:\/\/agora.xtec.cat\/iet\/wp-json\/wp\/v2\/pages\/21\/revisions"}],"predecessor-version":[{"id":1209,"href":"https:\/\/agora.xtec.cat\/iet\/wp-json\/wp\/v2\/pages\/21\/revisions\/1209"}],"up":[{"embeddable":true,"href":"https:\/\/agora.xtec.cat\/iet\/wp-json\/wp\/v2\/pages\/19"}],"wp:attachment":[{"href":"https:\/\/agora.xtec.cat\/iet\/wp-json\/wp\/v2\/media?parent=21"}],"curies":[{"name":"wp","href":"https:\/\/api.w.org\/{rel}","templated":true}]}}