{"id":19,"date":"2014-09-17T14:56:56","date_gmt":"2014-09-17T14:56:56","guid":{"rendered":"http:\/\/agora.xtec.cat\/iet\/?page_id=19"},"modified":"2025-06-20T11:51:42","modified_gmt":"2025-06-20T09:51:42","slug":"linstitut","status":"publish","type":"page","link":"https:\/\/agora.xtec.cat\/iet\/linstitut\/","title":{"rendered":"L&#8217;institut"},"content":{"rendered":"<p><span style=\"font-weight: 400;\">L\u2019Escola de Teixits de Canet de Mar, fundada el 1922, \u00e9s una instituci\u00f3 que ha estat <\/span><span style=\"font-weight: 400;\">referent en la formaci\u00f3 de professionals de la ind\u00fastria t\u00e8xtil a Catalunya. Al llarg dels anys, ha combinat la tradici\u00f3 amb la innovaci\u00f3, ensenyant tant el disseny com la producci\u00f3 de teixits. Gr\u00e0cies a aquesta escola, generacions de dissenyadors i t\u00e8cnics han contribu\u00eft al desenvolupament d\u2019una ind\u00fastria t\u00e8xtil que va ser essencial per a l\u2019economia del Maresme.<\/span><span style=\"font-weight: 400;\"><br \/><\/span><\/p>\n<p style=\"color: #444444;\">\u00a0<\/p>\n\n\n<div class=\"wp-block-columns is-layout-flex wp-container-core-columns-is-layout-1 wp-block-columns-is-layout-flex\">\n<div class=\"wp-block-column has-ast-global-color-1-background-color has-background has-small-font-size is-layout-flow wp-container-core-column-is-layout-1 wp-block-column-is-layout-flow\" style=\"border-style:none;border-width:0px;border-radius:13px;padding-top:0;padding-right:0;padding-bottom:0;padding-left:0\">\n<p class=\"has-text-align-center {text-decoration: none;} has-white-color has-text-color has-link-color wp-elements-e7d3788a17b12981ea23e1b081b65f54\" style=\"font-size:28px\"><a style=\"text-decoration: none; color: white; font-weight: bold;\" href=\"https:\/\/agora.xtec.cat\/iet\/linstitut\/on-som\/\" data-type=\"page\" data-id=\"713\">    <br>ON SOM<\/a><\/p>\n\n\n\n<figure class=\"wp-block-image aligncenter size-large is-style-default wp-duotone-unset-1\"><a href=\"https:\/\/agora.xtec.cat\/iet\/linstitut\/on-som\/\"><img loading=\"lazy\" decoding=\"async\" width=\"1024\" height=\"581\" src=\"https:\/\/agora.xtec.cat\/iet\/wp-content\/uploads\/usu3484\/2025\/06\/pexels-palocech-286744-1024x581.jpg\" alt=\"\" class=\"wp-image-924\" style=\"aspect-ratio:1;object-fit:cover\" srcset=\"https:\/\/agora.xtec.cat\/iet\/wp-content\/uploads\/usu3484\/2025\/06\/pexels-palocech-286744-1024x581.jpg 1024w, https:\/\/agora.xtec.cat\/iet\/wp-content\/uploads\/usu3484\/2025\/06\/pexels-palocech-286744-300x170.jpg 300w, https:\/\/agora.xtec.cat\/iet\/wp-content\/uploads\/usu3484\/2025\/06\/pexels-palocech-286744-768x436.jpg 768w, https:\/\/agora.xtec.cat\/iet\/wp-content\/uploads\/usu3484\/2025\/06\/pexels-palocech-286744-1536x871.jpg 1536w, https:\/\/agora.xtec.cat\/iet\/wp-content\/uploads\/usu3484\/2025\/06\/pexels-palocech-286744-2048x1162.jpg 2048w\" sizes=\"auto, (max-width: 1024px) 100vw, 1024px\" \/><\/a><\/figure>\n<\/div>\n\n\n\n<div class=\"wp-block-column has-ast-global-color-1-background-color has-background has-small-font-size is-layout-flow wp-container-core-column-is-layout-2 wp-block-column-is-layout-flow\" style=\"border-style:none;border-width:0px;border-radius:13px;padding-top:0;padding-right:0;padding-bottom:0;padding-left:0\">\n<p class=\"has-text-align-center has-white-color has-text-color has-link-color wp-elements-848da0f8956a7def3cafc42fe9017eaf\" style=\"font-size:28px\"><a style=\"text-decoration: none; color: white; font-weight: bold;\" href=\"https:\/\/agora.xtec.cat\/iet\/linstitut\/historia\/\" data-type=\"page\" data-id=\"XXX\">    <br>HIST\u00d2RIA<\/a><\/p>\n\n\n\n<figure class=\"wp-block-image aligncenter size-large is-style-default\"><a href=\"https:\/\/agora.xtec.cat\/iet\/linstitut\/historia\/\"><img loading=\"lazy\" decoding=\"async\" width=\"1024\" height=\"652\" src=\"https:\/\/agora.xtec.cat\/iet\/wp-content\/uploads\/usu3484\/2025\/06\/Escola-Teixits_08-1024x652.jpg\" alt=\"\" class=\"wp-image-1149\" style=\"aspect-ratio:1;object-fit:cover\" srcset=\"https:\/\/agora.xtec.cat\/iet\/wp-content\/uploads\/usu3484\/2025\/06\/Escola-Teixits_08-1024x652.jpg 1024w, https:\/\/agora.xtec.cat\/iet\/wp-content\/uploads\/usu3484\/2025\/06\/Escola-Teixits_08-300x191.jpg 300w, https:\/\/agora.xtec.cat\/iet\/wp-content\/uploads\/usu3484\/2025\/06\/Escola-Teixits_08-768x489.jpg 768w, https:\/\/agora.xtec.cat\/iet\/wp-content\/uploads\/usu3484\/2025\/06\/Escola-Teixits_08.jpg 1500w\" sizes=\"auto, (max-width: 1024px) 100vw, 1024px\" \/><\/a><\/figure>\n<\/div>\n\n\n\n<div class=\"wp-block-column has-ast-global-color-1-background-color has-background has-small-font-size is-layout-flow wp-container-core-column-is-layout-3 wp-block-column-is-layout-flow\" style=\"border-style:none;border-width:0px;border-radius:13px;padding-top:0;padding-right:0;padding-bottom:0;padding-left:0\">\n<p class=\"has-text-align-center has-white-color has-text-color has-link-color wp-elements-9adac8ba1f4d543a475719f5d354ed2e\" style=\"font-size:28px\"><a style=\"text-decoration: none; color: white; font-weight: bold;\" href=\"https:\/\/agora.xtec.cat\/iet\/linstitut\/instal\u00b7lacions\/\" data-type=\"page\" data-id=\"YYY\">    <br>INSTAL\u00b7LACIONS <\/a><\/p>\n\n\n\n<figure class=\"wp-block-image aligncenter size-large is-style-default\"><a href=\"https:\/\/agora.xtec.cat\/iet\/linstitut\/instal%c2%b7lacions\/\"><img loading=\"lazy\" decoding=\"async\" width=\"768\" height=\"1024\" src=\"https:\/\/agora.xtec.cat\/iet\/wp-content\/uploads\/usu3484\/2025\/06\/2005_100001-768x1024.jpg\" alt=\"\" class=\"wp-image-926\" style=\"aspect-ratio:1;object-fit:cover\" srcset=\"https:\/\/agora.xtec.cat\/iet\/wp-content\/uploads\/usu3484\/2025\/06\/2005_100001-768x1024.jpg 768w, https:\/\/agora.xtec.cat\/iet\/wp-content\/uploads\/usu3484\/2025\/06\/2005_100001-225x300.jpg 225w, https:\/\/agora.xtec.cat\/iet\/wp-content\/uploads\/usu3484\/2025\/06\/2005_100001.jpg 1125w\" sizes=\"auto, (max-width: 768px) 100vw, 768px\" \/><\/a><\/figure>\n<\/div>\n\n\n\n<div class=\"wp-block-column has-ast-global-color-1-background-color has-background has-small-font-size is-layout-flow wp-container-core-column-is-layout-4 wp-block-column-is-layout-flow\" style=\"border-style:none;border-width:0px;border-radius:13px;padding-top:0;padding-right:0;padding-bottom:0;padding-left:0\">\n<p class=\"has-text-align-center has-white-color has-text-color has-link-color wp-elements-5f08dadef3a15638b7e61840acdf307c\" style=\"font-size:28px\"><a style=\"text-decoration: none; color: white; font-weight: bold;\" href=\"https:\/\/agora.xtec.cat\/iet\/linstitut\/consell-escolar\/\" data-type=\"page\" data-id=\"ZZZ\">    <br>CONSELL ESCOLAR<\/a><\/p>\n\n\n\n<figure class=\"wp-block-image aligncenter size-large is-style-default\"><a href=\"https:\/\/agora.xtec.cat\/iet\/linstitut\/consell-escolar\/\"><img loading=\"lazy\" decoding=\"async\" width=\"1024\" height=\"683\" src=\"https:\/\/agora.xtec.cat\/iet\/wp-content\/uploads\/usu3484\/2025\/06\/pexels-cottonbro-7322769-1024x683.jpg\" alt=\"\" class=\"wp-image-943\" style=\"aspect-ratio:1;object-fit:cover\" srcset=\"https:\/\/agora.xtec.cat\/iet\/wp-content\/uploads\/usu3484\/2025\/06\/pexels-cottonbro-7322769-1024x683.jpg 1024w, https:\/\/agora.xtec.cat\/iet\/wp-content\/uploads\/usu3484\/2025\/06\/pexels-cottonbro-7322769-300x200.jpg 300w, https:\/\/agora.xtec.cat\/iet\/wp-content\/uploads\/usu3484\/2025\/06\/pexels-cottonbro-7322769-768x512.jpg 768w, https:\/\/agora.xtec.cat\/iet\/wp-content\/uploads\/usu3484\/2025\/06\/pexels-cottonbro-7322769-1536x1024.jpg 1536w, https:\/\/agora.xtec.cat\/iet\/wp-content\/uploads\/usu3484\/2025\/06\/pexels-cottonbro-7322769-2048x1365.jpg 2048w\" sizes=\"auto, (max-width: 1024px) 100vw, 1024px\" \/><\/a><\/figure>\n<\/div>\n<\/div>\n\n\n\n<div class=\"wp-block-columns is-layout-flex wp-container-core-columns-is-layout-2 wp-block-columns-is-layout-flex\">\n<div class=\"wp-block-column has-ast-global-color-1-background-color has-background has-small-font-size is-layout-flow wp-container-core-column-is-layout-5 wp-block-column-is-layout-flow\" style=\"border-style:none;border-width:0px;border-radius:13px;padding-top:0;padding-right:0;padding-bottom:0;padding-left:0\">\n<p class=\"has-text-align-center {text-decoration: none;} has-white-color has-text-color has-link-color wp-elements-a1273934473af1448af6a49ca5670d29\" style=\"font-size:28px\"><a style=\"text-decoration: none; color: white; font-weight: bold;\" href=\"https:\/\/agora.xtec.cat\/iet\/linstitut\/organigrama\/\" data-type=\"page\" data-id=\"AAA\">    <br>ORGANIGRAMA  <\/a><\/p>\n\n\n\n<figure class=\"wp-block-image aligncenter size-large is-style-default wp-duotone-unset-2\"><a href=\"https:\/\/agora.xtec.cat\/iet\/linstitut\/organigrama\/\"><img loading=\"lazy\" decoding=\"async\" width=\"1024\" height=\"683\" src=\"https:\/\/agora.xtec.cat\/iet\/wp-content\/uploads\/usu3484\/2025\/06\/How-to-create-a-company-organizational-chart-scaled-1-1024x683.jpg\" alt=\"\" class=\"wp-image-944\" style=\"aspect-ratio:1;object-fit:cover\" srcset=\"https:\/\/agora.xtec.cat\/iet\/wp-content\/uploads\/usu3484\/2025\/06\/How-to-create-a-company-organizational-chart-scaled-1-1024x683.jpg 1024w, https:\/\/agora.xtec.cat\/iet\/wp-content\/uploads\/usu3484\/2025\/06\/How-to-create-a-company-organizational-chart-scaled-1-300x200.jpg 300w, https:\/\/agora.xtec.cat\/iet\/wp-content\/uploads\/usu3484\/2025\/06\/How-to-create-a-company-organizational-chart-scaled-1-768x512.jpg 768w, https:\/\/agora.xtec.cat\/iet\/wp-content\/uploads\/usu3484\/2025\/06\/How-to-create-a-company-organizational-chart-scaled-1-1536x1024.jpg 1536w, https:\/\/agora.xtec.cat\/iet\/wp-content\/uploads\/usu3484\/2025\/06\/How-to-create-a-company-organizational-chart-scaled-1-2048x1366.jpg 2048w\" sizes=\"auto, (max-width: 1024px) 100vw, 1024px\" \/><\/a><\/figure>\n<\/div>\n\n\n\n<div class=\"wp-block-column has-ast-global-color-1-background-color has-background has-small-font-size is-layout-flow wp-container-core-column-is-layout-6 wp-block-column-is-layout-flow\" style=\"border-style:none;border-width:0px;border-radius:13px;padding-top:0;padding-right:0;padding-bottom:0;padding-left:0\">\n<p class=\"has-text-align-center has-white-color has-text-color has-link-color wp-elements-9d4e289dc9d08dde8d14525c0f0fc94b\" style=\"font-size:28px\"><a style=\"text-decoration: none; color: white; font-weight: bold;\" href=\"https:\/\/agora.xtec.cat\/iet\/linstitut\/calendari-de-curs\/\" data-type=\"page\" data-id=\"BBB\">    <br>CALENDARI DE CURS <\/a><\/p>\n\n\n\n<figure class=\"wp-block-image aligncenter size-full is-style-default\"><a href=\"https:\/\/agora.xtec.cat\/iet\/linstitut\/calendari-del-curs\/\"><img loading=\"lazy\" decoding=\"async\" width=\"612\" height=\"344\" src=\"https:\/\/agora.xtec.cat\/iet\/wp-content\/uploads\/usu3484\/2025\/06\/istockphoto-1307098713-612x612-1.jpg\" alt=\"\" class=\"wp-image-951\" style=\"aspect-ratio:1;object-fit:cover\" srcset=\"https:\/\/agora.xtec.cat\/iet\/wp-content\/uploads\/usu3484\/2025\/06\/istockphoto-1307098713-612x612-1.jpg 612w, https:\/\/agora.xtec.cat\/iet\/wp-content\/uploads\/usu3484\/2025\/06\/istockphoto-1307098713-612x612-1-300x169.jpg 300w\" sizes=\"auto, (max-width: 612px) 100vw, 612px\" \/><\/a><\/figure>\n<\/div>\n\n\n\n<div class=\"wp-block-column has-ast-global-color-1-background-color has-background has-small-font-size is-layout-flow wp-container-core-column-is-layout-7 wp-block-column-is-layout-flow\" style=\"border-style:none;border-width:0px;border-radius:13px;padding-top:0;padding-right:0;padding-bottom:0;padding-left:0\">\n<p class=\"has-text-align-center has-white-color has-text-color has-link-color wp-elements-a87812030479dcd7cbb370ad2599dedd\" style=\"font-size:28px;font-style:normal;font-weight:500;text-decoration:none\"><a style=\"text-decoration: none; color: white; font-weight: bold;\" href=\"https:\/\/agora.xtec.cat\/iet\/linstitut\/horaris\/\" data-type=\"page\" data-id=\"CCC\">    <br>HORARIS<\/a><\/p>\n\n\n\n<figure class=\"wp-block-image aligncenter size-large is-style-default\"><a href=\"https:\/\/agora.xtec.cat\/iet\/linstitut\/horaris\/\"><img loading=\"lazy\" decoding=\"async\" width=\"768\" height=\"1024\" src=\"https:\/\/agora.xtec.cat\/iet\/wp-content\/uploads\/usu3484\/2025\/06\/pexels-abid-udoy-2148819280-30289789-3-768x1024.jpg\" alt=\"\" class=\"wp-image-1047\" style=\"aspect-ratio:1;object-fit:cover\" srcset=\"https:\/\/agora.xtec.cat\/iet\/wp-content\/uploads\/usu3484\/2025\/06\/pexels-abid-udoy-2148819280-30289789-3-768x1024.jpg 768w, https:\/\/agora.xtec.cat\/iet\/wp-content\/uploads\/usu3484\/2025\/06\/pexels-abid-udoy-2148819280-30289789-3-225x300.jpg 225w, https:\/\/agora.xtec.cat\/iet\/wp-content\/uploads\/usu3484\/2025\/06\/pexels-abid-udoy-2148819280-30289789-3-1152x1536.jpg 1152w, https:\/\/agora.xtec.cat\/iet\/wp-content\/uploads\/usu3484\/2025\/06\/pexels-abid-udoy-2148819280-30289789-3-1536x2048.jpg 1536w, https:\/\/agora.xtec.cat\/iet\/wp-content\/uploads\/usu3484\/2025\/06\/pexels-abid-udoy-2148819280-30289789-3-scaled.jpg 1920w\" sizes=\"auto, (max-width: 768px) 100vw, 768px\" \/><\/a><\/figure>\n<\/div>\n\n\n\n<div class=\"wp-block-column has-white-background-color has-background has-small-font-size is-layout-flow wp-container-core-column-is-layout-8 wp-block-column-is-layout-flow\" style=\"border-style:none;border-width:0px;border-radius:13px;padding-top:0;padding-right:0;padding-bottom:0;padding-left:0\">\n<p class=\"has-text-align-center has-white-color has-text-color has-link-color has-medium-font-size wp-elements-5a20299049e9de6eaace0f713ea1d8ea\"><a style=\"text-decoration: none; color: inherit; text-transform: uppercase;\" href=\"https:\/\/agora.xtec.cat\/iet\/matricula\/\" data-type=\"page\" data-id=\"716\"><br><\/a><\/p>\n<\/div>\n<\/div>\n\n\n\n<p><\/p>\n","protected":false},"excerpt":{"rendered":"<p>L\u2019Escola de Teixits de Canet de Mar, fundada el 1922, \u00e9s una instituci\u00f3 que ha estat referent en la formaci\u00f3 de professionals de la ind\u00fastria t\u00e8xtil a Catalunya. Al llarg dels anys, ha combinat la tradici\u00f3 amb la innovaci\u00f3, ensenyant tant el disseny com la producci\u00f3 de teixits. Gr\u00e0cies a aquesta escola, generacions de dissenyadors [&hellip;]<\/p>\n","protected":false},"author":1,"featured_media":0,"parent":0,"menu_order":0,"comment_status":"closed","ping_status":"closed","template":"","meta":{"site-sidebar-layout":"no-sidebar","site-content-layout":"","ast-site-content-layout":"full-width-container","site-content-style":"default","site-sidebar-style":"default","ast-global-header-display":"","ast-banner-title-visibility":"","ast-main-header-display":"","ast-hfb-above-header-display":"","ast-hfb-below-header-display":"","ast-hfb-mobile-header-display":"","site-post-title":"","ast-breadcrumbs-content":"","ast-featured-img":"","footer-sml-layout":"","theme-transparent-header-meta":"","adv-header-id-meta":"","stick-header-meta":"","header-above-stick-meta":"","header-main-stick-meta":"","header-below-stick-meta":"","astra-migrate-meta-layouts":"set","ast-page-background-enabled":"default","ast-page-background-meta":{"desktop":{"background-color":"var(--ast-global-color-4)","background-image":"","background-repeat":"repeat","background-position":"center center","background-size":"auto","background-attachment":"scroll","background-type":"","background-media":"","overlay-type":"","overlay-color":"","overlay-opacity":"","overlay-gradient":""},"tablet":{"background-color":"","background-image":"","background-repeat":"repeat","background-position":"center center","background-size":"auto","background-attachment":"scroll","background-type":"","background-media":"","overlay-type":"","overlay-color":"","overlay-opacity":"","overlay-gradient":""},"mobile":{"background-color":"","background-image":"","background-repeat":"repeat","background-position":"center center","background-size":"auto","background-attachment":"scroll","background-type":"","background-media":"","overlay-type":"","overlay-color":"","overlay-opacity":"","overlay-gradient":""}},"ast-content-background-meta":{"desktop":{"background-color":"var(--ast-global-color-5)","background-image":"","background-repeat":"repeat","background-position":"center center","background-size":"auto","background-attachment":"scroll","background-type":"","background-media":"","overlay-type":"","overlay-color":"","overlay-opacity":"","overlay-gradient":""},"tablet":{"background-color":"var(--ast-global-color-5)","background-image":"","background-repeat":"repeat","background-position":"center center","background-size":"auto","background-attachment":"scroll","background-type":"","background-media":"","overlay-type":"","overlay-color":"","overlay-opacity":"","overlay-gradient":""},"mobile":{"background-color":"var(--ast-global-color-5)","background-image":"","background-repeat":"repeat","background-position":"center center","background-size":"auto","background-attachment":"scroll","background-type":"","background-media":"","overlay-type":"","overlay-color":"","overlay-opacity":"","overlay-gradient":""}},"footnotes":""},"class_list":["post-19","page","type-page","status-publish","hentry"],"post_mailing_queue_ids":[],"_links":{"self":[{"href":"https:\/\/agora.xtec.cat\/iet\/wp-json\/wp\/v2\/pages\/19","targetHints":{"allow":["GET"]}}],"collection":[{"href":"https:\/\/agora.xtec.cat\/iet\/wp-json\/wp\/v2\/pages"}],"about":[{"href":"https:\/\/agora.xtec.cat\/iet\/wp-json\/wp\/v2\/types\/page"}],"author":[{"embeddable":true,"href":"https:\/\/agora.xtec.cat\/iet\/wp-json\/wp\/v2\/users\/1"}],"replies":[{"embeddable":true,"href":"https:\/\/agora.xtec.cat\/iet\/wp-json\/wp\/v2\/comments?post=19"}],"version-history":[{"count":6,"href":"https:\/\/agora.xtec.cat\/iet\/wp-json\/wp\/v2\/pages\/19\/revisions"}],"predecessor-version":[{"id":1287,"href":"https:\/\/agora.xtec.cat\/iet\/wp-json\/wp\/v2\/pages\/19\/revisions\/1287"}],"wp:attachment":[{"href":"https:\/\/agora.xtec.cat\/iet\/wp-json\/wp\/v2\/media?parent=19"}],"curies":[{"name":"wp","href":"https:\/\/api.w.org\/{rel}","templated":true}]}}