{"id":1481,"date":"2026-01-30T18:10:39","date_gmt":"2026-01-30T17:10:39","guid":{"rendered":"https:\/\/agora.xtec.cat\/iet\/?page_id=1481"},"modified":"2026-02-19T19:53:55","modified_gmt":"2026-02-19T18:53:55","slug":"visites-guiades-al-institut","status":"publish","type":"page","link":"https:\/\/agora.xtec.cat\/iet\/visites-guiades-al-institut\/","title":{"rendered":"Visites Guiades a l&#8217;Institut"},"content":{"rendered":"\n<p class=\"has-text-align-left\">Si est\u00e0s interessat\/da en <strong>visitar l\u2019Institut Escola de Teixits de Canet de Mar<\/strong>, con\u00e8ixer les nostres instal\u00b7lacions i rebre informaci\u00f3 sobre els <strong>cicles formatius<\/strong> que oferim, <strong>omple aquest formulari<\/strong>.<\/p>\n\n\n\n<p class=\"has-text-align-left\">El formulari recull dades b\u00e0siques com el teu nom, correu electr\u00f2nic i tel\u00e8fon, i tamb\u00e9 et demana <strong>quantes persones vindran<\/strong>, <strong>quins cicles t\u2019interessen<\/strong> i <strong>en quina data i hora vols fer la visita<\/strong>. Aquesta informaci\u00f3 ens ajuda a <strong>organitzar millor les sessions informatives<\/strong> per a tu i la teva fam\u00edlia.<\/p>\n\n\n\n<p class=\"has-text-align-left\">Un cop l\u2019hagis enviat, <strong>ens posarem en contacte amb tu per confirmar la data escollida<\/strong> i facilitar-te tots els detalls de la visita.<\/p>\n\n\n\n<p class=\"has-text-align-left\"><em>Les dades que facilites seran tractades d\u2019acord amb el Reglament de Protecci\u00f3 de Dades (RGPD) i nom\u00e9s s\u2019utilitzaran per gestionar la visita sol\u00b7licitada.<\/em><\/p>\n\n\n\n<p><\/p>\n\n\n\n<p class=\"has-text-align-center\"><strong>Accedeix al formulari i omple\u2019l aqu\u00ed mateix:<\/strong><br>\ud83d\udc49 <a href=\"https:\/\/docs.google.com\/forms\/d\/e\/1FAIpQLSdifQYn772W3JV_3wz2izlJD77PA52rtkNW3jrVRbyViznOUA\/viewform\" data-type=\"link\" data-id=\"https:\/\/docs.google.com\/forms\/d\/e\/1FAIpQLSdifQYn772W3JV_3wz2izlJD77PA52rtkNW3jrVRbyViznOUA\/viewform\">Enlla\u00e7 al formulari de visites<\/a><\/p>\n\n\n\n<p><\/p>\n","protected":false},"excerpt":{"rendered":"<p>Si est\u00e0s interessat\/da en visitar l\u2019Institut Escola de Teixits de Canet de Mar, con\u00e8ixer les nostres instal\u00b7lacions i rebre informaci\u00f3 sobre els cicles formatius que oferim, omple aquest formulari. El formulari recull dades b\u00e0siques com el teu nom, correu electr\u00f2nic i tel\u00e8fon, i tamb\u00e9 et demana quantes persones vindran, quins cicles t\u2019interessen i en quina [&hellip;]<\/p>\n","protected":false},"author":1,"featured_media":1486,"parent":0,"menu_order":0,"comment_status":"closed","ping_status":"close","template":"","meta":{"site-sidebar-layout":"no-sidebar","site-content-layout":"","ast-site-content-layout":"normal-width-container","site-content-style":"default","site-sidebar-style":"default","ast-global-header-display":"","ast-banner-title-visibility":"","ast-main-header-display":"","ast-hfb-above-header-display":"","ast-hfb-below-header-display":"","ast-hfb-mobile-header-display":"","site-post-title":"","ast-breadcrumbs-content":"","ast-featured-img":"","footer-sml-layout":"","theme-transparent-header-meta":"","adv-header-id-meta":"","stick-header-meta":"","header-above-stick-meta":"","header-main-stick-meta":"","header-below-stick-meta":"","astra-migrate-meta-layouts":"set","ast-page-background-enabled":"default","ast-page-background-meta":{"desktop":{"background-color":"var(--ast-global-color-4)","background-image":"","background-repeat":"repeat","background-position":"center center","background-size":"auto","background-attachment":"scroll","background-type":"","background-media":"","overlay-type":"","overlay-color":"","overlay-opacity":"","overlay-gradient":""},"tablet":{"background-color":"","background-image":"","background-repeat":"repeat","background-position":"center center","background-size":"auto","background-attachment":"scroll","background-type":"","background-media":"","overlay-type":"","overlay-color":"","overlay-opacity":"","overlay-gradient":""},"mobile":{"background-color":"","background-image":"","background-repeat":"repeat","background-position":"center center","background-size":"auto","background-attachment":"scroll","background-type":"","background-media":"","overlay-type":"","overlay-color":"","overlay-opacity":"","overlay-gradient":""}},"ast-content-background-meta":{"desktop":{"background-color":"var(--ast-global-color-5)","background-image":"","background-repeat":"repeat","background-position":"center center","background-size":"auto","background-attachment":"scroll","background-type":"","background-media":"","overlay-type":"","overlay-color":"","overlay-opacity":"","overlay-gradient":""},"tablet":{"background-color":"var(--ast-global-color-5)","background-image":"","background-repeat":"repeat","background-position":"center center","background-size":"auto","background-attachment":"scroll","background-type":"","background-media":"","overlay-type":"","overlay-color":"","overlay-opacity":"","overlay-gradient":""},"mobile":{"background-color":"var(--ast-global-color-5)","background-image":"","background-repeat":"repeat","background-position":"center center","background-size":"auto","background-attachment":"scroll","background-type":"","background-media":"","overlay-type":"","overlay-color":"","overlay-opacity":"","overlay-gradient":""}},"footnotes":""},"class_list":["post-1481","page","type-page","status-publish","has-post-thumbnail","hentry"],"post_mailing_queue_ids":[],"_links":{"self":[{"href":"https:\/\/agora.xtec.cat\/iet\/wp-json\/wp\/v2\/pages\/1481","targetHints":{"allow":["GET"]}}],"collection":[{"href":"https:\/\/agora.xtec.cat\/iet\/wp-json\/wp\/v2\/pages"}],"about":[{"href":"https:\/\/agora.xtec.cat\/iet\/wp-json\/wp\/v2\/types\/page"}],"author":[{"embeddable":true,"href":"https:\/\/agora.xtec.cat\/iet\/wp-json\/wp\/v2\/users\/1"}],"replies":[{"embeddable":true,"href":"https:\/\/agora.xtec.cat\/iet\/wp-json\/wp\/v2\/comments?post=1481"}],"version-history":[{"count":6,"href":"https:\/\/agora.xtec.cat\/iet\/wp-json\/wp\/v2\/pages\/1481\/revisions"}],"predecessor-version":[{"id":1559,"href":"https:\/\/agora.xtec.cat\/iet\/wp-json\/wp\/v2\/pages\/1481\/revisions\/1559"}],"wp:featuredmedia":[{"embeddable":true,"href":"https:\/\/agora.xtec.cat\/iet\/wp-json\/wp\/v2\/media\/1486"}],"wp:attachment":[{"href":"https:\/\/agora.xtec.cat\/iet\/wp-json\/wp\/v2\/media?parent=1481"}],"curies":[{"name":"wp","href":"https:\/\/api.w.org\/{rel}","templated":true}]}}