{"id":1467,"date":"2026-01-28T12:45:04","date_gmt":"2026-01-28T11:45:04","guid":{"rendered":"https:\/\/agora.xtec.cat\/iet\/?page_id=1467"},"modified":"2026-01-29T08:55:32","modified_gmt":"2026-01-29T07:55:32","slug":"altres-formacions","status":"publish","type":"page","link":"https:\/\/agora.xtec.cat\/iet\/altres-formacions\/","title":{"rendered":"Altres formacions"},"content":{"rendered":"\n<p>Treballem en col\u00b7laboraci\u00f3 amb <strong>Eurecat<\/strong> per ampliar l\u2019oferta formativa. Hi trobar\u00e0s <strong>formaci\u00f3<\/strong>, <strong>cursos<\/strong> i <strong>certificats professionals<\/strong> en diferents \u00e0mbits <strong>t\u00e8xtils<\/strong> i <strong>tecnol\u00f2gics<\/strong>.<br><br><a href=\"https:\/\/eurecatacademy.org\/ca\/cursos\/?_sft_tipologia=continua-subvencionada-ca,ocupacional-subvencionada-ca&amp;_sft_especialidad=tecnologia-textil\" target=\"_blank\" rel=\"noreferrer noopener\">Enlla\u00e7 a altres formacions<\/a><a href=\"\"><\/a><\/p>\n\n\n\n<p><\/p>\n","protected":false},"excerpt":{"rendered":"<p>Treballem en col\u00b7laboraci\u00f3 amb Eurecat per ampliar l\u2019oferta formativa. Hi trobar\u00e0s formaci\u00f3, cursos i certificats professionals en diferents \u00e0mbits t\u00e8xtils i tecnol\u00f2gics. Enlla\u00e7 a altres formacions<\/p>\n","protected":false},"author":1,"featured_media":0,"parent":0,"menu_order":0,"comment_status":"closed","ping_status":"close","template":"","meta":{"site-sidebar-layout":"default","site-content-layout":"","ast-site-content-layout":"default","site-content-style":"default","site-sidebar-style":"default","ast-global-header-display":"","ast-banner-title-visibility":"","ast-main-header-display":"","ast-hfb-above-header-display":"","ast-hfb-below-header-display":"","ast-hfb-mobile-header-display":"","site-post-title":"","ast-breadcrumbs-content":"","ast-featured-img":"","footer-sml-layout":"","theme-transparent-header-meta":"","adv-header-id-meta":"","stick-header-meta":"","header-above-stick-meta":"","header-main-stick-meta":"","header-below-stick-meta":"","astra-migrate-meta-layouts":"set","ast-page-background-enabled":"default","ast-page-background-meta":{"desktop":{"background-color":"var(--ast-global-color-4)","background-image":"","background-repeat":"repeat","background-position":"center center","background-size":"auto","background-attachment":"scroll","background-type":"","background-media":"","overlay-type":"","overlay-color":"","overlay-opacity":"","overlay-gradient":""},"tablet":{"background-color":"","background-image":"","background-repeat":"repeat","background-position":"center center","background-size":"auto","background-attachment":"scroll","background-type":"","background-media":"","overlay-type":"","overlay-color":"","overlay-opacity":"","overlay-gradient":""},"mobile":{"background-color":"","background-image":"","background-repeat":"repeat","background-position":"center center","background-size":"auto","background-attachment":"scroll","background-type":"","background-media":"","overlay-type":"","overlay-color":"","overlay-opacity":"","overlay-gradient":""}},"ast-content-background-meta":{"desktop":{"background-color":"var(--ast-global-color-5)","background-image":"","background-repeat":"repeat","background-position":"center center","background-size":"auto","background-attachment":"scroll","background-type":"","background-media":"","overlay-type":"","overlay-color":"","overlay-opacity":"","overlay-gradient":""},"tablet":{"background-color":"var(--ast-global-color-5)","background-image":"","background-repeat":"repeat","background-position":"center center","background-size":"auto","background-attachment":"scroll","background-type":"","background-media":"","overlay-type":"","overlay-color":"","overlay-opacity":"","overlay-gradient":""},"mobile":{"background-color":"var(--ast-global-color-5)","background-image":"","background-repeat":"repeat","background-position":"center center","background-size":"auto","background-attachment":"scroll","background-type":"","background-media":"","overlay-type":"","overlay-color":"","overlay-opacity":"","overlay-gradient":""}},"footnotes":""},"class_list":["post-1467","page","type-page","status-publish","hentry"],"post_mailing_queue_ids":[],"_links":{"self":[{"href":"https:\/\/agora.xtec.cat\/iet\/wp-json\/wp\/v2\/pages\/1467","targetHints":{"allow":["GET"]}}],"collection":[{"href":"https:\/\/agora.xtec.cat\/iet\/wp-json\/wp\/v2\/pages"}],"about":[{"href":"https:\/\/agora.xtec.cat\/iet\/wp-json\/wp\/v2\/types\/page"}],"author":[{"embeddable":true,"href":"https:\/\/agora.xtec.cat\/iet\/wp-json\/wp\/v2\/users\/1"}],"replies":[{"embeddable":true,"href":"https:\/\/agora.xtec.cat\/iet\/wp-json\/wp\/v2\/comments?post=1467"}],"version-history":[{"count":5,"href":"https:\/\/agora.xtec.cat\/iet\/wp-json\/wp\/v2\/pages\/1467\/revisions"}],"predecessor-version":[{"id":1477,"href":"https:\/\/agora.xtec.cat\/iet\/wp-json\/wp\/v2\/pages\/1467\/revisions\/1477"}],"wp:attachment":[{"href":"https:\/\/agora.xtec.cat\/iet\/wp-json\/wp\/v2\/media?parent=1467"}],"curies":[{"name":"wp","href":"https:\/\/api.w.org\/{rel}","templated":true}]}}