{"id":1382,"date":"2025-07-21T10:54:30","date_gmt":"2025-07-21T08:54:30","guid":{"rendered":"https:\/\/agora.xtec.cat\/iet\/?page_id=1382"},"modified":"2026-04-15T16:09:23","modified_gmt":"2026-04-15T14:09:23","slug":"com-fer-la-matricula-cfas","status":"publish","type":"page","link":"https:\/\/agora.xtec.cat\/iet\/com-fer-la-matricula-cfas\/","title":{"rendered":"COM FER LA MATR\u00cdCULA &#8211; CFAS"},"content":{"rendered":"\n<p><strong>1 pas: Confirmar matr\u00edcula online.\u00a0<\/strong><\/p>\n\n\n\n<p class=\"has-vivid-red-color has-text-color has-link-color wp-elements-95ee7b5d439032e7facb603ee1b5e9e1\"><strong>Del 20 al 24 de juliol de 2026\u00a0&#8211; Cita pr\u00e8via\u00a0el 23 de juliol.<\/strong><\/p>\n\n\n\n<p>Si has obtingut pla\u00e7a, rebreu un correu electr\u00f2nic del centre amb els passos que heu de seguir.<\/p>\n\n\n\n<p><strong>2 pas: Formalitzar la matr\u00edcula. Entregar la documentaci\u00f3 al centre<\/strong><\/p>\n\n\n\n<p>Un cop confirmada la pla\u00e7a per online, haur\u00e0s de venir al centre a presentar la documentaci\u00f3.&nbsp;<\/p>\n\n\n\n<p>Rebreu per correu electr\u00f2nic del centre amb els passos que heu de seguir.<\/p>\n\n\n\n<ol class=\"wp-block-list\">\n<li>Contesteu el formulari de dades que heu rebut.<\/li>\n\n\n\n<li>Feu el pagament de l\u2019asseguran\u00e7a escolar obligat\u00f2ria i material per transfer\u00e8ncia banc\u00e0ria. Feu els&nbsp;DOS&nbsp;pagaments per separat, de l&#8217;asseguran\u00e7a escolar obligat\u00f2ria i material i un altre de les taxes, per transfer\u00e8ncia banc\u00e0ria. <br>A cicle superior tamb\u00e9 s&#8217;han de pagar les taxes, consulteu <a href=\"https:\/\/educacio.gencat.cat\/ca\/departament\/normativa\/taxes-preus-publics\/exempcions-bonificacions\/\" data-type=\"link\" data-id=\"https:\/\/educacio.gencat.cat\/ca\/departament\/normativa\/taxes-preus-publics\/exempcions-bonificacions\/\">exempcions i bonificacions.<\/a><br>El n\u00famero de compte us l\u2019enviem amb el correu electr\u00f2nic.<\/li>\n\n\n\n<li>Demaneu cita pr\u00e8via a l\u2019enlla\u00e7 que rebreu per correu electr\u00f2nic.<\/li>\n\n\n\n<li>Documentaci\u00f3 que heu de presentar el dia de la cita (originals) i fotoc\u00f2pia:<\/li>\n<\/ol>\n\n\n\n<ul class=\"wp-block-list\">\n<li>DNI de l\u2019alumne\/a\u00a0<\/li>\n\n\n\n<li>Certificat de la prova d\u2019acc\u00e9s o titulaci\u00f3 que us permet l\u2019acc\u00e9s directe.<\/li>\n\n\n\n<li>T\u00edtol o resguard amb el que accediu al cicle.<\/li>\n\n\n\n<li>Full d\u2019autoritzaci\u00f3 drets imatge&nbsp;<\/li>\n\n\n\n<li>Carta de comprom\u00eds educatiu<\/li>\n\n\n\n<li>Resguard dels dos pagaments de l\u2019asseguran\u00e7a escolar obligat\u00f2ria i material<\/li>\n\n\n\n<li>Documentaci\u00f3 d&#8217;exempcions i bonificacions, pel pagament de les taxes<\/li>\n<\/ul>\n\n\n\n<div class=\"wp-block-file\"><a id=\"wp-block-file--media-158e91b5-f796-413c-8194-bf7a2286f4d9\" href=\"https:\/\/agora.xtec.cat\/iet\/wp-content\/uploads\/usu3484\/2025\/07\/carta-de-compromis.pdf\">Carta de comprom\u00eds educatiu<\/a><a href=\"https:\/\/agora.xtec.cat\/iet\/wp-content\/uploads\/usu3484\/2025\/07\/carta-de-compromis.pdf\" class=\"wp-block-file__button wp-element-button\" download aria-describedby=\"wp-block-file--media-158e91b5-f796-413c-8194-bf7a2286f4d9\">Baixa<\/a><\/div>\n\n\n\n<div class=\"wp-block-file\"><a id=\"wp-block-file--media-58e0b09b-50a4-4f11-977a-78d6285d17be\" href=\"https:\/\/agora.xtec.cat\/iet\/wp-content\/uploads\/usu3484\/2025\/07\/Autoritzacio-dus-dimatges-majors-14anys.pdf\">Full d&#8217;autoritzaci\u00f3 drets d&#8217;\u00fas d&#8217;imatges<\/a><a href=\"https:\/\/agora.xtec.cat\/iet\/wp-content\/uploads\/usu3484\/2025\/07\/Autoritzacio-dus-dimatges-majors-14anys.pdf\" class=\"wp-block-file__button wp-element-button\" download aria-describedby=\"wp-block-file--media-58e0b09b-50a4-4f11-977a-78d6285d17be\">Baixa<\/a><\/div>\n\n\n\n<p>Si l\u2019alumne\/a \u00e9s menor d\u2019edat, a m\u00e9s de la documentaci\u00f3 pr\u00e8via:<\/p>\n\n\n\n<ul class=\"wp-block-list\">\n<li>DNI del tutor\/a<\/li>\n\n\n\n<li>Llibre de fam\u00edlia<\/li>\n<\/ul>\n\n\n\n<p>Un cop formalitzada la matr\u00edcula i abonada la quota d\u2019asseguran\u00e7a escolar obligat\u00f2ria i material, us farem arribar el resguard de matr\u00edcula.<\/p>\n","protected":false},"excerpt":{"rendered":"<p>1 pas: Confirmar matr\u00edcula online.\u00a0 Del 20 al 24 de juliol de 2026\u00a0&#8211; Cita pr\u00e8via\u00a0el 23 de juliol. Si has obtingut pla\u00e7a, rebreu un correu electr\u00f2nic del centre amb els passos que heu de seguir. 2 pas: Formalitzar la matr\u00edcula. Entregar la documentaci\u00f3 al centre Un cop confirmada la pla\u00e7a per online, haur\u00e0s de venir [&hellip;]<\/p>\n","protected":false},"author":1,"featured_media":0,"parent":0,"menu_order":0,"comment_status":"closed","ping_status":"close","template":"","meta":{"site-sidebar-layout":"no-sidebar","site-content-layout":"","ast-site-content-layout":"normal-width-container","site-content-style":"default","site-sidebar-style":"default","ast-global-header-display":"","ast-banner-title-visibility":"","ast-main-header-display":"","ast-hfb-above-header-display":"","ast-hfb-below-header-display":"","ast-hfb-mobile-header-display":"","site-post-title":"","ast-breadcrumbs-content":"","ast-featured-img":"","footer-sml-layout":"","theme-transparent-header-meta":"","adv-header-id-meta":"","stick-header-meta":"","header-above-stick-meta":"","header-main-stick-meta":"","header-below-stick-meta":"","astra-migrate-meta-layouts":"set","ast-page-background-enabled":"default","ast-page-background-meta":{"desktop":{"background-color":"var(--ast-global-color-4)","background-image":"","background-repeat":"repeat","background-position":"center center","background-size":"auto","background-attachment":"scroll","background-type":"","background-media":"","overlay-type":"","overlay-color":"","overlay-opacity":"","overlay-gradient":""},"tablet":{"background-color":"","background-image":"","background-repeat":"repeat","background-position":"center center","background-size":"auto","background-attachment":"scroll","background-type":"","background-media":"","overlay-type":"","overlay-color":"","overlay-opacity":"","overlay-gradient":""},"mobile":{"background-color":"","background-image":"","background-repeat":"repeat","background-position":"center center","background-size":"auto","background-attachment":"scroll","background-type":"","background-media":"","overlay-type":"","overlay-color":"","overlay-opacity":"","overlay-gradient":""}},"ast-content-background-meta":{"desktop":{"background-color":"var(--ast-global-color-5)","background-image":"","background-repeat":"repeat","background-position":"center center","background-size":"auto","background-attachment":"scroll","background-type":"","background-media":"","overlay-type":"","overlay-color":"","overlay-opacity":"","overlay-gradient":""},"tablet":{"background-color":"var(--ast-global-color-5)","background-image":"","background-repeat":"repeat","background-position":"center center","background-size":"auto","background-attachment":"scroll","background-type":"","background-media":"","overlay-type":"","overlay-color":"","overlay-opacity":"","overlay-gradient":""},"mobile":{"background-color":"var(--ast-global-color-5)","background-image":"","background-repeat":"repeat","background-position":"center center","background-size":"auto","background-attachment":"scroll","background-type":"","background-media":"","overlay-type":"","overlay-color":"","overlay-opacity":"","overlay-gradient":""}},"footnotes":""},"class_list":["post-1382","page","type-page","status-publish","hentry"],"post_mailing_queue_ids":[],"_links":{"self":[{"href":"https:\/\/agora.xtec.cat\/iet\/wp-json\/wp\/v2\/pages\/1382","targetHints":{"allow":["GET"]}}],"collection":[{"href":"https:\/\/agora.xtec.cat\/iet\/wp-json\/wp\/v2\/pages"}],"about":[{"href":"https:\/\/agora.xtec.cat\/iet\/wp-json\/wp\/v2\/types\/page"}],"author":[{"embeddable":true,"href":"https:\/\/agora.xtec.cat\/iet\/wp-json\/wp\/v2\/users\/1"}],"replies":[{"embeddable":true,"href":"https:\/\/agora.xtec.cat\/iet\/wp-json\/wp\/v2\/comments?post=1382"}],"version-history":[{"count":5,"href":"https:\/\/agora.xtec.cat\/iet\/wp-json\/wp\/v2\/pages\/1382\/revisions"}],"predecessor-version":[{"id":1673,"href":"https:\/\/agora.xtec.cat\/iet\/wp-json\/wp\/v2\/pages\/1382\/revisions\/1673"}],"wp:attachment":[{"href":"https:\/\/agora.xtec.cat\/iet\/wp-json\/wp\/v2\/media?parent=1382"}],"curies":[{"name":"wp","href":"https:\/\/api.w.org\/{rel}","templated":true}]}}