{"id":1277,"date":"2025-06-20T11:38:35","date_gmt":"2025-06-20T09:38:35","guid":{"rendered":"https:\/\/agora.xtec.cat\/iet\/?page_id=1277"},"modified":"2025-10-01T14:09:51","modified_gmt":"2025-10-01T12:09:51","slug":"convalidacions","status":"publish","type":"page","link":"https:\/\/agora.xtec.cat\/iet\/convalidacions\/","title":{"rendered":"CONVALIDACIONS"},"content":{"rendered":"\n<p class=\"has-text-align-center has-white-color has-ast-global-color-1-background-color has-text-color has-background has-link-color has-medium-font-size wp-elements-50637fd4c80b8939d843bed703eefd18\" style=\"padding-top:var(--wp--preset--spacing--20);padding-right:var(--wp--preset--spacing--30);padding-bottom:var(--wp--preset--spacing--20);padding-left:var(--wp--preset--spacing--30)\"><strong>Per\u00edode de sol\u00b7licitud:<\/strong> de l\u20191 al 31 d\u2019octubre, a trav\u00e9s de la p\u00e0gina web del centre.<\/p>\n\n\n\n<ul class=\"wp-block-list\">\n<li>Presentar una sol\u00b7licitud <strong>no \u00e9s obligatori<\/strong>. Cada alumne\/a decideix si vol sol\u00b7licitar convalidacions.<\/li>\n\n\n\n<li><strong>\u00c9s responsabilitat de l\u2019alumne\/a<\/strong> revisar que la sol\u00b7licitud estigui correcta. Consulta al teu tutor\/a el <strong>nom oficial de les mat\u00e8ries<\/strong> que vulguis convalidar.<\/li>\n<\/ul>\n\n\n\n<p>\u26a0\ufe0f <strong>Important:<\/strong><\/p>\n\n\n\n<ul class=\"wp-block-list\">\n<li>La presentaci\u00f3 de la sol\u00b7licitud <strong>no implica l\u2019aprovaci\u00f3 autom\u00e0tica<\/strong>. Fins a rebre la resoluci\u00f3, la convalidaci\u00f3 est\u00e0 \u00fanicament en tr\u00e0mit.<\/li>\n\n\n\n<li>L\u2019alumne\/a <strong>ha d\u2019assistir a classe<\/strong> de la mat\u00e8ria sol\u00b7licitada fins a rebre la resoluci\u00f3.<\/li>\n<\/ul>\n\n\n\n<hr class=\"wp-block-separator has-text-color has-white-color has-alpha-channel-opacity has-white-background-color has-background is-style-wide\" style=\"margin-top:var(--wp--preset--spacing--40);margin-bottom:var(--wp--preset--spacing--40)\"\/>\n\n\n\n<h3 class=\"wp-block-heading has-border-color has-ast-global-color-1-border-color has-ast-global-color-1-color has-text-color has-link-color has-medium-font-size wp-elements-743a6e00fdaed86c705f2ca3392909a2\" style=\"border-width:2px;border-radius:27px;padding-top:var(--wp--preset--spacing--20);padding-right:var(--wp--preset--spacing--50);padding-bottom:var(--wp--preset--spacing--20);padding-left:var(--wp--preset--spacing--50)\">Resoluci\u00f3 de les sol\u00b7licituds<\/h3>\n\n\n\n<p>Una c\u00f2pia queda a l\u2019alumne\/a i l\u2019altra s\u2019arxiva al centre.<\/p>\n\n\n\n<p><strong>Direcci\u00f3 General de Formaci\u00f3 Professional:<\/strong> <br>Algunes convalidacions es resolen a la Direcci\u00f3 General de Formaci\u00f3 Professional<br>&#8211; El proc\u00e9s pot trigar <strong>diversos mesos<\/strong>.<br>&#8211; La resoluci\u00f3 arriba a la Secretaria i, tan aviat com es rebi, l\u2019alumne\/a ser\u00e0 avisat\/ada.<\/p>\n\n\n\n<p><strong>Director del centre:<\/strong><br>&#8211; Altres convalidacions es resolen directament al centre.<br>&#8211; La tutora lliura a l\u2019alumne\/a dues c\u00f2pies de la resoluci\u00f3 per signar.<\/p>\n\n\n\n<hr class=\"wp-block-separator has-text-color has-white-color has-alpha-channel-opacity has-white-background-color has-background is-style-wide\" style=\"margin-top:var(--wp--preset--spacing--40);margin-bottom:var(--wp--preset--spacing--40)\"\/>\n\n\n\n<h3 class=\"wp-block-heading has-border-color has-ast-global-color-1-border-color has-ast-global-color-1-color has-text-color has-link-color has-medium-font-size wp-elements-dcec1a5f5f0a7b8e0ed25ff98ce664cc\" style=\"border-width:2px;border-radius:27px;padding-top:var(--wp--preset--spacing--20);padding-right:var(--wp--preset--spacing--50);padding-bottom:var(--wp--preset--spacing--20);padding-left:var(--wp--preset--spacing--50)\">Com fer el tr\u00e0mit de la sol\u00b7licitud de convalidaci\u00f3<\/h3>\n\n\n\n<p><strong>Per\u00edode:<\/strong> de l\u20191 al 31 d\u2019octubre.<br><strong>On:<\/strong> a trav\u00e9s del formulari disponible a la p\u00e0gina web del centre.<\/p>\n\n\n\n<p><strong>Passos a seguir:<\/strong><\/p>\n\n\n\n<ol class=\"wp-block-list\">\n<li>Descarrega el <strong>document de sol\u00b7licitud en PDF<\/strong> des de la web. <\/li>\n\n\n\n<li>Emplena\u2019l correctament (<strong>es pot omplir a ordinador o a m\u00e0<\/strong>).<\/li>\n\n\n\n<li>Imprimeix-lo i escaneja\u2019l un cop emplenat.<\/li>\n\n\n\n<li>Puja\u2019l al formulari de la web, juntament amb la documentaci\u00f3 requerida.<\/li>\n<\/ol>\n\n\n\n<p><strong>Documentaci\u00f3 a adjuntar al formular<\/strong>i:<\/p>\n\n\n\n<ul class=\"wp-block-list\">\n<li><strong>Sol\u00b7licitud de convalidacions emplenada i escanejada.<\/strong><\/li>\n\n\n\n<li><strong>Certificat de qualificacions<\/strong>, signat pel\/la Secretari\/\u00e0ria i pel\/la Director\/a del centre de proced\u00e8ncia. <\/li>\n<\/ul>\n\n\n\n<div class=\"wp-block-file has-border-color has-white-background-color has-background has-link-color wp-elements-e5941a003231694036071cfd2fe9a285\" style=\"border-color:var(--ast-global-color-1);border-width:2px;border-radius:42px;margin-top:var(--wp--preset--spacing--30);margin-right:var(--wp--preset--spacing--30);margin-bottom:var(--wp--preset--spacing--30);margin-left:var(--wp--preset--spacing--30);padding-top:var(--wp--preset--spacing--20);padding-right:var(--wp--preset--spacing--30);padding-bottom:var(--wp--preset--spacing--20);padding-left:var(--wp--preset--spacing--30)\"><a id=\"wp-block-file--media-352edf48-0d9a-47e8-ad7f-14eeddb99e70\" href=\"https:\/\/agora.xtec.cat\/iet\/wp-content\/uploads\/usu3484\/2025\/09\/Model-Sollicitud-alumne.pdf\" target=\"_blank\" rel=\"noreferrer noopener\"><strong>Model Sol\u00b7licitud Convalidacions Alumne<\/strong><\/a><\/div>\n\n\n\n<p class=\"has-text-align-center has-ast-global-color-1-color has-text-color has-link-color wp-elements-9f1cc7cf2e8c957676f1e07e8909254d\" style=\"border-width:2px;border-radius:75px;margin-top:var(--wp--preset--spacing--30);margin-right:var(--wp--preset--spacing--20);margin-bottom:var(--wp--preset--spacing--30);margin-left:var(--wp--preset--spacing--20);font-size:15px;line-height:3.2\"><strong><a href=\"https:\/\/forms.gle\/iEq2EEUA2D1tcYk16\" data-type=\"link\" data-id=\"https:\/\/forms.gle\/iEq2EEUA2D1tcYk16\">      Formulari de sol\u00b7licitud de convalidacions<\/a><\/strong><\/p>\n\n\n\n<p><\/p>\n","protected":false},"excerpt":{"rendered":"<p>Per\u00edode de sol\u00b7licitud: de l\u20191 al 31 d\u2019octubre, a trav\u00e9s de la p\u00e0gina web del centre. \u26a0\ufe0f Important: Resoluci\u00f3 de les sol\u00b7licituds Una c\u00f2pia queda a l\u2019alumne\/a i l\u2019altra s\u2019arxiva al centre. Direcci\u00f3 General de Formaci\u00f3 Professional: Algunes convalidacions es resolen a la Direcci\u00f3 General de Formaci\u00f3 Professional&#8211; El proc\u00e9s pot trigar diversos mesos.&#8211; La [&hellip;]<\/p>\n","protected":false},"author":1,"featured_media":0,"parent":0,"menu_order":0,"comment_status":"closed","ping_status":"close","template":"","meta":{"site-sidebar-layout":"default","site-content-layout":"","ast-site-content-layout":"default","site-content-style":"default","site-sidebar-style":"default","ast-global-header-display":"","ast-banner-title-visibility":"","ast-main-header-display":"","ast-hfb-above-header-display":"","ast-hfb-below-header-display":"","ast-hfb-mobile-header-display":"","site-post-title":"","ast-breadcrumbs-content":"","ast-featured-img":"","footer-sml-layout":"","theme-transparent-header-meta":"","adv-header-id-meta":"","stick-header-meta":"","header-above-stick-meta":"","header-main-stick-meta":"","header-below-stick-meta":"","astra-migrate-meta-layouts":"set","ast-page-background-enabled":"default","ast-page-background-meta":{"desktop":{"background-color":"var(--ast-global-color-4)","background-image":"","background-repeat":"repeat","background-position":"center center","background-size":"auto","background-attachment":"scroll","background-type":"","background-media":"","overlay-type":"","overlay-color":"","overlay-opacity":"","overlay-gradient":""},"tablet":{"background-color":"","background-image":"","background-repeat":"repeat","background-position":"center center","background-size":"auto","background-attachment":"scroll","background-type":"","background-media":"","overlay-type":"","overlay-color":"","overlay-opacity":"","overlay-gradient":""},"mobile":{"background-color":"","background-image":"","background-repeat":"repeat","background-position":"center center","background-size":"auto","background-attachment":"scroll","background-type":"","background-media":"","overlay-type":"","overlay-color":"","overlay-opacity":"","overlay-gradient":""}},"ast-content-background-meta":{"desktop":{"background-color":"var(--ast-global-color-5)","background-image":"","background-repeat":"repeat","background-position":"center center","background-size":"auto","background-attachment":"scroll","background-type":"","background-media":"","overlay-type":"","overlay-color":"","overlay-opacity":"","overlay-gradient":""},"tablet":{"background-color":"var(--ast-global-color-5)","background-image":"","background-repeat":"repeat","background-position":"center center","background-size":"auto","background-attachment":"scroll","background-type":"","background-media":"","overlay-type":"","overlay-color":"","overlay-opacity":"","overlay-gradient":""},"mobile":{"background-color":"var(--ast-global-color-5)","background-image":"","background-repeat":"repeat","background-position":"center center","background-size":"auto","background-attachment":"scroll","background-type":"","background-media":"","overlay-type":"","overlay-color":"","overlay-opacity":"","overlay-gradient":""}},"footnotes":""},"class_list":["post-1277","page","type-page","status-publish","hentry"],"post_mailing_queue_ids":[],"_links":{"self":[{"href":"https:\/\/agora.xtec.cat\/iet\/wp-json\/wp\/v2\/pages\/1277","targetHints":{"allow":["GET"]}}],"collection":[{"href":"https:\/\/agora.xtec.cat\/iet\/wp-json\/wp\/v2\/pages"}],"about":[{"href":"https:\/\/agora.xtec.cat\/iet\/wp-json\/wp\/v2\/types\/page"}],"author":[{"embeddable":true,"href":"https:\/\/agora.xtec.cat\/iet\/wp-json\/wp\/v2\/users\/1"}],"replies":[{"embeddable":true,"href":"https:\/\/agora.xtec.cat\/iet\/wp-json\/wp\/v2\/comments?post=1277"}],"version-history":[{"count":6,"href":"https:\/\/agora.xtec.cat\/iet\/wp-json\/wp\/v2\/pages\/1277\/revisions"}],"predecessor-version":[{"id":1435,"href":"https:\/\/agora.xtec.cat\/iet\/wp-json\/wp\/v2\/pages\/1277\/revisions\/1435"}],"wp:attachment":[{"href":"https:\/\/agora.xtec.cat\/iet\/wp-json\/wp\/v2\/media?parent=1277"}],"curies":[{"name":"wp","href":"https:\/\/api.w.org\/{rel}","templated":true}]}}