{"id":1251,"date":"2025-06-20T09:09:58","date_gmt":"2025-06-20T07:09:58","guid":{"rendered":"https:\/\/agora.xtec.cat\/iet\/?page_id=1251"},"modified":"2025-09-08T18:02:22","modified_gmt":"2025-09-08T16:02:22","slug":"preinscripcio-i-matricula-a-cicles-de-formacio-artistica","status":"publish","type":"page","link":"https:\/\/agora.xtec.cat\/iet\/preinscripcio-i-matricula-a-cicles-de-formacio-artistica\/","title":{"rendered":"Preinscripci\u00f3 i Matr\u00edcula a Cicles de Formaci\u00f3 Art\u00edstica"},"content":{"rendered":"\n<p>Els cicles de Formaci\u00f3 Art\u00edstica que impartim al Institut Escola de Teixits s\u00f3n:<\/p>\n\n\n\n<ul class=\"wp-block-list\">\n<li><a href=\"https:\/\/agora.xtec.cat\/iet\/cfas-indumentaria-textil\/\" data-type=\"page\" data-id=\"765\">CFAS &#8211; Estilisme d&#8217;Indument\u00e0ria<\/a><\/li>\n\n\n\n<li><a href=\"https:\/\/agora.xtec.cat\/iet\/cfas-art-textil\/\" data-type=\"page\" data-id=\"766\">CFAS &#8211; Art T\u00e8xtil<\/a><\/li>\n<\/ul>\n\n\n\n<p class=\"has-text-align-center has-vivid-green-cyan-color has-text-color has-link-color has-medium-font-size wp-elements-a8cdbfff834d45edadc5767ffd91530f\" style=\"line-height:1.3\"><br><strong>DATES CLAU PROVES D&#8217;ACC\u00c9S D&#8217;ARTS PL\u00c0STIQUES<\/strong> <br>(Convocat\u00f2ria de setembre)<\/p>\n\n\n\n<p class=\"has-text-align-center has-border-color has-white-background-color has-background\" style=\"border-color:var(--ast-global-color-1);border-width:3px;border-radius:20px;padding-top:var(--wp--preset--spacing--20);padding-bottom:var(--wp--preset--spacing--20);font-size:15px\"><strong>Inscripci\u00f3<\/strong><br> de l\u20191 al 5 de setembre de 2025<\/p>\n\n\n\n<p class=\"has-text-align-center has-border-color has-white-background-color has-background\" style=\"border-color:var(--ast-global-color-1);border-width:3px;border-radius:20px;padding-top:var(--wp--preset--spacing--20);padding-bottom:var(--wp--preset--spacing--20);font-size:15px\"><strong>Llista provisional d\u2019admesos i exclosos<\/strong><br> 10 de setembre de 2025<\/p>\n\n\n\n<p class=\"has-text-align-center has-border-color has-white-background-color has-background\" style=\"border-color:var(--ast-global-color-1);border-width:3px;border-radius:20px;padding-top:var(--wp--preset--spacing--20);padding-bottom:var(--wp--preset--spacing--20);font-size:15px\"><strong>Presentaci\u00f3 de la documentaci\u00f3 al centre<\/strong><br>del 12 al 24 de setembre de 2025<br> En horari d\u2019atenci\u00f3 al p\u00fablic<\/p>\n\n\n\n<p class=\"has-text-align-center has-border-color has-white-background-color has-background\" style=\"border-color:var(--ast-global-color-1);border-width:3px;border-radius:20px;padding-top:var(--wp--preset--spacing--20);padding-bottom:var(--wp--preset--spacing--20);font-size:15px\"><strong>Llista definitiva d\u2019admesos i exclosos<\/strong><br> 26 de setembre de 2025<\/p>\n\n\n\n<p class=\"has-text-align-center has-border-color has-white-background-color has-background\" style=\"border-color:var(--ast-global-color-1);border-width:3px;border-radius:20px;padding-top:var(--wp--preset--spacing--20);padding-bottom:var(--wp--preset--spacing--20);font-size:15px\"><strong>Proves<\/strong><br> 26 de setembre de 2025<br> a les 9.30 h<\/p>\n\n\n\n<p class=\"has-text-align-center has-border-color has-white-background-color has-background\" style=\"border-color:var(--ast-global-color-1);border-width:3px;border-radius:20px;padding-top:var(--wp--preset--spacing--20);padding-bottom:var(--wp--preset--spacing--20);font-size:15px\"><strong>Qualificacions provisionals<\/strong><br> 3 d\u2019octubre de 2025<\/p>\n\n\n\n<p class=\"has-text-align-center has-border-color has-white-background-color has-background\" style=\"border-color:var(--ast-global-color-1);border-width:3px;border-radius:20px;padding-top:var(--wp--preset--spacing--20);padding-bottom:var(--wp--preset--spacing--20);font-size:15px\"><strong>Termini per presentar reclamacions al centre<\/strong><br> del 6 al 8 d\u2019octubre de 2025<br> En horari d\u2019atenci\u00f3 al p\u00fablic<\/p>\n\n\n\n<p class=\"has-text-align-center has-border-color has-white-background-color has-background\" style=\"border-color:var(--ast-global-color-1);border-width:3px;border-radius:20px;padding-top:var(--wp--preset--spacing--20);padding-bottom:var(--wp--preset--spacing--20);font-size:15px\"><strong>Qualificacions definitives<\/strong><br>a partir del 9 d\u2019octubre de 2025<\/p>\n\n\n\n<p class=\"has-text-align-center has-vivid-cyan-blue-color has-text-color has-link-color has-large-font-size wp-elements-1a1325f35e167a1fb468322be12dad2e\" style=\"line-height:1.3\"><br><strong>DATES IMPORTANTS<\/strong><\/p>\n\n\n\n<p class=\"has-text-align-center has-border-color has-white-background-color has-background\" style=\"border-color:var(--ast-global-color-1);border-width:3px;border-radius:20px;padding-top:var(--wp--preset--spacing--20);padding-bottom:var(--wp--preset--spacing--20);font-size:15px\"><strong>22  de Maig de 2025 <\/strong><br><strong>Oferta inicial de places: <\/strong>Publicaci\u00f3 del nombre de places escolars per centre i curs.<\/p>\n\n\n\n<p class=\"has-text-align-center has-border-color has-white-background-color has-background\" style=\"border-color:var(--ast-global-color-1);border-width:3px;border-radius:20px;padding-top:var(--wp--preset--spacing--20);padding-bottom:var(--wp--preset--spacing--20);font-size:15px\">    <strong>Del 23 al 29 de Maig de 2025 <\/strong><br><strong>Presentaci\u00f3 de sol\u00b7licituds:<\/strong> S&#8217;obra el termini per fer la preinscripci\u00f3 de manera telem\u00e0tica. No s&#8217;accepten sol\u00b7licituds fora de termini. <\/p>\n\n\n\n<p class=\"has-text-align-center has-border-color has-ast-global-color-8-background-color has-background\" style=\"border-color:var(--ast-global-color-1);border-width:3px;border-radius:20px;padding-top:var(--wp--preset--spacing--20);padding-bottom:var(--wp--preset--spacing--20);font-size:15px\"><strong>30 de Juny de 2025<\/strong><br><strong>Llista provisional de sol\u00b7licituds: <\/strong>Es publiquen les sol\u00b7licituds amb la puntuaci\u00f3 assignada segons el barem.<\/p>\n\n\n\n<p class=\"has-text-align-center has-border-color has-vivid-red-border-color has-vivid-red-color has-ast-global-color-8-background-color has-text-color has-background has-link-color wp-elements-eed6cee26e40afd6e4cb047da63eb0b7\" style=\"border-width:3px;border-radius:20px;padding-top:var(--wp--preset--spacing--20);padding-bottom:var(--wp--preset--spacing--20);font-size:15px\"><strong><a href=\"https:\/\/agora.xtec.cat\/iet\/informe-barem-provisional-de-sollicituds-cfas\/\" data-type=\"link\" data-id=\"https:\/\/agora.xtec.cat\/iet\/informe-barem-provisional-de-sollicituds-cfas\/\">Llista provisional de sol\u00b7licituds<\/a><\/strong><\/p>\n\n\n\n<p class=\"has-text-align-center has-border-color has-ast-global-color-8-background-color has-background\" style=\"border-color:var(--ast-global-color-1);border-width:3px;border-radius:20px;padding-top:var(--wp--preset--spacing--20);padding-bottom:var(--wp--preset--spacing--20);font-size:15px\"><strong>Del 30 de Juny al 4 de Juliol de 2025<\/strong><br><strong>Reclamacions al barem: <\/strong>Si hi ha errors en la puntuaci\u00f3, es poden presentar reclamacions.<\/p>\n\n\n\n<p class=\"has-text-align-center has-border-color has-ast-global-color-8-background-color has-background\" style=\"border-color:var(--ast-global-color-1);border-width:3px;border-radius:20px;padding-top:var(--wp--preset--spacing--20);padding-bottom:var(--wp--preset--spacing--20);font-size:15px\"><strong>9 de Juliol de 2025<\/strong><br><strong>Publicaci\u00f3 de la llista de sol\u00b7licituds:<\/strong> Amb la puntuaci\u00f3  un cop resoltes les reclamacions.<\/p>\n\n\n\n<p class=\"has-text-align-center has-border-color has-vivid-red-border-color has-vivid-red-color has-ast-global-color-8-background-color has-text-color has-background has-link-color wp-elements-d915b96beb6ff09b9ad7185e770256c9\" style=\"border-width:3px;border-radius:20px;padding-top:var(--wp--preset--spacing--20);padding-bottom:var(--wp--preset--spacing--20);font-size:15px\"><a href=\"https:\/\/agora.xtec.cat\/iet\/publicacio-llista-amb-reclamacions-resoltes\/\" data-type=\"page\" data-id=\"1340\"><strong>PUBLICACI\u00d3 LLISTA AMB RECLAMACIONS RESOLTES<\/strong><\/a><\/p>\n\n\n\n<p class=\"has-text-align-center has-border-color has-ast-global-color-8-background-color has-background\" style=\"border-color:var(--ast-global-color-1);border-width:3px;border-radius:20px;padding-top:var(--wp--preset--spacing--20);padding-bottom:var(--wp--preset--spacing--20);font-size:15px\"><strong>14 de Juliol de 2025<\/strong><br><strong>Publicaci\u00f3 Llista ordenada: <\/strong>Publicaci\u00f3 de la llista definitiva, amb puntuaci\u00f3 i n\u00famero de desempat.<\/p>\n\n\n\n<p class=\"has-text-align-center has-border-color has-ast-global-color-8-background-color has-background\" style=\"border-color:var(--ast-global-color-1);border-width:3px;border-radius:20px;padding-top:var(--wp--preset--spacing--20);padding-bottom:var(--wp--preset--spacing--20);font-size:15px\"><strong>16 de Juliol de 2025<\/strong><br><strong>Publicaci\u00f3 de l&#8217;oferta final<\/strong><\/p>\n\n\n\n<p class=\"has-text-align-center has-border-color has-vivid-red-border-color has-vivid-red-color has-ast-global-color-8-background-color has-text-color has-background has-link-color wp-elements-66b9144cbcce0af2a40a3ee4c0853a39\" style=\"border-width:3px;border-radius:20px;padding-top:var(--wp--preset--spacing--20);padding-bottom:var(--wp--preset--spacing--20);font-size:15px\"><strong><a href=\"https:\/\/agora.xtec.cat\/iet\/informe-barem-definitiu-cfas\/\" data-type=\"page\" data-id=\"1378\">PUBLICACI\u00d3 LLISTA RESOLUCI\u00d3 DEFINITIVA<\/a><\/strong><\/p>\n\n\n\n<p class=\"has-text-align-center has-border-color has-ast-global-color-8-background-color has-background\" style=\"border-color:var(--ast-global-color-1);border-width:3px;border-radius:20px;padding-top:var(--wp--preset--spacing--20);padding-bottom:var(--wp--preset--spacing--20);font-size:15px\"><strong>17 de Juliol de 2025<\/strong><br><strong>Assignaci\u00f3 de places &#8211; 1a tanda<\/strong>: Consulta la pla\u00e7a assignada segons sol\u00b7licitud.<\/p>\n\n\n\n<p class=\"has-text-align-center has-border-color has-ast-global-color-8-background-color has-background\" style=\"border-color:var(--ast-global-color-1);border-width:3px;border-radius:20px;padding-top:var(--wp--preset--spacing--20);padding-bottom:var(--wp--preset--spacing--20);font-size:15px\"><strong><a href=\"https:\/\/agora.xtec.cat\/iet\/informe-alumnes-assignats-1a-tanda\/\" data-type=\"page\" data-id=\"1385\">INFORME ALUMNES ASSIGNATS AL CENTRE &#8211; 1a tanda<\/a><\/strong><\/p>\n\n\n\n<p class=\"has-text-align-center has-border-color has-vivid-green-cyan-border-color has-ast-global-color-8-background-color has-background\" style=\"border-width:3px;border-radius:20px;padding-top:var(--wp--preset--spacing--20);padding-bottom:var(--wp--preset--spacing--20);font-size:15px\"><strong>Del 18 i 24 de Juliol 2025<\/strong><br>MATR\u00cdCULA 1a tanda. \u00c9s imprescindible adre\u00e7ar-se al Institut per formalitzar la matr\u00edcula.<\/p>\n\n\n\n<p class=\"has-text-align-center has-border-color has-vivid-green-cyan-border-color has-vivid-green-cyan-color has-ast-global-color-8-background-color has-text-color has-background has-link-color wp-elements-3adf9727dd244a42971d69ad8510c095\" style=\"border-width:3px;border-radius:20px;padding-top:var(--wp--preset--spacing--20);padding-bottom:var(--wp--preset--spacing--20);font-size:23px\"><strong><a href=\"https:\/\/agora.xtec.cat\/iet\/com-fer-la-matricula-cfas\/\" data-type=\"page\" data-id=\"1382\">COM FER LA MATRICULA &#8211; CFAS<\/a><\/strong><\/p>\n\n\n\n<p><\/p>\n","protected":false},"excerpt":{"rendered":"<p>Els cicles de Formaci\u00f3 Art\u00edstica que impartim al Institut Escola de Teixits s\u00f3n: DATES CLAU PROVES D&#8217;ACC\u00c9S D&#8217;ARTS PL\u00c0STIQUES (Convocat\u00f2ria de setembre) Inscripci\u00f3 de l\u20191 al 5 de setembre de 2025 Llista provisional d\u2019admesos i exclosos 10 de setembre de 2025 Presentaci\u00f3 de la documentaci\u00f3 al centredel 12 al 24 de setembre de 2025 En [&hellip;]<\/p>\n","protected":false},"author":1,"featured_media":0,"parent":0,"menu_order":0,"comment_status":"closed","ping_status":"close","template":"","meta":{"site-sidebar-layout":"default","site-content-layout":"","ast-site-content-layout":"default","site-content-style":"default","site-sidebar-style":"default","ast-global-header-display":"","ast-banner-title-visibility":"","ast-main-header-display":"","ast-hfb-above-header-display":"","ast-hfb-below-header-display":"","ast-hfb-mobile-header-display":"","site-post-title":"","ast-breadcrumbs-content":"","ast-featured-img":"","footer-sml-layout":"","theme-transparent-header-meta":"","adv-header-id-meta":"","stick-header-meta":"","header-above-stick-meta":"","header-main-stick-meta":"","header-below-stick-meta":"","astra-migrate-meta-layouts":"set","ast-page-background-enabled":"default","ast-page-background-meta":{"desktop":{"background-color":"var(--ast-global-color-4)","background-image":"","background-repeat":"repeat","background-position":"center center","background-size":"auto","background-attachment":"scroll","background-type":"","background-media":"","overlay-type":"","overlay-color":"","overlay-opacity":"","overlay-gradient":""},"tablet":{"background-color":"","background-image":"","background-repeat":"repeat","background-position":"center center","background-size":"auto","background-attachment":"scroll","background-type":"","background-media":"","overlay-type":"","overlay-color":"","overlay-opacity":"","overlay-gradient":""},"mobile":{"background-color":"","background-image":"","background-repeat":"repeat","background-position":"center center","background-size":"auto","background-attachment":"scroll","background-type":"","background-media":"","overlay-type":"","overlay-color":"","overlay-opacity":"","overlay-gradient":""}},"ast-content-background-meta":{"desktop":{"background-color":"var(--ast-global-color-5)","background-image":"","background-repeat":"repeat","background-position":"center center","background-size":"auto","background-attachment":"scroll","background-type":"","background-media":"","overlay-type":"","overlay-color":"","overlay-opacity":"","overlay-gradient":""},"tablet":{"background-color":"var(--ast-global-color-5)","background-image":"","background-repeat":"repeat","background-position":"center center","background-size":"auto","background-attachment":"scroll","background-type":"","background-media":"","overlay-type":"","overlay-color":"","overlay-opacity":"","overlay-gradient":""},"mobile":{"background-color":"var(--ast-global-color-5)","background-image":"","background-repeat":"repeat","background-position":"center center","background-size":"auto","background-attachment":"scroll","background-type":"","background-media":"","overlay-type":"","overlay-color":"","overlay-opacity":"","overlay-gradient":""}},"footnotes":""},"class_list":["post-1251","page","type-page","status-publish","hentry"],"post_mailing_queue_ids":[],"_links":{"self":[{"href":"https:\/\/agora.xtec.cat\/iet\/wp-json\/wp\/v2\/pages\/1251","targetHints":{"allow":["GET"]}}],"collection":[{"href":"https:\/\/agora.xtec.cat\/iet\/wp-json\/wp\/v2\/pages"}],"about":[{"href":"https:\/\/agora.xtec.cat\/iet\/wp-json\/wp\/v2\/types\/page"}],"author":[{"embeddable":true,"href":"https:\/\/agora.xtec.cat\/iet\/wp-json\/wp\/v2\/users\/1"}],"replies":[{"embeddable":true,"href":"https:\/\/agora.xtec.cat\/iet\/wp-json\/wp\/v2\/comments?post=1251"}],"version-history":[{"count":6,"href":"https:\/\/agora.xtec.cat\/iet\/wp-json\/wp\/v2\/pages\/1251\/revisions"}],"predecessor-version":[{"id":1405,"href":"https:\/\/agora.xtec.cat\/iet\/wp-json\/wp\/v2\/pages\/1251\/revisions\/1405"}],"wp:attachment":[{"href":"https:\/\/agora.xtec.cat\/iet\/wp-json\/wp\/v2\/media?parent=1251"}],"curies":[{"name":"wp","href":"https:\/\/api.w.org\/{rel}","templated":true}]}}