{"id":1246,"date":"2025-06-20T09:08:20","date_gmt":"2025-06-20T07:08:20","guid":{"rendered":"https:\/\/agora.xtec.cat\/iet\/?page_id=1246"},"modified":"2025-07-11T10:04:03","modified_gmt":"2025-07-11T08:04:03","slug":"preinscripcio-cicle-de-grau-mitja","status":"publish","type":"page","link":"https:\/\/agora.xtec.cat\/iet\/preinscripcio-cicle-de-grau-mitja\/","title":{"rendered":"Preinscripci\u00f3 i Matr\u00edcula de Cicle Formatiu de Grau Mitj\u00e0"},"content":{"rendered":"\n<p>Cicles Formatius que impartim al Institut Escola de Teixits:<\/p>\n\n\n\n<ul class=\"wp-block-list\">\n<li><a href=\"https:\/\/agora.xtec.cat\/iet\/cfgm-fabricacio-i-ennobliment-de-productes-textils\/\" data-type=\"page\" data-id=\"762\">CFGM de Fabricaci\u00f3 T\u00e8xtil i Ennobliment de productes T\u00e8xtils<\/a><\/li>\n\n\n\n<li><a href=\"https:\/\/agora.xtec.cat\/iet\/cfgm-confeccio-i-moda\/\" data-type=\"page\" data-id=\"763\">CFGM de Confecci\u00f3 i Moda<\/a><\/li>\n<\/ul>\n\n\n\n<p class=\"has-text-align-center has-vivid-cyan-blue-color has-text-color has-link-color has-large-font-size wp-elements-1a1325f35e167a1fb468322be12dad2e\" style=\"line-height:1.3\"><br><strong>DATES IMPORTANTS<\/strong><\/p>\n\n\n\n<p class=\"has-text-align-center has-border-color has-white-background-color has-background\" style=\"border-color:var(--ast-global-color-1);border-width:3px;border-radius:20px;padding-top:var(--wp--preset--spacing--20);padding-bottom:var(--wp--preset--spacing--20);font-size:15px\"><strong>22  de Maig de 2025 <\/strong><br><strong>Oferta inicial de places: <\/strong>Publicaci\u00f3 del nombre de places escolars per centre i curs.<\/p>\n\n\n\n<p class=\"has-text-align-center has-border-color has-white-background-color has-background\" style=\"border-color:var(--ast-global-color-1);border-width:3px;border-radius:20px;padding-top:var(--wp--preset--spacing--20);padding-bottom:var(--wp--preset--spacing--20);font-size:15px\">    <strong>Del 23 al 29 de Maig de 2025 <\/strong><br><strong>Presentaci\u00f3 de sol\u00b7licituds:<\/strong> S&#8217;obra el termini per fer la preinscripci\u00f3 de manera telem\u00e0tica. No s&#8217;accepten sol\u00b7licituds fora de termini. <\/p>\n\n\n\n<p class=\"has-text-align-center has-border-color has-ast-global-color-8-background-color has-background\" style=\"border-color:var(--ast-global-color-1);border-width:3px;border-radius:20px;padding-top:var(--wp--preset--spacing--20);padding-bottom:var(--wp--preset--spacing--20);font-size:15px\">    <strong>27 de Juny de 2025<\/strong><br><strong>Llista provisional de sol\u00b7licituds: <\/strong>Es publiquen les sol\u00b7licituds amb la puntuaci\u00f3 assignada segons el barem.<\/p>\n\n\n\n<p class=\"has-text-align-center has-border-color has-vivid-red-border-color has-vivid-red-color has-ast-global-color-8-background-color has-text-color has-background has-link-color wp-elements-60895188f9ca4e82ada66f0feb31ad43\" style=\"border-width:3px;border-radius:20px;padding-top:var(--wp--preset--spacing--20);padding-bottom:var(--wp--preset--spacing--20);font-size:15px\"><strong><a href=\"https:\/\/agora.xtec.cat\/iet\/llistat-barem-provisional-cfgm\/\" data-type=\"page\" data-id=\"1321\">LLISTA PROVISIONAL DE SOL\u00b7LICITUDS<\/a><\/strong><\/p>\n\n\n\n<p class=\"has-text-align-center has-border-color has-ast-global-color-8-background-color has-background\" style=\"border-color:var(--ast-global-color-1);border-width:3px;border-radius:20px;padding-top:var(--wp--preset--spacing--20);padding-bottom:var(--wp--preset--spacing--20);font-size:15px\">    <strong>Del 27 de Juny al 2 de Juliol de 2025<\/strong><br><strong>Reclamacions al barem: <\/strong>Si hi ha errors en la puntuaci\u00f3, es poden presentar reclamacions.<\/p>\n\n\n\n<p class=\"has-text-align-center has-border-color has-ast-global-color-8-background-color has-background\" style=\"border-color:var(--ast-global-color-1);border-width:3px;border-radius:20px;padding-top:var(--wp--preset--spacing--20);padding-bottom:var(--wp--preset--spacing--20);font-size:15px\">    <strong>7 de Juliol de 2025<\/strong><br><strong>Llista definitiva de puntuaci\u00f3 i desempat: <\/strong>Publicaci\u00f3 de la llista definitiva, amb puntuaci\u00f3 i n\u00famero de desempat.<\/p>\n\n\n\n<p class=\"has-text-align-center has-border-color has-vivid-red-border-color has-vivid-red-color has-ast-global-color-8-background-color has-text-color has-background has-link-color wp-elements-420e7ba4c177d21390a03c123f8d35bb\" style=\"border-width:3px;border-radius:20px;padding-top:var(--wp--preset--spacing--20);padding-bottom:var(--wp--preset--spacing--20);font-size:15px\"><strong><strong><a href=\"https:\/\/agora.xtec.cat\/iet\/publicacio-llista-amb-reclamacions-resoltes-cfgm\/\" data-type=\"page\" data-id=\"1372\">PUBLICACI\u00d3 LLISTA AMB RECLAMACIONS RESOLTES<\/a><\/strong><\/strong><\/p>\n\n\n\n<p class=\"has-text-align-center has-border-color has-ast-global-color-8-background-color has-background\" style=\"border-color:var(--ast-global-color-1);border-width:3px;border-radius:20px;padding-top:var(--wp--preset--spacing--20);padding-bottom:var(--wp--preset--spacing--20);font-size:15px\">    <strong>10 de Juliol de 2025<\/strong><br><strong>Assignaci\u00f3 de places &#8211; 1a tanda<\/strong>: Consulta la pla\u00e7a assignada segons sol\u00b7licitud.<\/p>\n\n\n\n<p class=\"has-text-align-center has-border-color has-vivid-red-border-color has-vivid-red-color has-ast-global-color-8-background-color has-text-color has-background has-link-color wp-elements-761d6171fdedab1e5bd8f0dc774fa993\" style=\"border-width:3px;border-radius:20px;padding-top:var(--wp--preset--spacing--20);padding-bottom:var(--wp--preset--spacing--20);font-size:15px\"><strong><a href=\"https:\/\/agora.xtec.cat\/iet\/informe-alumnes-assignats-al-centre-primera-tanda\/\" data-type=\"page\" data-id=\"1344\">INFORME ALUMNES ASSIGNATS AL CENTRE &#8211; 1a TANDA<\/a><\/strong><\/p>\n\n\n\n<p class=\"has-text-align-center has-border-color has-ast-global-color-8-background-color has-background\" style=\"border-color:var(--ast-global-color-1);border-width:3px;border-radius:20px;padding-top:var(--wp--preset--spacing--20);padding-bottom:var(--wp--preset--spacing--20);font-size:15px\">    <strong>Del 11 al 14 de Juliol 2025<\/strong><br><strong>Confirmaci\u00f3 de matr\u00edcula &#8211; 1a tanda<\/strong>: Cal confirmar o renunciar a la pla\u00e7a assignada. Si no es confirma, es perd.<\/p>\n\n\n\n<p class=\"has-text-align-center has-border-color has-vivid-green-cyan-border-color has-ast-global-color-8-background-color has-background\" style=\"border-width:3px;border-radius:20px;padding-top:var(--wp--preset--spacing--20);padding-bottom:var(--wp--preset--spacing--20);font-size:15px\"><strong>Del 11 i 23 de Juliol 2025<\/strong><br>MATR\u00cdCULA 1a tanda. \u00c9s imprescindible adre\u00e7ar-se al Institut per formalitzar la matr\u00edcula.<\/p>\n\n\n\n<p class=\"has-text-align-center has-border-color has-vivid-green-cyan-border-color has-vivid-green-cyan-color has-ast-global-color-8-background-color has-text-color has-background has-link-color wp-elements-25fb0cb41506701b8730579923dcdd0c\" style=\"border-width:3px;border-radius:20px;padding-top:var(--wp--preset--spacing--20);padding-bottom:var(--wp--preset--spacing--20);font-size:24px\"><strong><a href=\"https:\/\/agora.xtec.cat\/iet\/com-fer-la-matricula-cfgm\/\" data-type=\"page\" data-id=\"1355\">COM FER LA MATR\u00cdCULA<\/a><\/strong> &#8211; 1a TANDA<\/p>\n\n\n\n<p class=\"has-text-align-center has-border-color has-ast-global-color-8-background-color has-background\" style=\"border-color:var(--ast-global-color-1);border-width:3px;border-radius:20px;padding-top:var(--wp--preset--spacing--20);padding-bottom:var(--wp--preset--spacing--20);font-size:15px\">    <strong>18 de Juliol 2025<\/strong><br><strong>Assignaci\u00f3 de places &#8211; 2a tanda<\/strong>: Consulta la pla\u00e7a assignada segons sol\u00b7licitud.<\/p>\n\n\n\n<p class=\"has-text-align-center has-border-color has-ast-global-color-8-background-color has-background\" style=\"border-color:var(--ast-global-color-1);border-width:3px;border-radius:20px;padding-top:var(--wp--preset--spacing--20);padding-bottom:var(--wp--preset--spacing--20);font-size:15px\"><strong>Del 21 i 22 de Juliol 2025<\/strong><br><strong>Confirmaci\u00f3 de matr\u00edcula &#8211; 2a tanda<\/strong>: Cal confirmar o demanar millora de pla\u00e7a.<\/p>\n\n\n\n<p class=\"has-text-align-center has-border-color has-vivid-green-cyan-border-color has-ast-global-color-8-background-color has-background\" style=\"border-width:3px;border-radius:20px;padding-top:var(--wp--preset--spacing--20);padding-bottom:var(--wp--preset--spacing--20);font-size:15px\"><strong>21 i 23 de Juliol 2025<\/strong><br>MATR\u00cdCULA 2a tanda. \u00c9s imprescindible adre\u00e7ar-se al Institut per formalitzar la matr\u00edcula.<\/p>\n\n\n\n<p class=\"has-text-align-center has-border-color has-ast-global-color-8-background-color has-background\" style=\"border-color:var(--ast-global-color-1);border-width:3px;border-radius:20px;padding-top:var(--wp--preset--spacing--20);padding-bottom:var(--wp--preset--spacing--20);font-size:15px\">    <strong>29 de Juliol 2025<\/strong><br><strong>Assignaci\u00f3 de places &#8211; 3a tanda<\/strong>: Consulta la pla\u00e7a assignada segons sol\u00b7licitud.<\/p>\n\n\n\n<p class=\"has-text-align-center has-border-color has-ast-global-color-8-background-color has-background\" style=\"border-color:var(--ast-global-color-1);border-width:3px;border-radius:20px;padding-top:var(--wp--preset--spacing--20);padding-bottom:var(--wp--preset--spacing--20);font-size:15px\"><strong>Del 30 i 31 de Juliol 2025<\/strong><br><strong>Confirmaci\u00f3 de matr\u00edcula &#8211; 3a tanda<\/strong>: Cal confirmar pla\u00e7a.<\/p>\n\n\n\n<p class=\"has-text-align-center has-border-color has-vivid-green-cyan-border-color has-ast-global-color-8-background-color has-background\" style=\"border-width:3px;border-radius:20px;padding-top:var(--wp--preset--spacing--20);padding-bottom:var(--wp--preset--spacing--20);font-size:15px\"><strong>Del 30 de Juliol i 4 de Setembre 2025<\/strong><br>MATR\u00cdCULA 3a tanda: \u00c9s imprescindible adre\u00e7ar-se al Institut per formalitzar la matr\u00edcula.<\/p>\n\n\n\n<p><\/p>\n","protected":false},"excerpt":{"rendered":"<p>Cicles Formatius que impartim al Institut Escola de Teixits: DATES IMPORTANTS 22 de Maig de 2025 Oferta inicial de places: Publicaci\u00f3 del nombre de places escolars per centre i curs. Del 23 al 29 de Maig de 2025 Presentaci\u00f3 de sol\u00b7licituds: S&#8217;obra el termini per fer la preinscripci\u00f3 de manera telem\u00e0tica. No s&#8217;accepten sol\u00b7licituds fora [&hellip;]<\/p>\n","protected":false},"author":1,"featured_media":0,"parent":0,"menu_order":0,"comment_status":"closed","ping_status":"close","template":"","meta":{"site-sidebar-layout":"default","site-content-layout":"","ast-site-content-layout":"default","site-content-style":"default","site-sidebar-style":"default","ast-global-header-display":"","ast-banner-title-visibility":"","ast-main-header-display":"","ast-hfb-above-header-display":"","ast-hfb-below-header-display":"","ast-hfb-mobile-header-display":"","site-post-title":"","ast-breadcrumbs-content":"","ast-featured-img":"","footer-sml-layout":"","theme-transparent-header-meta":"","adv-header-id-meta":"","stick-header-meta":"","header-above-stick-meta":"","header-main-stick-meta":"","header-below-stick-meta":"","astra-migrate-meta-layouts":"set","ast-page-background-enabled":"default","ast-page-background-meta":{"desktop":{"background-color":"var(--ast-global-color-4)","background-image":"","background-repeat":"repeat","background-position":"center center","background-size":"auto","background-attachment":"scroll","background-type":"","background-media":"","overlay-type":"","overlay-color":"","overlay-opacity":"","overlay-gradient":""},"tablet":{"background-color":"","background-image":"","background-repeat":"repeat","background-position":"center center","background-size":"auto","background-attachment":"scroll","background-type":"","background-media":"","overlay-type":"","overlay-color":"","overlay-opacity":"","overlay-gradient":""},"mobile":{"background-color":"","background-image":"","background-repeat":"repeat","background-position":"center center","background-size":"auto","background-attachment":"scroll","background-type":"","background-media":"","overlay-type":"","overlay-color":"","overlay-opacity":"","overlay-gradient":""}},"ast-content-background-meta":{"desktop":{"background-color":"var(--ast-global-color-5)","background-image":"","background-repeat":"repeat","background-position":"center center","background-size":"auto","background-attachment":"scroll","background-type":"","background-media":"","overlay-type":"","overlay-color":"","overlay-opacity":"","overlay-gradient":""},"tablet":{"background-color":"var(--ast-global-color-5)","background-image":"","background-repeat":"repeat","background-position":"center center","background-size":"auto","background-attachment":"scroll","background-type":"","background-media":"","overlay-type":"","overlay-color":"","overlay-opacity":"","overlay-gradient":""},"mobile":{"background-color":"var(--ast-global-color-5)","background-image":"","background-repeat":"repeat","background-position":"center center","background-size":"auto","background-attachment":"scroll","background-type":"","background-media":"","overlay-type":"","overlay-color":"","overlay-opacity":"","overlay-gradient":""}},"footnotes":""},"class_list":["post-1246","page","type-page","status-publish","hentry"],"post_mailing_queue_ids":[],"_links":{"self":[{"href":"https:\/\/agora.xtec.cat\/iet\/wp-json\/wp\/v2\/pages\/1246","targetHints":{"allow":["GET"]}}],"collection":[{"href":"https:\/\/agora.xtec.cat\/iet\/wp-json\/wp\/v2\/pages"}],"about":[{"href":"https:\/\/agora.xtec.cat\/iet\/wp-json\/wp\/v2\/types\/page"}],"author":[{"embeddable":true,"href":"https:\/\/agora.xtec.cat\/iet\/wp-json\/wp\/v2\/users\/1"}],"replies":[{"embeddable":true,"href":"https:\/\/agora.xtec.cat\/iet\/wp-json\/wp\/v2\/comments?post=1246"}],"version-history":[{"count":6,"href":"https:\/\/agora.xtec.cat\/iet\/wp-json\/wp\/v2\/pages\/1246\/revisions"}],"predecessor-version":[{"id":1375,"href":"https:\/\/agora.xtec.cat\/iet\/wp-json\/wp\/v2\/pages\/1246\/revisions\/1375"}],"wp:attachment":[{"href":"https:\/\/agora.xtec.cat\/iet\/wp-json\/wp\/v2\/media?parent=1246"}],"curies":[{"name":"wp","href":"https:\/\/api.w.org\/{rel}","templated":true}]}}