{"id":842,"date":"2021-08-02T12:44:00","date_gmt":"2021-08-02T10:44:00","guid":{"rendered":"https:\/\/agora.xtec.cat\/iesvv\/?page_id=842"},"modified":"2021-11-09T10:47:08","modified_gmt":"2021-11-09T09:47:08","slug":"escola-verda","status":"publish","type":"page","link":"https:\/\/agora.xtec.cat\/iesvv\/projectes\/escola-verda\/","title":{"rendered":"ESCOLA VERDA"},"content":{"rendered":"<p>DISTINTIUS D&#8217;ESCOLA VERDA DE L&#8217;INSTITUT: <a href=\"https:\/\/agora.xtec.cat\/iesvv\/wp-content\/uploads\/usu1112\/2021\/08\/20060310-PLACA-DISTINTIU-ESCOLA-VERDA.jpg\" target=\"_blank\" rel=\"noopener\"><img loading=\"lazy\" decoding=\"async\" class=\"alignnone wp-image-937\" src=\"https:\/\/agora.xtec.cat\/iesvv\/wp-content\/uploads\/usu1112\/2021\/08\/20060310-PLACA-DISTINTIU-ESCOLA-VERDA.jpg\" alt=\"INSIGNIA DE LA ESCUELA VERDE (noviembre de 2005)\" width=\"209\" height=\"176\" srcset=\"https:\/\/agora.xtec.cat\/iesvv\/wp-content\/uploads\/usu1112\/2021\/08\/20060310-PLACA-DISTINTIU-ESCOLA-VERDA.jpg 750w, https:\/\/agora.xtec.cat\/iesvv\/wp-content\/uploads\/usu1112\/2021\/08\/20060310-PLACA-DISTINTIU-ESCOLA-VERDA-300x253.jpg 300w\" sizes=\"auto, (max-width: 209px) 100vw, 209px\" \/><\/a><a href=\"https:\/\/agora.xtec.cat\/iesvv\/wp-content\/uploads\/usu1112\/2021\/08\/xesc15.jpg\" target=\"_blank\" rel=\"noopener\"><img loading=\"lazy\" decoding=\"async\" class=\"alignnone wp-image-938\" src=\"https:\/\/agora.xtec.cat\/iesvv\/wp-content\/uploads\/usu1112\/2021\/08\/xesc15.jpg\" alt=\"INSIGNIA DE LA ESCUELA VERDE (2012-2016)\" width=\"251\" height=\"177\" srcset=\"https:\/\/agora.xtec.cat\/iesvv\/wp-content\/uploads\/usu1112\/2021\/08\/xesc15.jpg 750w, https:\/\/agora.xtec.cat\/iesvv\/wp-content\/uploads\/usu1112\/2021\/08\/xesc15-300x212.jpg 300w\" sizes=\"auto, (max-width: 251px) 100vw, 251px\" \/><\/a> <a href=\"https:\/\/agora.xtec.cat\/iesvv\/wp-content\/uploads\/usu1112\/2021\/08\/xesc20.jpg\" target=\"_blank\" rel=\"noopener\"><img loading=\"lazy\" decoding=\"async\" class=\"alignnone wp-image-939\" src=\"https:\/\/agora.xtec.cat\/iesvv\/wp-content\/uploads\/usu1112\/2021\/08\/xesc20.jpg\" alt=\"INSIGNIA DE LA ESCUELA VERDE (2016-2020)\" width=\"249\" height=\"176\" srcset=\"https:\/\/agora.xtec.cat\/iesvv\/wp-content\/uploads\/usu1112\/2021\/08\/xesc20.jpg 750w, https:\/\/agora.xtec.cat\/iesvv\/wp-content\/uploads\/usu1112\/2021\/08\/xesc20-300x212.jpg 300w\" sizes=\"auto, (max-width: 249px) 100vw, 249px\" \/><\/a><\/p>\n<p>&nbsp;<\/p>\n<p>El PROGRAMA D&#8217;ESCOLES VERDES sorgeix com un comprom\u00eds del Departament d&#8217;Educaci\u00f3 per donar suport a tots els centres educatius de Catalunya que volen innovar, incloure, avan\u00e7ar, sistematitzar i organitzar accions educatives que tinguin la finalitat d&#8217;afrontar, des de l&#8217;educaci\u00f3, els nous reptes i valors de la sostenibilitat.<\/p>\n<p>I, per tant, es plantegen tres grans objectius:<\/p>\n<ul>\n<li>Ajudar els centres a incorporar els valors de l&#8217;educaci\u00f3 per a la sostenibilitat en tots els \u00e0mbits de la vida del centre (curr\u00edculum, gesti\u00f3, relacions amb l&#8217;entorn, etc.).<\/li>\n<li>Promoure la participaci\u00f3 i la implicaci\u00f3 activa de la comunitat educativa en la millora del seu entorn.<\/li>\n<li>Afavorir l&#8217;intercanvi entre els centres que comparteixen uns mateixos objectius.<\/li>\n<\/ul>\n<table style=\"width: 100%; border-collapse: collapse; background-color: #96fa96;\">\n<tbody>\n<tr>\n<td style=\"width: 100%;\">\n<h3 style=\"text-align: center;\">L&#8217;INSTITUT VINYES VELLES, ESCOLA VERDA <em>(clica a les seg\u00fcents seccions per saber-ne m\u00e9s)<\/em>:<\/h3>\n<\/td>\n<\/tr>\n<tr>\n<td style=\"width: 100%;\">\n<pre><\/pre>\n<\/td>\n<\/tr>\n<tr>\n<td style=\"width: 100%;\">\n<h4><a href=\"https:\/\/drive.google.com\/file\/d\/1ZaJQpUjOsYuhwqw0HqivUq5GqZxcITnj\/view?ths=true\" target=\"_blank\" rel=\"noopener\">ELS INICIS: L&#8217;Institut Vinyes Velles de Montorn\u00e8s del Vall\u00e8s&#8230;<\/a><\/h4>\n<\/td>\n<\/tr>\n<tr>\n<td style=\"width: 100%;\">\n<pre><\/pre>\n<\/td>\n<\/tr>\n<tr>\n<td style=\"width: 100%;\">\n<h4>PLANTADES: Activitats que hem realitzat cont\u00ednuament, aqu\u00ed hi trobar\u00e0s algunes d&#8217;ellas, clica-hi per saber-ne m\u00e9s:<\/h4>\n<ul>\n<li>\n<h5><a href=\"https:\/\/drive.google.com\/file\/d\/1vGewmiMff336pld4a4-8Bvp67BKUEe9_\/view?ths=true\" target=\"_blank\" rel=\"noopener\">PLANTADA DE PINS 2011<\/a><\/h5>\n<\/li>\n<li>\n<h5><a href=\"https:\/\/drive.google.com\/file\/d\/1bSL_S8wIh09qAU4VB0eslgVe4qkCwTe3\/view?ths=true\" target=\"_blank\" rel=\"noopener\">PLANTADA DE LLEDONERS 2016<\/a><\/h5>\n<\/li>\n<li>\n<h5><a href=\"https:\/\/drive.google.com\/file\/d\/1la0YTpzzlI_oKASasmmrIDZJU0QcFOh6\/view?ths=true\" target=\"_blank\" rel=\"noopener\">PLANTADA D&#8217;ARBRES I PLANTES AROM\u00c0TIQUES 2017<\/a><\/h5>\n<\/li>\n<\/ul>\n<\/td>\n<\/tr>\n<tr>\n<td style=\"width: 100%;\">\n<pre><\/pre>\n<\/td>\n<\/tr>\n<tr>\n<td style=\"width: 100%;\">\n<h4>PROJECTE RIUS:<\/h4>\n<ul>\n<li>\n<h5><a href=\"https:\/\/drive.google.com\/file\/d\/1XG9JcrpPtWGcGZJMMM05Z-9aYLnn8rey\/view?ths=true\" target=\"_blank\" rel=\"noopener\">L&#8217;INSTITUT VINYES VELLES I EL PROJECTE RIUS<\/a>.<\/h5>\n<\/li>\n<li>\n<h5>SORTIDES:<\/h5>\n<\/li>\n<\/ul>\n<table style=\"border-collapse: collapse; width: 100%;\">\n<tbody>\n<tr>\n<td style=\"width: 16.6667%; text-align: center;\">\n<h4><a href=\"https:\/\/drive.google.com\/file\/d\/1cO7uB1DwgUbzTGhKqkfPW86wdu49Ers6\/view?ths=true\" target=\"_blank\" rel=\"noopener\">23-11-2009<\/a><\/h4>\n<\/td>\n<td style=\"width: 16.6667%; text-align: center;\">\n<h4><a href=\"https:\/\/drive.google.com\/file\/d\/1Ve7b6lKLX2juvmmXvIR2Awc94JOixMM4\/view?ths=true\" target=\"_blank\" rel=\"noopener\">15-10-2010<\/a><\/h4>\n<\/td>\n<td style=\"width: 16.6667%; text-align: center;\">\n<h4><a href=\"https:\/\/drive.google.com\/file\/d\/1NyudCJCLEAf9soP_FuCxUz5y2Ufh9ApW\/view?ths=true\" target=\"_blank\" rel=\"noopener\">4-10-2013<\/a><\/h4>\n<\/td>\n<td style=\"width: 16.6667%; text-align: center;\">\n<h4><a href=\"https:\/\/drive.google.com\/file\/d\/1Ni7UUbasWy6MbCJvawfw08Pai2Ug5ThI\/view?ths=true\" target=\"_blank\" rel=\"noopener\">6-05-14<\/a><\/h4>\n<\/td>\n<td style=\"width: 16.6667%; text-align: center;\">\n<h4><a href=\"https:\/\/drive.google.com\/file\/d\/15Y5RnacbI-fE17f1Gj6EAum7M_4NVzL-\/view?ths=true\" target=\"_blank\" rel=\"noopener\">8-10-14<\/a><\/h4>\n<\/td>\n<td style=\"width: 16.6667%; text-align: center;\">\n<h4><a href=\"https:\/\/drive.google.com\/file\/d\/1_MoHH2CUcQU2IluMuUu3TlPno6b029Xg\/view?ths=true\" target=\"_blank\" rel=\"noopener\">28-09-2018<\/a><\/h4>\n<\/td>\n<\/tr>\n<tr>\n<td style=\"width: 16.6667%; text-align: center;\">\n<h4><a href=\"https:\/\/drive.google.com\/file\/d\/1y1Yx6JukvLaMjoqKGrJ1m7TGOLN80uQQ\/view?usp=sharing\" target=\"_blank\" rel=\"noopener\">20-10-2021<\/a><\/h4>\n<\/td>\n<td style=\"width: 16.6667%; text-align: center;\">\n<h4><\/h4>\n<\/td>\n<td style=\"width: 16.6667%; text-align: center;\">\n<h4><\/h4>\n<\/td>\n<td style=\"width: 16.6667%; text-align: center;\">\n<h4><\/h4>\n<\/td>\n<td style=\"width: 16.6667%; text-align: center;\">\n<h4><\/h4>\n<\/td>\n<td style=\"width: 16.6667%; text-align: center;\">\n<h4><\/h4>\n<\/td>\n<\/tr>\n<\/tbody>\n<\/table>\n<\/td>\n<\/tr>\n<tr>\n<td style=\"width: 100%;\">\n<pre><\/pre>\n<\/td>\n<\/tr>\n<tr>\n<td style=\"width: 100%;\">\n<h4><a href=\"https:\/\/drive.google.com\/file\/d\/1vbwnOUvnZQ_39ZrgOHkUrMGnvWWbI2kM\/view?ths=true\" target=\"_blank\" rel=\"noopener\">ELS TRESORS DEL CAM\u00cd FLUVIAL: Activitat realitzada amb alumnat de l&#8217;institut i alumnat de l&#8217;Escola Mogent&#8230;<\/a><\/h4>\n<p><a href=\"https:\/\/agora.xtec.cat\/iesvv\/wp-content\/uploads\/usu1112\/2021\/08\/Foto-Cami-Fluvial-del-Riu-Mogent.jpg\" target=\"_blank\" rel=\"noopener\"><img loading=\"lazy\" decoding=\"async\" class=\"alignnone wp-image-1251\" src=\"https:\/\/agora.xtec.cat\/iesvv\/wp-content\/uploads\/usu1112\/2021\/08\/Foto-Cami-Fluvial-del-Riu-Mogent.jpg\" alt=\"\" width=\"177\" height=\"99\" \/><\/a><\/td>\n<\/tr>\n<tr>\n<td style=\"width: 100%;\">\n<pre><\/pre>\n<\/td>\n<\/tr>\n<tr>\n<td style=\"width: 100%;\">\n<h4><a href=\"https:\/\/drive.google.com\/file\/d\/1CtHfuOa4YTQC5rVSNLOD-GRtMwQPiCbO\/view?ths=true\" target=\"_blank\" rel=\"noopener\">PREMI DEPARTAMENT EDUCACI\u00d3 ESCOLES VERDES 2020: Per l&#8217;activitat conjunta &#8220;Els tresors del Cam\u00ed Fluvial&#8221;&#8230;<\/a><\/h4>\n<p><a href=\"https:\/\/agora.xtec.cat\/iesvv\/wp-content\/uploads\/usu1112\/2021\/08\/Certificat-PREMI-EV-2020.jpg\" target=\"_blank\" rel=\"noopener\"><img loading=\"lazy\" decoding=\"async\" class=\"alignnone wp-image-1253\" src=\"https:\/\/agora.xtec.cat\/iesvv\/wp-content\/uploads\/usu1112\/2021\/08\/Certificat-PREMI-EV-2020.jpg\" alt=\"\" width=\"184\" height=\"106\" srcset=\"https:\/\/agora.xtec.cat\/iesvv\/wp-content\/uploads\/usu1112\/2021\/08\/Certificat-PREMI-EV-2020.jpg 800w, https:\/\/agora.xtec.cat\/iesvv\/wp-content\/uploads\/usu1112\/2021\/08\/Certificat-PREMI-EV-2020-300x173.jpg 300w, https:\/\/agora.xtec.cat\/iesvv\/wp-content\/uploads\/usu1112\/2021\/08\/Certificat-PREMI-EV-2020-768x442.jpg 768w\" sizes=\"auto, (max-width: 184px) 100vw, 184px\" \/><\/a><\/td>\n<\/tr>\n<tr>\n<td style=\"width: 100%;\">\n<pre><\/pre>\n<\/td>\n<\/tr>\n<tr>\n<td style=\"width: 100%;\">\n<h4>CAMINADES:<\/h4>\n<p align=\"justify\">L&#8217;equip directiu de finals de la primera d\u00e8cada del segle XX feia temps que tenia al cap fer alguna activitat amb tot l&#8217;alumnat i el professorat. En tenir coneixement que l&#8217;Organitzaci\u00f3 de les Nacions Unides celebrava l&#8217;any 2011 l&#8217;Any Internacional dels Boscos, vam decidir organitzar una sortida pel bosc de Montorn\u00e8s. Des d&#8217;aleshores, cada curs, alumnat i professorat gaudim d&#8217;una excursi\u00f3 pel nostre entorn m\u00e9s forestal i, cada curs, es dissenya una samarreta commemorativa. Aquesta sortida la portem a terme el darrer divendres abans de comen\u00e7ar les vacances de Setmana Santa. Abans de sortir l&#8217;alumna visualitza el v\u00eddeo elaborat per l&#8217;institut al respecte de l&#8217;any internacional que s&#8217;hi celebra.<\/p>\n<p align=\"justify\">Des de l&#8217;any 2013 gravem un v\u00eddeo amb imatges de la sortida.<\/p>\n<h4><em>(clica a les seg\u00fcents seccions per veure les samarretes dissenyades i els v\u00eddeos elaborats)<\/em>:<\/h4>\n<table style=\"height: 105px; width: 100%; border-collapse: collapse;\">\n<tbody>\n<tr style=\"height: 62px;\">\n<td style=\"width: 10%; height: 62px; text-align: center;\">\n<h4><a href=\"https:\/\/drive.google.com\/file\/d\/12HQWz3KQSnLTDp0ueFFzQ4pKHwswJmJm\/view?ths=true\" target=\"_blank\" rel=\"noopener\">2011<\/a><\/h4>\n<\/td>\n<td style=\"width: 10%; height: 62px; text-align: center;\">\n<h4><a href=\"https:\/\/drive.google.com\/file\/d\/1Ok44PXEfcq_cnDnzRlFEryAp_v7rgJwI\/view?ths=true\" target=\"_blank\" rel=\"noopener\">2012<\/a><\/h4>\n<\/td>\n<td style=\"width: 10%; height: 62px; text-align: center;\">\n<h4><a href=\"https:\/\/drive.google.com\/file\/d\/1zaX0jLR-HcCZqNfWtG-Z62Yuzi9p-D21\/view?ths=true\" target=\"_blank\" rel=\"noopener\">2013<\/a><\/h4>\n<\/td>\n<td style=\"width: 10%; height: 62px; text-align: center;\">\n<h4><a href=\"https:\/\/drive.google.com\/file\/d\/1EaWZ2L_EEgCP6JNY7ofMa5yaU9K0T-36\/view?ths=true\" target=\"_blank\" rel=\"noopener\">2014<\/a><\/h4>\n<\/td>\n<td style=\"width: 10%; height: 62px; text-align: center;\">\n<h4><a href=\"https:\/\/drive.google.com\/file\/d\/1TsOJtL7xlj0V4XoLl9yUIPR_pgmr-tFH\/view?ths=true\" target=\"_blank\" rel=\"noopener\">2015<\/a><\/h4>\n<\/td>\n<td style=\"width: 10%; height: 62px; text-align: center;\">\n<h4><a href=\"https:\/\/drive.google.com\/file\/d\/1kmm_XvcIrSwRsohwknafZjlFXuaMqrKm\/view?ths=true\" target=\"_blank\" rel=\"noopener\">2016<\/a><\/h4>\n<\/td>\n<td style=\"width: 10%; height: 62px; text-align: center;\">\n<h4><a href=\"https:\/\/drive.google.com\/file\/d\/13Yfwl9IHOS5Pnck8im3Gz5XeuMSQK-CI\/view?ths=true\" target=\"_blank\" rel=\"noopener\">2017<\/a><\/h4>\n<\/td>\n<td style=\"width: 10%; height: 62px; text-align: center;\">\n<h4><a href=\"https:\/\/drive.google.com\/file\/d\/1Dq-ARKY_huOxrT9ygDKNev_Fx01ohFgd\/view?ths=true\" target=\"_blank\" rel=\"noopener\">2018<\/a><\/h4>\n<\/td>\n<td style=\"width: 10%; height: 62px; text-align: center;\">\n<h4><a href=\"https:\/\/drive.google.com\/file\/d\/1bTh5LtST9kCWblBmnnKBadw-_ugSQ-3R\/view?ths=true\" target=\"_blank\" rel=\"noopener\">2019<\/a><\/h4>\n<\/td>\n<td style=\"width: 10%; height: 62px; text-align: center;\">\n<h4>2020 <em>(confinament)<\/em><\/h4>\n<\/td>\n<\/tr>\n<tr style=\"height: 43px;\">\n<td style=\"width: 10%; height: 43px; text-align: center;\">\n<h4>2021\u00a0<em>(pand\u00e8mia)<\/em><\/h4>\n<\/td>\n<td style=\"width: 10%; height: 43px; text-align: center;\"><\/td>\n<td style=\"width: 10%; height: 43px; text-align: center;\"><\/td>\n<td style=\"width: 10%; height: 43px; text-align: center;\"><\/td>\n<td style=\"width: 10%; height: 43px; text-align: center;\"><\/td>\n<td style=\"width: 10%; height: 43px; text-align: center;\"><\/td>\n<td style=\"width: 10%; height: 43px; text-align: center;\"><\/td>\n<td style=\"width: 10%; height: 43px; text-align: center;\"><\/td>\n<td style=\"width: 10%; height: 43px; text-align: center;\"><\/td>\n<td style=\"width: 10%; height: 43px; text-align: center;\"><\/td>\n<\/tr>\n<\/tbody>\n<\/table>\n<\/td>\n<\/tr>\n<tr>\n<td style=\"width: 100%;\">\n<pre><\/pre>\n<\/td>\n<\/tr>\n<tr>\n<td style=\"width: 100%;\">\n<h4>CELEBRACI\u00d3 DELS ANYS INTERNACIONALS <em>(clica a les seg\u00fcents seccions per veure els v\u00eddeos elaborats):<\/em><\/h4>\n<table style=\"width: 100%; border-collapse: collapse; height: 228px;\">\n<tbody>\n<tr>\n<td style=\"width: 25%;\" colspan=\"2\">\n<h4><\/h4>\n<h4>2011: Els Boscos (<em>documental de la BBC)<\/em><\/h4>\n<\/td>\n<td style=\"width: 25%;\" colspan=\"2\">\n<h4>2012: Energia Sostenible per a Tothom <em>(documental de la BBC)<\/em><\/h4>\n<h4><\/h4>\n<\/td>\n<\/tr>\n<tr style=\"height: 74px;\">\n<td style=\"width: 25%; height: 62px;\">\n<h4><a href=\"https:\/\/www.youtube.com\/watch?v=PhX4ncqwpBY\" target=\"_blank\" rel=\"noopener\">2013: Cooperaci\u00f3 per l&#8217;Aigua<\/a><\/h4>\n<\/td>\n<td style=\"width: 25%; height: 62px;\">\n<h4><a href=\"https:\/\/www.youtube.com\/watch?v=Z7KjYW5ovrg\" target=\"_blank\" rel=\"noopener\">2014: Agricultura familiar i Cristal\u00b7lografia<\/a><\/h4>\n<\/td>\n<td style=\"width: 25%; height: 62px;\">\n<h4><a href=\"https:\/\/www.youtube.com\/watch?v=kpzyn9s_E5Y\" target=\"_blank\" rel=\"noopener\">2015: Els S\u00f2ls<\/a><\/h4>\n<\/td>\n<td style=\"width: 25%; height: 62px;\">\n<h4><a href=\"https:\/\/www.youtube.com\/watch?v=qGphEn8HJS0\" target=\"_blank\" rel=\"noopener\">2016: Els Llegums<\/a><\/h4>\n<\/td>\n<\/tr>\n<tr style=\"height: 83px;\">\n<td style=\"width: 25%; height: 83px;\">\n<h4><\/h4>\n<h4><a href=\"https:\/\/www.youtube.com\/watch?v=uvWdGCQqIus\" target=\"_blank\" rel=\"noopener\">2017: Turisme Sostenible<\/a><\/h4>\n<\/td>\n<td style=\"width: 25%; height: 83px;\">\n<h4><a href=\"https:\/\/www.youtube.com\/watch?v=snnRXGVysSE\" target=\"_blank\" rel=\"noopener\">2018: Any Europeu del Patrimoni Cultural<\/a><\/h4>\n<\/td>\n<td style=\"width: 25%; height: 83px;\">\n<h4><a href=\"https:\/\/www.youtube.com\/watch?v=MIMniStQz3I\" target=\"_blank\" rel=\"noopener\">2019: Taula Peri\u00f2dica i Elements Qu\u00edmics<\/a><\/h4>\n<\/td>\n<td style=\"width: 25%; height: 83px;\">\n<h4>2020: <em>(confinament)<\/em><\/h4>\n<\/td>\n<\/tr>\n<tr style=\"height: 51px;\">\n<td style=\"width: 25%; height: 51px;\">\n<h4>2021:<\/h4>\n<\/td>\n<td style=\"width: 25%; height: 51px;\">\n<h4><\/h4>\n<\/td>\n<td style=\"width: 25%; height: 51px;\">\n<h4><\/h4>\n<\/td>\n<td style=\"width: 25%; height: 51px;\"><\/td>\n<\/tr>\n<\/tbody>\n<\/table>\n<\/td>\n<\/tr>\n<tr>\n<td style=\"width: 100%;\">\n<pre><\/pre>\n<\/td>\n<\/tr>\n<tr>\n<td style=\"width: 100%;\">\n<h4>PARTICIPACI\u00d3 EN ELS F\u00d2RUMS D&#8217;ESCOLES VERDES:<\/h4>\n<table style=\"border-collapse: collapse; width: 100%;\">\n<tbody>\n<tr>\n<td style=\"width: 16.0473%; text-align: center;\">\n<h4><a href=\"https:\/\/drive.google.com\/file\/d\/1e2e0bIK3gPfigWpOo7qClr-ZjF_ZEf6z\/view?ths=true\" target=\"_blank\" rel=\"noopener\">XESC 2011<\/a><\/h4>\n<\/td>\n<td style=\"width: 16.6609%; text-align: center;\">\n<h4><a href=\"https:\/\/drive.google.com\/file\/d\/15g895jIyosTzesOexmjZw-3_YPUBmoqT\/view?ths=true\" target=\"_blank\" rel=\"noopener\">XESC 2013<\/a><\/h4>\n<\/td>\n<td style=\"width: 17.1076%; text-align: center;\">\n<h4><a href=\"https:\/\/drive.google.com\/file\/d\/1SvfGSs4xbCFy8kb8nKk9jGhmHFpBPydC\/view?ths=true\" target=\"_blank\" rel=\"noopener\">XESC 2015<\/a><\/h4>\n<\/td>\n<td style=\"width: 17.4585%; text-align: center;\">\n<h4><a href=\"https:\/\/drive.google.com\/file\/d\/1cUGe-D7fVmadQHsynCiX6SPdKZ-tqvBf\/view?ths=true\" target=\"_blank\" rel=\"noopener\">XESC 2017<\/a><\/h4>\n<\/td>\n<td style=\"width: 17.0202%; text-align: center;\">\n<h4><a href=\"https:\/\/drive.google.com\/file\/d\/1g4vANszaVc9DdEjIZ-xIThIoU0bcQrz2\/view?ths=true\" target=\"_blank\" rel=\"noopener\">XESC 2019<\/a><\/h4>\n<\/td>\n<td style=\"width: 15.7055%; text-align: center;\">\n<h4><a href=\"https:\/\/drive.google.com\/file\/d\/1Jy_B5WN_sL8WnKmRThX36oEdTRhYBOBi\/view?usp=sharing\" target=\"_blank\" rel=\"noopener\">XESC 2021<\/a><\/h4>\n<\/td>\n<\/tr>\n<\/tbody>\n<\/table>\n<\/td>\n<\/tr>\n<tr>\n<td style=\"width: 100%;\">\n<pre><\/pre>\n<\/td>\n<\/tr>\n<tr>\n<td style=\"width: 100%;\">\n<h4><a href=\"https:\/\/drive.google.com\/file\/d\/1cMiZLwojYFCrLhWD97F4CVkxKTwrM8dM\/view?ths=true\" target=\"_blank\" rel=\"noopener\">PARTICIPACI\u00d3 EN LA II CONFER\u00c8NCIA INTERNACIONAL (CONFINT)\u00a0<\/a><em>(clica-hi per saber-ne m\u00e9s):<\/em><\/h4>\n<\/td>\n<\/tr>\n<tr>\n<td style=\"width: 100%;\">\n<pre><\/pre>\n<\/td>\n<\/tr>\n<tr>\n<td style=\"width: 100%;\">\n<h4>PARTICIPACI\u00d3 EN EL <em>LET&#8217;S CLEAN UP EUROPE<\/em>:<\/h4>\n<h4><a href=\"https:\/\/agora.xtec.cat\/iesvv\/wp-content\/uploads\/usu1112\/2021\/08\/Logo-Lets-Clean-Up-Europe.jpg\" target=\"_blank\" rel=\"noopener\"><img loading=\"lazy\" decoding=\"async\" class=\"alignleft wp-image-1191\" src=\"https:\/\/agora.xtec.cat\/iesvv\/wp-content\/uploads\/usu1112\/2021\/08\/Logo-Lets-Clean-Up-Europe.jpg\" alt=\"\" width=\"170\" height=\"72\" srcset=\"https:\/\/agora.xtec.cat\/iesvv\/wp-content\/uploads\/usu1112\/2021\/08\/Logo-Lets-Clean-Up-Europe.jpg 344w, https:\/\/agora.xtec.cat\/iesvv\/wp-content\/uploads\/usu1112\/2021\/08\/Logo-Lets-Clean-Up-Europe-300x127.jpg 300w\" sizes=\"auto, (max-width: 170px) 100vw, 170px\" \/><\/a><\/h4>\n<p>Let&#8217;s Clean Up Europe \u00e9s una acci\u00f3 comuna a tot Europa per conscienciar sobre la quantitat de residus que llencem de forma incontrolada a la natura i promoure accions de sensibilitzaci\u00f3 a trav\u00e9s de la recollida d&#8217;aquests residus abocats il\u00b7legalment als boscos, platges, marges de rius, etc.<\/p>\n<p>L&#8217;Institut difon i anima al seu alumnat a participar en l&#8217;activitat organitzada per l&#8217;entitat medio ambiental local &#8220;Montorn\u00e8s Animal&#8221; i l&#8217;Ajuntament de Montorn\u00e8s del Vall\u00e8s.<\/p>\n<table style=\"border-collapse: collapse; width: 100%;\">\n<tbody>\n<tr>\n<td style=\"width: 100%;\">\n<h4 style=\"text-align: center;\"><a href=\"https:\/\/drive.google.com\/file\/d\/11DmGis2SYb0Ke46LbS_7eXJ_rLloekT6\/view?ths=true\" target=\"_blank\" rel=\"noopener\">2021<\/a><\/h4>\n<\/td>\n<\/tr>\n<\/tbody>\n<\/table>\n<\/td>\n<\/tr>\n<tr>\n<td style=\"width: 100%;\">\n<pre><\/pre>\n<\/td>\n<\/tr>\n<tr>\n<td style=\"width: 100%;\">\n<h4>PARTICIPACI\u00d3 EN LA <em>PLOGGA WEEK<\/em>:<\/h4>\n<h4 style=\"text-align: left;\"><a href=\"https:\/\/agora.xtec.cat\/iesvv\/wp-content\/uploads\/usu1112\/2021\/08\/Logo-Plogga-Week.jpg\" target=\"_blank\" rel=\"noopener\"><img loading=\"lazy\" decoding=\"async\" class=\"alignleft wp-image-1193\" src=\"https:\/\/agora.xtec.cat\/iesvv\/wp-content\/uploads\/usu1112\/2021\/08\/Logo-Plogga-Week.jpg\" alt=\"\" width=\"120\" height=\"120\" srcset=\"https:\/\/agora.xtec.cat\/iesvv\/wp-content\/uploads\/usu1112\/2021\/08\/Logo-Plogga-Week.jpg 225w, https:\/\/agora.xtec.cat\/iesvv\/wp-content\/uploads\/usu1112\/2021\/08\/Logo-Plogga-Week-150x150.jpg 150w\" sizes=\"auto, (max-width: 120px) 100vw, 120px\" \/><\/a><\/h4>\n<div class=\"wpb_text_column wpb_content_element \">\n<div class=\"wpb_wrapper\">\n<p>El 22 d\u2019abril \u00e9s el Dia de la Terra, i per a aix\u00f2, la Fundaci\u00f3 Kilian Jornet anima a escoles, instituts, associacions, grups de muntanya, empreses, etc. a unir forces amb <em><a href=\"http:\/\/www.plogga.se\/\">Plogga<\/a><\/em> per netejar el nostre entorn natural proper. L<span style=\"font-family: inherit; font-size: 1em;\">\u2019acci\u00f3 consisteix en una recollida selectiva d\u2019escombraries en entorns naturals durant una setmana al voltatn del dia de la Terra<\/span><span style=\"font-family: inherit; font-size: 1em;\">.<\/span><\/p>\n<\/div>\n<\/div>\n<table style=\"border-collapse: collapse; width: 100%;\">\n<tbody>\n<tr>\n<td style=\"width: 100%;\">\n<h4 style=\"text-align: center;\"><a href=\"https:\/\/drive.google.com\/file\/d\/1B4uQIsoJW-BZYrQyP1rKkp6mHp5M5TRC\/view?ths=true\" target=\"_blank\" rel=\"noopener\">2021<\/a><\/h4>\n<\/td>\n<\/tr>\n<\/tbody>\n<\/table>\n<\/td>\n<\/tr>\n<\/tbody>\n<\/table>\n<p>&nbsp;<\/p>\n","protected":false},"excerpt":{"rendered":"<p>DISTINTIUS D&#8217;ESCOLA VERDA DE L&#8217;INSTITUT: &nbsp; El PROGRAMA D&#8217;ESCOLES VERDES sorgeix com un comprom\u00eds del Departament d&#8217;Educaci\u00f3 per donar suport [&hellip;]<\/p>\n","protected":false},"author":4,"featured_media":0,"parent":840,"menu_order":0,"comment_status":"closed","ping_status":"closed","template":"","meta":{"_bbp_topic_count":0,"_bbp_reply_count":0,"_bbp_total_topic_count":0,"_bbp_total_reply_count":0,"_bbp_voice_count":0,"_bbp_anonymous_reply_count":0,"_bbp_topic_count_hidden":0,"_bbp_reply_count_hidden":0,"_bbp_forum_subforum_count":0,"site-sidebar-layout":"default","site-content-layout":"","ast-site-content-layout":"","site-content-style":"default","site-sidebar-style":"default","ast-global-header-display":"","ast-banner-title-visibility":"","ast-main-header-display":"","ast-hfb-above-header-display":"","ast-hfb-below-header-display":"","ast-hfb-mobile-header-display":"","site-post-title":"","ast-breadcrumbs-content":"","ast-featured-img":"","footer-sml-layout":"","theme-transparent-header-meta":"","adv-header-id-meta":"","stick-header-meta":"","header-above-stick-meta":"","header-main-stick-meta":"","header-below-stick-meta":"","astra-migrate-meta-layouts":"default","ast-page-background-enabled":"default","ast-page-background-meta":{"desktop":{"background-color":"var(--ast-global-color-4)","background-image":"","background-repeat":"repeat","background-position":"center center","background-size":"auto","background-attachment":"scroll","background-type":"","background-media":"","overlay-type":"","overlay-color":"","overlay-opacity":"","overlay-gradient":""},"tablet":{"background-color":"","background-image":"","background-repeat":"repeat","background-position":"center center","background-size":"auto","background-attachment":"scroll","background-type":"","background-media":"","overlay-type":"","overlay-color":"","overlay-opacity":"","overlay-gradient":""},"mobile":{"background-color":"","background-image":"","background-repeat":"repeat","background-position":"center center","background-size":"auto","background-attachment":"scroll","background-type":"","background-media":"","overlay-type":"","overlay-color":"","overlay-opacity":"","overlay-gradient":""}},"ast-content-background-meta":{"desktop":{"background-color":"var(--ast-global-color-5)","background-image":"","background-repeat":"repeat","background-position":"center center","background-size":"auto","background-attachment":"scroll","background-type":"","background-media":"","overlay-type":"","overlay-color":"","overlay-opacity":"","overlay-gradient":""},"tablet":{"background-color":"var(--ast-global-color-5)","background-image":"","background-repeat":"repeat","background-position":"center center","background-size":"auto","background-attachment":"scroll","background-type":"","background-media":"","overlay-type":"","overlay-color":"","overlay-opacity":"","overlay-gradient":""},"mobile":{"background-color":"var(--ast-global-color-5)","background-image":"","background-repeat":"repeat","background-position":"center center","background-size":"auto","background-attachment":"scroll","background-type":"","background-media":"","overlay-type":"","overlay-color":"","overlay-opacity":"","overlay-gradient":""}},"footnotes":""},"class_list":["post-842","page","type-page","status-publish","hentry"],"post_mailing_queue_ids":[],"_links":{"self":[{"href":"https:\/\/agora.xtec.cat\/iesvv\/wp-json\/wp\/v2\/pages\/842","targetHints":{"allow":["GET"]}}],"collection":[{"href":"https:\/\/agora.xtec.cat\/iesvv\/wp-json\/wp\/v2\/pages"}],"about":[{"href":"https:\/\/agora.xtec.cat\/iesvv\/wp-json\/wp\/v2\/types\/page"}],"author":[{"embeddable":true,"href":"https:\/\/agora.xtec.cat\/iesvv\/wp-json\/wp\/v2\/users\/4"}],"replies":[{"embeddable":true,"href":"https:\/\/agora.xtec.cat\/iesvv\/wp-json\/wp\/v2\/comments?post=842"}],"version-history":[{"count":4,"href":"https:\/\/agora.xtec.cat\/iesvv\/wp-json\/wp\/v2\/pages\/842\/revisions"}],"predecessor-version":[{"id":1471,"href":"https:\/\/agora.xtec.cat\/iesvv\/wp-json\/wp\/v2\/pages\/842\/revisions\/1471"}],"up":[{"embeddable":true,"href":"https:\/\/agora.xtec.cat\/iesvv\/wp-json\/wp\/v2\/pages\/840"}],"wp:attachment":[{"href":"https:\/\/agora.xtec.cat\/iesvv\/wp-json\/wp\/v2\/media?parent=842"}],"curies":[{"name":"wp","href":"https:\/\/api.w.org\/{rel}","templated":true}]}}