{"id":840,"date":"2021-08-02T12:44:00","date_gmt":"2021-08-02T10:44:00","guid":{"rendered":"https:\/\/agora.xtec.cat\/iesvv\/?page_id=840"},"modified":"2021-08-07T20:14:36","modified_gmt":"2021-08-07T18:14:36","slug":"projectes","status":"publish","type":"page","link":"https:\/\/agora.xtec.cat\/iesvv\/projectes\/","title":{"rendered":"PROGRAMES"},"content":{"rendered":"<p>L&#8217;Institut Vinyes Velles participa en 3 programes impulsats pel Departament d&#8217;Educaci\u00f3. Per ordre d&#8217;antig\u00fcitat, s\u00f3n els seg\u00fcents, :<\/p>\n<ul>\n<li>Programa d&#8217;<a href=\"https:\/\/agora.xtec.cat\/iesvv\/projectes\/escola-verda\/\">Escoles Verdes<\/a>.<\/li>\n<li>Programa d&#8217;<a href=\"https:\/\/agora.xtec.cat\/iesvv\/impuls-de-la-lectura\/\">Impuls de la Lectura<\/a>.<\/li>\n<li>Programa <a href=\"https:\/\/agora.xtec.cat\/iesvv\/oferta-educativa\/batxibac\/\">Batxibac<\/a>.<\/li>\n<li>Programa de <a href=\"https:\/\/agora.xtec.cat\/iesvv\/robotica-i-tec-creatives\/\">Rob\u00f2tica i de Tecnologies Creatives a l&#8217;aula<\/a>.<\/li>\n<li>Programa <a href=\"https:\/\/agora.xtec.cat\/iesvv\/projectes\/araart-2\/\" target=\"_blank\" rel=\"noopener\">araART<\/a>.<\/li>\n<\/ul>\n","protected":false},"excerpt":{"rendered":"<p>L&#8217;Institut Vinyes Velles participa en 3 programes impulsats pel Departament d&#8217;Educaci\u00f3. Per ordre d&#8217;antig\u00fcitat, s\u00f3n els seg\u00fcents, : Programa d&#8217;Escoles [&hellip;]<\/p>\n","protected":false},"author":4,"featured_media":0,"parent":0,"menu_order":0,"comment_status":"closed","ping_status":"closed","template":"","meta":{"_bbp_topic_count":0,"_bbp_reply_count":0,"_bbp_total_topic_count":0,"_bbp_total_reply_count":0,"_bbp_voice_count":0,"_bbp_anonymous_reply_count":0,"_bbp_topic_count_hidden":0,"_bbp_reply_count_hidden":0,"_bbp_forum_subforum_count":0,"site-sidebar-layout":"default","site-content-layout":"","ast-site-content-layout":"","site-content-style":"default","site-sidebar-style":"default","ast-global-header-display":"","ast-banner-title-visibility":"","ast-main-header-display":"","ast-hfb-above-header-display":"","ast-hfb-below-header-display":"","ast-hfb-mobile-header-display":"","site-post-title":"","ast-breadcrumbs-content":"","ast-featured-img":"","footer-sml-layout":"","theme-transparent-header-meta":"","adv-header-id-meta":"","stick-header-meta":"","header-above-stick-meta":"","header-main-stick-meta":"","header-below-stick-meta":"","astra-migrate-meta-layouts":"default","ast-page-background-enabled":"default","ast-page-background-meta":{"desktop":{"background-color":"var(--ast-global-color-4)","background-image":"","background-repeat":"repeat","background-position":"center center","background-size":"auto","background-attachment":"scroll","background-type":"","background-media":"","overlay-type":"","overlay-color":"","overlay-opacity":"","overlay-gradient":""},"tablet":{"background-color":"","background-image":"","background-repeat":"repeat","background-position":"center center","background-size":"auto","background-attachment":"scroll","background-type":"","background-media":"","overlay-type":"","overlay-color":"","overlay-opacity":"","overlay-gradient":""},"mobile":{"background-color":"","background-image":"","background-repeat":"repeat","background-position":"center center","background-size":"auto","background-attachment":"scroll","background-type":"","background-media":"","overlay-type":"","overlay-color":"","overlay-opacity":"","overlay-gradient":""}},"ast-content-background-meta":{"desktop":{"background-color":"var(--ast-global-color-5)","background-image":"","background-repeat":"repeat","background-position":"center center","background-size":"auto","background-attachment":"scroll","background-type":"","background-media":"","overlay-type":"","overlay-color":"","overlay-opacity":"","overlay-gradient":""},"tablet":{"background-color":"var(--ast-global-color-5)","background-image":"","background-repeat":"repeat","background-position":"center center","background-size":"auto","background-attachment":"scroll","background-type":"","background-media":"","overlay-type":"","overlay-color":"","overlay-opacity":"","overlay-gradient":""},"mobile":{"background-color":"var(--ast-global-color-5)","background-image":"","background-repeat":"repeat","background-position":"center center","background-size":"auto","background-attachment":"scroll","background-type":"","background-media":"","overlay-type":"","overlay-color":"","overlay-opacity":"","overlay-gradient":""}},"footnotes":""},"class_list":["post-840","page","type-page","status-publish","hentry"],"post_mailing_queue_ids":[],"_links":{"self":[{"href":"https:\/\/agora.xtec.cat\/iesvv\/wp-json\/wp\/v2\/pages\/840","targetHints":{"allow":["GET"]}}],"collection":[{"href":"https:\/\/agora.xtec.cat\/iesvv\/wp-json\/wp\/v2\/pages"}],"about":[{"href":"https:\/\/agora.xtec.cat\/iesvv\/wp-json\/wp\/v2\/types\/page"}],"author":[{"embeddable":true,"href":"https:\/\/agora.xtec.cat\/iesvv\/wp-json\/wp\/v2\/users\/4"}],"replies":[{"embeddable":true,"href":"https:\/\/agora.xtec.cat\/iesvv\/wp-json\/wp\/v2\/comments?post=840"}],"version-history":[{"count":3,"href":"https:\/\/agora.xtec.cat\/iesvv\/wp-json\/wp\/v2\/pages\/840\/revisions"}],"predecessor-version":[{"id":1241,"href":"https:\/\/agora.xtec.cat\/iesvv\/wp-json\/wp\/v2\/pages\/840\/revisions\/1241"}],"wp:attachment":[{"href":"https:\/\/agora.xtec.cat\/iesvv\/wp-json\/wp\/v2\/media?parent=840"}],"curies":[{"name":"wp","href":"https:\/\/api.w.org\/{rel}","templated":true}]}}