{"id":2254,"date":"2026-04-15T21:12:09","date_gmt":"2026-04-15T19:12:09","guid":{"rendered":"https:\/\/agora.xtec.cat\/iesvv\/?page_id=2254"},"modified":"2026-04-15T21:55:37","modified_gmt":"2026-04-15T19:55:37","slug":"el-batxillerat-al-vinyes-velles","status":"publish","type":"page","link":"https:\/\/agora.xtec.cat\/iesvv\/el-batxillerat-al-vinyes-velles\/","title":{"rendered":"El Batxillerat al Vinyes Velles"},"content":{"rendered":"\n        <div class=\"wp-block-getwid-post-carousel custom-post-type-post has-slides-gap-small is-carousel has-arrows-inside has-dots-outside\">\n            <div data-slider-option=\"{&quot;sliderSlidesToShowDesktop&quot;:&quot;4&quot;,&quot;getwid_slidesToShowLaptop&quot;:&quot;1&quot;,&quot;getwid_slidesToShowTablet&quot;:&quot;1&quot;,&quot;getwid_slidesToShowMobile&quot;:&quot;1&quot;,&quot;getwid_autoplay_speed&quot;:6000,&quot;getwid_animation_speed&quot;:800,&quot;getwid_slidesToScroll&quot;:&quot;1&quot;,&quot;getwid_autoplay&quot;:false,&quot;getwid_pause_on_hover&quot;:false,&quot;getwid_infinite&quot;:true,&quot;getwid_center_mode&quot;:false,&quot;getwid_arrows&quot;:&quot;inside&quot;,&quot;getwid_dots&quot;:&quot;outside&quot;}\" class=\"wp-block-getwid-post-carousel__wrapper\">\n                \t\t\t\t\t\t\t<div class=\"wp-block-getwid-post-carousel__slide\">\n\t\t\t\t\t\t\t\t\n<div class=\"wp-block-getwid-post-carousel__post\">\n            <div class=\"wp-block-getwid-post-carousel__post-thumbnail\">\n            <a href=\"https:\/\/agora.xtec.cat\/iesvv\/general\/beca-general-estudis-universitaris\/\"><img loading=\"lazy\" decoding=\"async\" width=\"266\" height=\"371\" src=\"https:\/\/agora.xtec.cat\/iesvv\/wp-content\/uploads\/usu1112\/2025\/03\/Slide_GRAL_2025_cat.png_191393041-e1776278959100.png\" class=\"attachment-post-thumbnail size-post-thumbnail wp-post-image\" alt=\"publicitat departament d&#039;educaci\u00f3\" srcset=\"https:\/\/agora.xtec.cat\/iesvv\/wp-content\/uploads\/usu1112\/2025\/03\/Slide_GRAL_2025_cat.png_191393041-e1776278959100.png 266w, https:\/\/agora.xtec.cat\/iesvv\/wp-content\/uploads\/usu1112\/2025\/03\/Slide_GRAL_2025_cat.png_191393041-e1776278959100-215x300.png 215w\" sizes=\"auto, (max-width: 266px) 100vw, 266px\" \/><\/a>\n        <\/div>\n        <div class=\"wp-block-getwid-post-carousel__post-content-wrapper\">\n        <div class=\"wp-block-getwid-post-carousel__post-header\">\n            <h3 class=\"wp-block-getwid-post-carousel__post-title\"><a href=\"https:\/\/agora.xtec.cat\/iesvv\/general\/beca-general-estudis-universitaris\/\">Beca general de la Generalitat per a estudis universitaris<\/a><\/h3>        <\/div>\n        <div class=\"wp-block-getwid-post-carousel__post-excerpt\"><p>termini: Del 7 abril de 2026 a les 8 h fins al 18 de maig de 2026 a les 15 [&hellip;]<\/p>\n<\/div>\n    <\/div>\n<\/div>\n\n\t\t\t\t\t\t\t<\/div>\n\t\t\t\t\t\t\t\t\t\t\t\t\t<div class=\"wp-block-getwid-post-carousel__slide\">\n\t\t\t\t\t\t\t\t\n<div class=\"wp-block-getwid-post-carousel__post\">\n            <div class=\"wp-block-getwid-post-carousel__post-thumbnail\">\n            <a href=\"https:\/\/agora.xtec.cat\/iesvv\/general\/beques-per-a-ensenyaments-postobligatoris-no-universitaris\/\"><img loading=\"lazy\" decoding=\"async\" width=\"555\" height=\"431\" src=\"https:\/\/agora.xtec.cat\/iesvv\/wp-content\/uploads\/usu1112\/2025\/03\/20250324-beques-postobligatoris.png_191393041.png\" class=\"attachment-post-thumbnail size-post-thumbnail wp-post-image\" alt=\"\" srcset=\"https:\/\/agora.xtec.cat\/iesvv\/wp-content\/uploads\/usu1112\/2025\/03\/20250324-beques-postobligatoris.png_191393041.png 555w, https:\/\/agora.xtec.cat\/iesvv\/wp-content\/uploads\/usu1112\/2025\/03\/20250324-beques-postobligatoris.png_191393041-300x233.png 300w\" sizes=\"auto, (max-width: 555px) 100vw, 555px\" \/><\/a>\n        <\/div>\n        <div class=\"wp-block-getwid-post-carousel__post-content-wrapper\">\n        <div class=\"wp-block-getwid-post-carousel__post-header\">\n            <h3 class=\"wp-block-getwid-post-carousel__post-title\"><a href=\"https:\/\/agora.xtec.cat\/iesvv\/general\/beques-per-a-ensenyaments-postobligatoris-no-universitaris\/\">Beques per a ensenyaments postobligatoris no universitaris<\/a><\/h3>        <\/div>\n        <div class=\"wp-block-getwid-post-carousel__post-excerpt\"><p>Beques per a ensenyaments postobligatoris no universitaris.<\/p>\n<\/div>\n    <\/div>\n<\/div>\n\n\t\t\t\t\t\t\t<\/div>\n\t\t\t\t\t\t\t\t\t\t\t\t\t<div class=\"wp-block-getwid-post-carousel__slide\">\n\t\t\t\t\t\t\t\t\n<div class=\"wp-block-getwid-post-carousel__post\">\n            <div class=\"wp-block-getwid-post-carousel__post-thumbnail\">\n            <a href=\"https:\/\/agora.xtec.cat\/iesvv\/general\/oferta-inicial-batxillerat-al-vinyes-velles\/\"><img loading=\"lazy\" decoding=\"async\" width=\"555\" height=\"432\" src=\"https:\/\/agora.xtec.cat\/iesvv\/wp-content\/uploads\/usu1112\/2025\/02\/preins-2526-construim-futur.jpg\" class=\"attachment-post-thumbnail size-post-thumbnail wp-post-image\" alt=\"preinscripci\u00f3 departament\" srcset=\"https:\/\/agora.xtec.cat\/iesvv\/wp-content\/uploads\/usu1112\/2025\/02\/preins-2526-construim-futur.jpg 555w, https:\/\/agora.xtec.cat\/iesvv\/wp-content\/uploads\/usu1112\/2025\/02\/preins-2526-construim-futur-300x234.jpg 300w\" sizes=\"auto, (max-width: 555px) 100vw, 555px\" \/><\/a>\n        <\/div>\n        <div class=\"wp-block-getwid-post-carousel__post-content-wrapper\">\n        <div class=\"wp-block-getwid-post-carousel__post-header\">\n            <h3 class=\"wp-block-getwid-post-carousel__post-title\"><a href=\"https:\/\/agora.xtec.cat\/iesvv\/general\/oferta-inicial-batxillerat-al-vinyes-velles\/\">Oferta inicial Batxillerat al Vinyes Velles<\/a><\/h3>        <\/div>\n        <div class=\"wp-block-getwid-post-carousel__post-excerpt\"><p>Publicaci\u00f3 de la oferta inicial de places de Batxillerat a l&#8217;institut Vinyes Velles.<\/p>\n<\/div>\n    <\/div>\n<\/div>\n\n\t\t\t\t\t\t\t<\/div>\n\t\t\t\t\t\t\t\t\t\t\t\t\t<div class=\"wp-block-getwid-post-carousel__slide\">\n\t\t\t\t\t\t\t\t\n<div class=\"wp-block-getwid-post-carousel__post\">\n            <div class=\"wp-block-getwid-post-carousel__post-thumbnail\">\n            <a href=\"https:\/\/agora.xtec.cat\/iesvv\/general\/concurs-de-fotografia-matematica-2\/\"><img loading=\"lazy\" decoding=\"async\" width=\"310\" height=\"297\" src=\"https:\/\/agora.xtec.cat\/iesvv\/wp-content\/uploads\/usu1112\/2026\/03\/mates.png\" class=\"attachment-post-thumbnail size-post-thumbnail wp-post-image\" alt=\"Concurs de matem\u00e0tiques\" srcset=\"https:\/\/agora.xtec.cat\/iesvv\/wp-content\/uploads\/usu1112\/2026\/03\/mates.png 310w, https:\/\/agora.xtec.cat\/iesvv\/wp-content\/uploads\/usu1112\/2026\/03\/mates-300x287.png 300w\" sizes=\"auto, (max-width: 310px) 100vw, 310px\" \/><\/a>\n        <\/div>\n        <div class=\"wp-block-getwid-post-carousel__post-content-wrapper\">\n        <div class=\"wp-block-getwid-post-carousel__post-header\">\n            <h3 class=\"wp-block-getwid-post-carousel__post-title\"><a href=\"https:\/\/agora.xtec.cat\/iesvv\/general\/concurs-de-fotografia-matematica-2\/\">Concurs de Fotografia Matem\u00e0tica<\/a><\/h3>        <\/div>\n        <div class=\"wp-block-getwid-post-carousel__post-excerpt\"><p>Aqu\u00ed teniu la convocat\u00f2ria del concurs de fotografia matem\u00e0tica. Us animem a partiucipar.<\/p>\n<\/div>\n    <\/div>\n<\/div>\n\n\t\t\t\t\t\t\t<\/div>\n\t\t\t\t\t\t\t\t\t\t\t\t\t<div class=\"wp-block-getwid-post-carousel__slide\">\n\t\t\t\t\t\t\t\t\n<div class=\"wp-block-getwid-post-carousel__post\">\n            <div class=\"wp-block-getwid-post-carousel__post-thumbnail\">\n            <a href=\"https:\/\/agora.xtec.cat\/iesvv\/general\/jornades-de-portes-obertes-institut-vinyes-velles\/\"><img loading=\"lazy\" decoding=\"async\" width=\"561\" height=\"291\" src=\"https:\/\/agora.xtec.cat\/iesvv\/wp-content\/uploads\/usu1112\/2026\/02\/jpo.png\" class=\"attachment-post-thumbnail size-post-thumbnail wp-post-image\" alt=\"Jornada de Portes Obertes\" srcset=\"https:\/\/agora.xtec.cat\/iesvv\/wp-content\/uploads\/usu1112\/2026\/02\/jpo.png 561w, https:\/\/agora.xtec.cat\/iesvv\/wp-content\/uploads\/usu1112\/2026\/02\/jpo-300x156.png 300w\" sizes=\"auto, (max-width: 561px) 100vw, 561px\" \/><\/a>\n        <\/div>\n        <div class=\"wp-block-getwid-post-carousel__post-content-wrapper\">\n        <div class=\"wp-block-getwid-post-carousel__post-header\">\n            <h3 class=\"wp-block-getwid-post-carousel__post-title\"><a href=\"https:\/\/agora.xtec.cat\/iesvv\/general\/jornades-de-portes-obertes-institut-vinyes-velles\/\">Jornades de Portes Obertes Institut Vinyes Velles<\/a><\/h3>        <\/div>\n        <div class=\"wp-block-getwid-post-carousel__post-excerpt\"><p>Informaci\u00f3 sobre la Preinscripci\u00f3 2026<\/p>\n<\/div>\n    <\/div>\n<\/div>\n\n\t\t\t\t\t\t\t<\/div>\n\t\t\t\t\t\t\t\t\t\t\t\t\t<div class=\"wp-block-getwid-post-carousel__slide\">\n\t\t\t\t\t\t\t\t\n<div class=\"wp-block-getwid-post-carousel__post\">\n            <div class=\"wp-block-getwid-post-carousel__post-thumbnail\">\n            <a href=\"https:\/\/agora.xtec.cat\/iesvv\/general\/curs-2025-2026\/\"><img loading=\"lazy\" decoding=\"async\" width=\"1500\" height=\"2000\" src=\"https:\/\/agora.xtec.cat\/iesvv\/wp-content\/uploads\/usu1112\/2025\/02\/biblioteca.jpg\" class=\"attachment-post-thumbnail size-post-thumbnail wp-post-image\" alt=\"\" srcset=\"https:\/\/agora.xtec.cat\/iesvv\/wp-content\/uploads\/usu1112\/2025\/02\/biblioteca.jpg 1500w, https:\/\/agora.xtec.cat\/iesvv\/wp-content\/uploads\/usu1112\/2025\/02\/biblioteca-225x300.jpg 225w, https:\/\/agora.xtec.cat\/iesvv\/wp-content\/uploads\/usu1112\/2025\/02\/biblioteca-768x1024.jpg 768w, https:\/\/agora.xtec.cat\/iesvv\/wp-content\/uploads\/usu1112\/2025\/02\/biblioteca-1152x1536.jpg 1152w\" sizes=\"auto, (max-width: 1500px) 100vw, 1500px\" \/><\/a>\n        <\/div>\n        <div class=\"wp-block-getwid-post-carousel__post-content-wrapper\">\n        <div class=\"wp-block-getwid-post-carousel__post-header\">\n            <h3 class=\"wp-block-getwid-post-carousel__post-title\"><a href=\"https:\/\/agora.xtec.cat\/iesvv\/general\/curs-2025-2026\/\">Curs 2025 &#8211; 2026<\/a><\/h3>        <\/div>\n        <div class=\"wp-block-getwid-post-carousel__post-excerpt\"><p>Informaci\u00f3 sobre l&#8217;inici de curs al Vinyes Velles<\/p>\n<\/div>\n    <\/div>\n<\/div>\n\n\t\t\t\t\t\t\t<\/div>\n\t\t\t\t\t\t\t\t\t\t\t\t\t<div class=\"wp-block-getwid-post-carousel__slide\">\n\t\t\t\t\t\t\t\t\n<div class=\"wp-block-getwid-post-carousel__post\">\n            <div class=\"wp-block-getwid-post-carousel__post-thumbnail\">\n            <a href=\"https:\/\/agora.xtec.cat\/iesvv\/general\/llibres-de-text-2025-2026\/\"><img loading=\"lazy\" decoding=\"async\" width=\"260\" height=\"194\" src=\"https:\/\/agora.xtec.cat\/iesvv\/wp-content\/uploads\/usu1112\/2025\/07\/baixa.jpg\" class=\"attachment-post-thumbnail size-post-thumbnail wp-post-image\" alt=\"Llibres\" \/><\/a>\n        <\/div>\n        <div class=\"wp-block-getwid-post-carousel__post-content-wrapper\">\n        <div class=\"wp-block-getwid-post-carousel__post-header\">\n            <h3 class=\"wp-block-getwid-post-carousel__post-title\"><a href=\"https:\/\/agora.xtec.cat\/iesvv\/general\/llibres-de-text-2025-2026\/\">Llibres de Text 2025-2026<\/a><\/h3>        <\/div>\n        <div class=\"wp-block-getwid-post-carousel__post-excerpt\"><p>Ja est\u00e0 disponible el llistat de llibres de l&#8217;Institut Vinyes Velles i la compra per la web de DISPE amb [&hellip;]<\/p>\n<\/div>\n    <\/div>\n<\/div>\n\n\t\t\t\t\t\t\t<\/div>\n\t\t\t\t\t\t            <\/div>\n        <\/div>\n        ","protected":false},"excerpt":{"rendered":"","protected":false},"author":1,"featured_media":0,"parent":0,"menu_order":0,"comment_status":"closed","ping_status":"close","template":"","meta":{"_bbp_topic_count":0,"_bbp_reply_count":0,"_bbp_total_topic_count":0,"_bbp_total_reply_count":0,"_bbp_voice_count":0,"_bbp_anonymous_reply_count":0,"_bbp_topic_count_hidden":0,"_bbp_reply_count_hidden":0,"_bbp_forum_subforum_count":0,"site-sidebar-layout":"default","site-content-layout":"","ast-site-content-layout":"default","site-content-style":"default","site-sidebar-style":"default","ast-global-header-display":"","ast-banner-title-visibility":"","ast-main-header-display":"","ast-hfb-above-header-display":"","ast-hfb-below-header-display":"","ast-hfb-mobile-header-display":"","site-post-title":"","ast-breadcrumbs-content":"","ast-featured-img":"","footer-sml-layout":"","theme-transparent-header-meta":"","adv-header-id-meta":"","stick-header-meta":"","header-above-stick-meta":"","header-main-stick-meta":"","header-below-stick-meta":"","astra-migrate-meta-layouts":"set","ast-page-background-enabled":"default","ast-page-background-meta":{"desktop":{"background-color":"var(--ast-global-color-4)","background-image":"","background-repeat":"repeat","background-position":"center center","background-size":"auto","background-attachment":"scroll","background-type":"","background-media":"","overlay-type":"","overlay-color":"","overlay-opacity":"","overlay-gradient":""},"tablet":{"background-color":"","background-image":"","background-repeat":"repeat","background-position":"center center","background-size":"auto","background-attachment":"scroll","background-type":"","background-media":"","overlay-type":"","overlay-color":"","overlay-opacity":"","overlay-gradient":""},"mobile":{"background-color":"","background-image":"","background-repeat":"repeat","background-position":"center center","background-size":"auto","background-attachment":"scroll","background-type":"","background-media":"","overlay-type":"","overlay-color":"","overlay-opacity":"","overlay-gradient":""}},"ast-content-background-meta":{"desktop":{"background-color":"var(--ast-global-color-5)","background-image":"","background-repeat":"repeat","background-position":"center center","background-size":"auto","background-attachment":"scroll","background-type":"","background-media":"","overlay-type":"","overlay-color":"","overlay-opacity":"","overlay-gradient":""},"tablet":{"background-color":"var(--ast-global-color-5)","background-image":"","background-repeat":"repeat","background-position":"center center","background-size":"auto","background-attachment":"scroll","background-type":"","background-media":"","overlay-type":"","overlay-color":"","overlay-opacity":"","overlay-gradient":""},"mobile":{"background-color":"var(--ast-global-color-5)","background-image":"","background-repeat":"repeat","background-position":"center center","background-size":"auto","background-attachment":"scroll","background-type":"","background-media":"","overlay-type":"","overlay-color":"","overlay-opacity":"","overlay-gradient":""}},"footnotes":""},"class_list":["post-2254","page","type-page","status-publish","hentry"],"post_mailing_queue_ids":[],"_links":{"self":[{"href":"https:\/\/agora.xtec.cat\/iesvv\/wp-json\/wp\/v2\/pages\/2254","targetHints":{"allow":["GET"]}}],"collection":[{"href":"https:\/\/agora.xtec.cat\/iesvv\/wp-json\/wp\/v2\/pages"}],"about":[{"href":"https:\/\/agora.xtec.cat\/iesvv\/wp-json\/wp\/v2\/types\/page"}],"author":[{"embeddable":true,"href":"https:\/\/agora.xtec.cat\/iesvv\/wp-json\/wp\/v2\/users\/1"}],"replies":[{"embeddable":true,"href":"https:\/\/agora.xtec.cat\/iesvv\/wp-json\/wp\/v2\/comments?post=2254"}],"version-history":[{"count":3,"href":"https:\/\/agora.xtec.cat\/iesvv\/wp-json\/wp\/v2\/pages\/2254\/revisions"}],"predecessor-version":[{"id":2258,"href":"https:\/\/agora.xtec.cat\/iesvv\/wp-json\/wp\/v2\/pages\/2254\/revisions\/2258"}],"wp:attachment":[{"href":"https:\/\/agora.xtec.cat\/iesvv\/wp-json\/wp\/v2\/media?parent=2254"}],"curies":[{"name":"wp","href":"https:\/\/api.w.org\/{rel}","templated":true}]}}