{"id":1902,"date":"2025-03-18T22:41:12","date_gmt":"2025-03-18T21:41:12","guid":{"rendered":"https:\/\/agora.xtec.cat\/iesvv\/?page_id=1902"},"modified":"2025-03-18T22:41:32","modified_gmt":"2025-03-18T21:41:32","slug":"projectes-i-programes","status":"publish","type":"page","link":"https:\/\/agora.xtec.cat\/iesvv\/linstitut-2\/projectes-i-programes\/","title":{"rendered":"PROJECTES I PROGRAMES"},"content":{"rendered":"\n<ul class=\"wp-block-list\">\n<li><em><strong>Centre impulsor de la lectura:<\/strong><\/em>\n<ul class=\"wp-block-list\">\n<li>Potenciem la lectura tant per a gaudir com per adquirir coneixements.<\/li>\n<\/ul>\n<\/li>\n\n\n\n<li><strong><em>Centre impulsor de tecnologies creatives i rob\u00f2tica:<\/em><\/strong>\n<ul class=\"wp-block-list\">\n<li>Acompanyem a l\u2019alumnat a con\u00e8ixer i adaptar-se a un m\u00f3n tecnol\u00f2gic sempre canviant.<\/li>\n<\/ul>\n<\/li>\n\n\n\n<li><strong><em>Projecte \u201cAraArt\u201d:<\/em><\/strong>\n<ul class=\"wp-block-list\">\n<li>Treballem la coeducaci\u00f3 i la diversitat mitjan\u00e7ant diferents camins art\u00edstics: m\u00fasica, disseny, pintura, circ i dansa.<\/li>\n<\/ul>\n<\/li>\n\n\n\n<li><strong><em>Projecte Patis Musicals:<\/em><\/strong>\n<ul class=\"wp-block-list\">\n<li>L\u2019alumnat pot gaudir en el seu temps d\u2019esbarjo de classes de diferents instruments musicals (viol\u00ed, txelo, bateria\u2026).<\/li>\n<\/ul>\n<\/li>\n\n\n\n<li><strong><em>Projecte Batxibac:<\/em><\/strong>\n<ul class=\"wp-block-list\">\n<li>L\u2019institut ofereix aquesta modalitat amb doble titulaci\u00f3: Batxillerat Espanyol i Franc\u00e8s amb la possibilitat de continuar la seva formaci\u00f3 a Fran\u00e7a o Canad\u00e0.<\/li>\n\n\n\n<li>Com a preparaci\u00f3 a aquest Batxillerat l\u2019alumnat pot estudiar franc\u00e8s com a segona llengua estrangera des de 1r a 4t d\u2019ESO.<\/li>\n<\/ul>\n<\/li>\n\n\n\n<li><strong><em>Projecte escola verda:<\/em><\/strong>\n<ul class=\"wp-block-list\">\n<li>En el nostre centre potenciem l\u2019educaci\u00f3 en el respecte del nostre entorn natural.<\/li>\n<\/ul>\n<\/li>\n<\/ul>\n","protected":false},"excerpt":{"rendered":"","protected":false},"author":1,"featured_media":0,"parent":1879,"menu_order":3,"comment_status":"closed","ping_status":"close","template":"","meta":{"_bbp_topic_count":0,"_bbp_reply_count":0,"_bbp_total_topic_count":0,"_bbp_total_reply_count":0,"_bbp_voice_count":0,"_bbp_anonymous_reply_count":0,"_bbp_topic_count_hidden":0,"_bbp_reply_count_hidden":0,"_bbp_forum_subforum_count":0,"site-sidebar-layout":"default","site-content-layout":"","ast-site-content-layout":"default","site-content-style":"default","site-sidebar-style":"default","ast-global-header-display":"","ast-banner-title-visibility":"","ast-main-header-display":"","ast-hfb-above-header-display":"","ast-hfb-below-header-display":"","ast-hfb-mobile-header-display":"","site-post-title":"","ast-breadcrumbs-content":"","ast-featured-img":"","footer-sml-layout":"","theme-transparent-header-meta":"","adv-header-id-meta":"","stick-header-meta":"","header-above-stick-meta":"","header-main-stick-meta":"","header-below-stick-meta":"","astra-migrate-meta-layouts":"set","ast-page-background-enabled":"default","ast-page-background-meta":{"desktop":{"background-color":"var(--ast-global-color-4)","background-image":"","background-repeat":"repeat","background-position":"center center","background-size":"auto","background-attachment":"scroll","background-type":"","background-media":"","overlay-type":"","overlay-color":"","overlay-opacity":"","overlay-gradient":""},"tablet":{"background-color":"","background-image":"","background-repeat":"repeat","background-position":"center center","background-size":"auto","background-attachment":"scroll","background-type":"","background-media":"","overlay-type":"","overlay-color":"","overlay-opacity":"","overlay-gradient":""},"mobile":{"background-color":"","background-image":"","background-repeat":"repeat","background-position":"center center","background-size":"auto","background-attachment":"scroll","background-type":"","background-media":"","overlay-type":"","overlay-color":"","overlay-opacity":"","overlay-gradient":""}},"ast-content-background-meta":{"desktop":{"background-color":"var(--ast-global-color-5)","background-image":"","background-repeat":"repeat","background-position":"center center","background-size":"auto","background-attachment":"scroll","background-type":"","background-media":"","overlay-type":"","overlay-color":"","overlay-opacity":"","overlay-gradient":""},"tablet":{"background-color":"var(--ast-global-color-5)","background-image":"","background-repeat":"repeat","background-position":"center center","background-size":"auto","background-attachment":"scroll","background-type":"","background-media":"","overlay-type":"","overlay-color":"","overlay-opacity":"","overlay-gradient":""},"mobile":{"background-color":"var(--ast-global-color-5)","background-image":"","background-repeat":"repeat","background-position":"center center","background-size":"auto","background-attachment":"scroll","background-type":"","background-media":"","overlay-type":"","overlay-color":"","overlay-opacity":"","overlay-gradient":""}},"footnotes":""},"class_list":["post-1902","page","type-page","status-publish","hentry"],"post_mailing_queue_ids":[],"_links":{"self":[{"href":"https:\/\/agora.xtec.cat\/iesvv\/wp-json\/wp\/v2\/pages\/1902","targetHints":{"allow":["GET"]}}],"collection":[{"href":"https:\/\/agora.xtec.cat\/iesvv\/wp-json\/wp\/v2\/pages"}],"about":[{"href":"https:\/\/agora.xtec.cat\/iesvv\/wp-json\/wp\/v2\/types\/page"}],"author":[{"embeddable":true,"href":"https:\/\/agora.xtec.cat\/iesvv\/wp-json\/wp\/v2\/users\/1"}],"replies":[{"embeddable":true,"href":"https:\/\/agora.xtec.cat\/iesvv\/wp-json\/wp\/v2\/comments?post=1902"}],"version-history":[{"count":3,"href":"https:\/\/agora.xtec.cat\/iesvv\/wp-json\/wp\/v2\/pages\/1902\/revisions"}],"predecessor-version":[{"id":1905,"href":"https:\/\/agora.xtec.cat\/iesvv\/wp-json\/wp\/v2\/pages\/1902\/revisions\/1905"}],"up":[{"embeddable":true,"href":"https:\/\/agora.xtec.cat\/iesvv\/wp-json\/wp\/v2\/pages\/1879"}],"wp:attachment":[{"href":"https:\/\/agora.xtec.cat\/iesvv\/wp-json\/wp\/v2\/media?parent=1902"}],"curies":[{"name":"wp","href":"https:\/\/api.w.org\/{rel}","templated":true}]}}