{"id":1782,"date":"2025-02-27T20:20:59","date_gmt":"2025-02-27T19:20:59","guid":{"rendered":"https:\/\/agora.xtec.cat\/iesvv\/?page_id=1782"},"modified":"2026-03-23T16:37:50","modified_gmt":"2026-03-23T15:37:50","slug":"preinscripcio-eso-i-batxillerat","status":"publish","type":"page","link":"https:\/\/agora.xtec.cat\/iesvv\/secretaria\/preinscripcio-eso-i-batxillerat\/","title":{"rendered":"Preinscripci\u00f3 i Matr\u00edcula ESO i Batxillerat"},"content":{"rendered":"\n<p class=\"has-black-color has-text-color has-link-color wp-elements-5abbc472bc304b53cc594b5981c0e0ad\">Aquest proc\u00e9s nom\u00e9s \u00e9s per alumnat que s\u2019incorpora nou al centre tant a l\u2019ESO com a Batxillerat.<\/p>\n\n\n\n<p class=\"has-vivid-red-color has-text-color has-link-color wp-elements-54faecdf5d0e819a938fd737fca29a64\"><strong>L\u2019alumnat del centre NO ha de fer cap preinscripci\u00f3 en els canvis de curs durant la seva estada al centre.<\/strong><\/p>\n\n\n\n<div class=\"wp-block-columns is-layout-flex wp-container-core-columns-is-layout-1 wp-block-columns-is-layout-flex\">\n<div class=\"wp-block-column is-layout-flow wp-block-column-is-layout-flow\">\n<h2 class=\"wp-block-heading has-text-align-center\">ESO<\/h2>\n\n\n\n<p class=\"has-text-align-center\">Acc\u00e9s a la preinscripci\u00f3 per a l&#8217;alumnat que s&#8217;incorpora a 1r ESO i nouvingut a altres cursos de l&#8217;ESO.<\/p>\n\n\n\n<div class=\"wp-block-buttons is-content-justification-center is-layout-flex wp-container-core-buttons-is-layout-1 wp-block-buttons-is-layout-flex\">\n<div class=\"wp-block-button\"><a class=\"wp-block-button__link wp-element-button\" href=\"https:\/\/forms.gle\/AZ4KZSyokUJA6hgV6\" target=\"_blank\" rel=\"noreferrer noopener\">Portes Obertes<\/a><\/div>\n\n\n\n<div class=\"wp-block-button\" id=\"https:\/\/agora.xtec.cat\/iesvv\/?page_id=1702\"><a class=\"wp-block-button__link wp-element-button\" href=\"https:\/\/agora.xtec.cat\/iesvv\/?page_id=1702\">Preinscripci\u00f3 i Matr\u00edcula<\/a><\/div>\n<\/div>\n<\/div>\n\n\n\n<div class=\"wp-block-column is-layout-flow wp-block-column-is-layout-flow\">\n<h2 class=\"wp-block-heading has-text-align-center\">Batxillerat<\/h2>\n\n\n\n<p class=\"has-text-align-center\">Acc\u00e9s a la preinscripci\u00f3 per a l&#8217;alumnat que s&#8217;incorpora a Batxillerat <strong>NOU al centre<\/strong>.<\/p>\n\n\n\n<div class=\"wp-block-buttons is-content-justification-center is-layout-flex wp-container-core-buttons-is-layout-2 wp-block-buttons-is-layout-flex\">\n<div class=\"wp-block-button\"><a class=\"wp-block-button__link wp-element-button\" href=\"https:\/\/forms.gle\/Qf4Pe4shztXCub549\" target=\"_blank\" rel=\"noreferrer noopener\">Portes Obertes<\/a><\/div>\n\n\n\n<div class=\"wp-block-button\"><a class=\"wp-block-button__link wp-element-button\" href=\"https:\/\/agora.xtec.cat\/iesvv\/wp-content\/uploads\/usu1112\/2026\/03\/BTX.-Guio-2026.-JORNADA-DE-PORTES-OBERTES_web.pdf\" target=\"_blank\" rel=\"noreferrer noopener\">Presentaci\u00f3 Portes Obertes<\/a><\/div>\n\n\n\n<div class=\"wp-block-button\"><a class=\"wp-block-button__link wp-element-button\" href=\"https:\/\/agora.xtec.cat\/iesvv\/?page_id=1739\">Preinscripci\u00f3 i Matr\u00edcula<\/a><\/div>\n<\/div>\n<\/div>\n<\/div>\n\n\n\n        <div class=\"wp-block-getwid-post-carousel custom-post-type-post has-slides-gap-small is-carousel has-arrows-inside has-dots-outside\">\n            <div data-slider-option=\"{&quot;sliderSlidesToShowDesktop&quot;:&quot;3&quot;,&quot;getwid_slidesToShowLaptop&quot;:&quot;1&quot;,&quot;getwid_slidesToShowTablet&quot;:&quot;1&quot;,&quot;getwid_slidesToShowMobile&quot;:&quot;1&quot;,&quot;getwid_autoplay_speed&quot;:6000,&quot;getwid_animation_speed&quot;:800,&quot;getwid_slidesToScroll&quot;:&quot;1&quot;,&quot;getwid_autoplay&quot;:false,&quot;getwid_pause_on_hover&quot;:false,&quot;getwid_infinite&quot;:true,&quot;getwid_center_mode&quot;:false,&quot;getwid_arrows&quot;:&quot;inside&quot;,&quot;getwid_dots&quot;:&quot;outside&quot;}\" class=\"wp-block-getwid-post-carousel__wrapper\">\n                \t\t\t\t\t\t\t<div class=\"wp-block-getwid-post-carousel__slide\">\n\t\t\t\t\t\t\t\t\n<div class=\"wp-block-getwid-post-carousel__post\">\n            <div class=\"wp-block-getwid-post-carousel__post-thumbnail\">\n            <a href=\"https:\/\/agora.xtec.cat\/iesvv\/general\/publicacio-llista-provisional-sollicituds-eso-curs-2025-2026\/\"><img loading=\"lazy\" decoding=\"async\" width=\"555\" height=\"432\" src=\"https:\/\/agora.xtec.cat\/iesvv\/wp-content\/uploads\/usu1112\/2025\/02\/preins-2526-construim-futur.jpg\" class=\"attachment-post-thumbnail size-post-thumbnail wp-post-image\" alt=\"preinscripci\u00f3 departament\" srcset=\"https:\/\/agora.xtec.cat\/iesvv\/wp-content\/uploads\/usu1112\/2025\/02\/preins-2526-construim-futur.jpg 555w, https:\/\/agora.xtec.cat\/iesvv\/wp-content\/uploads\/usu1112\/2025\/02\/preins-2526-construim-futur-300x234.jpg 300w\" sizes=\"auto, (max-width: 555px) 100vw, 555px\" \/><\/a>\n        <\/div>\n        <div class=\"wp-block-getwid-post-carousel__post-content-wrapper\">\n        <div class=\"wp-block-getwid-post-carousel__post-header\">\n            <h3 class=\"wp-block-getwid-post-carousel__post-title\"><a href=\"https:\/\/agora.xtec.cat\/iesvv\/general\/publicacio-llista-provisional-sollicituds-eso-curs-2025-2026\/\">Publicaci\u00f3 llista provisional sol\u00b7licituds ESO Curs 2026-2027<\/a><\/h3>        <\/div>\n        <div class=\"wp-block-getwid-post-carousel__post-excerpt\"><p>Publicaci\u00f3 llista provisional sol\u00b7licituds ESO Curs 2026-2027<\/p>\n<\/div>\n    <\/div>\n<\/div>\n\n\t\t\t\t\t\t\t<\/div>\n\t\t\t\t\t\t\t\t\t\t\t\t\t<div class=\"wp-block-getwid-post-carousel__slide\">\n\t\t\t\t\t\t\t\t\n<div class=\"wp-block-getwid-post-carousel__post\">\n            <div class=\"wp-block-getwid-post-carousel__post-thumbnail\">\n            <a href=\"https:\/\/agora.xtec.cat\/iesvv\/general\/llista-dadmesos-batxibac\/\"><img loading=\"lazy\" decoding=\"async\" width=\"555\" height=\"432\" src=\"https:\/\/agora.xtec.cat\/iesvv\/wp-content\/uploads\/usu1112\/2025\/02\/preins-2526-construim-futur.jpg\" class=\"attachment-post-thumbnail size-post-thumbnail wp-post-image\" alt=\"preinscripci\u00f3 departament\" srcset=\"https:\/\/agora.xtec.cat\/iesvv\/wp-content\/uploads\/usu1112\/2025\/02\/preins-2526-construim-futur.jpg 555w, https:\/\/agora.xtec.cat\/iesvv\/wp-content\/uploads\/usu1112\/2025\/02\/preins-2526-construim-futur-300x234.jpg 300w\" sizes=\"auto, (max-width: 555px) 100vw, 555px\" \/><\/a>\n        <\/div>\n        <div class=\"wp-block-getwid-post-carousel__post-content-wrapper\">\n        <div class=\"wp-block-getwid-post-carousel__post-header\">\n            <h3 class=\"wp-block-getwid-post-carousel__post-title\"><a href=\"https:\/\/agora.xtec.cat\/iesvv\/general\/llista-dadmesos-batxibac\/\">Llista d&#8217;admesos Batxibac<\/a><\/h3>        <\/div>\n        <div class=\"wp-block-getwid-post-carousel__post-excerpt\"><p>Aqu\u00ed tenen el llistat definitiu de la preinscripci\u00f3 de Batxibac al nostre centre.&nbsp; L&#8217;alumnat adm\u00e8s haur\u00e0 de fer el tr\u00e0mit [&hellip;]<\/p>\n<\/div>\n    <\/div>\n<\/div>\n\n\t\t\t\t\t\t\t<\/div>\n\t\t\t\t\t\t\t\t\t\t\t\t\t<div class=\"wp-block-getwid-post-carousel__slide\">\n\t\t\t\t\t\t\t\t\n<div class=\"wp-block-getwid-post-carousel__post\">\n            <div class=\"wp-block-getwid-post-carousel__post-thumbnail\">\n            <a href=\"https:\/\/agora.xtec.cat\/iesvv\/general\/oferta-inicial-batxillerat-al-vinyes-velles\/\"><img loading=\"lazy\" decoding=\"async\" width=\"555\" height=\"432\" src=\"https:\/\/agora.xtec.cat\/iesvv\/wp-content\/uploads\/usu1112\/2025\/02\/preins-2526-construim-futur.jpg\" class=\"attachment-post-thumbnail size-post-thumbnail wp-post-image\" alt=\"preinscripci\u00f3 departament\" srcset=\"https:\/\/agora.xtec.cat\/iesvv\/wp-content\/uploads\/usu1112\/2025\/02\/preins-2526-construim-futur.jpg 555w, https:\/\/agora.xtec.cat\/iesvv\/wp-content\/uploads\/usu1112\/2025\/02\/preins-2526-construim-futur-300x234.jpg 300w\" sizes=\"auto, (max-width: 555px) 100vw, 555px\" \/><\/a>\n        <\/div>\n        <div class=\"wp-block-getwid-post-carousel__post-content-wrapper\">\n        <div class=\"wp-block-getwid-post-carousel__post-header\">\n            <h3 class=\"wp-block-getwid-post-carousel__post-title\"><a href=\"https:\/\/agora.xtec.cat\/iesvv\/general\/oferta-inicial-batxillerat-al-vinyes-velles\/\">Oferta inicial Batxillerat al Vinyes Velles<\/a><\/h3>        <\/div>\n        <div class=\"wp-block-getwid-post-carousel__post-excerpt\"><p>Publicaci\u00f3 de la oferta inicial de places de Batxillerat a l&#8217;institut Vinyes Velles.<\/p>\n<\/div>\n    <\/div>\n<\/div>\n\n\t\t\t\t\t\t\t<\/div>\n\t\t\t\t\t\t\t\t\t\t\t\t\t<div class=\"wp-block-getwid-post-carousel__slide\">\n\t\t\t\t\t\t\t\t\n<div class=\"wp-block-getwid-post-carousel__post\">\n            <div class=\"wp-block-getwid-post-carousel__post-thumbnail\">\n            <a href=\"https:\/\/agora.xtec.cat\/iesvv\/general\/publicacio-oferta-inicial-eso-al-vinyes-velles\/\"><img loading=\"lazy\" decoding=\"async\" width=\"555\" height=\"432\" src=\"https:\/\/agora.xtec.cat\/iesvv\/wp-content\/uploads\/usu1112\/2025\/02\/preins-2526-construim-futur.jpg\" class=\"attachment-post-thumbnail size-post-thumbnail wp-post-image\" alt=\"preinscripci\u00f3 departament\" srcset=\"https:\/\/agora.xtec.cat\/iesvv\/wp-content\/uploads\/usu1112\/2025\/02\/preins-2526-construim-futur.jpg 555w, https:\/\/agora.xtec.cat\/iesvv\/wp-content\/uploads\/usu1112\/2025\/02\/preins-2526-construim-futur-300x234.jpg 300w\" sizes=\"auto, (max-width: 555px) 100vw, 555px\" \/><\/a>\n        <\/div>\n        <div class=\"wp-block-getwid-post-carousel__post-content-wrapper\">\n        <div class=\"wp-block-getwid-post-carousel__post-header\">\n            <h3 class=\"wp-block-getwid-post-carousel__post-title\"><a href=\"https:\/\/agora.xtec.cat\/iesvv\/general\/publicacio-oferta-inicial-eso-al-vinyes-velles\/\">Oferta inicial ESO al Vinyes Velles<\/a><\/h3>        <\/div>\n        <div class=\"wp-block-getwid-post-carousel__post-excerpt\"><p>Publicaci\u00f3 de la oferta inicial de places de l&#8217;ESO a l&#8217;institut Vinyes Velles.<\/p>\n<\/div>\n    <\/div>\n<\/div>\n\n\t\t\t\t\t\t\t<\/div>\n\t\t\t\t\t\t\t\t\t\t\t\t\t<div class=\"wp-block-getwid-post-carousel__slide\">\n\t\t\t\t\t\t\t\t\n<div class=\"wp-block-getwid-post-carousel__post\">\n            <div class=\"wp-block-getwid-post-carousel__post-thumbnail\">\n            <a href=\"https:\/\/agora.xtec.cat\/iesvv\/general\/jornades-de-portes-obertes-institut-vinyes-velles\/\"><img loading=\"lazy\" decoding=\"async\" width=\"561\" height=\"291\" src=\"https:\/\/agora.xtec.cat\/iesvv\/wp-content\/uploads\/usu1112\/2026\/02\/jpo.png\" class=\"attachment-post-thumbnail size-post-thumbnail wp-post-image\" alt=\"Jornada de Portes Obertes\" srcset=\"https:\/\/agora.xtec.cat\/iesvv\/wp-content\/uploads\/usu1112\/2026\/02\/jpo.png 561w, https:\/\/agora.xtec.cat\/iesvv\/wp-content\/uploads\/usu1112\/2026\/02\/jpo-300x156.png 300w\" sizes=\"auto, (max-width: 561px) 100vw, 561px\" \/><\/a>\n        <\/div>\n        <div class=\"wp-block-getwid-post-carousel__post-content-wrapper\">\n        <div class=\"wp-block-getwid-post-carousel__post-header\">\n            <h3 class=\"wp-block-getwid-post-carousel__post-title\"><a href=\"https:\/\/agora.xtec.cat\/iesvv\/general\/jornades-de-portes-obertes-institut-vinyes-velles\/\">Jornades de Portes Obertes Institut Vinyes Velles<\/a><\/h3>        <\/div>\n        <div class=\"wp-block-getwid-post-carousel__post-excerpt\"><p>Informaci\u00f3 sobre la Preinscripci\u00f3 2026<\/p>\n<\/div>\n    <\/div>\n<\/div>\n\n\t\t\t\t\t\t\t<\/div>\n\t\t\t\t\t\t            <\/div>\n        <\/div>\n        ","protected":false},"excerpt":{"rendered":"<p>Aquest proc\u00e9s nom\u00e9s \u00e9s per alumnat que s\u2019incorpora nou al centre tant a l\u2019ESO com a Batxillerat. L\u2019alumnat del centre [&hellip;]<\/p>\n","protected":false},"author":3,"featured_media":1764,"parent":81,"menu_order":1,"comment_status":"closed","ping_status":"close","template":"","meta":{"_bbp_topic_count":0,"_bbp_reply_count":0,"_bbp_total_topic_count":0,"_bbp_total_reply_count":0,"_bbp_voice_count":0,"_bbp_anonymous_reply_count":0,"_bbp_topic_count_hidden":0,"_bbp_reply_count_hidden":0,"_bbp_forum_subforum_count":0,"site-sidebar-layout":"default","site-content-layout":"","ast-site-content-layout":"default","site-content-style":"default","site-sidebar-style":"default","ast-global-header-display":"","ast-banner-title-visibility":"","ast-main-header-display":"","ast-hfb-above-header-display":"","ast-hfb-below-header-display":"","ast-hfb-mobile-header-display":"","site-post-title":"","ast-breadcrumbs-content":"","ast-featured-img":"disabled","footer-sml-layout":"","theme-transparent-header-meta":"","adv-header-id-meta":"","stick-header-meta":"","header-above-stick-meta":"","header-main-stick-meta":"","header-below-stick-meta":"","astra-migrate-meta-layouts":"set","ast-page-background-enabled":"default","ast-page-background-meta":{"desktop":{"background-color":"var(--ast-global-color-4)","background-image":"","background-repeat":"repeat","background-position":"center center","background-size":"auto","background-attachment":"scroll","background-type":"","background-media":"","overlay-type":"","overlay-color":"","overlay-opacity":"","overlay-gradient":""},"tablet":{"background-color":"","background-image":"","background-repeat":"repeat","background-position":"center center","background-size":"auto","background-attachment":"scroll","background-type":"","background-media":"","overlay-type":"","overlay-color":"","overlay-opacity":"","overlay-gradient":""},"mobile":{"background-color":"","background-image":"","background-repeat":"repeat","background-position":"center center","background-size":"auto","background-attachment":"scroll","background-type":"","background-media":"","overlay-type":"","overlay-color":"","overlay-opacity":"","overlay-gradient":""}},"ast-content-background-meta":{"desktop":{"background-color":"var(--ast-global-color-5)","background-image":"","background-repeat":"repeat","background-position":"center center","background-size":"auto","background-attachment":"scroll","background-type":"","background-media":"","overlay-type":"","overlay-color":"","overlay-opacity":"","overlay-gradient":""},"tablet":{"background-color":"var(--ast-global-color-5)","background-image":"","background-repeat":"repeat","background-position":"center center","background-size":"auto","background-attachment":"scroll","background-type":"","background-media":"","overlay-type":"","overlay-color":"","overlay-opacity":"","overlay-gradient":""},"mobile":{"background-color":"var(--ast-global-color-5)","background-image":"","background-repeat":"repeat","background-position":"center center","background-size":"auto","background-attachment":"scroll","background-type":"","background-media":"","overlay-type":"","overlay-color":"","overlay-opacity":"","overlay-gradient":""}},"footnotes":""},"class_list":["post-1782","page","type-page","status-publish","has-post-thumbnail","hentry"],"post_mailing_queue_ids":[],"_links":{"self":[{"href":"https:\/\/agora.xtec.cat\/iesvv\/wp-json\/wp\/v2\/pages\/1782","targetHints":{"allow":["GET"]}}],"collection":[{"href":"https:\/\/agora.xtec.cat\/iesvv\/wp-json\/wp\/v2\/pages"}],"about":[{"href":"https:\/\/agora.xtec.cat\/iesvv\/wp-json\/wp\/v2\/types\/page"}],"author":[{"embeddable":true,"href":"https:\/\/agora.xtec.cat\/iesvv\/wp-json\/wp\/v2\/users\/3"}],"replies":[{"embeddable":true,"href":"https:\/\/agora.xtec.cat\/iesvv\/wp-json\/wp\/v2\/comments?post=1782"}],"version-history":[{"count":6,"href":"https:\/\/agora.xtec.cat\/iesvv\/wp-json\/wp\/v2\/pages\/1782\/revisions"}],"predecessor-version":[{"id":2230,"href":"https:\/\/agora.xtec.cat\/iesvv\/wp-json\/wp\/v2\/pages\/1782\/revisions\/2230"}],"up":[{"embeddable":true,"href":"https:\/\/agora.xtec.cat\/iesvv\/wp-json\/wp\/v2\/pages\/81"}],"wp:featuredmedia":[{"embeddable":true,"href":"https:\/\/agora.xtec.cat\/iesvv\/wp-json\/wp\/v2\/media\/1764"}],"wp:attachment":[{"href":"https:\/\/agora.xtec.cat\/iesvv\/wp-json\/wp\/v2\/media?parent=1782"}],"curies":[{"name":"wp","href":"https:\/\/api.w.org\/{rel}","templated":true}]}}