{"id":1743,"date":"2025-03-13T12:14:30","date_gmt":"2025-03-13T11:14:30","guid":{"rendered":"https:\/\/agora.xtec.cat\/iesvv\/?page_id=1743"},"modified":"2025-04-04T12:53:22","modified_gmt":"2025-04-04T10:53:22","slug":"mes-informacio-preinscripcio-batxillerat","status":"publish","type":"page","link":"https:\/\/agora.xtec.cat\/iesvv\/secretaria\/preinscripcio-eso-i-batxillerat\/preinscripcio-i-matriculacio-1r-batxillerat-alumnat-nouvingut-btx-25-26\/mes-informacio-preinscripcio-batxillerat\/","title":{"rendered":"M\u00e9s informaci\u00f3 Preinscripci\u00f3 Batxillerat"},"content":{"rendered":"\n<h3 class=\"wp-block-heading\">Preinscripci\u00f3<\/h3>\n\n\n\n<p><strong>Qu\u00e8 necessito per realitzar la inscripci\u00f3?<\/strong><\/p>\n\n\n\n<ul class=\"wp-block-list\">\n<li><strong>Codi de centre: 08042093<\/strong>&nbsp;(Institut Vinyes Velles)<\/li>\n\n\n\n<li><strong>N\u00famero d\u2019Identificaci\u00f3 de l\u2019Alumne\/a (IDALU-RALC)<\/strong>. Aquest l\u2019he de demanar al centre actual on estigueu matriculats o a trav\u00e9s del seg\u00fcent&nbsp;<a href=\"https:\/\/educacio.gencat.cat\/ca\/tramits\/tramits-temes\/identificador-alumne\" target=\"_blank\" rel=\"noreferrer noopener\">enlla\u00e7<\/a>.<\/li>\n<\/ul>\n\n\n\n<p><strong>Qu\u00e8 he de tenir en compte?<\/strong><\/p>\n\n\n\n<ul class=\"wp-block-list\">\n<li>Tot es realitza telem\u00e0ticament, no es realitza cap tr\u00e0mit en paper. Tot i aix\u00f2 l\u2019institut habilitar\u00e0 un punt d\u2019ajuda i tramitaci\u00f3 per poder emplenar i enviar la sol\u00b7licitud de preinscripci\u00f3, sempre que l\u2019Institut Vinyes Velles sigui el centre de primera opci\u00f3. Per poder accedir a aquesta ajuda cal demanar cita pr\u00e8via a:&nbsp;<a href=\"mailto:secretaria@ieselsui.cat\" target=\"_blank\" rel=\"noreferrer noopener\">secretaria@vinyesvelles.cat&nbsp;<\/a>o trucant al tel\u00e8fon 935 68 60 79.<\/li>\n<\/ul>\n\n\n\n<p><strong>Com ho he de fer?<\/strong><a href=\"https:\/\/agora.xtec.cat\/#facebook\" target=\"_blank\" rel=\"noreferrer noopener\"><\/a><\/p>\n\n\n\n<ul class=\"wp-block-list\">\n<li>S\u2019ha d\u2019entrar al seg\u00fcent enlla\u00e7 i seguir els passos que s\u2019indiquen a la mateixa p\u00e0gina:&nbsp;<a href=\"https:\/\/educacio.gencat.cat\/ca\/tramits\/tramits-temes\/preinscripcio-batxillerat-00001?category=74447ed8-a82c-11e3-a972-000c29052e2c\" target=\"_blank\" rel=\"noreferrer noopener\">Formulari<\/a><\/li>\n\n\n\n<li>Surt una p\u00e0gina sobre protecci\u00f3 i cessi\u00f3 de dades : Es recomana (si no, no es creuen les dades i cal adjuntar els documents):\n<ul class=\"wp-block-list\">\n<li>No oposar-se a la consulta de dades (no marcar)<\/li>\n\n\n\n<li>Acceptar la consulta de la Targeta Sanit\u00e0ria (TIS) (marcar)<\/li>\n\n\n\n<li>Acceptar el Padr\u00f3 (marcar)<\/li>\n\n\n\n<li>Acceptar el grau de discapacitat (si es t\u00e9, es marca, ni no es t\u00e9, no cal)<\/li>\n\n\n\n<li>Protecci\u00f3 de dades (si no es marca no es pot continuar)<\/li>\n<\/ul>\n<\/li>\n\n\n\n<li>Dos tipus de sol\u00b7licitud:\n<ul class=\"wp-block-list\">\n<li><strong>Electr\u00f2nica:&nbsp;OPCI\u00d3 RECOMANADA<\/strong>. cal identificaci\u00f3 digital (certificat digital, DNI electr\u00f2nic,&nbsp;<a href=\"https:\/\/clave.gob.es\/clave_Home\/clave.html\" target=\"_blank\" rel=\"noreferrer noopener\">Cl@ve<\/a>,&nbsp;<a href=\"https:\/\/idcatmobil.cat\/\" target=\"_blank\" rel=\"noreferrer noopener\">idCat<\/a>, etc)\n<ul class=\"wp-block-list\">\n<li>Introduint el n\u00famero de RALC:<\/li>\n\n\n\n<li>Es recupera les dades de l\u2019alumne\/a<\/li>\n\n\n\n<li>No cal adjuntar documentaci\u00f3<\/li>\n\n\n\n<li>Validaci\u00f3 autom\u00e0tica<\/li>\n<\/ul>\n<\/li>\n\n\n\n<li><strong>Suport inform\u00e0tic:<\/strong>&nbsp;no cal identificaci\u00f3 digital\n<ul class=\"wp-block-list\">\n<li>No es recuperen les dades de l\u2019alumne\/a<\/li>\n\n\n\n<li>Cal adjuntar la documentaci\u00f3 d\u2019identificaci\u00f3, en cas contrari, la sol\u00b7licitud no es podr\u00e0 enviar<\/li>\n\n\n\n<li>S\u2019ha de tenir&nbsp;<strong>escanejat abans de comen\u00e7ar<\/strong>&nbsp;el seg\u00fcent (es recomana que aquests estiguin al mateix dispositiu o en el n\u00favol, dispositiu d\u2019emmagatzematge extra\u00efble (<em>pendrive<\/em>, disc dur extern, etc.), etc.):\n<ul class=\"wp-block-list\">\n<li>DNI o NIE dels pares\/mares o tutors\/es (nom\u00e9s si la sol\u00b7licitud es realitza en suport inform\u00e0tic i sempre per les dues bandes)<\/li>\n\n\n\n<li>DNI o NIE alumne\/a (dues bandes)<\/li>\n\n\n\n<li>Targeta sanit\u00e0ria alumne\/a (dues bandes)<\/li>\n\n\n\n<li>Llibre fam\u00edlia (p\u00e0gines 1 i 2 i la que figura l&#8217;alumne\/a)<\/li>\n\n\n\n<li>Si \u00e9s el cas, t\u00edtol de fam\u00edlia nombrosa\/monoparental, resoluci\u00f3 discapacitat, etc. (veure <a href=\"https:\/\/preinscripcio.gencat.cat\/ca\/estudis\/batxillerat\/informat\/prepara-documentacio\/\" data-type=\"link\" data-id=\"https:\/\/preinscripcio.gencat.cat\/ca\/estudis\/batxillerat\/informat\/prepara-documentacio\/\">do<\/a><a href=\"https:\/\/preinscripcio.gencat.cat\/ca\/estudis\/batxillerat\/informat\/prepara-documentacio\/\" data-type=\"link\" data-id=\"https:\/\/preinscripcio.gencat.cat\/ca\/estudis\/batxillerat\/informat\/prepara-documentacio\/\" target=\"_blank\" rel=\"noreferrer noopener\">cumentaci\u00f3<\/a> concreta per als criteris prioritaris)<\/li>\n<\/ul>\n<\/li>\n<\/ul>\n<\/li>\n<\/ul>\n<\/li>\n<\/ul>\n","protected":false},"excerpt":{"rendered":"<p>Preinscripci\u00f3 Qu\u00e8 necessito per realitzar la inscripci\u00f3? Qu\u00e8 he de tenir en compte? Com ho he de fer?<\/p>\n","protected":false},"author":1,"featured_media":1764,"parent":1739,"menu_order":0,"comment_status":"closed","ping_status":"close","template":"","meta":{"_bbp_topic_count":0,"_bbp_reply_count":0,"_bbp_total_topic_count":0,"_bbp_total_reply_count":0,"_bbp_voice_count":0,"_bbp_anonymous_reply_count":0,"_bbp_topic_count_hidden":0,"_bbp_reply_count_hidden":0,"_bbp_forum_subforum_count":0,"site-sidebar-layout":"default","site-content-layout":"","ast-site-content-layout":"default","site-content-style":"default","site-sidebar-style":"default","ast-global-header-display":"","ast-banner-title-visibility":"","ast-main-header-display":"","ast-hfb-above-header-display":"","ast-hfb-below-header-display":"","ast-hfb-mobile-header-display":"","site-post-title":"","ast-breadcrumbs-content":"","ast-featured-img":"disabled","footer-sml-layout":"","theme-transparent-header-meta":"","adv-header-id-meta":"","stick-header-meta":"","header-above-stick-meta":"","header-main-stick-meta":"","header-below-stick-meta":"","astra-migrate-meta-layouts":"set","ast-page-background-enabled":"default","ast-page-background-meta":{"desktop":{"background-color":"var(--ast-global-color-4)","background-image":"","background-repeat":"repeat","background-position":"center center","background-size":"auto","background-attachment":"scroll","background-type":"","background-media":"","overlay-type":"","overlay-color":"","overlay-opacity":"","overlay-gradient":""},"tablet":{"background-color":"","background-image":"","background-repeat":"repeat","background-position":"center center","background-size":"auto","background-attachment":"scroll","background-type":"","background-media":"","overlay-type":"","overlay-color":"","overlay-opacity":"","overlay-gradient":""},"mobile":{"background-color":"","background-image":"","background-repeat":"repeat","background-position":"center center","background-size":"auto","background-attachment":"scroll","background-type":"","background-media":"","overlay-type":"","overlay-color":"","overlay-opacity":"","overlay-gradient":""}},"ast-content-background-meta":{"desktop":{"background-color":"var(--ast-global-color-5)","background-image":"","background-repeat":"repeat","background-position":"center center","background-size":"auto","background-attachment":"scroll","background-type":"","background-media":"","overlay-type":"","overlay-color":"","overlay-opacity":"","overlay-gradient":""},"tablet":{"background-color":"var(--ast-global-color-5)","background-image":"","background-repeat":"repeat","background-position":"center center","background-size":"auto","background-attachment":"scroll","background-type":"","background-media":"","overlay-type":"","overlay-color":"","overlay-opacity":"","overlay-gradient":""},"mobile":{"background-color":"var(--ast-global-color-5)","background-image":"","background-repeat":"repeat","background-position":"center center","background-size":"auto","background-attachment":"scroll","background-type":"","background-media":"","overlay-type":"","overlay-color":"","overlay-opacity":"","overlay-gradient":""}},"footnotes":""},"class_list":["post-1743","page","type-page","status-publish","has-post-thumbnail","hentry"],"post_mailing_queue_ids":[],"_links":{"self":[{"href":"https:\/\/agora.xtec.cat\/iesvv\/wp-json\/wp\/v2\/pages\/1743","targetHints":{"allow":["GET"]}}],"collection":[{"href":"https:\/\/agora.xtec.cat\/iesvv\/wp-json\/wp\/v2\/pages"}],"about":[{"href":"https:\/\/agora.xtec.cat\/iesvv\/wp-json\/wp\/v2\/types\/page"}],"author":[{"embeddable":true,"href":"https:\/\/agora.xtec.cat\/iesvv\/wp-json\/wp\/v2\/users\/1"}],"replies":[{"embeddable":true,"href":"https:\/\/agora.xtec.cat\/iesvv\/wp-json\/wp\/v2\/comments?post=1743"}],"version-history":[{"count":6,"href":"https:\/\/agora.xtec.cat\/iesvv\/wp-json\/wp\/v2\/pages\/1743\/revisions"}],"predecessor-version":[{"id":1946,"href":"https:\/\/agora.xtec.cat\/iesvv\/wp-json\/wp\/v2\/pages\/1743\/revisions\/1946"}],"up":[{"embeddable":true,"href":"https:\/\/agora.xtec.cat\/iesvv\/wp-json\/wp\/v2\/pages\/1739"}],"wp:featuredmedia":[{"embeddable":true,"href":"https:\/\/agora.xtec.cat\/iesvv\/wp-json\/wp\/v2\/media\/1764"}],"wp:attachment":[{"href":"https:\/\/agora.xtec.cat\/iesvv\/wp-json\/wp\/v2\/media?parent=1743"}],"curies":[{"name":"wp","href":"https:\/\/api.w.org\/{rel}","templated":true}]}}