{"id":1711,"date":"2025-03-11T21:58:32","date_gmt":"2025-03-11T20:58:32","guid":{"rendered":"https:\/\/agora.xtec.cat\/iesvv\/?page_id=1711"},"modified":"2025-03-13T22:24:32","modified_gmt":"2025-03-13T21:24:32","slug":"mes-informacio-matricula-eso","status":"publish","type":"page","link":"https:\/\/agora.xtec.cat\/iesvv\/secretaria\/preinscripcio-eso-i-batxillerat\/preinscripcio-i-matriculacio-1r-eso-i-alumnat-nouvingut-eso-25-26\/mes-informacio-matricula-eso\/","title":{"rendered":"M\u00e9s informaci\u00f3 Matr\u00edcula ESO"},"content":{"rendered":"\n<h3 class=\"wp-block-heading\">Matriculaci\u00f3 ESO<\/h3>\n\n\n\n<p><strong>Qu\u00e8 necessito?<\/strong><\/p>\n\n\n\n<ul class=\"wp-block-list\">\n<li>Preparar la documentaci\u00f3 seg\u00fcent (escanejada o fotografiada) per adjuntar-la al formulari de matr\u00edcula:\n<ul class=\"wp-block-list\">\n<li>Fotografia mida carnet de l\u2019alumne\/a<\/li>\n\n\n\n<li>Targeta sanit\u00e0ria de l\u2019alumne\/a (cara principal)<\/li>\n\n\n\n<li>DNI alumne\/a (dues bandes) (o altre document d&#8217;identificaci\u00f3)<\/li>\n\n\n\n<li>DNI familiar 1 (mare, pare, tutor\/a legal) &nbsp;(dues bandes) (o altre document d&#8217;identificaci\u00f3)<\/li>\n\n\n\n<li>DNI familiar 2 (mare, pare, tutor\/a legal) &nbsp;(dues bandes) (o altre document d&#8217;identificaci\u00f3)<\/li>\n\n\n\n<li>Foto del Carnet de Vacunaci\u00f3 o Certificat de Vacunacions de l\u2019alumne\/a.<\/li>\n<\/ul>\n<\/li>\n<\/ul>\n\n\n\n<p><strong>Com ho he de fer?<\/strong><\/p>\n\n\n\n<ul class=\"wp-block-list\">\n<li>S\u2019ha d\u2019emplenar un \u00fanic formulari que s&#8217;enviar\u00e0 al mail informat en la preinscripci\u00f3 i caldr\u00e0 adjuntar-hi tota la documentaci\u00f3 abans esmentada.<\/li>\n<\/ul>\n\n\n\n<p><strong>Pagaments<\/strong><\/p>\n\n\n\n<ul class=\"wp-block-list\">\n<li>El pagament s&#8217;ha de fer mitjan\u00e7at l&#8217;App TPVescola.<\/li>\n<\/ul>\n","protected":false},"excerpt":{"rendered":"<p>Matriculaci\u00f3 ESO Qu\u00e8 necessito? Com ho he de fer? Pagaments<\/p>\n","protected":false},"author":1,"featured_media":0,"parent":1702,"menu_order":0,"comment_status":"closed","ping_status":"close","template":"","meta":{"_bbp_topic_count":0,"_bbp_reply_count":0,"_bbp_total_topic_count":0,"_bbp_total_reply_count":0,"_bbp_voice_count":0,"_bbp_anonymous_reply_count":0,"_bbp_topic_count_hidden":0,"_bbp_reply_count_hidden":0,"_bbp_forum_subforum_count":0,"site-sidebar-layout":"default","site-content-layout":"","ast-site-content-layout":"default","site-content-style":"default","site-sidebar-style":"default","ast-global-header-display":"","ast-banner-title-visibility":"","ast-main-header-display":"","ast-hfb-above-header-display":"","ast-hfb-below-header-display":"","ast-hfb-mobile-header-display":"","site-post-title":"disabled","ast-breadcrumbs-content":"","ast-featured-img":"","footer-sml-layout":"","theme-transparent-header-meta":"","adv-header-id-meta":"","stick-header-meta":"","header-above-stick-meta":"","header-main-stick-meta":"","header-below-stick-meta":"","astra-migrate-meta-layouts":"set","ast-page-background-enabled":"default","ast-page-background-meta":{"desktop":{"background-color":"var(--ast-global-color-4)","background-image":"","background-repeat":"repeat","background-position":"center center","background-size":"auto","background-attachment":"scroll","background-type":"","background-media":"","overlay-type":"","overlay-color":"","overlay-opacity":"","overlay-gradient":""},"tablet":{"background-color":"","background-image":"","background-repeat":"repeat","background-position":"center center","background-size":"auto","background-attachment":"scroll","background-type":"","background-media":"","overlay-type":"","overlay-color":"","overlay-opacity":"","overlay-gradient":""},"mobile":{"background-color":"","background-image":"","background-repeat":"repeat","background-position":"center center","background-size":"auto","background-attachment":"scroll","background-type":"","background-media":"","overlay-type":"","overlay-color":"","overlay-opacity":"","overlay-gradient":""}},"ast-content-background-meta":{"desktop":{"background-color":"var(--ast-global-color-5)","background-image":"","background-repeat":"repeat","background-position":"center center","background-size":"auto","background-attachment":"scroll","background-type":"","background-media":"","overlay-type":"","overlay-color":"","overlay-opacity":"","overlay-gradient":""},"tablet":{"background-color":"var(--ast-global-color-5)","background-image":"","background-repeat":"repeat","background-position":"center center","background-size":"auto","background-attachment":"scroll","background-type":"","background-media":"","overlay-type":"","overlay-color":"","overlay-opacity":"","overlay-gradient":""},"mobile":{"background-color":"var(--ast-global-color-5)","background-image":"","background-repeat":"repeat","background-position":"center center","background-size":"auto","background-attachment":"scroll","background-type":"","background-media":"","overlay-type":"","overlay-color":"","overlay-opacity":"","overlay-gradient":""}},"footnotes":""},"class_list":["post-1711","page","type-page","status-publish","hentry"],"post_mailing_queue_ids":[],"_links":{"self":[{"href":"https:\/\/agora.xtec.cat\/iesvv\/wp-json\/wp\/v2\/pages\/1711","targetHints":{"allow":["GET"]}}],"collection":[{"href":"https:\/\/agora.xtec.cat\/iesvv\/wp-json\/wp\/v2\/pages"}],"about":[{"href":"https:\/\/agora.xtec.cat\/iesvv\/wp-json\/wp\/v2\/types\/page"}],"author":[{"embeddable":true,"href":"https:\/\/agora.xtec.cat\/iesvv\/wp-json\/wp\/v2\/users\/1"}],"replies":[{"embeddable":true,"href":"https:\/\/agora.xtec.cat\/iesvv\/wp-json\/wp\/v2\/comments?post=1711"}],"version-history":[{"count":6,"href":"https:\/\/agora.xtec.cat\/iesvv\/wp-json\/wp\/v2\/pages\/1711\/revisions"}],"predecessor-version":[{"id":1865,"href":"https:\/\/agora.xtec.cat\/iesvv\/wp-json\/wp\/v2\/pages\/1711\/revisions\/1865"}],"up":[{"embeddable":true,"href":"https:\/\/agora.xtec.cat\/iesvv\/wp-json\/wp\/v2\/pages\/1702"}],"wp:attachment":[{"href":"https:\/\/agora.xtec.cat\/iesvv\/wp-json\/wp\/v2\/media?parent=1711"}],"curies":[{"name":"wp","href":"https:\/\/api.w.org\/{rel}","templated":true}]}}