{"id":1704,"date":"2025-02-13T16:23:25","date_gmt":"2025-02-13T15:23:25","guid":{"rendered":"https:\/\/agora.xtec.cat\/iesvv\/?page_id=1704"},"modified":"2026-03-05T13:03:47","modified_gmt":"2026-03-05T12:03:47","slug":"mes-informacio-preinscripcio-eso","status":"publish","type":"page","link":"https:\/\/agora.xtec.cat\/iesvv\/secretaria\/preinscripcio-eso-i-batxillerat\/preinscripcio-i-matriculacio-1r-eso-i-alumnat-nouvingut-eso-25-26\/mes-informacio-preinscripcio-eso\/","title":{"rendered":"M\u00e9s informaci\u00f3 Preinscripci\u00f3 ESO"},"content":{"rendered":"\n<h3 class=\"wp-block-heading\">Preinscripci\u00f3<\/h3>\n\n\n\n<p><strong>Qu\u00e8 necessito per realitzar la inscripci\u00f3?<\/strong><\/p>\n\n\n\n<ul class=\"wp-block-list\">\n<li><strong>Codi de centre: 08042093<\/strong>&nbsp;(Institut Vinyes Velles)<\/li>\n<\/ul>\n\n\n\n<ul class=\"wp-block-list\">\n<li><strong>N\u00famero d\u2019Identificaci\u00f3 de l\u2019Alumne\/a (IDALU-RALC)<\/strong>. Aquest l\u2019he de demanar al centre actual on estigueu matriculats o a trav\u00e9s del seg\u00fcent&nbsp;<a href=\"https:\/\/educacio.gencat.cat\/ca\/tramits\/tramits-temes\/identificador-alumne\">enlla\u00e7<\/a>.<\/li>\n<\/ul>\n\n\n\n<p><strong>Qu\u00e8 he de tenir en compte?<\/strong><\/p>\n\n\n\n<ul class=\"wp-block-list\">\n<li>A Montorn\u00e8s <strong>no hi han zones d\u2019escolaritzaci\u00f3, \u00e9s a dir, \u00e9s zona \u00fanica.<\/strong>&nbsp;Per tant, totes les escoles de Montorn\u00e8s s\u00f3n centres adscrits als 2 instituts (Vinyes Velles i Marta Mata).<\/li>\n<\/ul>\n\n\n\n<ul class=\"wp-block-list\">\n<li>Tot es realitza telem\u00e0ticament, no es realitza cap tr\u00e0mit en paper. Tot i aix\u00f2 l\u2019institut habilitar\u00e0 un punt d\u2019ajuda i tramitaci\u00f3 per poder emplenar i enviar la sol\u00b7licitud de preinscripci\u00f3, sempre que l&#8217;Institut Vinyes Velles sigui el centre de primera opci\u00f3. Per poder accedir a aquesta ajuda cal demanar cita pr\u00e8via a:&nbsp;<a href=\"mailto:secretaria@ieselsui.cat\" target=\"_blank\" rel=\"noreferrer noopener\">secretaria@vinyesvelles.cat&nbsp;<\/a>o trucant al tel\u00e8fon 935 68 60 79.<\/li>\n<\/ul>\n\n\n\n<ul class=\"wp-block-list\">\n<li>Dos tipus de sol\u00b7licitud: (es recomana que permeteu que l&#8217;administraci\u00f3 faci les consultes interadministratives)\n<ul class=\"wp-block-list\">\n<li><strong>Amb certificat digital:<\/strong>&nbsp;cal identificaci\u00f3 digital (certificat digital, DNI electr\u00f2nic,&nbsp;<a href=\"https:\/\/clave.gob.es\/clave_Home\/clave.html\">Cl@ve<\/a>,&nbsp;<a href=\"https:\/\/idcatmobil.cat\/\">idCat<\/a>, etc)\n<ul class=\"wp-block-list\">\n<li>Introduint el n\u00famero de RALC:<\/li>\n\n\n\n<li>Es recupera les dades de l\u2019alumne\/a.<\/li>\n\n\n\n<li>No cal adjuntar documentaci\u00f3.<\/li>\n\n\n\n<li>Validaci\u00f3 autom\u00e0tica.<\/li>\n<\/ul>\n<\/li>\n\n\n\n<li><strong>Sense <strong>certificat digital<\/strong>:<\/strong>&nbsp;no cal identificaci\u00f3 digital\n<ul class=\"wp-block-list\">\n<li>No es recuperen les dades de l\u2019alumne\/a.<\/li>\n\n\n\n<li>Cal adjuntar la documentaci\u00f3 d\u2019identificaci\u00f3 (DNI, NIE o Passaport) de l&#8217;alumne\/a i del pare, mare o tutor legal, en cas contrari la sol\u00b7licitud no es podr\u00e0 enviar.<\/li>\n<\/ul>\n<\/li>\n<\/ul>\n<\/li>\n<\/ul>\n\n\n\n<ul class=\"wp-block-list\">\n<li><strong><em>En el cas de Sense certificat digital<\/em><\/strong>: S\u2019ha de tenir&nbsp;<strong>escanejat abans de comen\u00e7ar<\/strong>&nbsp;el seg\u00fcent (es recomana que aquests estiguin al mateix dispositiu o en el n\u00favol, dispositiu d\u2019emmagatzematge extra\u00efble (<em>pendrive<\/em>, disc dur extern, etc.):\n<ul class=\"wp-block-list\">\n<li>DNI o NIE dels pares\/mares o tutors\/es (nom\u00e9s si la sol\u00b7licitud es realitza <em>sense certificat digital<\/em> i sempre per les dues bandes)<\/li>\n\n\n\n<li>DNI o NIE alumne\/a (dues bandes)<\/li>\n\n\n\n<li>Targeta sanit\u00e0ria alumne\/a (dues bandes)<\/li>\n\n\n\n<li>Llibre fam\u00edlia (p\u00e0gines 1 i 2 i en la que figura l&#8217;alumne\/a)<\/li>\n\n\n\n<li>Si \u00e9s el cas, t\u00edtol de fam\u00edlia nombrosa\/monoparental, resoluci\u00f3 discapacitat, etc. (<a href=\"https:\/\/preinscripcio.gencat.cat\/ca\/estudis\/eso\/informat\/prepara-documentacio\/\">veure documentaci\u00f3 concreta per als criteris prioritaris<\/a>)<\/li>\n<\/ul>\n<\/li>\n<\/ul>\n\n\n\n<ul class=\"wp-block-list\">\n<li><strong>Com ho he de fer?<\/strong>\n<ul class=\"wp-block-list\">\n<li>S\u2019ha d\u2019entrar al seg\u00fcent enlla\u00e7 i seguir els passos que s\u2019indiquen a la mateixa p\u00e0gina:&nbsp;<a href=\"https:\/\/educacio.gencat.cat\/ca\/tramits\/tramits-temes\/20483-obligatoris?moda=3\">https:\/\/educacio.gencat.cat\/ca\/tramits\/tramits-temes\/20483-obligatoris?moda=3<\/a><\/li>\n<\/ul>\n<\/li>\n<\/ul>\n\n\n\n<p><\/p>\n","protected":false},"excerpt":{"rendered":"<p>Preinscripci\u00f3 Qu\u00e8 necessito per realitzar la inscripci\u00f3? Qu\u00e8 he de tenir en compte?<\/p>\n","protected":false},"author":1,"featured_media":0,"parent":1702,"menu_order":0,"comment_status":"closed","ping_status":"close","template":"","meta":{"_bbp_topic_count":0,"_bbp_reply_count":0,"_bbp_total_topic_count":0,"_bbp_total_reply_count":0,"_bbp_voice_count":0,"_bbp_anonymous_reply_count":0,"_bbp_topic_count_hidden":0,"_bbp_reply_count_hidden":0,"_bbp_forum_subforum_count":0,"site-sidebar-layout":"default","site-content-layout":"","ast-site-content-layout":"default","site-content-style":"default","site-sidebar-style":"default","ast-global-header-display":"","ast-banner-title-visibility":"","ast-main-header-display":"","ast-hfb-above-header-display":"","ast-hfb-below-header-display":"","ast-hfb-mobile-header-display":"","site-post-title":"","ast-breadcrumbs-content":"","ast-featured-img":"","footer-sml-layout":"","theme-transparent-header-meta":"","adv-header-id-meta":"","stick-header-meta":"","header-above-stick-meta":"","header-main-stick-meta":"","header-below-stick-meta":"","astra-migrate-meta-layouts":"set","ast-page-background-enabled":"default","ast-page-background-meta":{"desktop":{"background-color":"var(--ast-global-color-4)","background-image":"","background-repeat":"repeat","background-position":"center center","background-size":"auto","background-attachment":"scroll","background-type":"","background-media":"","overlay-type":"","overlay-color":"","overlay-opacity":"","overlay-gradient":""},"tablet":{"background-color":"","background-image":"","background-repeat":"repeat","background-position":"center center","background-size":"auto","background-attachment":"scroll","background-type":"","background-media":"","overlay-type":"","overlay-color":"","overlay-opacity":"","overlay-gradient":""},"mobile":{"background-color":"","background-image":"","background-repeat":"repeat","background-position":"center center","background-size":"auto","background-attachment":"scroll","background-type":"","background-media":"","overlay-type":"","overlay-color":"","overlay-opacity":"","overlay-gradient":""}},"ast-content-background-meta":{"desktop":{"background-color":"var(--ast-global-color-5)","background-image":"","background-repeat":"repeat","background-position":"center center","background-size":"auto","background-attachment":"scroll","background-type":"","background-media":"","overlay-type":"","overlay-color":"","overlay-opacity":"","overlay-gradient":""},"tablet":{"background-color":"var(--ast-global-color-5)","background-image":"","background-repeat":"repeat","background-position":"center center","background-size":"auto","background-attachment":"scroll","background-type":"","background-media":"","overlay-type":"","overlay-color":"","overlay-opacity":"","overlay-gradient":""},"mobile":{"background-color":"var(--ast-global-color-5)","background-image":"","background-repeat":"repeat","background-position":"center center","background-size":"auto","background-attachment":"scroll","background-type":"","background-media":"","overlay-type":"","overlay-color":"","overlay-opacity":"","overlay-gradient":""}},"footnotes":""},"class_list":["post-1704","page","type-page","status-publish","hentry"],"post_mailing_queue_ids":[],"_links":{"self":[{"href":"https:\/\/agora.xtec.cat\/iesvv\/wp-json\/wp\/v2\/pages\/1704","targetHints":{"allow":["GET"]}}],"collection":[{"href":"https:\/\/agora.xtec.cat\/iesvv\/wp-json\/wp\/v2\/pages"}],"about":[{"href":"https:\/\/agora.xtec.cat\/iesvv\/wp-json\/wp\/v2\/types\/page"}],"author":[{"embeddable":true,"href":"https:\/\/agora.xtec.cat\/iesvv\/wp-json\/wp\/v2\/users\/1"}],"replies":[{"embeddable":true,"href":"https:\/\/agora.xtec.cat\/iesvv\/wp-json\/wp\/v2\/comments?post=1704"}],"version-history":[{"count":6,"href":"https:\/\/agora.xtec.cat\/iesvv\/wp-json\/wp\/v2\/pages\/1704\/revisions"}],"predecessor-version":[{"id":2219,"href":"https:\/\/agora.xtec.cat\/iesvv\/wp-json\/wp\/v2\/pages\/1704\/revisions\/2219"}],"up":[{"embeddable":true,"href":"https:\/\/agora.xtec.cat\/iesvv\/wp-json\/wp\/v2\/pages\/1702"}],"wp:attachment":[{"href":"https:\/\/agora.xtec.cat\/iesvv\/wp-json\/wp\/v2\/media?parent=1704"}],"curies":[{"name":"wp","href":"https:\/\/api.w.org\/{rel}","templated":true}]}}