{"id":1702,"date":"2025-03-11T20:30:50","date_gmt":"2025-03-11T19:30:50","guid":{"rendered":"https:\/\/agora.xtec.cat\/iesvv\/?page_id=1702"},"modified":"2026-02-02T10:34:54","modified_gmt":"2026-02-02T09:34:54","slug":"preinscripcio-i-matriculacio-1r-eso-i-alumnat-nouvingut-eso-25-26","status":"publish","type":"page","link":"https:\/\/agora.xtec.cat\/iesvv\/secretaria\/preinscripcio-eso-i-batxillerat\/preinscripcio-i-matriculacio-1r-eso-i-alumnat-nouvingut-eso-25-26\/","title":{"rendered":"Preinscripci\u00f3 i matriculaci\u00f3 1r ESO i alumnat nouvingut ESO 25-26"},"content":{"rendered":"\n<h1 class=\"wp-block-heading\">Preinscripci\u00f3 i matriculaci\u00f3 1r ESO i alumnat nouvingut ESO 26-27<\/h1>\n\n\n\n<h2 class=\"wp-block-heading\">Av\u00eds important!<\/h2>\n\n\n\n<p>Es recomana realitzar tot el proc\u00e9s mitjan\u00e7ant un ordinador. La realitzaci\u00f3 del proc\u00e9s via m\u00f2bil pot suposar errades o la impossibilitat de realitzar alguns dels tr\u00e0mits.<\/p>\n\n\n\n<h3 class=\"wp-block-heading\">Preinscripci\u00f3<\/h3>\n\n\n\n<p>Consulteu el calendari a la <a href=\"https:\/\/preinscripcio.gencat.cat\/ca\/estudis\/eso\/inici\/\" target=\"_blank\" rel=\"noreferrer noopener\">web del Departament d&#8217;Educaci\u00f3<\/a><\/p>\n\n\n\n<p>Del 6 al 18 de mar\u00e7 de 2026 (a partir de les 9 hores): presentaci\u00f3 de sol\u00b7licituds<\/p>\n\n\n\n<figure class=\"wp-block-image alignleft size-full is-resized\"><a href=\"https:\/\/agora.xtec.cat\/iesvv\/wp-content\/uploads\/usu1112\/2025\/02\/calendari.png\"><img loading=\"lazy\" decoding=\"async\" width=\"512\" height=\"512\" src=\"https:\/\/agora.xtec.cat\/iesvv\/wp-content\/uploads\/usu1112\/2025\/02\/calendari.png\" alt=\"Icona calendari\" class=\"wp-image-1715\" style=\"width:auto;height:100px\" srcset=\"https:\/\/agora.xtec.cat\/iesvv\/wp-content\/uploads\/usu1112\/2025\/02\/calendari.png 512w, https:\/\/agora.xtec.cat\/iesvv\/wp-content\/uploads\/usu1112\/2025\/02\/calendari-300x300.png 300w, https:\/\/agora.xtec.cat\/iesvv\/wp-content\/uploads\/usu1112\/2025\/02\/calendari-150x150.png 150w\" sizes=\"auto, (max-width: 512px) 100vw, 512px\" \/><\/a><\/figure>\n\n\n\n<p>Qu\u00e8 necessito i qu\u00e8 he de fer durant el proc\u00e9s?<\/p>\n\n\n\n<p><a href=\"https:\/\/agora.xtec.cat\/iesvv\/?page_id=1704\" data-type=\"link\" data-id=\"https:\/\/agora.xtec.cat\/iesvv\/?page_id=1704\">M\u00e9s informaci\u00f3<\/a><\/p>\n\n\n\n<p><\/p>\n\n\n\n<h3 class=\"wp-block-heading\">Matr\u00edcula<\/h3>\n\n\n\n<p>Per determinar: matriculaci\u00f3<\/p>\n\n\n\n<figure class=\"wp-block-image alignleft size-full is-resized\"><a href=\"https:\/\/agora.xtec.cat\/iesvv\/wp-content\/uploads\/usu1112\/2025\/02\/llibreta.png\"><img loading=\"lazy\" decoding=\"async\" width=\"128\" height=\"128\" src=\"https:\/\/agora.xtec.cat\/iesvv\/wp-content\/uploads\/usu1112\/2025\/02\/llibreta.png\" alt=\"\" class=\"wp-image-1716\" style=\"width:auto;height:100px\"\/><\/a><\/figure>\n\n\n\n<p>Qu\u00e8 necessito i qu\u00e8 he de fer durant el proc\u00e9s?<\/p>\n\n\n\n<p><a href=\"https:\/\/agora.xtec.cat\/iesvv\/?page_id=1711\" data-type=\"link\" data-id=\"https:\/\/agora.xtec.cat\/iesvv\/?page_id=1711\">M\u00e9s informaci\u00f3<\/a><\/p>\n\n\n\n<p><\/p>\n\n\n\n<h3 class=\"wp-block-heading\">Pagaments<\/h3>\n\n\n\n<figure class=\"wp-block-image alignleft size-full is-resized\"><a href=\"https:\/\/agora.xtec.cat\/iesvv\/wp-content\/uploads\/usu1112\/2025\/02\/tpv.png\"><img loading=\"lazy\" decoding=\"async\" width=\"225\" height=\"225\" src=\"https:\/\/agora.xtec.cat\/iesvv\/wp-content\/uploads\/usu1112\/2025\/02\/tpv.png\" alt=\"\" class=\"wp-image-1708\" style=\"width:auto;height:100px\" srcset=\"https:\/\/agora.xtec.cat\/iesvv\/wp-content\/uploads\/usu1112\/2025\/02\/tpv.png 225w, https:\/\/agora.xtec.cat\/iesvv\/wp-content\/uploads\/usu1112\/2025\/02\/tpv-150x150.png 150w\" sizes=\"auto, (max-width: 225px) 100vw, 225px\" \/><\/a><\/figure>\n\n\n\n<p>Els pagaments es fan mitjan\u00e7at l&#8217;App TPVescola. Tota la informaci\u00f3 s&#8217;enviar\u00e0 al <em>mail <\/em>informat en la preinscripci\u00f3 <\/p>\n\n\n\n<p><a href=\"https:\/\/tpvescola.com\/Default2.aspx\" data-type=\"link\" data-id=\"https:\/\/tpvescola.com\/Default2.aspx\" target=\"_blank\" rel=\"noreferrer noopener\">enlla\u00e7 <\/a>a Tpv<\/p>\n\n\n\n<h3 class=\"wp-block-heading\">AFA<\/h3>\n\n\n\n<figure class=\"wp-block-image alignleft size-large is-resized\"><a href=\"https:\/\/agora.xtec.cat\/iesvv\/wp-content\/uploads\/usu1112\/2025\/02\/Logo-verd-e1739990322425.png\"><img loading=\"lazy\" decoding=\"async\" width=\"1019\" height=\"1024\" src=\"https:\/\/agora.xtec.cat\/iesvv\/wp-content\/uploads\/usu1112\/2025\/02\/Logo-verd-e1739990322425-1019x1024.png\" alt=\"\" class=\"wp-image-1722\" style=\"width:auto;height:100px\" srcset=\"https:\/\/agora.xtec.cat\/iesvv\/wp-content\/uploads\/usu1112\/2025\/02\/Logo-verd-e1739990322425-1019x1024.png 1019w, https:\/\/agora.xtec.cat\/iesvv\/wp-content\/uploads\/usu1112\/2025\/02\/Logo-verd-e1739990322425-298x300.png 298w, https:\/\/agora.xtec.cat\/iesvv\/wp-content\/uploads\/usu1112\/2025\/02\/Logo-verd-e1739990322425-150x150.png 150w, https:\/\/agora.xtec.cat\/iesvv\/wp-content\/uploads\/usu1112\/2025\/02\/Logo-verd-e1739990322425-768x772.png 768w, https:\/\/agora.xtec.cat\/iesvv\/wp-content\/uploads\/usu1112\/2025\/02\/Logo-verd-e1739990322425-1528x1536.png 1528w, https:\/\/agora.xtec.cat\/iesvv\/wp-content\/uploads\/usu1112\/2025\/02\/Logo-verd-e1739990322425-2037x2048.png 2037w\" sizes=\"auto, (max-width: 1019px) 100vw, 1019px\" \/><\/a><\/figure>\n\n\n\n<p>Informaci\u00f3 AFA<\/p>\n\n\n\n<p><a href=\"https:\/\/www.afainsvinyesvelles.com\/\" target=\"_blank\" rel=\"noreferrer noopener\">M\u00e9s informaci\u00f3<\/a><\/p>\n\n\n\n<p><\/p>\n\n\n\n<h3 class=\"wp-block-heading\">Llibres de text<\/h3>\n\n\n\n<figure class=\"wp-block-image alignleft size-large is-resized\"><img decoding=\"async\" src=\"https:\/\/cdn-icons-png.flaticon.com\/512\/2620\/2620452.png\" alt=\"\" style=\"width:auto;height:100px\"\/><\/figure>\n\n\n\n<p><a href=\"https:\/\/agora.xtec.cat\/iesvv\/secretaria\/compra-de-llibres\/\" data-type=\"link\" data-id=\"https:\/\/agora.xtec.cat\/iesvv\/secretaria\/compra-de-llibres\/\" target=\"_blank\" rel=\"noreferrer noopener\">Informaci\u00f3 llibres de text<\/a><\/p>\n\n\n\n<p><a href=\"https:\/\/escoles.dispe.cat\/institutvinyesvelles\" data-type=\"link\" data-id=\"https:\/\/escoles.dispe.cat\/institutvinyesvelles\" target=\"_blank\" rel=\"noreferrer noopener\">Enlla\u00e7 <\/a>a la web de compra de llibres<\/p>\n\n\n\n<h3 class=\"wp-block-heading\">Preguntes freq\u00fcents<\/h3>\n\n\n\n<figure class=\"wp-block-image alignleft is-resized\"><img decoding=\"async\" src=\"https:\/\/img.icons8.com\/stickers\/140\/000000\/faq.png\" alt=\"\" style=\"width:auto;height:100px\"\/><\/figure>\n\n\n\n<p>Q\u00fcestions habituals durant el proc\u00e9s de preinscripci\u00f3 i matriculaci\u00f3<\/p>\n\n\n\n<p><\/p>\n\n\n\n        <div class=\"wp-block-getwid-post-carousel custom-post-type-post has-slides-gap-small is-carousel has-arrows-inside has-dots-outside\">\n            <div data-slider-option=\"{&quot;sliderSlidesToShowDesktop&quot;:&quot;2&quot;,&quot;getwid_slidesToShowLaptop&quot;:&quot;1&quot;,&quot;getwid_slidesToShowTablet&quot;:&quot;1&quot;,&quot;getwid_slidesToShowMobile&quot;:&quot;1&quot;,&quot;getwid_autoplay_speed&quot;:6000,&quot;getwid_animation_speed&quot;:800,&quot;getwid_slidesToScroll&quot;:&quot;1&quot;,&quot;getwid_autoplay&quot;:false,&quot;getwid_pause_on_hover&quot;:false,&quot;getwid_infinite&quot;:true,&quot;getwid_center_mode&quot;:false,&quot;getwid_arrows&quot;:&quot;inside&quot;,&quot;getwid_dots&quot;:&quot;outside&quot;}\" class=\"wp-block-getwid-post-carousel__wrapper\">\n                \t\t\t\t\t\t\t<div class=\"wp-block-getwid-post-carousel__slide\">\n\t\t\t\t\t\t\t\t\n<div class=\"wp-block-getwid-post-carousel__post\">\n            <div class=\"wp-block-getwid-post-carousel__post-thumbnail\">\n            <a href=\"https:\/\/agora.xtec.cat\/iesvv\/general\/publicacio-barem-amb-resolucio-de-les-reclamacions-eso\/\"><img loading=\"lazy\" decoding=\"async\" width=\"555\" height=\"432\" src=\"https:\/\/agora.xtec.cat\/iesvv\/wp-content\/uploads\/usu1112\/2025\/02\/preins-2526-construim-futur.jpg\" class=\"attachment-post-thumbnail size-post-thumbnail wp-post-image\" alt=\"preinscripci\u00f3 departament\" srcset=\"https:\/\/agora.xtec.cat\/iesvv\/wp-content\/uploads\/usu1112\/2025\/02\/preins-2526-construim-futur.jpg 555w, https:\/\/agora.xtec.cat\/iesvv\/wp-content\/uploads\/usu1112\/2025\/02\/preins-2526-construim-futur-300x234.jpg 300w\" sizes=\"auto, (max-width: 555px) 100vw, 555px\" \/><\/a>\n        <\/div>\n        <div class=\"wp-block-getwid-post-carousel__post-content-wrapper\">\n        <div class=\"wp-block-getwid-post-carousel__post-header\">\n            <h3 class=\"wp-block-getwid-post-carousel__post-title\"><a href=\"https:\/\/agora.xtec.cat\/iesvv\/general\/publicacio-barem-amb-resolucio-de-les-reclamacions-eso\/\">Publicaci\u00f3 barem amb resoluci\u00f3 de les reclamacions ESO curs 2026-27<\/a><\/h3>        <\/div>\n        <div class=\"wp-block-getwid-post-carousel__post-excerpt\"><p>Publicaci\u00f3 barem amb resoluci\u00f3 de les reclamacions ESO<\/p>\n<\/div>\n    <\/div>\n<\/div>\n\n\t\t\t\t\t\t\t<\/div>\n\t\t\t\t\t\t\t\t\t\t\t\t\t<div class=\"wp-block-getwid-post-carousel__slide\">\n\t\t\t\t\t\t\t\t\n<div class=\"wp-block-getwid-post-carousel__post\">\n            <div class=\"wp-block-getwid-post-carousel__post-thumbnail\">\n            <a href=\"https:\/\/agora.xtec.cat\/iesvv\/general\/beques-per-a-ensenyaments-postobligatoris-no-universitaris\/\"><img loading=\"lazy\" decoding=\"async\" width=\"555\" height=\"431\" src=\"https:\/\/agora.xtec.cat\/iesvv\/wp-content\/uploads\/usu1112\/2025\/03\/20250324-beques-postobligatoris.png_191393041.png\" class=\"attachment-post-thumbnail size-post-thumbnail wp-post-image\" alt=\"\" srcset=\"https:\/\/agora.xtec.cat\/iesvv\/wp-content\/uploads\/usu1112\/2025\/03\/20250324-beques-postobligatoris.png_191393041.png 555w, https:\/\/agora.xtec.cat\/iesvv\/wp-content\/uploads\/usu1112\/2025\/03\/20250324-beques-postobligatoris.png_191393041-300x233.png 300w\" sizes=\"auto, (max-width: 555px) 100vw, 555px\" \/><\/a>\n        <\/div>\n        <div class=\"wp-block-getwid-post-carousel__post-content-wrapper\">\n        <div class=\"wp-block-getwid-post-carousel__post-header\">\n            <h3 class=\"wp-block-getwid-post-carousel__post-title\"><a href=\"https:\/\/agora.xtec.cat\/iesvv\/general\/beques-per-a-ensenyaments-postobligatoris-no-universitaris\/\">Beques per a ensenyaments postobligatoris no universitaris<\/a><\/h3>        <\/div>\n        <div class=\"wp-block-getwid-post-carousel__post-excerpt\"><p>Beques per a ensenyaments postobligatoris no universitaris.<\/p>\n<\/div>\n    <\/div>\n<\/div>\n\n\t\t\t\t\t\t\t<\/div>\n\t\t\t\t\t\t\t\t\t\t\t\t\t<div class=\"wp-block-getwid-post-carousel__slide\">\n\t\t\t\t\t\t\t\t\n<div class=\"wp-block-getwid-post-carousel__post\">\n            <div class=\"wp-block-getwid-post-carousel__post-thumbnail\">\n            <a href=\"https:\/\/agora.xtec.cat\/iesvv\/general\/publicacio-oferta-inicial-eso-al-vinyes-velles\/\"><img loading=\"lazy\" decoding=\"async\" width=\"555\" height=\"432\" src=\"https:\/\/agora.xtec.cat\/iesvv\/wp-content\/uploads\/usu1112\/2025\/02\/preins-2526-construim-futur.jpg\" class=\"attachment-post-thumbnail size-post-thumbnail wp-post-image\" alt=\"preinscripci\u00f3 departament\" srcset=\"https:\/\/agora.xtec.cat\/iesvv\/wp-content\/uploads\/usu1112\/2025\/02\/preins-2526-construim-futur.jpg 555w, https:\/\/agora.xtec.cat\/iesvv\/wp-content\/uploads\/usu1112\/2025\/02\/preins-2526-construim-futur-300x234.jpg 300w\" sizes=\"auto, (max-width: 555px) 100vw, 555px\" \/><\/a>\n        <\/div>\n        <div class=\"wp-block-getwid-post-carousel__post-content-wrapper\">\n        <div class=\"wp-block-getwid-post-carousel__post-header\">\n            <h3 class=\"wp-block-getwid-post-carousel__post-title\"><a href=\"https:\/\/agora.xtec.cat\/iesvv\/general\/publicacio-oferta-inicial-eso-al-vinyes-velles\/\">Oferta inicial ESO al Vinyes Velles<\/a><\/h3>        <\/div>\n        <div class=\"wp-block-getwid-post-carousel__post-excerpt\"><p>Publicaci\u00f3 de la oferta inicial de places de l&#8217;ESO a l&#8217;institut Vinyes Velles.<\/p>\n<\/div>\n    <\/div>\n<\/div>\n\n\t\t\t\t\t\t\t<\/div>\n\t\t\t\t\t\t\t\t\t\t\t\t\t<div class=\"wp-block-getwid-post-carousel__slide\">\n\t\t\t\t\t\t\t\t\n<div class=\"wp-block-getwid-post-carousel__post\">\n            <div class=\"wp-block-getwid-post-carousel__post-thumbnail\">\n            <a href=\"https:\/\/agora.xtec.cat\/iesvv\/general\/concurs-de-fotografia-matematica-2\/\"><img loading=\"lazy\" decoding=\"async\" width=\"310\" height=\"297\" src=\"https:\/\/agora.xtec.cat\/iesvv\/wp-content\/uploads\/usu1112\/2026\/03\/mates.png\" class=\"attachment-post-thumbnail size-post-thumbnail wp-post-image\" alt=\"Concurs de matem\u00e0tiques\" srcset=\"https:\/\/agora.xtec.cat\/iesvv\/wp-content\/uploads\/usu1112\/2026\/03\/mates.png 310w, https:\/\/agora.xtec.cat\/iesvv\/wp-content\/uploads\/usu1112\/2026\/03\/mates-300x287.png 300w\" sizes=\"auto, (max-width: 310px) 100vw, 310px\" \/><\/a>\n        <\/div>\n        <div class=\"wp-block-getwid-post-carousel__post-content-wrapper\">\n        <div class=\"wp-block-getwid-post-carousel__post-header\">\n            <h3 class=\"wp-block-getwid-post-carousel__post-title\"><a href=\"https:\/\/agora.xtec.cat\/iesvv\/general\/concurs-de-fotografia-matematica-2\/\">Concurs de Fotografia Matem\u00e0tica<\/a><\/h3>        <\/div>\n        <div class=\"wp-block-getwid-post-carousel__post-excerpt\"><p>Aqu\u00ed teniu la convocat\u00f2ria del concurs de fotografia matem\u00e0tica. Us animem a partiucipar.<\/p>\n<\/div>\n    <\/div>\n<\/div>\n\n\t\t\t\t\t\t\t<\/div>\n\t\t\t\t\t\t\t\t\t\t\t\t\t<div class=\"wp-block-getwid-post-carousel__slide\">\n\t\t\t\t\t\t\t\t\n<div class=\"wp-block-getwid-post-carousel__post\">\n            <div class=\"wp-block-getwid-post-carousel__post-thumbnail\">\n            <a href=\"https:\/\/agora.xtec.cat\/iesvv\/general\/classificats-per-a-la-2a-fase-de-la-copa-cangur-2026\/\"><img loading=\"lazy\" decoding=\"async\" width=\"1599\" height=\"1599\" src=\"https:\/\/agora.xtec.cat\/iesvv\/wp-content\/uploads\/usu1112\/2026\/02\/WhatsApp-Image-2026-02-19-at-12.18.26-1.jpeg\" class=\"attachment-post-thumbnail size-post-thumbnail wp-post-image\" alt=\"Premi Copa Cangur\" srcset=\"https:\/\/agora.xtec.cat\/iesvv\/wp-content\/uploads\/usu1112\/2026\/02\/WhatsApp-Image-2026-02-19-at-12.18.26-1.jpeg 1599w, https:\/\/agora.xtec.cat\/iesvv\/wp-content\/uploads\/usu1112\/2026\/02\/WhatsApp-Image-2026-02-19-at-12.18.26-1-300x300.jpeg 300w, https:\/\/agora.xtec.cat\/iesvv\/wp-content\/uploads\/usu1112\/2026\/02\/WhatsApp-Image-2026-02-19-at-12.18.26-1-1024x1024.jpeg 1024w, https:\/\/agora.xtec.cat\/iesvv\/wp-content\/uploads\/usu1112\/2026\/02\/WhatsApp-Image-2026-02-19-at-12.18.26-1-150x150.jpeg 150w, https:\/\/agora.xtec.cat\/iesvv\/wp-content\/uploads\/usu1112\/2026\/02\/WhatsApp-Image-2026-02-19-at-12.18.26-1-768x768.jpeg 768w, https:\/\/agora.xtec.cat\/iesvv\/wp-content\/uploads\/usu1112\/2026\/02\/WhatsApp-Image-2026-02-19-at-12.18.26-1-1536x1536.jpeg 1536w\" sizes=\"auto, (max-width: 1599px) 100vw, 1599px\" \/><\/a>\n        <\/div>\n        <div class=\"wp-block-getwid-post-carousel__post-content-wrapper\">\n        <div class=\"wp-block-getwid-post-carousel__post-header\">\n            <h3 class=\"wp-block-getwid-post-carousel__post-title\"><a href=\"https:\/\/agora.xtec.cat\/iesvv\/general\/classificats-per-a-la-2a-fase-de-la-copa-cangur-2026\/\">CLASSIFICATS PER A LA 2a FASE DE LA COPA CANGUR 2026<\/a><\/h3>        <\/div>\n        <div class=\"wp-block-getwid-post-carousel__post-excerpt\"><p>Participaci\u00f3 de l&#8217;alumnat del Vinyes Velles a la Copa Cangur.<\/p>\n<\/div>\n    <\/div>\n<\/div>\n\n\t\t\t\t\t\t\t<\/div>\n\t\t\t\t\t\t            <\/div>\n        <\/div>\n        ","protected":false},"excerpt":{"rendered":"<p>Preinscripci\u00f3 i matriculaci\u00f3 1r ESO i alumnat nouvingut ESO 26-27 Av\u00eds important! Es recomana realitzar tot el proc\u00e9s mitjan\u00e7ant un [&hellip;]<\/p>\n","protected":false},"author":1,"featured_media":1764,"parent":1782,"menu_order":0,"comment_status":"closed","ping_status":"close","template":"","meta":{"_bbp_topic_count":0,"_bbp_reply_count":0,"_bbp_total_topic_count":0,"_bbp_total_reply_count":0,"_bbp_voice_count":0,"_bbp_anonymous_reply_count":0,"_bbp_topic_count_hidden":0,"_bbp_reply_count_hidden":0,"_bbp_forum_subforum_count":0,"site-sidebar-layout":"default","site-content-layout":"","ast-site-content-layout":"default","site-content-style":"default","site-sidebar-style":"default","ast-global-header-display":"","ast-banner-title-visibility":"","ast-main-header-display":"","ast-hfb-above-header-display":"","ast-hfb-below-header-display":"","ast-hfb-mobile-header-display":"","site-post-title":"disabled","ast-breadcrumbs-content":"","ast-featured-img":"disabled","footer-sml-layout":"","theme-transparent-header-meta":"","adv-header-id-meta":"","stick-header-meta":"","header-above-stick-meta":"","header-main-stick-meta":"","header-below-stick-meta":"","astra-migrate-meta-layouts":"set","ast-page-background-enabled":"default","ast-page-background-meta":{"desktop":{"background-color":"var(--ast-global-color-4)","background-image":"","background-repeat":"repeat","background-position":"center center","background-size":"auto","background-attachment":"scroll","background-type":"","background-media":"","overlay-type":"","overlay-color":"","overlay-opacity":"","overlay-gradient":""},"tablet":{"background-color":"","background-image":"","background-repeat":"repeat","background-position":"center center","background-size":"auto","background-attachment":"scroll","background-type":"","background-media":"","overlay-type":"","overlay-color":"","overlay-opacity":"","overlay-gradient":""},"mobile":{"background-color":"","background-image":"","background-repeat":"repeat","background-position":"center center","background-size":"auto","background-attachment":"scroll","background-type":"","background-media":"","overlay-type":"","overlay-color":"","overlay-opacity":"","overlay-gradient":""}},"ast-content-background-meta":{"desktop":{"background-color":"var(--ast-global-color-5)","background-image":"","background-repeat":"repeat","background-position":"center center","background-size":"auto","background-attachment":"scroll","background-type":"","background-media":"","overlay-type":"","overlay-color":"","overlay-opacity":"","overlay-gradient":""},"tablet":{"background-color":"var(--ast-global-color-5)","background-image":"","background-repeat":"repeat","background-position":"center center","background-size":"auto","background-attachment":"scroll","background-type":"","background-media":"","overlay-type":"","overlay-color":"","overlay-opacity":"","overlay-gradient":""},"mobile":{"background-color":"var(--ast-global-color-5)","background-image":"","background-repeat":"repeat","background-position":"center center","background-size":"auto","background-attachment":"scroll","background-type":"","background-media":"","overlay-type":"","overlay-color":"","overlay-opacity":"","overlay-gradient":""}},"footnotes":""},"class_list":["post-1702","page","type-page","status-publish","has-post-thumbnail","hentry"],"post_mailing_queue_ids":[],"_links":{"self":[{"href":"https:\/\/agora.xtec.cat\/iesvv\/wp-json\/wp\/v2\/pages\/1702","targetHints":{"allow":["GET"]}}],"collection":[{"href":"https:\/\/agora.xtec.cat\/iesvv\/wp-json\/wp\/v2\/pages"}],"about":[{"href":"https:\/\/agora.xtec.cat\/iesvv\/wp-json\/wp\/v2\/types\/page"}],"author":[{"embeddable":true,"href":"https:\/\/agora.xtec.cat\/iesvv\/wp-json\/wp\/v2\/users\/1"}],"replies":[{"embeddable":true,"href":"https:\/\/agora.xtec.cat\/iesvv\/wp-json\/wp\/v2\/comments?post=1702"}],"version-history":[{"count":5,"href":"https:\/\/agora.xtec.cat\/iesvv\/wp-json\/wp\/v2\/pages\/1702\/revisions"}],"predecessor-version":[{"id":2135,"href":"https:\/\/agora.xtec.cat\/iesvv\/wp-json\/wp\/v2\/pages\/1702\/revisions\/2135"}],"up":[{"embeddable":true,"href":"https:\/\/agora.xtec.cat\/iesvv\/wp-json\/wp\/v2\/pages\/1782"}],"wp:featuredmedia":[{"embeddable":true,"href":"https:\/\/agora.xtec.cat\/iesvv\/wp-json\/wp\/v2\/media\/1764"}],"wp:attachment":[{"href":"https:\/\/agora.xtec.cat\/iesvv\/wp-json\/wp\/v2\/media?parent=1702"}],"curies":[{"name":"wp","href":"https:\/\/api.w.org\/{rel}","templated":true}]}}