{"id":1600,"date":"2025-02-04T20:53:46","date_gmt":"2025-02-04T19:53:46","guid":{"rendered":"https:\/\/agora.xtec.cat\/iesvv\/?page_id=1600"},"modified":"2026-04-15T21:00:59","modified_gmt":"2026-04-15T19:00:59","slug":"beques-i-ajuts","status":"publish","type":"page","link":"https:\/\/agora.xtec.cat\/iesvv\/secretaria\/beques-i-ajuts\/","title":{"rendered":"Beques i Ajuts"},"content":{"rendered":"\n<p>En aquesta p\u00e0gina trobareu els ajuts i beques convocades pels diferents organismes p\u00fablics:<\/p>\n\n\n\n<ul class=\"wp-block-list\">\n<li style=\"text-decoration:none\"><strong>Ajuts per a alumnes amb necessitat espec\u00edfica de suport educatiu<\/strong> <strong>(ESO)<\/strong>. <mark style=\"background-color:var(--ast-global-color-0)\" class=\"has-inline-color\">FORA DE TERMINI<\/mark>\n<ul class=\"wp-block-list\">\n<li><strong><a href=\"https:\/\/web.gencat.cat\/ca\/tramits\/tramits-temes\/Ajuts-per-a-alumnes-amb-necessitat-especifica-de-suport-educatiu?category=7449fd1c-a82c-11e3-a972-000c29052e2c\" data-type=\"link\" data-id=\"https:\/\/web.gencat.cat\/ca\/tramits\/tramits-temes\/Ajuts-per-a-alumnes-amb-necessitat-especifica-de-suport-educatiu?category=7449fd1c-a82c-11e3-a972-000c29052e2c\" target=\"_blank\" rel=\"noreferrer noopener\">Enlla\u00e7 a la informaci\u00f3<\/a> <\/strong>(Del 30\/04\/2025 a l&#8217;11\/09\/2025). <\/li>\n\n\n\n<li>Ajuts individualitzats convocats pel Ministeri d&#8217;Educaci\u00f3, Formaci\u00f3 Professional i Esports. Modalitats dels ajuts:\n<ul class=\"wp-block-list\">\n<li>Ajuts i subsidis per a alumnes amb necessitat espec\u00edfica de suport educatiu derivada de discapacitat o trastorn greu de conducta o trastorn de la comunicaci\u00f3 i el llenguatge o trastorn de l&#8217;espectre autista.<\/li>\n\n\n\n<li>Ajuts i subsidi per a programes complementaris a alumnes amb necessitat espec\u00edfica de suport educatiu associada a altes capacitats.<\/li>\n<\/ul>\n<\/li>\n\n\n\n<li>&nbsp;Emplena el formulari en l\u00ednia. Podr\u00e0s descarregar-te el justificant com a garantia que la teva sol\u00b7licitud ha estat presentada. La sol\u00b7licitud no s&#8217;ha de portar al centre educatiu perqu\u00e8 es consideri presentada.<\/li>\n<\/ul>\n<\/li>\n<\/ul>\n\n\n\n<ul class=\"wp-block-list\">\n<li><strong>Beques del Ministeri d\u2019educaci\u00f3<\/strong> &#8211; <strong>Estudis Postobligatoris<\/strong>\n<ul class=\"wp-block-list\">\n<li><strong><a href=\"https:\/\/educacio.gencat.cat\/ca\/serveis-tramits\/beques\/beques-postobligatoris\/\" data-type=\"link\" data-id=\"https:\/\/educacio.gencat.cat\/ca\/serveis-tramits\/beques\/beques-postobligatoris\/\" target=\"_blank\" rel=\"noreferrer noopener\">Beques per a ensenyaments postobligatoris no universitaris<\/a> &#8211;<\/strong> (El termini per sol\u00b7licitar les beques \u00e9s del 7 d&#8217;abril a les 8 hores fins al 18 de maig de 2026 a les 15 hores)<\/li>\n\n\n\n<li> <span style=\"font-size: revert; color: var(--ast-global-color-3); background-color: var(--ast-global-color-5); font-weight: inherit;\">Has de sol\u00b7licitar la beca dins d&#8217;aquest termini, encara que no s\u00e0pigues qu\u00e8 estudiar\u00e0s o, fins i tot, encara que no s\u00e0pigues si estudiar\u00e0s o no. Posa els estudis que consideris m\u00e9s probables i cap al setembre podr\u00e0s modificar-los si cal.<\/span><\/li>\n\n\n\n<li><p><a style=\"font-size: 1rem; font-weight: inherit;\" href=\"https:\/\/educacio.gencat.cat\/ca\/tramits\/tramits-temes\/beques-ministeri-postobligatoris?moda=1\" data-type=\"link\" data-id=\"https:\/\/educacio.gencat.cat\/ca\/tramits\/tramits-temes\/beques-ministeri-postobligatoris?moda=1\" target=\"_blank\" rel=\"noreferrer noopener\"><strong>Enlla\u00e7 al tr\u00e0mit<\/strong><\/a><\/p><\/li>\n<\/ul>\n<\/li>\n<\/ul>\n\n\n\n<ul class=\"wp-block-list\">\n<li><strong>Ministeri d\u2019educaci\u00f3<\/strong> &#8211; <strong>Estudis Universitaris<\/strong>\n<ul class=\"wp-block-list\">\n<li><strong><a href=\"https:\/\/agaur.gencat.cat\/ca\/beques-i-ajuts\/beca-general-generalitat\/index.html\" data-type=\"link\" data-id=\"https:\/\/agaur.gencat.cat\/ca\/beques-i-ajuts\/pagines-especials\/beques-i-ajuts-per-estudis-universitaris1\/beca-general-ministeri\/index.html\" target=\"_blank\" rel=\"noreferrer noopener\">Beca de car\u00e0cter general de la Generalitat curs 2026-2027<\/a> &#8211;<\/strong> (Del 7 d&#8217;abril a les 8:00h fins al 18 de maig de 2026 a les 15:00h, ambd\u00f3s inclosos (hores peninsulars).<\/li>\n\n\n\n<li><p> <span style=\"font-size: revert; color: var(--ast-global-color-3); background-color: var(--ast-global-color-5); font-weight: inherit;\">Sol\u00b7licita-la dins del termini, encara que no s\u00e0pigues el que estudiar\u00e0s, o fins i tot encara que no s\u00e0pigues si estudiar\u00e0s o no.&nbsp;Posa els estudis que consideris m\u00e9s probables i cap al setembre podr\u00e0s modificar-los, si cal.<\/span><\/p><\/li>\n<\/ul>\n<\/li>\n<\/ul>\n\n\n\n<p><\/p>\n","protected":false},"excerpt":{"rendered":"<p>En aquesta p\u00e0gina trobareu els ajuts i beques convocades pels diferents organismes p\u00fablics:<\/p>\n","protected":false},"author":1,"featured_media":0,"parent":81,"menu_order":3,"comment_status":"closed","ping_status":"closed","template":"","meta":{"_bbp_topic_count":0,"_bbp_reply_count":0,"_bbp_total_topic_count":0,"_bbp_total_reply_count":0,"_bbp_voice_count":0,"_bbp_anonymous_reply_count":0,"_bbp_topic_count_hidden":0,"_bbp_reply_count_hidden":0,"_bbp_forum_subforum_count":0,"site-sidebar-layout":"default","site-content-layout":"","ast-site-content-layout":"default","site-content-style":"default","site-sidebar-style":"default","ast-global-header-display":"","ast-banner-title-visibility":"","ast-main-header-display":"","ast-hfb-above-header-display":"","ast-hfb-below-header-display":"","ast-hfb-mobile-header-display":"","site-post-title":"","ast-breadcrumbs-content":"","ast-featured-img":"","footer-sml-layout":"","theme-transparent-header-meta":"default","adv-header-id-meta":"","stick-header-meta":"","header-above-stick-meta":"","header-main-stick-meta":"","header-below-stick-meta":"","astra-migrate-meta-layouts":"set","ast-page-background-enabled":"default","ast-page-background-meta":{"desktop":{"background-color":"var(--ast-global-color-4)","background-image":"","background-repeat":"repeat","background-position":"center center","background-size":"auto","background-attachment":"scroll","background-type":"","background-media":"","overlay-type":"","overlay-color":"","overlay-opacity":"","overlay-gradient":""},"tablet":{"background-color":"","background-image":"","background-repeat":"repeat","background-position":"center center","background-size":"auto","background-attachment":"scroll","background-type":"","background-media":"","overlay-type":"","overlay-color":"","overlay-opacity":"","overlay-gradient":""},"mobile":{"background-color":"","background-image":"","background-repeat":"repeat","background-position":"center center","background-size":"auto","background-attachment":"scroll","background-type":"","background-media":"","overlay-type":"","overlay-color":"","overlay-opacity":"","overlay-gradient":""}},"ast-content-background-meta":{"desktop":{"background-color":"var(--ast-global-color-5)","background-image":"","background-repeat":"repeat","background-position":"center center","background-size":"auto","background-attachment":"scroll","background-type":"","background-media":"","overlay-type":"","overlay-color":"","overlay-opacity":"","overlay-gradient":""},"tablet":{"background-color":"var(--ast-global-color-5)","background-image":"","background-repeat":"repeat","background-position":"center center","background-size":"auto","background-attachment":"scroll","background-type":"","background-media":"","overlay-type":"","overlay-color":"","overlay-opacity":"","overlay-gradient":""},"mobile":{"background-color":"var(--ast-global-color-5)","background-image":"","background-repeat":"repeat","background-position":"center center","background-size":"auto","background-attachment":"scroll","background-type":"","background-media":"","overlay-type":"","overlay-color":"","overlay-opacity":"","overlay-gradient":""}},"footnotes":""},"class_list":["post-1600","page","type-page","status-publish","hentry"],"post_mailing_queue_ids":[],"_links":{"self":[{"href":"https:\/\/agora.xtec.cat\/iesvv\/wp-json\/wp\/v2\/pages\/1600","targetHints":{"allow":["GET"]}}],"collection":[{"href":"https:\/\/agora.xtec.cat\/iesvv\/wp-json\/wp\/v2\/pages"}],"about":[{"href":"https:\/\/agora.xtec.cat\/iesvv\/wp-json\/wp\/v2\/types\/page"}],"author":[{"embeddable":true,"href":"https:\/\/agora.xtec.cat\/iesvv\/wp-json\/wp\/v2\/users\/1"}],"replies":[{"embeddable":true,"href":"https:\/\/agora.xtec.cat\/iesvv\/wp-json\/wp\/v2\/comments?post=1600"}],"version-history":[{"count":6,"href":"https:\/\/agora.xtec.cat\/iesvv\/wp-json\/wp\/v2\/pages\/1600\/revisions"}],"predecessor-version":[{"id":2253,"href":"https:\/\/agora.xtec.cat\/iesvv\/wp-json\/wp\/v2\/pages\/1600\/revisions\/2253"}],"up":[{"embeddable":true,"href":"https:\/\/agora.xtec.cat\/iesvv\/wp-json\/wp\/v2\/pages\/81"}],"wp:attachment":[{"href":"https:\/\/agora.xtec.cat\/iesvv\/wp-json\/wp\/v2\/media?parent=1600"}],"curies":[{"name":"wp","href":"https:\/\/api.w.org\/{rel}","templated":true}]}}