{"id":8937,"date":"2023-04-16T10:46:28","date_gmt":"2023-04-16T08:46:28","guid":{"rendered":"https:\/\/agora.xtec.cat\/iesvplantada\/?page_id=8937"},"modified":"2023-09-28T18:03:42","modified_gmt":"2023-09-28T16:03:42","slug":"app-de-comunicacio","status":"publish","type":"page","link":"https:\/\/agora.xtec.cat\/iesvplantada\/d-organitzacio-i-gestio\/estrategia-digital-de-centre\/app-de-comunicacio\/","title":{"rendered":"App de comunicaci\u00f3"},"content":{"rendered":"<p><a href=\"https:\/\/agora.xtec.cat\/iesvplantada\/portada\/aplicacio-ieduca\/\" target=\"_blank\" rel=\"noopener\"><img loading=\"lazy\" decoding=\"async\" class=\"alignnone wp-image-6516 size-medium\" src=\"https:\/\/agora.xtec.cat\/iesvplantada\/wp-content\/uploads\/usu537\/2020\/08\/ieduca-300x200.jpg\" alt=\"\" width=\"300\" height=\"200\" srcset=\"https:\/\/agora.xtec.cat\/iesvplantada\/wp-content\/uploads\/usu537\/2020\/08\/ieduca-300x200.jpg 300w, https:\/\/agora.xtec.cat\/iesvplantada\/wp-content\/uploads\/usu537\/2020\/08\/ieduca-768x512.jpg 768w, https:\/\/agora.xtec.cat\/iesvplantada\/wp-content\/uploads\/usu537\/2020\/08\/ieduca.jpg 840w\" sizes=\"auto, (max-width: 300px) 100vw, 300px\" \/><\/a><\/p>\n<h1>Qu\u00e8 \u00e9s iEduca?<\/h1>\n<p><b>iEduca<\/b>\u00a0\u00e9s la plataforma de gesti\u00f3 i comunicaci\u00f3 de l\u2019<b>Institut Vicen\u00e7 Plantada<\/b>\u00a0que permet a les\u00a0<b>fam\u00edlies:<\/b><\/p>\n<ul>\n<li aria-level=\"1\">Comunicar-se amb el tutor\/a.<\/li>\n<li aria-level=\"1\">Consultar o rebre via notificaci\u00f3 o correu electr\u00f2nic les anotacions de seguiment que els professors\/es facin sobre els seus fills i filles.<\/li>\n<li aria-level=\"1\">Veure l\u2019horari i l\u2019agenda dels vostres fills i filles.<\/li>\n<\/ul>\n<h1>Acc\u00e9s a la plataforma<\/h1>\n<ul>\n<li>L\u2019acc\u00e9s a la plataforma \u00e9s individual i tant el\/els pare\/s com la\/les mare\/s o tutor\/a\u00a0legal tenen un\u00a0<b>compte propi<\/b>.<\/li>\n<li>Per accedir a iEduca cal anar a<a href=\"https:\/\/insvplantada.ieduca.com\/\"> https:\/\/insvplantada.ieduca.com\/<\/a>\u00a0i introduir l\u2019usuari i la clau que proporciona l\u2019instiut a les fam\u00edlies.<\/li>\n<\/ul>\n<h1>Obtenir les claus d&#8217;acc\u00e9s<\/h1>\n<ul>\n<li>Les claus d\u2019acc\u00e9s a la plataforma s\u2019envien per correu electr\u00f2nic a les fam\u00edlies noves.<\/li>\n<li>Cada membre de la fam\u00edlia rep individualment\u00a0l\u2019<b>usuari\u00a0<\/b>i la<b>\u00a0clau d\u2019acc\u00e9s<\/b>\u00a0a la plataforma.<\/li>\n<li>Per poder rebre aquestes claus cal que l\u2019institut disposi dels correus electr\u00f2nics de cada membre de la fam\u00edlia.<\/li>\n<li>Si alg\u00fa no rep comunicacions del centre o no disposa de les claus d\u2019acc\u00e9s a iEduca \u00e9s perqu\u00e8 a l\u2019Institut no tenim el seu correu electr\u00f2nic. En aquest cas cal proporcionar-lo a secretaria.<\/li>\n<li>En el cas que algun membre de la fam\u00edlia vulgui rebre les comunicacions a un altre compte de correu ho ha de comunicar al tutor\/a o a la secretaria del centre.<\/li>\n<\/ul>\n<h1>Recuperar la contrasenya<\/h1>\n<p>Trobareu un manual explicatiu de com recuperar la contrasenya d&#8217;iEduca a l&#8217;enlla\u00e7: <a href=\"https:\/\/agora.xtec.cat\/iesvplantada\/portada\/aplicacio-ieduca\/\">https:\/\/agora.xtec.cat\/iesvplantada\/portada\/aplicacio-ieduca\/<\/a><\/p>\n<h1>Comunicacions que reben les fam\u00edlies<\/h1>\n<ul>\n<li aria-level=\"1\">Comunicacions del tutor\/a o de l\u2019equip docent.<\/li>\n<li aria-level=\"1\">Notificacions de centre relatives a sortides, esdeveniments i comunicacions diverses.<\/li>\n<li aria-level=\"1\">La 1a falta del dia abans del pati i la 1a falta despr\u00e9s del pati. Les abs\u00e8ncies no justificades es comuniquen aproximadament 30 minuts despr\u00e9s de l\u2019inici de la classe en qu\u00e8 falta l\u2019alumne\/a, sempre que el professorat l\u2019hagi pogut introduir durant la classe.<\/li>\n<li aria-level=\"1\">Di\u00e0riament a partir de les 17:00 h s\u2019envien les abs\u00e8ncies no informades i totes les anotacions de seguiment que ha fet el professorat al llarg de la jornada escolar.<\/li>\n<li aria-level=\"1\">Di\u00e0riament a partir de les 21:00 h s&#8217;envien les faltes de disciplina que s&#8217;han produ\u00eft al llarg de la jornada escolar.<\/li>\n<li aria-level=\"1\">Les faltes de disciplina greus es reben en el moment d&#8217;introduir-les a l&#8217;iEduca.<\/li>\n<li aria-level=\"1\">Setmanalment, els divendres a partir de les 18:00 h s&#8217;envia un resum de les faltes setmanals.<\/li>\n<\/ul>\n<h1>iEduca Tokapp: comunicaci\u00f3 i pagaments<\/h1>\n<ul>\n<li aria-level=\"1\">Per poder rebre totes les comunicacions i poder fer els pagaments de les sortides i activitats \u00e9s imprescindible que us instal\u00b7leu l\u2019aplicaci\u00f3\u00a0<b>iEduca Tokapp\u00a0<\/b>al vostre dispositiu m\u00f2bil.<\/li>\n<li aria-level=\"1\">L\u2019acc\u00e9s \u00e9s individual, de manera que pare\/s, mare\/s o tutor\/s legal\/s han de tenir iEduca Tokapp instal\u00b7lat al seu m\u00f2bil (cadasc\u00fa amb les seves claus).<\/li>\n<li aria-level=\"1\">Si no s\u2019instal\u00b7la l\u2019app, no es rebran totes les notificacions i comunicacions del centre i no es podran fer els pagaments.<\/li>\n<\/ul>\n<h1>Instal\u00b7laci\u00f3 i funcionament d&#8217;iEduca<\/h1>\n<p>En aquest enlla\u00e7 teniu informaci\u00f3 de com fer-ho: <a href=\"https:\/\/agora.xtec.cat\/iesvplantada\/portada\/aplicacio-ieduca\/\">https:\/\/agora.xtec.cat\/iesvplantada\/portada\/aplicacio-ieduca\/<\/a><\/p>\n<h1>Com justificar faltes d&#8217;assist\u00e8ncia<\/h1>\n<ul>\n<li aria-level=\"1\">Les faltes d&#8217;assist\u00e8ncia s&#8217;han de comunicar al tutor\/a a trav\u00e9s d&#8217;un missatge d&#8217;iEduca tal i com s&#8217;explica en el seg\u00fcent <a href=\"https:\/\/www.youtube.com\/watch?v=uXd3RJxJ8m8&amp;list=PLh6RbrqunrkUoTp8TdfsW3wEvQhprV8l-&amp;index=5\" target=\"_blank\" rel=\"noopener\">v\u00eddeo explicatiu: com justificar una falta d&#8217;assist\u00e8ncia<\/a>.<\/li>\n<li aria-level=\"1\">El tutor\/a s\u2019encarregar\u00e0 de justificar-les a iEduca. durant els seg\u00fcents dies (no sempre es pot fer en el moment de la seva comunicaci\u00f3).<\/li>\n<\/ul>\n<h1>Com comunicar-se amb el tutor\/a<\/h1>\n<p>Per comunicar-se amb el tutor\/a s\u2019ha de fer de la mateixa manera com es comuniquen les faltes d\u2019assist\u00e8ncia:<br \/>\n<a href=\"https:\/\/www.youtube.com\/watch?v=uXd3RJxJ8m8&amp;list=PLh6RbrqunrkUoTp8TdfsW3wEvQhprV8l-&amp;index=4\" target=\"_blank\" rel=\"noopener noreferrer\">V\u00eddeo explicatiu: com justificar una falta d\u2019assist\u00e8ncia.<\/a><\/p>\n<h1>Guia iEduca<\/h1>\n<p><a href=\"https:\/\/drive.google.com\/file\/d\/1aWTNgUJCq8BPttaPvtsKjvgKuauUg4Sj\/view?usp=sharing\" target=\"_blank\" rel=\"noopener noreferrer\">Guia iEduca per a les fam\u00edlies<\/a><\/p>\n","protected":false},"excerpt":{"rendered":"<p><a href=\"https:\/\/agora.xtec.cat\/iesvplantada\/portada\/aplicacio-ieduca\/\" target=\"_blank\" rel=\"noopener\"><\/a><br \/>\nQu\u00e8 \u00e9s iEduca?<br \/>\niEduca\u00a0\u00e9s la plataforma de gesti\u00f3 i comunicaci\u00f3 de l\u2019Institut Vicen\u00e7 Plantada\u00a0que permet a les\u00a0fam\u00edlies:<\/p>\n<ul>\n<li aria-level=\"1\">Comunicar-se amb el tutor\/a.<\/li>\n<li aria-level=\"1\">Consultar o rebre via notificaci\u00f3 o correu electr\u00f2nic les anotacions de seguiment que els professors\/es facin sobre els seus fills i filles.<\/li>\n<li&hellip;  <a href=\"https:\/\/agora.xtec.cat\/iesvplantada\/d-organitzacio-i-gestio\/estrategia-digital-de-centre\/app-de-comunicacio\/\" title=\"Read App de comunicaci\u00f3\">Llegeix m\u00e9s\u00bb<\/a><br \/>\n","protected":false},"author":7,"featured_media":0,"parent":8819,"menu_order":20,"comment_status":"closed","ping_status":"closed","template":"page-templates\/side-menu.php","meta":{"_bbp_topic_count":0,"_bbp_reply_count":0,"_bbp_total_topic_count":0,"_bbp_total_reply_count":0,"_bbp_voice_count":0,"_bbp_anonymous_reply_count":0,"_bbp_topic_count_hidden":0,"_bbp_reply_count_hidden":0,"_bbp_forum_subforum_count":0,"footnotes":""},"class_list":["post-8937","page","type-page","status-publish","hentry"],"post_mailing_queue_ids":[],"_links":{"self":[{"href":"https:\/\/agora.xtec.cat\/iesvplantada\/wp-json\/wp\/v2\/pages\/8937","targetHints":{"allow":["GET"]}}],"collection":[{"href":"https:\/\/agora.xtec.cat\/iesvplantada\/wp-json\/wp\/v2\/pages"}],"about":[{"href":"https:\/\/agora.xtec.cat\/iesvplantada\/wp-json\/wp\/v2\/types\/page"}],"author":[{"embeddable":true,"href":"https:\/\/agora.xtec.cat\/iesvplantada\/wp-json\/wp\/v2\/users\/7"}],"replies":[{"embeddable":true,"href":"https:\/\/agora.xtec.cat\/iesvplantada\/wp-json\/wp\/v2\/comments?post=8937"}],"version-history":[{"count":5,"href":"https:\/\/agora.xtec.cat\/iesvplantada\/wp-json\/wp\/v2\/pages\/8937\/revisions"}],"predecessor-version":[{"id":9385,"href":"https:\/\/agora.xtec.cat\/iesvplantada\/wp-json\/wp\/v2\/pages\/8937\/revisions\/9385"}],"up":[{"embeddable":true,"href":"https:\/\/agora.xtec.cat\/iesvplantada\/wp-json\/wp\/v2\/pages\/8819"}],"wp:attachment":[{"href":"https:\/\/agora.xtec.cat\/iesvplantada\/wp-json\/wp\/v2\/media?parent=8937"}],"curies":[{"name":"wp","href":"https:\/\/api.w.org\/{rel}","templated":true}]}}