{"id":8819,"date":"2023-03-08T11:58:03","date_gmt":"2023-03-08T10:58:03","guid":{"rendered":"https:\/\/agora.xtec.cat\/iesvplantada\/?page_id=8819"},"modified":"2023-06-18T11:57:46","modified_gmt":"2023-06-18T09:57:46","slug":"estrategia-digital-de-centre","status":"publish","type":"page","link":"https:\/\/agora.xtec.cat\/iesvplantada\/d-organitzacio-i-gestio\/estrategia-digital-de-centre\/","title":{"rendered":"Estrat\u00e8gia Digital de Centre (EDC)"},"content":{"rendered":"<h2 class=\"CjVfdc CJIdie\">Qu\u00e8 \u00e9s l&#8217;Estrat\u00e8gia Digital de Centre?<\/h2>\n<p><span class=\" aw5Odc\"><a class=\"XqQF9c\" href=\"https:\/\/www.google.com\/url?q=https%3A%2F%2Fprojectes.xtec.cat%2Fedc-suport%2F&amp;sa=D&amp;sntz=1&amp;usg=AOvVaw2ZkXqNHB_2SGsNs-vOe5k1\" target=\"_blank\" rel=\"noopener\"><strong>L\u2019Estrat\u00e8gia Digital de Centre<\/strong><\/a><\/span> (EDC) \u00e9s un document que recull totes les accions que es realitzen en un centre, i les que es realitzaran a mitj\u00e0 termini, per aconseguir la m\u00e0xima compet\u00e8ncia digital de l\u2019alumnat, del professorat i del centre educatiu. Ha de tenir com a referent el Pla d\u2019educaci\u00f3 digital de Catalunya (PEDC), on s\u2019indica la necessitat d\u2019assolir la fita d\u2019una societat digitalment competent, fent \u00e8mfasi en l\u2019equitat i tenint en compte l\u2019evoluci\u00f3 del context social i tecnol\u00f2gic.<\/p>\n<p style=\"text-align: center;\"><iframe loading=\"lazy\" title=\"YouTube video player\" src=\"https:\/\/www.youtube.com\/embed\/uS5UUZIYLPQ\" width=\"560\" height=\"315\" frameborder=\"0\" allowfullscreen=\"allowfullscreen\"><\/iframe><\/p>\n<p class=\"CDt4Ke zfr3Q\" dir=\"ltr\">En el PEC del centre es detallen les dades de contextualitzaci\u00f3 general del centre. Pel que fa als aspectes sobre tecnologia digital, cal tenir en compte que l&#8217;Institut ha fet una clara aposta per la digitalitzaci\u00f3 del centre. Aix\u00ed, tot l&#8217;alumnat i professorat disposa d&#8217;un usuari de centre (@insvplantada.cat) que els permet tenir al seu seu abast totes les eines i serveis de Google For Education com s\u00f3n: el correu electr\u00f2nic, el classroom, l&#8217;emmagatzematge al n\u00favol o poder fer videoconfer\u00e8ncies a trav\u00e9s del Meet.<\/p>\n<p class=\"CDt4Ke zfr3Q\" dir=\"ltr\">Gr\u00e0cies a aquest Pla Estrat\u00e8gic Digital impulsat des del propi Departament d&#8217;Educaci\u00f3 amb el suport econ\u00f2mic de la Uni\u00f3 Europea ha perm\u00e8s que tant els alumnes (ESO) disposen com l&#8217;equip docent disposi d\u2019un ordinador en pr\u00e9stec propietat de l&#8217;institut al que poden accedir sempre que la situaci\u00f3 d&#8217;ensenyament i aprenentatge ho requereix.<\/p>\n<h2 dir=\"ltr\">Fases de l&#8217;estrat\u00e8gia digital de centre<\/h2>\n<p dir=\"ltr\" style=\"text-align: center;\"><a href=\"https:\/\/agora.xtec.cat\/iesvplantada\/wp-content\/uploads\/usu537\/2023\/04\/Fases-EDC.png\"><img loading=\"lazy\" decoding=\"async\" class=\"alignnone size-full wp-image-8942\" src=\"https:\/\/agora.xtec.cat\/iesvplantada\/wp-content\/uploads\/usu537\/2023\/04\/Fases-EDC.png\" alt=\"\" width=\"658\" height=\"418\" srcset=\"https:\/\/agora.xtec.cat\/iesvplantada\/wp-content\/uploads\/usu537\/2023\/04\/Fases-EDC.png 658w, https:\/\/agora.xtec.cat\/iesvplantada\/wp-content\/uploads\/usu537\/2023\/04\/Fases-EDC-300x191.png 300w\" sizes=\"auto, (max-width: 658px) 100vw, 658px\" \/><\/a><\/p>\n<p dir=\"ltr\">A l&#8217;Institut Vicen\u00e7 Plantada, la Comissi\u00f3 d\u2019Estrat\u00e8gia Digital de Centre (CEDC), formada per el coordinador\/a TAC, el cap del departament Cient\u00edfic-tecnol\u00f2gic, el coordinador web, el coordiandor moodle, el cap d&#8217;estudis\u00a0 i la directora del centre, i estem treballant en la nostra EDC. Per tant, els nostres <strong>objectius de millora en els tres \u00e0mbits principals<\/strong>, per la durada del projecte de direcci\u00f3 actual el qual ser\u00e0 vigent fins el curs 2025-2026 s\u00f3n:<\/p>\n<table style=\"width: 100%; border-collapse: collapse; background-color: #f2ebeb;\">\n<tbody>\n<tr>\n<td style=\"width: 33.3333%;\"><a href=\"https:\/\/agora.xtec.cat\/iesvplantada\/d-organitzacio-i-gestio\/estrategia-digital-de-centre\/cultura-digital-de-centre\/\"><img loading=\"lazy\" decoding=\"async\" class=\"wp-image-8946 size-medium aligncenter\" src=\"https:\/\/agora.xtec.cat\/iesvplantada\/wp-content\/uploads\/usu537\/2023\/04\/cultura-300x300.jpg\" alt=\"\" width=\"300\" height=\"300\" srcset=\"https:\/\/agora.xtec.cat\/iesvplantada\/wp-content\/uploads\/usu537\/2023\/04\/cultura-300x300.jpg 300w, https:\/\/agora.xtec.cat\/iesvplantada\/wp-content\/uploads\/usu537\/2023\/04\/cultura-150x150.jpg 150w, https:\/\/agora.xtec.cat\/iesvplantada\/wp-content\/uploads\/usu537\/2023\/04\/cultura.jpg 489w\" sizes=\"auto, (max-width: 300px) 100vw, 300px\" \/><\/a><\/p>\n<h2 class=\"CjVfdc CJIdie\" style=\"text-align: center;\"><a href=\"https:\/\/agora.xtec.cat\/iesvplantada\/d-organitzacio-i-gestio\/estrategia-digital-de-centre\/cultura-digital-de-centre\/\">Cultura Digital de centre<\/a><\/h2>\n<\/td>\n<td style=\"width: 33.3333%;\"><a href=\"https:\/\/agora.xtec.cat\/iesvplantada\/d-organitzacio-i-gestio\/estrategia-digital-de-centre\/pla-estrategic-digital-de-centre\/\"><img loading=\"lazy\" decoding=\"async\" class=\"wp-image-8947 aligncenter\" src=\"https:\/\/agora.xtec.cat\/iesvplantada\/wp-content\/uploads\/usu537\/2023\/04\/images.jpg\" alt=\"\" width=\"334\" height=\"300\" \/><\/a><\/p>\n<h2 class=\"CjVfdc CJIdie\" style=\"text-align: center;\"><a href=\"https:\/\/agora.xtec.cat\/iesvplantada\/d-organitzacio-i-gestio\/estrategia-digital-de-centre\/pla-estrategic-digital-de-centre\/\">Pla Estrat\u00e8gic Digital<\/a><\/h2>\n<p>&nbsp;<\/td>\n<td style=\"width: 33.3333%;\"><a href=\"https:\/\/agora.xtec.cat\/iesvplantada\/d-organitzacio-i-gestio\/estrategia-digital-de-centre\/comissio-edc\/\"><img loading=\"lazy\" decoding=\"async\" class=\"wp-image-8948 aligncenter\" src=\"https:\/\/agora.xtec.cat\/iesvplantada\/wp-content\/uploads\/usu537\/2023\/04\/comissio.jpg\" alt=\"\" width=\"300\" height=\"300\" srcset=\"https:\/\/agora.xtec.cat\/iesvplantada\/wp-content\/uploads\/usu537\/2023\/04\/comissio.jpg 225w, https:\/\/agora.xtec.cat\/iesvplantada\/wp-content\/uploads\/usu537\/2023\/04\/comissio-150x150.jpg 150w\" sizes=\"auto, (max-width: 300px) 100vw, 300px\" \/><\/a><\/p>\n<h2 class=\"CjVfdc\" style=\"text-align: center;\"><a href=\"https:\/\/agora.xtec.cat\/iesvplantada\/d-organitzacio-i-gestio\/estrategia-digital-de-centre\/comissio-edc\/\">Comissi\u00f3 EDC<\/a><\/h2>\n<\/td>\n<\/tr>\n<\/tbody>\n<\/table>\n","protected":false},"excerpt":{"rendered":"<p>Qu\u00e8 \u00e9s l&#8217;Estrat\u00e8gia Digital de Centre?<br \/>\n<a class=\"XqQF9c\" href=\"https:\/\/www.google.com\/url?q=https%3A%2F%2Fprojectes.xtec.cat%2Fedc-suport%2F&amp;sa=D&amp;sntz=1&amp;usg=AOvVaw2ZkXqNHB_2SGsNs-vOe5k1\" target=\"_blank\" rel=\"noopener\">L\u2019Estrat\u00e8gia Digital de Centre<\/a> (EDC) \u00e9s un document que recull totes les accions que es realitzen en un centre, i les que es realitzaran a mitj\u00e0 termini, per aconseguir la m\u00e0xima compet\u00e8ncia digital de l\u2019alumnat, del&hellip;  <a href=\"https:\/\/agora.xtec.cat\/iesvplantada\/d-organitzacio-i-gestio\/estrategia-digital-de-centre\/\" title=\"Read Estrat\u00e8gia Digital de Centre (EDC)\">Llegeix m\u00e9s\u00bb<\/a><\/p>\n","protected":false},"author":7,"featured_media":0,"parent":3638,"menu_order":35,"comment_status":"closed","ping_status":"closed","template":"page-templates\/side-menu.php","meta":{"_bbp_topic_count":0,"_bbp_reply_count":0,"_bbp_total_topic_count":0,"_bbp_total_reply_count":0,"_bbp_voice_count":0,"_bbp_anonymous_reply_count":0,"_bbp_topic_count_hidden":0,"_bbp_reply_count_hidden":0,"_bbp_forum_subforum_count":0,"footnotes":""},"class_list":["post-8819","page","type-page","status-publish","hentry"],"post_mailing_queue_ids":[],"_links":{"self":[{"href":"https:\/\/agora.xtec.cat\/iesvplantada\/wp-json\/wp\/v2\/pages\/8819","targetHints":{"allow":["GET"]}}],"collection":[{"href":"https:\/\/agora.xtec.cat\/iesvplantada\/wp-json\/wp\/v2\/pages"}],"about":[{"href":"https:\/\/agora.xtec.cat\/iesvplantada\/wp-json\/wp\/v2\/types\/page"}],"author":[{"embeddable":true,"href":"https:\/\/agora.xtec.cat\/iesvplantada\/wp-json\/wp\/v2\/users\/7"}],"replies":[{"embeddable":true,"href":"https:\/\/agora.xtec.cat\/iesvplantada\/wp-json\/wp\/v2\/comments?post=8819"}],"version-history":[{"count":4,"href":"https:\/\/agora.xtec.cat\/iesvplantada\/wp-json\/wp\/v2\/pages\/8819\/revisions"}],"predecessor-version":[{"id":9230,"href":"https:\/\/agora.xtec.cat\/iesvplantada\/wp-json\/wp\/v2\/pages\/8819\/revisions\/9230"}],"up":[{"embeddable":true,"href":"https:\/\/agora.xtec.cat\/iesvplantada\/wp-json\/wp\/v2\/pages\/3638"}],"wp:attachment":[{"href":"https:\/\/agora.xtec.cat\/iesvplantada\/wp-json\/wp\/v2\/media?parent=8819"}],"curies":[{"name":"wp","href":"https:\/\/api.w.org\/{rel}","templated":true}]}}