{"id":8705,"date":"2023-02-22T20:30:30","date_gmt":"2023-02-22T19:30:30","guid":{"rendered":"https:\/\/agora.xtec.cat\/iesvplantada\/?page_id=8705"},"modified":"2023-02-22T20:56:15","modified_gmt":"2023-02-22T19:56:15","slug":"projecte-aulauac","status":"publish","type":"page","link":"https:\/\/agora.xtec.cat\/iesvplantada\/projecte-aulauac\/","title":{"rendered":"Projecte AulaUAC"},"content":{"rendered":"<table style=\"border-collapse: collapse; width: 100%; height: 257px;\">\n<tbody>\n<tr style=\"height: 257px;\">\n<td style=\"width: 20%; height: 257px;\">\u00a0<a href=\"https:\/\/agora.xtec.cat\/iesvplantada\/projecte-aulauac\/#comunica\"><img loading=\"lazy\" decoding=\"async\" class=\"alignnone size-full wp-image-8707\" src=\"https:\/\/agora.xtec.cat\/iesvplantada\/wp-content\/uploads\/usu537\/2023\/02\/UAC1.png\" alt=\"\" width=\"208\" height=\"227\" \/><\/a><\/td>\n<td style=\"width: 20%; height: 257px;\"><a href=\"https:\/\/agora.xtec.cat\/iesvplantada\/projecte-aulauac\/#naturaientorn\"><img loading=\"lazy\" decoding=\"async\" class=\"alignnone wp-image-8708 size-full\" src=\"https:\/\/agora.xtec.cat\/iesvplantada\/wp-content\/uploads\/usu537\/2023\/02\/UAC2.png\" alt=\"\" width=\"230\" height=\"237\" \/><\/a><\/td>\n<td style=\"width: 20%; height: 257px;\"><a href=\"https:\/\/agora.xtec.cat\/iesvplantada\/projecte-aulauac\/#coopera\"><img loading=\"lazy\" decoding=\"async\" class=\"alignnone size-large wp-image-8709\" src=\"https:\/\/agora.xtec.cat\/iesvplantada\/wp-content\/uploads\/usu537\/2023\/02\/UAC3.png\" alt=\"\" width=\"231\" height=\"223\" \/><\/a><\/td>\n<td style=\"width: 20%; height: 257px;\"><a href=\"https:\/\/agora.xtec.cat\/iesvplantada\/projecte-aulauac\/#reforma\"><img loading=\"lazy\" decoding=\"async\" class=\"alignnone size-full wp-image-8710\" src=\"https:\/\/agora.xtec.cat\/iesvplantada\/wp-content\/uploads\/usu537\/2023\/02\/UAC4.png\" alt=\"\" width=\"233\" height=\"233\" srcset=\"https:\/\/agora.xtec.cat\/iesvplantada\/wp-content\/uploads\/usu537\/2023\/02\/UAC4.png 233w, https:\/\/agora.xtec.cat\/iesvplantada\/wp-content\/uploads\/usu537\/2023\/02\/UAC4-150x150.png 150w\" sizes=\"auto, (max-width: 233px) 100vw, 233px\" \/><\/a><\/td>\n<td style=\"width: 20%; height: 257px;\"><a href=\"https:\/\/agora.xtec.cat\/iesvplantada\/projecte-aulauac\/#elaborem\"><img loading=\"lazy\" decoding=\"async\" class=\"alignnone size-full wp-image-8706\" src=\"https:\/\/agora.xtec.cat\/iesvplantada\/wp-content\/uploads\/usu537\/2023\/02\/UAC5.png\" alt=\"\" width=\"227\" height=\"230\" \/><\/a><\/td>\n<\/tr>\n<\/tbody>\n<\/table>\n<table style=\"border-collapse: collapse; width: 100%;\">\n<tbody>\n<tr>\n<td id=\"#comunica\" style=\"width: 14.0408%;\"><img loading=\"lazy\" decoding=\"async\" class=\"alignnone wp-image-8707 size-thumbnail\" src=\"https:\/\/agora.xtec.cat\/iesvplantada\/wp-content\/uploads\/usu537\/2023\/02\/UAC1-150x150.png\" alt=\"\" width=\"150\" height=\"150\" \/><\/td>\n<td style=\"width: 85.9592%;\"><\/td>\n<\/tr>\n<tr>\n<td style=\"width: 14.0408%; vertical-align: top;\"><img loading=\"lazy\" decoding=\"async\" class=\"alignnone wp-image-8708 size-thumbnail\" src=\"https:\/\/agora.xtec.cat\/iesvplantada\/wp-content\/uploads\/usu537\/2023\/02\/UAC2-150x150.png\" alt=\"\" width=\"150\" height=\"150\" \/><\/td>\n<td style=\"width: 85.9592%;\">\n<table style=\"border-collapse: collapse; width: 100%; height: 154px;\">\n<tbody>\n<tr style=\"height: 49px;\">\n<td style=\"width: 20.1467%; height: 49px;\"><strong id=\"#naturaientorn\">Nivell:<\/strong><\/td>\n<td style=\"width: 79.8533%; height: 49px;\">3r i 4t d&#8217;ESO<\/td>\n<\/tr>\n<tr style=\"height: 49px;\">\n<td style=\"width: 20.1467%; height: 49px;\"><strong>Mat\u00e8ries implicades:<\/strong><\/td>\n<td style=\"width: 79.8533%; height: 49px;\">Biologia, Tecnologia i Ci\u00e8ncies Socials<\/td>\n<\/tr>\n<tr style=\"height: 14px;\">\n<td style=\"width: 20.1467%; height: 14px;\"><strong>Breu descripci\u00f3 del projecte:<\/strong><\/td>\n<td style=\"width: 79.8533%; height: 14px;\"><span style=\"font-weight: 400;\">L\u2019objectiu principal del projecte \u00e9s fomentar el coneixement de l\u2019entorn natural i social m\u00e9s proper del nostre alumnat, per mica en mica anar eixamplant les mires cap a entorns m\u00e9s grans (pa\u00eds, continent, m\u00f3n)<\/span><\/p>\n<p><span style=\"font-weight: 400;\">Dins d\u2019aquest projecte \u00e9s on est\u00e0 englobat el projecte <\/span><b>\u201cHort del Plantada\u201d<\/b><span style=\"font-weight: 400;\">, amb el que des de fa uns anys intentem implicar i responsabilitzar al nostre alumnat amb el cultiu sostenible, l\u2019\u00fas racional de l\u2019aigua, el reciclatge i el consum ecol\u00f2gic i de proximitat.<\/span><\/td>\n<\/tr>\n<tr style=\"height: 14px;\">\n<td style=\"width: 20.1467%; height: 14px;\"><strong>Metodologia:<\/strong><\/td>\n<td style=\"width: 79.8533%; height: 14px;\"><span style=\"font-weight: 400;\">Activitats vivencials tant en el propi espai de l\u2019hort com en el laboratori.<\/span><\/p>\n<p><span style=\"font-weight: 400;\">Excursions de descoberta de l\u2019entorn natural i urb\u00e0 de la localitat.<\/span><\/p>\n<p><span style=\"font-weight: 400;\">Treball a l\u2019aula d\u2019an\u00e0lisi de dades estad\u00edstiques i de q\u00fcestions te\u00f2riques necess\u00e0ries per a la creaci\u00f3 del propi coneixement.<\/span><\/td>\n<\/tr>\n<tr style=\"height: 28px;\">\n<td style=\"width: 20.1467%; height: 28px;\"><strong>Altres:<\/strong><\/td>\n<td style=\"width: 79.8533%; height: 28px;\"><span style=\"font-weight: 400;\">Amb aquest projecte els alumnes acaben coneixent on viuen, tant a nivell socioecon\u00f2mic, com a nivell d\u2019espai natural. Descobreixen espais nous per ells i agafen consci\u00e8ncia del respecte que mereix l\u2019espai on ells viuen, per a extrapolar-lo a m\u00e9s gran escala.<\/span><\/td>\n<\/tr>\n<\/tbody>\n<\/table>\n<p style=\"text-align: center;\">\r\n\t<div class=\"slideshow_container slideshow_container_style-light\" style=\"height: 300px; \" data-slideshow-id=\"8711\" data-style-name=\"style-light\" data-style-version=\"2.3.1\" >\r\n\r\n\t\t\t\t\t<div class=\"slideshow_loading_icon\"><\/div>\r\n\t\t\r\n\t\t<div class=\"slideshow_content\" style=\"display: none;\">\r\n\r\n\t\t\t<div class=\"slideshow_view\">\r\n\t\t\t\t<div class=\"slideshow_slide slideshow_slide_image\">\r\n\t\t\t\t\t\t\t\t\t\t\t<img src=\"https:\/\/agora.xtec.cat\/iesvplantada\/wp-content\/uploads\/usu537\/2023\/02\/Imagen3-1.jpg\" alt=\"Imagen3\" width=\"567\" height=\"425\" \/>\r\n\t\t\t\t\t\t\t\t\t\t<div class=\"slideshow_description_box slideshow_transparent\">\r\n\t\t\t\t\t\t<div class=\"slideshow_title\">Imagen3<\/div>\t\t\t\t\t\t\t\t\t\t\t<\/div>\r\n\t\t\t\t<\/div>\r\n\r\n\t\t\t\t\t\t<div style=\"clear: both;\"><\/div><\/div><div class=\"slideshow_view\">\r\n\t\t\t\t<div class=\"slideshow_slide slideshow_slide_image\">\r\n\t\t\t\t\t\t\t\t\t\t\t<img src=\"https:\/\/agora.xtec.cat\/iesvplantada\/wp-content\/uploads\/usu537\/2023\/02\/Imagen2-1-rotated.jpg\" alt=\"Imagen2\" width=\"436\" height=\"327\" \/>\r\n\t\t\t\t\t\t\t\t\t\t<div class=\"slideshow_description_box slideshow_transparent\">\r\n\t\t\t\t\t\t<div class=\"slideshow_title\">Imagen2<\/div>\t\t\t\t\t\t\t\t\t\t\t<\/div>\r\n\t\t\t\t<\/div>\r\n\r\n\t\t\t\t\t\t<div style=\"clear: both;\"><\/div><\/div><div class=\"slideshow_view\">\r\n\t\t\t\t<div class=\"slideshow_slide slideshow_slide_image\">\r\n\t\t\t\t\t\t\t\t\t\t\t<img src=\"https:\/\/agora.xtec.cat\/iesvplantada\/wp-content\/uploads\/usu537\/2023\/02\/Imagen1-1-rotated.jpg\" alt=\"Imagen1\" width=\"448\" height=\"336\" \/>\r\n\t\t\t\t\t\t\t\t\t\t<div class=\"slideshow_description_box slideshow_transparent\">\r\n\t\t\t\t\t\t<div class=\"slideshow_title\">Imagen1<\/div>\t\t\t\t\t\t\t\t\t\t\t<\/div>\r\n\t\t\t\t<\/div>\r\n\r\n\t\t\t\t\t\t<div style=\"clear: both;\"><\/div><\/div><div class=\"slideshow_view\">\r\n\t\t\t\t<div class=\"slideshow_slide slideshow_slide_image\">\r\n\t\t\t\t\t\t\t\t\t\t\t<img src=\"https:\/\/agora.xtec.cat\/iesvplantada\/wp-content\/uploads\/usu537\/2023\/02\/Imagen4-1.jpg\" alt=\"Imagen4\" width=\"567\" height=\"425\" \/>\r\n\t\t\t\t\t\t\t\t\t\t<div class=\"slideshow_description_box slideshow_transparent\">\r\n\t\t\t\t\t\t<div class=\"slideshow_title\">Imagen4<\/div>\t\t\t\t\t\t\t\t\t\t\t<\/div>\r\n\t\t\t\t<\/div>\r\n\r\n\t\t\t\t\t\t<div style=\"clear: both;\"><\/div><\/div>\r\n\t\t<\/div>\r\n\r\n\t\t<div class=\"slideshow_controlPanel slideshow_transparent\" style=\"display: none;\"><ul><li class=\"slideshow_togglePlay\" data-play-text=\"Visualitza\" data-pause-text=\"Pausa\"><\/li><\/ul><\/div>\r\n\r\n\t\t<div class=\"slideshow_button slideshow_previous slideshow_transparent\" role=\"button\" data-previous-text=\"Anterior\" style=\"display: none;\"><\/div>\r\n\t\t<div class=\"slideshow_button slideshow_next slideshow_transparent\" role=\"button\" data-next-text=\"Seg\u00fcent\" style=\"display: none;\"><\/div>\r\n\r\n\t\t<div class=\"slideshow_pagination\" style=\"display: none;\" data-go-to-text=\"V\u00e9s a la diapositiva\"><div class=\"slideshow_pagination_center\"><\/div><\/div>\r\n\r\n\t\t<!-- WordPress Slideshow Version 2.3.1 -->\r\n\r\n\t\t\t<\/div>\r\n\r\n<\/p>\n<\/td>\n<\/tr>\n<tr>\n<td id=\"#coopera\" style=\"width: 14.0408%;\"><img loading=\"lazy\" decoding=\"async\" class=\"alignnone wp-image-8709 size-thumbnail\" src=\"https:\/\/agora.xtec.cat\/iesvplantada\/wp-content\/uploads\/usu537\/2023\/02\/UAC3-150x150.png\" alt=\"\" width=\"150\" height=\"150\" \/><\/td>\n<td style=\"width: 85.9592%;\"><\/td>\n<\/tr>\n<tr>\n<td id=\"#reforma\" style=\"width: 14.0408%;\"><img loading=\"lazy\" decoding=\"async\" class=\"alignnone wp-image-8710 size-thumbnail\" src=\"https:\/\/agora.xtec.cat\/iesvplantada\/wp-content\/uploads\/usu537\/2023\/02\/UAC4-150x150.png\" alt=\"\" width=\"150\" height=\"150\" srcset=\"https:\/\/agora.xtec.cat\/iesvplantada\/wp-content\/uploads\/usu537\/2023\/02\/UAC4-150x150.png 150w, https:\/\/agora.xtec.cat\/iesvplantada\/wp-content\/uploads\/usu537\/2023\/02\/UAC4.png 233w\" sizes=\"auto, (max-width: 150px) 100vw, 150px\" \/><\/td>\n<td style=\"width: 85.9592%;\"><\/td>\n<\/tr>\n<tr>\n<td id=\"#elabora\" style=\"width: 14.0408%;\"><img loading=\"lazy\" decoding=\"async\" class=\"alignnone wp-image-8706 size-thumbnail\" src=\"https:\/\/agora.xtec.cat\/iesvplantada\/wp-content\/uploads\/usu537\/2023\/02\/UAC5-150x150.png\" alt=\"\" width=\"150\" height=\"150\" \/><\/td>\n<td style=\"width: 85.9592%;\"><\/td>\n<\/tr>\n<\/tbody>\n<\/table>\n","protected":false},"excerpt":{"rendered":"<p>\u00a0<a href=\"https:\/\/agora.xtec.cat\/iesvplantada\/projecte-aulauac\/#comunica\"><\/a><br \/>\n<a href=\"https:\/\/agora.xtec.cat\/iesvplantada\/projecte-aulauac\/#naturaientorn\"><\/a><br \/>\n<a href=\"https:\/\/agora.xtec.cat\/iesvplantada\/projecte-aulauac\/#coopera\"><\/a><br \/>\n<a href=\"https:\/\/agora.xtec.cat\/iesvplantada\/projecte-aulauac\/#reforma\"><\/a><br \/>\n<a href=\"https:\/\/agora.xtec.cat\/iesvplantada\/projecte-aulauac\/#elaborem\"><\/a><\/p>\n<p>Nivell:<br \/>\n3r i 4t d&#8217;ESO<\/p>\n<p>Mat\u00e8ries implicades:<br \/>\nBiologia, Tecnologia i Ci\u00e8ncies Socials<\/p>\n<p>Breu descripci\u00f3 del projecte:<br \/>\nL\u2019objectiu principal del projecte \u00e9s fomentar el coneixement de l\u2019entorn natural i social m\u00e9s proper del nostre alumnat, per mica en mica anar eixamplant les mires cap a entorns&hellip;  <a href=\"https:\/\/agora.xtec.cat\/iesvplantada\/projecte-aulauac\/\" title=\"Read Projecte AulaUAC\">Llegeix m\u00e9s\u00bb<\/a><\/p>\n","protected":false},"author":7,"featured_media":0,"parent":0,"menu_order":0,"comment_status":"closed","ping_status":"closed","template":"","meta":{"_bbp_topic_count":0,"_bbp_reply_count":0,"_bbp_total_topic_count":0,"_bbp_total_reply_count":0,"_bbp_voice_count":0,"_bbp_anonymous_reply_count":0,"_bbp_topic_count_hidden":0,"_bbp_reply_count_hidden":0,"_bbp_forum_subforum_count":0,"footnotes":""},"class_list":["post-8705","page","type-page","status-publish","hentry"],"post_mailing_queue_ids":[],"_links":{"self":[{"href":"https:\/\/agora.xtec.cat\/iesvplantada\/wp-json\/wp\/v2\/pages\/8705","targetHints":{"allow":["GET"]}}],"collection":[{"href":"https:\/\/agora.xtec.cat\/iesvplantada\/wp-json\/wp\/v2\/pages"}],"about":[{"href":"https:\/\/agora.xtec.cat\/iesvplantada\/wp-json\/wp\/v2\/types\/page"}],"author":[{"embeddable":true,"href":"https:\/\/agora.xtec.cat\/iesvplantada\/wp-json\/wp\/v2\/users\/7"}],"replies":[{"embeddable":true,"href":"https:\/\/agora.xtec.cat\/iesvplantada\/wp-json\/wp\/v2\/comments?post=8705"}],"version-history":[{"count":4,"href":"https:\/\/agora.xtec.cat\/iesvplantada\/wp-json\/wp\/v2\/pages\/8705\/revisions"}],"predecessor-version":[{"id":8727,"href":"https:\/\/agora.xtec.cat\/iesvplantada\/wp-json\/wp\/v2\/pages\/8705\/revisions\/8727"}],"wp:attachment":[{"href":"https:\/\/agora.xtec.cat\/iesvplantada\/wp-json\/wp\/v2\/media?parent=8705"}],"curies":[{"name":"wp","href":"https:\/\/api.w.org\/{rel}","templated":true}]}}