{"id":7363,"date":"2021-09-08T07:20:15","date_gmt":"2021-09-08T05:20:15","guid":{"rendered":"https:\/\/agora.xtec.cat\/iesvplantada\/?page_id=7363"},"modified":"2023-02-25T17:31:20","modified_gmt":"2023-02-25T16:31:20","slug":"cicles-formatius-proces-extraordinari-dadmissio","status":"publish","type":"page","link":"https:\/\/agora.xtec.cat\/iesvplantada\/secretaria\/preinscripcio\/cicles-formatius-proces-extraordinari-dadmissio\/","title":{"rendered":"Cicles Formatius &#8211; Proc\u00e9s extraordinari d&#8217;admissi\u00f3"},"content":{"rendered":"<h2>Oferta de places<\/h2>\n<h4>Cicle formatiu de Grau Mitj\u00e0 de Guia en el Medi Natural i de Temps de Lleure:\u00a0 places<\/h4>\n<h4>Cicle formatiu de Grau Superior d&#8217;Ensenyament d&#8217;Activitats Fisicoesportives:\u00a0 places<\/h4>\n<p>&nbsp;<\/p>\n<h2 class=\"basic_title col-sm-12 pd-10\">Passos a seguir per participar al proc\u00e9s extraordinari d&#8217;admissi\u00f3<\/h2>\n<ul>\n<li>El per\u00edode per presentar sol\u00b7licituds en aquest proc\u00e9s extraordinari \u00e9s\u00a0del\u00a0<strong>25<\/strong>\u00a0<strong>al 27 de juliol de 2023<\/strong>. .<\/li>\n<\/ul>\n<p style=\"text-align: center;\"><a href=\"https:\/\/agora.xtec.cat\/iesvplantada\/wp-content\/uploads\/usu537\/2021\/09\/A991.pdf\"><img loading=\"lazy\" decoding=\"async\" class=\"alignnone wp-image-1831 size-full\" src=\"https:\/\/agora.xtec.cat\/iesvplantada\/wp-content\/uploads\/usu537\/2017\/07\/linedpaperpencil32.png\" alt=\"\" width=\"32\" height=\"32\" \/><\/a><\/p>\n<p>&nbsp;<\/p>\n<h2 class=\"basic_title col-sm-12 pd-10\">Documentaci\u00f3 que has de presentar<\/h2>\n<div class=\"col-xs-12 columna_esquerra\">\n<div class=\"cos_bloc basic_text_peq pd-15\">\n<p><strong>Documentaci\u00f3 identificativa<\/strong><\/p>\n<ul>\n<li>Original i una c\u00f2pia del DNI, NIE o passaport de l&#8217;alumne o alumna (si \u00e9s estranger comunitari, el document d&#8217;identitat del pa\u00eds d&#8217;origen).<\/li>\n<li>Si l&#8217;alumne\/a \u00e9s menor d&#8217;edat cal presentar tamb\u00e9:\n<ul>\n<li>L&#8217;original i una c\u00f2pia del llibre de fam\u00edlia o altres documents relatius a la filiaci\u00f3. Si est\u00e0 en situaci\u00f3 d&#8217;acolliment en fam\u00edlia o instituci\u00f3, la resoluci\u00f3 d&#8217;acolliment del Departament de Treball, Afers Socials i Fam\u00edlies.<\/li>\n<li>L&#8217;original i una c\u00f2pia del DNI de la persona sol\u00b7licitant (pare, mare, tutor\/a o guardador\/a de fet) o, si la persona sol\u00b7licitant \u00e9s estrangera, de la targeta de resid\u00e8ncia on consta el NIE o del passaport. Si es tracta d&#8217;estrangers comunitaris, el document d&#8217;identitat del pa\u00eds d&#8217;origen.<\/li>\n<\/ul>\n<\/li>\n<\/ul>\n<p><strong>Documentaci\u00f3 acreditativa de la qualificaci\u00f3 mitjana d&#8217;estudis i del criteri de prioritat<\/strong><\/p>\n<ul>\n<li>Una certificaci\u00f3 de la qualificaci\u00f3 mitjana dels estudis o del curs que permeten l&#8217;acc\u00e9s a aquests cicles o de la qualificaci\u00f3 de la prova d&#8217;acc\u00e9s.<\/li>\n<li>El resguard de la sol\u00b7licitud de preinscripci\u00f3 a cicles formatius de formaci\u00f3 professional de grau mitj\u00e0 o grau superior per al curs 2021-2022, si \u00e9s que vas participar-hi.<\/li>\n<\/ul>\n<h2>M\u00e9s informaci\u00f3 al <a href=\"https:\/\/preinscripcio.gencat.cat\/ca\/estudis\/fp-grau-mitja\/preinscriute\/proces-extraordinari-admissio\/\" target=\"_blank\" rel=\"noopener\">Departament d&#8217;Educaci\u00f3<\/a><\/h2>\n<\/div>\n<\/div>\n","protected":false},"excerpt":{"rendered":"<p>Oferta de places<br \/>\nCicle formatiu de Grau Mitj\u00e0 de Guia en el Medi Natural i de Temps de Lleure:\u00a0 places<br \/>\nCicle formatiu de Grau Superior d&#8217;Ensenyament d&#8217;Activitats Fisicoesportives:\u00a0 places<br \/>\n&nbsp;<br \/>\nPassos a seguir per participar al proc\u00e9s extraordinari d&#8217;admissi\u00f3<\/p>\n<ul>\n<li>El per\u00edode per presentar sol\u00b7licituds en aquest proc\u00e9s extraordinari \u00e9s\u00a0del\u00a025\u00a0al 27&hellip;  <a href=\"https:\/\/agora.xtec.cat\/iesvplantada\/secretaria\/preinscripcio\/cicles-formatius-proces-extraordinari-dadmissio\/\" title=\"Read Cicles Formatius &#8211; Proc\u00e9s extraordinari d&#8217;admissi\u00f3\">Llegeix m\u00e9s\u00bb<\/a><br \/>\n","protected":false},"author":7,"featured_media":0,"parent":1212,"menu_order":30,"comment_status":"closed","ping_status":"closed","template":"","meta":{"_bbp_topic_count":0,"_bbp_reply_count":0,"_bbp_total_topic_count":0,"_bbp_total_reply_count":0,"_bbp_voice_count":0,"_bbp_anonymous_reply_count":0,"_bbp_topic_count_hidden":0,"_bbp_reply_count_hidden":0,"_bbp_forum_subforum_count":0,"footnotes":""},"class_list":["post-7363","page","type-page","status-publish","hentry"],"post_mailing_queue_ids":[],"_links":{"self":[{"href":"https:\/\/agora.xtec.cat\/iesvplantada\/wp-json\/wp\/v2\/pages\/7363","targetHints":{"allow":["GET"]}}],"collection":[{"href":"https:\/\/agora.xtec.cat\/iesvplantada\/wp-json\/wp\/v2\/pages"}],"about":[{"href":"https:\/\/agora.xtec.cat\/iesvplantada\/wp-json\/wp\/v2\/types\/page"}],"author":[{"embeddable":true,"href":"https:\/\/agora.xtec.cat\/iesvplantada\/wp-json\/wp\/v2\/users\/7"}],"replies":[{"embeddable":true,"href":"https:\/\/agora.xtec.cat\/iesvplantada\/wp-json\/wp\/v2\/comments?post=7363"}],"version-history":[{"count":3,"href":"https:\/\/agora.xtec.cat\/iesvplantada\/wp-json\/wp\/v2\/pages\/7363\/revisions"}],"predecessor-version":[{"id":8743,"href":"https:\/\/agora.xtec.cat\/iesvplantada\/wp-json\/wp\/v2\/pages\/7363\/revisions\/8743"}],"up":[{"embeddable":true,"href":"https:\/\/agora.xtec.cat\/iesvplantada\/wp-json\/wp\/v2\/pages\/1212"}],"wp:attachment":[{"href":"https:\/\/agora.xtec.cat\/iesvplantada\/wp-json\/wp\/v2\/media?parent=7363"}],"curies":[{"name":"wp","href":"https:\/\/api.w.org\/{rel}","templated":true}]}}