{"id":6622,"date":"2020-09-23T17:46:06","date_gmt":"2020-09-23T15:46:06","guid":{"rendered":"http:\/\/agora.xtec.cat\/iesvplantada\/?page_id=6622"},"modified":"2024-09-16T11:58:51","modified_gmt":"2024-09-16T09:58:51","slug":"convalidacions-batxillerat","status":"publish","type":"page","link":"https:\/\/agora.xtec.cat\/iesvplantada\/secretaria\/convalidacions\/convalidacions-batxillerat\/","title":{"rendered":"Convalidacions Batxillerat"},"content":{"rendered":"<h1>Educaci\u00f3 F\u00edsica<\/h1>\n<p><strong>Els i les alumnes amb dedicaci\u00f3 significativa a l\u2019esport, avalada pel Consell Catal\u00e0 de l\u2019Esport<\/strong> i matriculats en centres que no pertanyen als centres educatius d\u2019especial atenci\u00f3 a la pr\u00e0ctica esportiva, poden sol\u00b7licitar al director o directora del centre educatiu, durant el primer trimestre del curs, que se\u2019ls apliqui\u00a0<strong>un PI que inclogui el reconeixement de la mat\u00e8ria d\u2019Educaci\u00f3 F\u00edsica i de les mat\u00e8ries espec\u00edfiques\u00a0<\/strong>tant de primer com de segon de batxillerat. En aquest PI, cal adjuntar-hi la documentaci\u00f3 seg\u00fcent:<\/p>\n<ul>\n<li>Sol\u00b7licitud signada per l\u2019alumne o alumna, o pel pare, la mare o el tutor o tutora legal de l\u2019alumne si \u00e9s menor d\u2019edat.<\/li>\n<li>Certificat del\u00a0<a href=\"http:\/\/sac.gencat.cat\/sacgencat\/AppJava\/organisme_fitxa.jsp?codi=2570\">Consell Catal\u00e0 de l\u2019Esport<\/a>. Els alumnes han d\u2019obtenir aquest certificat quan figurin en el programa de tecnificaci\u00f3 (ARC) de la federaci\u00f3 catalana corresponent.<\/li>\n<\/ul>\n<h4><a href=\"https:\/\/agora.xtec.cat\/iesvplantada\/wp-content\/uploads\/usu537\/2020\/09\/solicitud-EF-BAT-per-alt-esport.pdf\" target=\"_blank\" rel=\"noopener noreferrer\">Impr\u00e8s de sol\u00b7licitud<\/a><\/h4>\n<p>S&#8217;ha d&#8217;enviar l&#8217;impr\u00e8s de sol\u00b7licitud i el certificat del Consell Catal\u00e0 de l&#8217;Esport a la <strong>Secretaria del centre<\/strong> (<a href=\"mailto:secretaria@insvplantada.cat\">secretaria@insvplantada.cat<\/a>) indicant en l&#8217;assumpte del missatge &#8220;<strong>CONVALIDACI\u00d3 E. F\u00cdSICA BATXILLERAT<\/strong>&#8221; abans del dia <strong>4 d&#8217;octubre<\/strong>.<\/p>\n<h1>M\u00fasica<\/h1>\n<p>D\u2019acord amb la normativa actual del curs 2024-2025, el protocol i normativa per al reconeixement dels estudis de m\u00fasica \u00e9s:<\/p>\n<ul>\n<li>Tot alumnat que cursi la mat\u00e8ria de m\u00fasica al <strong>Conservatori<\/strong> o a una <strong>escola professional autoritzada pel Departament d\u2019Educaci\u00f3 de Catalunya<\/strong> pot demanar el reconeixement de la mat\u00e8ria si compleix els seg\u00fcents requisits:\n<ul>\n<li>Haver superat la prova d&#8217;acc\u00e9s als ensenyaments de grau professional de m\u00fasica en un conservatori o en un centre professional.<\/li>\n<li>Cursar estudis de m\u00fasica que inclouen, com a m\u00ednim: Llenguatge Musical o Harmonia, Instrument i Pr\u00e0ctica Instrumental en Grup.<\/li>\n<\/ul>\n<\/li>\n<\/ul>\n<table style=\"width: 512px;\">\n<tbody>\n<tr>\n<td style=\"width: 506.667px;\">\n<p style=\"text-align: left;\"><strong><u>Centre autoritzat a Mollet del Vall\u00e8s:<\/u><\/strong><\/p>\n<p style=\"text-align: left;\"><strong>Escola de M\u00fasica Municipal de Mollet del Vall\u00e8s (08055312)<\/strong><\/p>\n<\/td>\n<\/tr>\n<\/tbody>\n<\/table>\n<ul>\n<li><strong>QU\u00c8 ES POT CONVALIDAR O RECON\u00c8IXER?<\/strong><\/li>\n<\/ul>\n<table style=\"width: 863px;\">\n<tbody>\n<tr>\n<td style=\"width: 856.889px;\" colspan=\"3\">Quina c\u00e0rrega hor\u00e0ria <strong>setmanal<\/strong> t\u00e9 l\u2019alumne al centre extern?\u00a0 <strong>Cursa 4h o m\u00e9s .<\/strong><\/td>\n<\/tr>\n<tr>\n<td style=\"width: 192px;\" colspan=\"3\">Les mat\u00e8ries que es poden recon\u00e8ixer s\u00f3n:<\/p>\n<ul>\n<li>Mat\u00e8ries de la franja d&#8217;espec\u00edfiques (fins a un m\u00e0xim de 4 hores setmanals per curs)<\/li>\n<\/ul>\n<\/td>\n<\/tr>\n<\/tbody>\n<\/table>\n<p><strong>Documents que ha d\u2019omplir la fam\u00edlia:<\/strong><strong>\u00a0<\/strong><\/p>\n<ul>\n<li>\n<h5>La fam\u00edlia demana la convalidaci\u00f3: <a href=\"https:\/\/agora.xtec.cat\/iesvplantada\/wp-content\/uploads\/usu537\/2021\/09\/Sol.licitud-musica-BAT.pdf\" target=\"_blank\" rel=\"noopener\">Impr\u00e8s Sol\u00b7licitud <\/a>\u00a0(Si Conservatori)<\/h5>\n<ul>\n<li style=\"list-style-type: none;\">\n<ul>\n<li style=\"list-style-type: none;\">\n<ul>\n<li style=\"list-style-type: none;\">\n<ul>\n<li style=\"list-style-type: none;\">\n<ul>\n<li style=\"list-style-type: none;\">\n<ul>\n<li style=\"list-style-type: none;\">\n<ul>\n<li style=\"list-style-type: none;\">\n<ul>\n<li style=\"list-style-type: none;\">\n<ul>\n<li style=\"list-style-type: none;\">\n<ul>\n<li style=\"list-style-type: none;\">\n<ul>\n<li style=\"list-style-type: none;\">\n<ul>\n<li style=\"list-style-type: none;\">\n<ul>\n<li style=\"list-style-type: none;\">\n<ul>\n<li style=\"list-style-type: none;\">\n<ul>\n<li>\n<h5><a href=\"https:\/\/agora.xtec.cat\/iesvplantada\/wp-content\/uploads\/usu537\/2021\/09\/Sol.licitud-musica-BAT-en-escola-de-musica.pdf\" target=\"_blank\" rel=\"noopener\">Impr\u00e8s Sol\u00b7licitud<\/a> (Si Escola de M\u00fasica Autoritzada)<\/h5>\n<\/li>\n<\/ul>\n<\/li>\n<\/ul>\n<\/li>\n<\/ul>\n<\/li>\n<\/ul>\n<\/li>\n<\/ul>\n<\/li>\n<\/ul>\n<\/li>\n<\/ul>\n<\/li>\n<\/ul>\n<\/li>\n<\/ul>\n<\/li>\n<\/ul>\n<\/li>\n<\/ul>\n<\/li>\n<\/ul>\n<\/li>\n<\/ul>\n<\/li>\n<\/ul>\n<\/li>\n<\/ul>\n<\/li>\n<li>\n<h5>Certificat per part del centre de m\u00fasica: <a href=\"https:\/\/agora.xtec.cat\/iesvplantada\/wp-content\/uploads\/usu537\/2021\/09\/Certificat-expedit-escola-musica-Batxillerat.pdf\" target=\"_blank\" rel=\"noopener\">Impr\u00e8s Certificat<\/a><\/h5>\n<\/li>\n<\/ul>\n<p>Aquests dos documents s&#8217;han d&#8217;enviar a la <strong>secretaria del centre<\/strong> (<a href=\"mailto:secretaria@insvplantada.cat\">secretaria@insvplantada.cat<\/a>)<strong>\u00a0\u00a0<\/strong>indicant en l&#8217;assumpte del missatge<strong> &#8220;CONVALIDACI\u00d3 M\u00daSICA BATXILLERAT&#8221; abans del dia 4 d&#8217;octubre de 2024.<\/strong><\/p>\n","protected":false},"excerpt":{"rendered":"<p>Educaci\u00f3 F\u00edsica<br \/>\nEls i les alumnes amb dedicaci\u00f3 significativa a l\u2019esport, avalada pel Consell Catal\u00e0 de l\u2019Esport i matriculats en centres que no pertanyen als centres educatius d\u2019especial atenci\u00f3 a la pr\u00e0ctica esportiva, poden sol\u00b7licitar al director o directora del centre educatiu, durant el primer trimestre&hellip;  <a href=\"https:\/\/agora.xtec.cat\/iesvplantada\/secretaria\/convalidacions\/convalidacions-batxillerat\/\" title=\"Read Convalidacions Batxillerat\">Llegeix m\u00e9s\u00bb<\/a><\/p>\n","protected":false},"author":7,"featured_media":0,"parent":6599,"menu_order":10,"comment_status":"closed","ping_status":"closed","template":"page-templates\/side-menu.php","meta":{"_bbp_topic_count":0,"_bbp_reply_count":0,"_bbp_total_topic_count":0,"_bbp_total_reply_count":0,"_bbp_voice_count":0,"_bbp_anonymous_reply_count":0,"_bbp_topic_count_hidden":0,"_bbp_reply_count_hidden":0,"_bbp_forum_subforum_count":0,"footnotes":""},"class_list":["post-6622","page","type-page","status-publish","hentry"],"post_mailing_queue_ids":[],"_links":{"self":[{"href":"https:\/\/agora.xtec.cat\/iesvplantada\/wp-json\/wp\/v2\/pages\/6622","targetHints":{"allow":["GET"]}}],"collection":[{"href":"https:\/\/agora.xtec.cat\/iesvplantada\/wp-json\/wp\/v2\/pages"}],"about":[{"href":"https:\/\/agora.xtec.cat\/iesvplantada\/wp-json\/wp\/v2\/types\/page"}],"author":[{"embeddable":true,"href":"https:\/\/agora.xtec.cat\/iesvplantada\/wp-json\/wp\/v2\/users\/7"}],"replies":[{"embeddable":true,"href":"https:\/\/agora.xtec.cat\/iesvplantada\/wp-json\/wp\/v2\/comments?post=6622"}],"version-history":[{"count":4,"href":"https:\/\/agora.xtec.cat\/iesvplantada\/wp-json\/wp\/v2\/pages\/6622\/revisions"}],"predecessor-version":[{"id":10177,"href":"https:\/\/agora.xtec.cat\/iesvplantada\/wp-json\/wp\/v2\/pages\/6622\/revisions\/10177"}],"up":[{"embeddable":true,"href":"https:\/\/agora.xtec.cat\/iesvplantada\/wp-json\/wp\/v2\/pages\/6599"}],"wp:attachment":[{"href":"https:\/\/agora.xtec.cat\/iesvplantada\/wp-json\/wp\/v2\/media?parent=6622"}],"curies":[{"name":"wp","href":"https:\/\/api.w.org\/{rel}","templated":true}]}}