{"id":6603,"date":"2020-09-23T17:35:38","date_gmt":"2020-09-23T15:35:38","guid":{"rendered":"http:\/\/agora.xtec.cat\/iesvplantada\/?page_id=6603"},"modified":"2024-09-16T08:34:35","modified_gmt":"2024-09-16T06:34:35","slug":"convalidacions-eso","status":"publish","type":"page","link":"https:\/\/agora.xtec.cat\/iesvplantada\/secretaria\/convalidacions\/convalidacions-eso\/","title":{"rendered":"Convalidacions ESO"},"content":{"rendered":"<h1>Educaci\u00f3 F\u00edsica<\/h1>\n<p><strong>Els alumnes amb dedicaci\u00f3 significativa a l\u2019esport avalada pel Consell Catal\u00e0 de l\u2019Esport<\/strong>, matriculats en centres que no siguin centres educatius d\u2019especial atenci\u00f3 a la pr\u00e0ctica esportiva, poden sol\u00b7licitar al director o directora del centre educatiu, en el primer trimestre del curs, que els reconeguin la mat\u00e8ria Educaci\u00f3 F\u00edsica.<\/p>\n<p>Per sol\u00b7licitar-ho, cal adjuntar a la sol\u00b7licitud, que ha d\u2019estar signada pel pare, mare o tutors legals de l\u2019alumne o alumna, el\u00a0<strong>certificat del Consell Catal\u00e0 de l\u2019Esport.\u00a0<\/strong><\/p>\n<p><strong>Els alumnes poden obtenir aquest certificat quan siguin esportistes que figuren en el programa de tecnificaci\u00f3 (ARC) de la federaci\u00f3 catalana corresponent. El reconeixement de la mat\u00e8ria Educaci\u00f3 F\u00edsica implica que no t\u00e9 qualificaci\u00f3 ni computa<\/strong>\u00a0a l\u2019efecte del c\u00e0lcul de la mitjana, i a les actes cal indicar \u201cConvalidat\u201d.<\/p>\n<h4><a href=\"https:\/\/agora.xtec.cat\/iesvplantada\/wp-content\/uploads\/usu537\/2020\/09\/solicitud-EF-ESO-per-alt-esport.pdf\" target=\"_blank\" rel=\"noopener noreferrer\">Impr\u00e8s de sol\u00b7licitud<\/a><\/h4>\n<p>S&#8217;ha d&#8217;enviar l&#8217;impr\u00e8s de sol\u00b7licitud i el certificat del Consell Catal\u00e0 de l&#8217;Esport a la <strong>Secretaria del centre<\/strong> (<a href=\"mailto:secretaria@insvplantada.cat\">secretaria@insvplantada.cat<\/a>) indicant en l&#8217;assumpte del missatge &#8220;<strong>CONVALIDACI\u00d3 E. F\u00cdSICA ESO<\/strong>&#8221; abans del dia <strong>4\u00a0d&#8217;octubre<\/strong><\/p>\n<h1>M\u00fasica<\/h1>\n<p>D\u2019acord amb la normativa actual, el protocol i normativa per al reconeixement dels estudis de m\u00fasica \u00e9s:<\/p>\n<ul>\n<li>Tot alumnat que cursi la mat\u00e8ria de m\u00fasica al <strong>Conservatori<\/strong> o a una <strong>escola professional autoritzada pel Departament d\u2019Educaci\u00f3 de Catalunya<\/strong> pot demanar el reconeixement de la mat\u00e8ria.<\/li>\n<\/ul>\n<table style=\"width: 512px;\">\n<tbody>\n<tr>\n<td style=\"width: 506.667px;\">\n<p style=\"text-align: left;\"><strong><u>Centre autoritzat a Mollet del Vall\u00e8s:<\/u><\/strong><\/p>\n<p style=\"text-align: left;\"><strong>Escola de M\u00fasica Municipal de Mollet del Vall\u00e8s (08055312)<\/strong><\/p>\n<\/td>\n<\/tr>\n<\/tbody>\n<\/table>\n<ul>\n<li><strong>QU\u00c8 ES POT CONVALIDAR O RECON\u00c8IXER?<\/strong><\/li>\n<\/ul>\n<table style=\"width: 863px;\">\n<tbody>\n<tr>\n<td style=\"width: 856.889px;\" colspan=\"3\">Quina c\u00e0rrega hor\u00e0ria <strong>setmanal<\/strong> t\u00e9 l\u2019alumne al centre extern?<\/td>\n<\/tr>\n<tr>\n<td style=\"width: 192px;\"><\/td>\n<td style=\"width: 347.556px;\"><strong>Cursa entre 3 i 4 hores.<\/strong><\/td>\n<td style=\"width: 313.778px;\"><strong>Cursa 4h o m\u00e9s .<\/strong><\/td>\n<\/tr>\n<tr>\n<td style=\"width: 192px;\">L\u2019alumne pot convalidar&#8230;<\/td>\n<td style=\"width: 347.556px;\"><strong>A<\/strong>.Mat\u00e8ries optatives de 1r i 3r ESO (m\u00e0xim 4 hores).<\/p>\n<p><strong>B<\/strong>. Una mat\u00e8ria optativa espec\u00edfica (Projecte Globalitzador) de 4rt d\u2019ESO. L\u2019alumne cursar\u00e0 en aquest cas, dues mat\u00e8ries optatives espec\u00edfiques de les quals cap pot ser m\u00fasica.<\/p>\n<p>&nbsp;<\/td>\n<td style=\"width: 313.778px;\"><strong>A<\/strong>.Mat\u00e8ria de m\u00fasica (mat\u00e8ria comuna de 1r o 3r ESO)<\/p>\n<p><strong>B<\/strong>.Mat\u00e8ries optatives de 1r a 3r d\u2019ESO (m\u00e0xim 4 hores).<\/p>\n<p><strong>C<\/strong>.Una mat\u00e8ria optativa espec\u00edfica (Projecte Globalitzador) \u00a0de 4rt d\u2019ESO. L\u2019alumne cursar\u00e0 en aquest cas, dues mat\u00e8ries optatives espec\u00edfiques de les quals cap pot ser m\u00fasica.<\/td>\n<\/tr>\n<\/tbody>\n<\/table>\n<p><strong>Documents que ha d\u2019omplir la fam\u00edlia:<\/strong><strong>\u00a0<\/strong><\/p>\n<ul>\n<li>\n<h5>La fam\u00edlia demana la convalidaci\u00f3: <a href=\"https:\/\/agora.xtec.cat\/iesvplantada\/wp-content\/uploads\/usu537\/2020\/09\/Sol\u00b7licitud-m\u00fasica-ESO.pdf\" target=\"_blank\" rel=\"noopener noreferrer\">Impr\u00e8s sol\u00b7licitud<\/a><\/h5>\n<\/li>\n<li>\n<h5>Certificat per part del centre de m\u00fasica: <a href=\"https:\/\/agora.xtec.cat\/iesvplantada\/wp-content\/uploads\/usu537\/2020\/09\/Certificat-expedit-escola-m\u00fasica-ESO.pdf\" target=\"_blank\" rel=\"noopener noreferrer\">Impr\u00e8s certificat<\/a><\/h5>\n<\/li>\n<\/ul>\n<p>Aquests dos documents s&#8217;han d&#8217;enviar a la <strong>secretaria del centre<\/strong> (<a href=\"mailto:secretaria@insvplantada.cat\">secretaria@insvplantada.cat<\/a>)<strong>\u00a0\u00a0<\/strong>indicant en l&#8217;assumpte del missatge<strong> &#8220;CONVALIDACI\u00d3 M\u00daSICA ESO&#8221; abans del dia 4 d&#8217;octubre.<\/strong><\/p>\n","protected":false},"excerpt":{"rendered":"<p>Educaci\u00f3 F\u00edsica<br \/>\nEls alumnes amb dedicaci\u00f3 significativa a l\u2019esport avalada pel Consell Catal\u00e0 de l\u2019Esport, matriculats en centres que no siguin centres educatius d\u2019especial atenci\u00f3 a la pr\u00e0ctica esportiva, poden sol\u00b7licitar al director o directora del centre educatiu, en el primer trimestre del curs, que els&hellip;  <a href=\"https:\/\/agora.xtec.cat\/iesvplantada\/secretaria\/convalidacions\/convalidacions-eso\/\" title=\"Read Convalidacions ESO\">Llegeix m\u00e9s\u00bb<\/a><\/p>\n","protected":false},"author":7,"featured_media":0,"parent":6599,"menu_order":5,"comment_status":"closed","ping_status":"closed","template":"page-templates\/side-menu.php","meta":{"_bbp_topic_count":0,"_bbp_reply_count":0,"_bbp_total_topic_count":0,"_bbp_total_reply_count":0,"_bbp_voice_count":0,"_bbp_anonymous_reply_count":0,"_bbp_topic_count_hidden":0,"_bbp_reply_count_hidden":0,"_bbp_forum_subforum_count":0,"footnotes":""},"class_list":["post-6603","page","type-page","status-publish","hentry"],"post_mailing_queue_ids":[],"_links":{"self":[{"href":"https:\/\/agora.xtec.cat\/iesvplantada\/wp-json\/wp\/v2\/pages\/6603","targetHints":{"allow":["GET"]}}],"collection":[{"href":"https:\/\/agora.xtec.cat\/iesvplantada\/wp-json\/wp\/v2\/pages"}],"about":[{"href":"https:\/\/agora.xtec.cat\/iesvplantada\/wp-json\/wp\/v2\/types\/page"}],"author":[{"embeddable":true,"href":"https:\/\/agora.xtec.cat\/iesvplantada\/wp-json\/wp\/v2\/users\/7"}],"replies":[{"embeddable":true,"href":"https:\/\/agora.xtec.cat\/iesvplantada\/wp-json\/wp\/v2\/comments?post=6603"}],"version-history":[{"count":5,"href":"https:\/\/agora.xtec.cat\/iesvplantada\/wp-json\/wp\/v2\/pages\/6603\/revisions"}],"predecessor-version":[{"id":10176,"href":"https:\/\/agora.xtec.cat\/iesvplantada\/wp-json\/wp\/v2\/pages\/6603\/revisions\/10176"}],"up":[{"embeddable":true,"href":"https:\/\/agora.xtec.cat\/iesvplantada\/wp-json\/wp\/v2\/pages\/6599"}],"wp:attachment":[{"href":"https:\/\/agora.xtec.cat\/iesvplantada\/wp-json\/wp\/v2\/media?parent=6603"}],"curies":[{"name":"wp","href":"https:\/\/api.w.org\/{rel}","templated":true}]}}