{"id":6273,"date":"2020-05-17T19:10:16","date_gmt":"2020-05-17T17:10:16","guid":{"rendered":"http:\/\/agora.xtec.cat\/iesvplantada\/?page_id=6273"},"modified":"2020-05-18T23:03:43","modified_gmt":"2020-05-18T21:03:43","slug":"reclamacions-de-notes-2020","status":"publish","type":"page","link":"https:\/\/agora.xtec.cat\/iesvplantada\/reclamacions-de-notes-2020\/","title":{"rendered":"Reclamacions de notes 2020"},"content":{"rendered":"<p>El present procediment, s&#8217;ha elaborat tenint en compte la <a href=\"http:\/\/agora.xtec.cat\/iesvplantada\/normativa-sobre-reclamacions-de-qualificacions\/\">Normativa sobre reclamaci\u00f3 de notes<\/a>.<\/p>\n<p>Les reclamacions de notes parcials de mat\u00e8ries que pugui haver-hi al llarg del curs s\u2019han de resoldre directament amb el professorat implicat o amb el cap de departament did\u00e0ctic corresponent. En aquests casos, el tutor\/a de l\u2019alumne\/a podr\u00e0 fer de mediador\/a si ho sol\u00b7licita l\u2019estudiant.<\/p>\n<p><span style=\"font-size: 1.4375em; font-weight: bold;\">Reclamacions finals<\/span><\/p>\n<p>S&#8217;ha de seguir el seg\u00fcent procediment:<\/p>\n<ol>\n<li>Enviar correu al professor de la mat\u00e8ria amb c\u00f2pia al tutor especificant motiu raonat de la reclamaci\u00f3. Important: durant el per\u00edode de reclamaci\u00f3 (consultar calendari al web del centre).<\/li>\n<li>Esperar resposta del professor de la mat\u00e8ria, que es produir\u00e0 en el mateix dia.<\/li>\n<li>Si, un cop feta la reclamaci\u00f3 al professor, l&#8217;estudiant considera que no s&#8217;ha resolt la seva reclamaci\u00f3, podr\u00e0 fer una reclamaci\u00f3 formal adre\u00e7ada a la directora del centre omplint el formulari que hi ha a continuaci\u00f3 durant el per\u00edode estipulat per fer la reclamaci\u00f3 (consultar calendari al web del centre).\n<ul>\n<li>L&#8217;estudiant s&#8217;ha d&#8217;identificar amb el seu correu corporatiu<\/li>\n<li>S&#8217;ha d&#8217;omplir el formulari amb totes les dades<\/li>\n<li>S&#8217;ha de fer constar amb detall el motiu de la reclamaci\u00f3<\/li>\n<li>S&#8217;ha d&#8217;adjuntar document en pdf o jpg (fotos) amb els correus que justifiquin que ja s&#8217;ha fet la reclamaci\u00f3 al professor de la mat\u00e8ria.<\/li>\n<\/ul>\n<\/li>\n<li>La directora del centre activar\u00e0 el procediment per a donar resposta a la reclamaci\u00f3 dins dels terminis establerts.<\/li>\n<\/ol>\n<p style=\"text-align: center;\"><a href=\"https:\/\/forms.gle\/gKCwgkMpESc7NpeQ7\" target=\"_blank\" rel=\"noopener noreferrer\">FORMULARI DE RECLAMACI\u00d3 DE NOTA FINAL<\/a><\/p>\n<p>&nbsp;<\/p>\n","protected":false},"excerpt":{"rendered":"<p>El present procediment, s&#8217;ha elaborat tenint en compte la <a href=\"http:\/\/agora.xtec.cat\/iesvplantada\/normativa-sobre-reclamacions-de-qualificacions\/\">Normativa sobre reclamaci\u00f3 de notes<\/a>.<br \/>\nLes reclamacions de notes parcials de mat\u00e8ries que pugui haver-hi al llarg del curs s\u2019han de resoldre directament amb el professorat implicat o amb el cap de departament did\u00e0ctic corresponent. En&hellip;  <a href=\"https:\/\/agora.xtec.cat\/iesvplantada\/reclamacions-de-notes-2020\/\" title=\"Read Reclamacions de notes 2020\">Llegeix m\u00e9s\u00bb<\/a><\/p>\n","protected":false},"author":7,"featured_media":0,"parent":0,"menu_order":0,"comment_status":"closed","ping_status":"closed","template":"","meta":{"_bbp_topic_count":0,"_bbp_reply_count":0,"_bbp_total_topic_count":0,"_bbp_total_reply_count":0,"_bbp_voice_count":0,"_bbp_anonymous_reply_count":0,"_bbp_topic_count_hidden":0,"_bbp_reply_count_hidden":0,"_bbp_forum_subforum_count":0,"footnotes":""},"class_list":["post-6273","page","type-page","status-publish","hentry"],"post_mailing_queue_ids":[],"_links":{"self":[{"href":"https:\/\/agora.xtec.cat\/iesvplantada\/wp-json\/wp\/v2\/pages\/6273","targetHints":{"allow":["GET"]}}],"collection":[{"href":"https:\/\/agora.xtec.cat\/iesvplantada\/wp-json\/wp\/v2\/pages"}],"about":[{"href":"https:\/\/agora.xtec.cat\/iesvplantada\/wp-json\/wp\/v2\/types\/page"}],"author":[{"embeddable":true,"href":"https:\/\/agora.xtec.cat\/iesvplantada\/wp-json\/wp\/v2\/users\/7"}],"replies":[{"embeddable":true,"href":"https:\/\/agora.xtec.cat\/iesvplantada\/wp-json\/wp\/v2\/comments?post=6273"}],"version-history":[{"count":2,"href":"https:\/\/agora.xtec.cat\/iesvplantada\/wp-json\/wp\/v2\/pages\/6273\/revisions"}],"predecessor-version":[{"id":6288,"href":"https:\/\/agora.xtec.cat\/iesvplantada\/wp-json\/wp\/v2\/pages\/6273\/revisions\/6288"}],"wp:attachment":[{"href":"https:\/\/agora.xtec.cat\/iesvplantada\/wp-json\/wp\/v2\/media?parent=6273"}],"curies":[{"name":"wp","href":"https:\/\/api.w.org\/{rel}","templated":true}]}}