{"id":57,"date":"2014-09-17T17:01:07","date_gmt":"2014-09-17T16:01:07","guid":{"rendered":"http:\/\/agora.xtec.cat\/iesvplantada\/\/?page_id=57"},"modified":"2019-03-10T21:10:44","modified_gmt":"2019-03-10T20:10:44","slug":"projecte-educatiu","status":"publish","type":"page","link":"https:\/\/agora.xtec.cat\/iesvplantada\/d-organitzacio-i-gestio\/projecte-educatiu\/","title":{"rendered":"Projecte educatiu (PEC)"},"content":{"rendered":"<p>El projecte educatiu de centre \u00e9s el document estrat\u00e8gic marc de la instituci\u00f3 escolar\u00a0que en defineix el funcionament en l&#8217;\u00e0mbit curricular, l&#8217;organitzatiu, de gesti\u00f3\u00a0econ\u00f2mica i de gesti\u00f3 de personal, adaptat a la realitat dels alumnes i a l&#8217;entorn. En\u00a0aquest sentit, concreta, interpreta i aplica les previsions de la normativa vigent als trets\u00a0caracter\u00edstics del centre, d&#8217;acord amb les necessitats educatives dels alumnes i els\u00a0objectius del centre.<\/p>\n<p>En aquest moment el nostre PEC est\u00e0 en fase de revisi\u00f3, i per tant actualment t\u00e9 vig\u00e8ncia a aquests efectes el Projecte de Direcci\u00f3.<\/p>\n<p>&nbsp;<\/p>\n<table style=\"border-collapse: collapse; width: 60%;\" border=\"1\">\n<tbody>\n<tr>\n<td style=\"width: 50%;\"><strong>Projecte Educatiu de Centre<\/strong><\/td>\n<td style=\"width: 50%;\"><a href=\"https:\/\/agora.xtec.cat\/iesvplantada\/wp-content\/uploads\/usu537\/bp-attachments\/3654\/Institut-Vicen\u00e7-Plantada-PEC.pdf\" target=\"_blank\" rel=\"noopener\"><img loading=\"lazy\" decoding=\"async\" class=\"aligncenter wp-image-4025 size-full\" src=\"https:\/\/agora.xtec.cat\/iesvplantada\/wp-content\/uploads\/usu537\/2019\/03\/PortadaPECweb.png\" alt=\"\" width=\"362\" height=\"500\" srcset=\"https:\/\/agora.xtec.cat\/iesvplantada\/wp-content\/uploads\/usu537\/2019\/03\/PortadaPECweb.png 362w, https:\/\/agora.xtec.cat\/iesvplantada\/wp-content\/uploads\/usu537\/2019\/03\/PortadaPECweb-217x300.png 217w\" sizes=\"auto, (max-width: 362px) 100vw, 362px\" \/><\/a><\/td>\n<\/tr>\n<tr>\n<td style=\"width: 70%;\"><strong>Resoluci\u00f3 d&#8217;aprovaci\u00f3 del PEC:<\/strong><\/td>\n<td style=\"width: 30%;\"><strong>\u00a0Resoluci\u00f3<\/strong><\/td>\n<\/tr>\n<\/tbody>\n<\/table>\n","protected":false},"excerpt":{"rendered":"<p>El projecte educatiu de centre \u00e9s el document estrat\u00e8gic marc de la instituci\u00f3 escolar\u00a0que en defineix el funcionament en l&#8217;\u00e0mbit curricular, l&#8217;organitzatiu, de gesti\u00f3\u00a0econ\u00f2mica i de gesti\u00f3 de personal, adaptat a la realitat dels alumnes i a l&#8217;entorn. En\u00a0aquest sentit, concreta, interpreta i aplica les&hellip;  <a href=\"https:\/\/agora.xtec.cat\/iesvplantada\/d-organitzacio-i-gestio\/projecte-educatiu\/\" title=\"Read Projecte educatiu (PEC)\">Llegeix m\u00e9s\u00bb<\/a><\/p>\n","protected":false},"author":1,"featured_media":0,"parent":3638,"menu_order":10,"comment_status":"closed","ping_status":"closed","template":"page-templates\/side-menu.php","meta":{"_bbp_topic_count":0,"_bbp_reply_count":0,"_bbp_total_topic_count":0,"_bbp_total_reply_count":0,"_bbp_voice_count":0,"_bbp_anonymous_reply_count":0,"_bbp_topic_count_hidden":0,"_bbp_reply_count_hidden":0,"_bbp_forum_subforum_count":0,"footnotes":""},"class_list":["post-57","page","type-page","status-publish","hentry"],"post_mailing_queue_ids":[],"_links":{"self":[{"href":"https:\/\/agora.xtec.cat\/iesvplantada\/wp-json\/wp\/v2\/pages\/57","targetHints":{"allow":["GET"]}}],"collection":[{"href":"https:\/\/agora.xtec.cat\/iesvplantada\/wp-json\/wp\/v2\/pages"}],"about":[{"href":"https:\/\/agora.xtec.cat\/iesvplantada\/wp-json\/wp\/v2\/types\/page"}],"author":[{"embeddable":true,"href":"https:\/\/agora.xtec.cat\/iesvplantada\/wp-json\/wp\/v2\/users\/1"}],"replies":[{"embeddable":true,"href":"https:\/\/agora.xtec.cat\/iesvplantada\/wp-json\/wp\/v2\/comments?post=57"}],"version-history":[{"count":3,"href":"https:\/\/agora.xtec.cat\/iesvplantada\/wp-json\/wp\/v2\/pages\/57\/revisions"}],"predecessor-version":[{"id":4029,"href":"https:\/\/agora.xtec.cat\/iesvplantada\/wp-json\/wp\/v2\/pages\/57\/revisions\/4029"}],"up":[{"embeddable":true,"href":"https:\/\/agora.xtec.cat\/iesvplantada\/wp-json\/wp\/v2\/pages\/3638"}],"wp:attachment":[{"href":"https:\/\/agora.xtec.cat\/iesvplantada\/wp-json\/wp\/v2\/media?parent=57"}],"curies":[{"name":"wp","href":"https:\/\/api.w.org\/{rel}","templated":true}]}}