{"id":5556,"date":"2020-02-10T20:47:45","date_gmt":"2020-02-10T19:47:45","guid":{"rendered":"http:\/\/agora.xtec.cat\/iesvplantada\/?page_id=5556"},"modified":"2024-10-28T00:58:00","modified_gmt":"2024-10-27T23:58:00","slug":"memoria-anual","status":"publish","type":"page","link":"https:\/\/agora.xtec.cat\/iesvplantada\/d-organitzacio-i-gestio\/memoria-anual\/","title":{"rendered":"Mem\u00f2ria Anual (MA)"},"content":{"rendered":"<p>\u00c9s un document que recull l&#8217;avaluaci\u00f3 de l&#8217;assoliment dels objectius que s&#8217;han previst en la programaci\u00f3 general anual, d&#8217;acord amb els criteris, els indicadors i els procediments d&#8217;avaluaci\u00f3 definits en el projecte educatiu del centre i, en el cas dels centres p\u00fablics, concretats en el projecte de<br \/>\ndirecci\u00f3.<\/p>\n<table style=\"border-collapse: collapse; width: 60%;\" border=\"1\">\n<tbody>\n<tr>\n<td style=\"width: 50%;\"><strong>Mem\u00f2ria anual curs 2023-2024:<\/strong><\/td>\n<td style=\"width: 50%;\"><img loading=\"lazy\" decoding=\"async\" class=\"aligncenter wp-image-3676\" src=\"https:\/\/agora.xtec.cat\/iesvplantada\/wp-content\/uploads\/usu537\/2018\/11\/pga2018.bmp\" alt=\"\" width=\"151\" height=\"139\" \/><\/td>\n<\/tr>\n<tr>\n<td style=\"width: 50%;\"><strong>Resoluci\u00f3 d&#8217;aprovaci\u00f3 de la\u00a0 Mem\u00f2ria anual 2024:<\/strong><\/td>\n<td style=\"width: 50%;\"><strong>\u00a0Resoluci\u00f3<\/strong><\/td>\n<\/tr>\n<tr>\n<td style=\"width: 50%;\"><strong>Mem\u00f2ria anual curs 2022-2023:<\/strong><\/td>\n<td style=\"width: 50%;\"><a href=\"https:\/\/agora.xtec.cat\/iesvplantada\/wp-content\/uploads\/usu537\/2024\/02\/MEMORIA-2223.pdf\" target=\"_blank\" rel=\"noopener noreferrer\"><img loading=\"lazy\" decoding=\"async\" class=\"aligncenter wp-image-3676\" src=\"https:\/\/agora.xtec.cat\/iesvplantada\/wp-content\/uploads\/usu537\/2018\/11\/pga2018.bmp\" alt=\"\" width=\"151\" height=\"139\" \/><\/a><\/td>\n<\/tr>\n<tr>\n<td style=\"width: 50%;\"><strong>Resoluci\u00f3 d&#8217;aprovaci\u00f3 de la\u00a0 Mem\u00f2ria anual 2023:<\/strong><\/td>\n<td style=\"width: 50%;\"><strong>\u00a0<a href=\"https:\/\/agora.xtec.cat\/iesvplantada\/wp-content\/uploads\/usu537\/2024\/02\/Resolucio-aprovacio-Memoria-signada.pdf\" target=\"_blank\" rel=\"noopener\">Resoluci\u00f3<\/a><\/strong><\/td>\n<\/tr>\n<tr>\n<td style=\"width: 50%;\"><strong>Mem\u00f2ria final mandat 2018-2022<\/strong><\/td>\n<td style=\"width: 50%;\"><a href=\"https:\/\/agora.xtec.cat\/iesvplantada\/wp-content\/uploads\/usu537\/bp-attachments\/3654\/Memoria-PdD-1822.pdf\" target=\"_blank\" rel=\"noopener noreferrer\"><img loading=\"lazy\" decoding=\"async\" class=\"aligncenter wp-image-3676\" src=\"https:\/\/agora.xtec.cat\/iesvplantada\/wp-content\/uploads\/usu537\/2018\/11\/pga2018.bmp\" alt=\"\" width=\"151\" height=\"139\" \/><\/a><\/td>\n<\/tr>\n<tr>\n<td style=\"width: 50%;\"><strong>Mem\u00f2ria anual curs 2020-2021:<\/strong><\/td>\n<td style=\"width: 50%;\"><a href=\"https:\/\/agora.xtec.cat\/iesvplantada\/wp-content\/uploads\/usu537\/bp-attachments\/3654\/Memoria-2021.pdf\" target=\"_blank\" rel=\"noopener noreferrer\"><img loading=\"lazy\" decoding=\"async\" class=\"aligncenter wp-image-3676\" src=\"https:\/\/agora.xtec.cat\/iesvplantada\/wp-content\/uploads\/usu537\/2018\/11\/pga2018.bmp\" alt=\"\" width=\"151\" height=\"139\" \/><\/a><\/td>\n<\/tr>\n<tr>\n<td style=\"width: 50%;\"><strong>Resoluci\u00f3 d&#8217;aprovaci\u00f3 de la\u00a0 Mem\u00f2ria anual 2021:<\/strong><\/td>\n<td style=\"width: 50%;\"><strong>\u00a0<a href=\"https:\/\/agora.xtec.cat\/iesvplantada\/wp-content\/uploads\/usu537\/bp-attachments\/3654\/Resolucio-aprovacio-Memoria-signada.pdf\" target=\"_blank\" rel=\"noopener\">Resoluci\u00f3<\/a><\/strong><\/td>\n<\/tr>\n<tr>\n<td style=\"width: 50%;\"><strong>Mem\u00f2ria anual curs 2019-2020:<\/strong><\/td>\n<td style=\"width: 50%;\"><a href=\"https:\/\/agora.xtec.cat\/iesvplantada\/wp-content\/uploads\/usu537\/bp-attachments\/3654\/Memoria-1920.pdf\" target=\"_blank\" rel=\"noopener noreferrer\"><img loading=\"lazy\" decoding=\"async\" class=\"aligncenter wp-image-3676\" src=\"https:\/\/agora.xtec.cat\/iesvplantada\/wp-content\/uploads\/usu537\/2018\/11\/pga2018.bmp\" alt=\"\" width=\"151\" height=\"139\" \/><\/a><\/td>\n<\/tr>\n<tr>\n<td style=\"width: 50%;\"><strong>Resoluci\u00f3 d&#8217;aprovaci\u00f3 de la\u00a0 Mem\u00f2ria anual 1920:<\/strong><\/td>\n<td style=\"width: 50%;\"><\/td>\n<\/tr>\n<tr>\n<td style=\"width: 50%;\"><strong>Mem\u00f2ria anual curs 2018-2019:<\/strong><\/td>\n<td style=\"width: 50%;\"><a href=\"https:\/\/agora.xtec.cat\/iesvplantada\/wp-content\/uploads\/usu537\/bp-attachments\/3654\/Mem\u00f2ria-1819.pdf\" target=\"_blank\" rel=\"noopener noreferrer\"><img loading=\"lazy\" decoding=\"async\" class=\"aligncenter wp-image-3676\" src=\"https:\/\/agora.xtec.cat\/iesvplantada\/wp-content\/uploads\/usu537\/2018\/11\/pga2018.bmp\" alt=\"\" width=\"151\" height=\"139\" \/><\/a><\/td>\n<\/tr>\n<tr>\n<td style=\"width: 50%;\"><strong>Resoluci\u00f3 d&#8217;aprovaci\u00f3 de la\u00a0 Mem\u00f2ria anual 1819:<\/strong><\/td>\n<td style=\"width: 50%;\"><strong>\u00a0<a href=\"https:\/\/agora.xtec.cat\/iesvplantada\/wp-content\/uploads\/usu537\/bp-attachments\/3654\/Resoluci\u00f3-aprovaci\u00f3-MEM\u00d2RIA-signada.pdf\" target=\"_blank\" rel=\"noopener noreferrer\">Resoluci\u00f3<\/a><\/strong><\/td>\n<\/tr>\n<\/tbody>\n<\/table>\n<p>&nbsp;<\/p>\n<p>&nbsp;<\/p>\n","protected":false},"excerpt":{"rendered":"<p>\u00c9s un document que recull l&#8217;avaluaci\u00f3 de l&#8217;assoliment dels objectius que s&#8217;han previst en la programaci\u00f3 general anual, d&#8217;acord amb els criteris, els indicadors i els procediments d&#8217;avaluaci\u00f3 definits en el projecte educatiu del centre i, en el cas dels centres p\u00fablics, concretats en el&hellip;  <a href=\"https:\/\/agora.xtec.cat\/iesvplantada\/d-organitzacio-i-gestio\/memoria-anual\/\" title=\"Read Mem\u00f2ria Anual (MA)\">Llegeix m\u00e9s\u00bb<\/a><\/p>\n","protected":false},"author":7,"featured_media":0,"parent":3638,"menu_order":70,"comment_status":"closed","ping_status":"closed","template":"page-templates\/side-menu.php","meta":{"_bbp_topic_count":0,"_bbp_reply_count":0,"_bbp_total_topic_count":0,"_bbp_total_reply_count":0,"_bbp_voice_count":0,"_bbp_anonymous_reply_count":0,"_bbp_topic_count_hidden":0,"_bbp_reply_count_hidden":0,"_bbp_forum_subforum_count":0,"footnotes":""},"class_list":["post-5556","page","type-page","status-publish","hentry"],"post_mailing_queue_ids":[],"_links":{"self":[{"href":"https:\/\/agora.xtec.cat\/iesvplantada\/wp-json\/wp\/v2\/pages\/5556","targetHints":{"allow":["GET"]}}],"collection":[{"href":"https:\/\/agora.xtec.cat\/iesvplantada\/wp-json\/wp\/v2\/pages"}],"about":[{"href":"https:\/\/agora.xtec.cat\/iesvplantada\/wp-json\/wp\/v2\/types\/page"}],"author":[{"embeddable":true,"href":"https:\/\/agora.xtec.cat\/iesvplantada\/wp-json\/wp\/v2\/users\/7"}],"replies":[{"embeddable":true,"href":"https:\/\/agora.xtec.cat\/iesvplantada\/wp-json\/wp\/v2\/comments?post=5556"}],"version-history":[{"count":6,"href":"https:\/\/agora.xtec.cat\/iesvplantada\/wp-json\/wp\/v2\/pages\/5556\/revisions"}],"predecessor-version":[{"id":10499,"href":"https:\/\/agora.xtec.cat\/iesvplantada\/wp-json\/wp\/v2\/pages\/5556\/revisions\/10499"}],"up":[{"embeddable":true,"href":"https:\/\/agora.xtec.cat\/iesvplantada\/wp-json\/wp\/v2\/pages\/3638"}],"wp:attachment":[{"href":"https:\/\/agora.xtec.cat\/iesvplantada\/wp-json\/wp\/v2\/media?parent=5556"}],"curies":[{"name":"wp","href":"https:\/\/api.w.org\/{rel}","templated":true}]}}