{"id":4534,"date":"2019-09-11T19:54:37","date_gmt":"2019-09-11T17:54:37","guid":{"rendered":"http:\/\/agora.xtec.cat\/iesvplantada\/?page_id=4534"},"modified":"2022-04-05T09:45:58","modified_gmt":"2022-04-05T07:45:58","slug":"beques-postobligatoria","status":"publish","type":"page","link":"https:\/\/agora.xtec.cat\/iesvplantada\/secretaria\/beques\/beques-postobligatoria\/","title":{"rendered":"Beques postobligat\u00f2ria"},"content":{"rendered":"<h3 style=\"text-align: center;\"><strong><u>BEQUES PER A ENSENYAMENTS POSTOBLIGATORIS NO UNIVERSITARIS<\/u><\/strong><\/h3>\n<h3 style=\"text-align: center;\"><strong> <u>CURS 2022-2023<\/u><\/strong><\/h3>\n<p>Beques convocades pel Ministeri d\u2019Educaci\u00f3 i Formaci\u00f3 Professional per a estudiants que el curs acad\u00e8mic 2022-2023 cursen ensenyaments postobligatoris.<\/p>\n<p><strong><u>TERMINI: FINS AL 12 DE MAIG 2022<\/u><\/strong><\/p>\n<ul>\n<li><strong>BATXILLERAT<\/strong><\/li>\n<li><strong>CF MITJ\u00c0 I SUPERIOR<\/strong><\/li>\n<\/ul>\n<p>\u00c9s aconsellable que facin la sol\u00b7licitud tots els alumnes interessats encara que no tinguin segur a quins estudis accediran.<\/p>\n<ul style=\"list-style-type: square;\">\n<li>LES SOL\u00b7LICITUDS S&#8217;HAN DE FER <u>VIA TELEM\u00c0TICA<\/u><\/li>\n<\/ul>\n<p>L&#8217;enlla\u00e7 per fer la sol\u00b7licitud \u00e9s:<\/p>\n<p><a href=\"https:\/\/educacio.gencat.cat\/ca\/tramits\/tramits-temes\/247-beques-ministerio-postobligatoris\">https:\/\/educacio.gencat.cat\/ca\/tramits\/tramits-temes\/247-beques-ministerio-postobligatoris<\/a><\/p>\n<p><strong><u>IMPORTANT: SI ES REPETEIX CURS, NO PRESENTAR SOL\u00b7LICITUD, ja que NO ES CONCEDIR\u00c0 BECA als alumnes que repeteixen\u00a0curs. <\/u><\/strong><\/p>\n<p>&nbsp;<\/p>\n","protected":false},"excerpt":{"rendered":"<p>BEQUES PER A ENSENYAMENTS POSTOBLIGATORIS NO UNIVERSITARIS<br \/>\n CURS 2022-2023<br \/>\nBeques convocades pel Ministeri d\u2019Educaci\u00f3 i Formaci\u00f3 Professional per a estudiants que el curs acad\u00e8mic 2022-2023 cursen ensenyaments postobligatoris.<br \/>\nTERMINI: FINS AL 12 DE MAIG 2022<\/p>\n<ul>\n<li>BATXILLERAT<\/li>\n<li>CF MITJ\u00c0 I SUPERIOR<\/li>\n<\/ul>\n<p>\u00c9s aconsellable que facin la sol\u00b7licitud tots els alumnes interessats&hellip;  <a href=\"https:\/\/agora.xtec.cat\/iesvplantada\/secretaria\/beques\/beques-postobligatoria\/\" title=\"Read Beques postobligat\u00f2ria\">Llegeix m\u00e9s\u00bb<\/a><\/p>\n","protected":false},"author":7,"featured_media":0,"parent":1961,"menu_order":0,"comment_status":"closed","ping_status":"closed","template":"page-templates\/side-menu.php","meta":{"_bbp_topic_count":0,"_bbp_reply_count":0,"_bbp_total_topic_count":0,"_bbp_total_reply_count":0,"_bbp_voice_count":0,"_bbp_anonymous_reply_count":0,"_bbp_topic_count_hidden":0,"_bbp_reply_count_hidden":0,"_bbp_forum_subforum_count":0,"footnotes":""},"class_list":["post-4534","page","type-page","status-publish","hentry"],"post_mailing_queue_ids":[],"_links":{"self":[{"href":"https:\/\/agora.xtec.cat\/iesvplantada\/wp-json\/wp\/v2\/pages\/4534","targetHints":{"allow":["GET"]}}],"collection":[{"href":"https:\/\/agora.xtec.cat\/iesvplantada\/wp-json\/wp\/v2\/pages"}],"about":[{"href":"https:\/\/agora.xtec.cat\/iesvplantada\/wp-json\/wp\/v2\/types\/page"}],"author":[{"embeddable":true,"href":"https:\/\/agora.xtec.cat\/iesvplantada\/wp-json\/wp\/v2\/users\/7"}],"replies":[{"embeddable":true,"href":"https:\/\/agora.xtec.cat\/iesvplantada\/wp-json\/wp\/v2\/comments?post=4534"}],"version-history":[{"count":4,"href":"https:\/\/agora.xtec.cat\/iesvplantada\/wp-json\/wp\/v2\/pages\/4534\/revisions"}],"predecessor-version":[{"id":7846,"href":"https:\/\/agora.xtec.cat\/iesvplantada\/wp-json\/wp\/v2\/pages\/4534\/revisions\/7846"}],"up":[{"embeddable":true,"href":"https:\/\/agora.xtec.cat\/iesvplantada\/wp-json\/wp\/v2\/pages\/1961"}],"wp:attachment":[{"href":"https:\/\/agora.xtec.cat\/iesvplantada\/wp-json\/wp\/v2\/media?parent=4534"}],"curies":[{"name":"wp","href":"https:\/\/api.w.org\/{rel}","templated":true}]}}