{"id":4499,"date":"2019-07-02T12:46:51","date_gmt":"2019-07-02T10:46:51","guid":{"rendered":"http:\/\/agora.xtec.cat\/iesvplantada\/?page_id=4499"},"modified":"2022-07-04T22:30:57","modified_gmt":"2022-07-04T20:30:57","slug":"ease","status":"publish","type":"page","link":"https:\/\/agora.xtec.cat\/iesvplantada\/secretaria\/matricula\/ease\/","title":{"rendered":"EASE"},"content":{"rendered":"<p><strong>DATES DE MATR\u00cdCULA<\/strong><\/p>\n<p>Dies abans de l\u2019inici del per\u00edode de matricula rebran un correu electr\u00f2nic amb les instruccions per tal de formalitzar la matr\u00edcula.<\/p>\n<p><span style=\"text-decoration: underline;\"><strong>Alumnat del centre (repetidors):<\/strong><\/span> <span style=\"text-decoration: underline;\"><strong><span style=\"color: #ff0000; text-decoration: underline;\">15 de juliol de 2022<\/span><\/strong><\/span><\/p>\n<p><span style=\"text-decoration: underline;\"><strong>Alumnat del centre de 1r que promocionen a 2n:<\/strong><\/span> <span style=\"text-decoration: underline;\"><strong><span style=\"color: #ff0000; text-decoration: underline;\">de l&#8217;11 al 15 de juliol de 2022<\/span><\/strong><\/span><\/p>\n<p><strong><span style=\"color: #ff0000;\"><span style=\"color: #000000;\"><u>Alumnat nou:<\/u><\/span> <u>Del 18 al 22 de juliol de 2022<\/u><\/span><\/strong><\/p>\n","protected":false},"excerpt":{"rendered":"<p>DATES DE MATR\u00cdCULA<br \/>\nDies abans de l\u2019inici del per\u00edode de matricula rebran un correu electr\u00f2nic amb les instruccions per tal de formalitzar la matr\u00edcula.<br \/>\nAlumnat del centre (repetidors): 15 de juliol de 2022<br \/>\nAlumnat del centre de 1r que promocionen a 2n: de l&#8217;11 al 15 de juliol&hellip;  <a href=\"https:\/\/agora.xtec.cat\/iesvplantada\/secretaria\/matricula\/ease\/\" title=\"Read EASE\">Llegeix m\u00e9s\u00bb<\/a><\/p>\n","protected":false},"author":7,"featured_media":0,"parent":1215,"menu_order":0,"comment_status":"closed","ping_status":"closed","template":"page-templates\/side-menu.php","meta":{"_bbp_topic_count":0,"_bbp_reply_count":0,"_bbp_total_topic_count":0,"_bbp_total_reply_count":0,"_bbp_voice_count":0,"_bbp_anonymous_reply_count":0,"_bbp_topic_count_hidden":0,"_bbp_reply_count_hidden":0,"_bbp_forum_subforum_count":0,"footnotes":""},"class_list":["post-4499","page","type-page","status-publish","hentry"],"post_mailing_queue_ids":[],"_links":{"self":[{"href":"https:\/\/agora.xtec.cat\/iesvplantada\/wp-json\/wp\/v2\/pages\/4499","targetHints":{"allow":["GET"]}}],"collection":[{"href":"https:\/\/agora.xtec.cat\/iesvplantada\/wp-json\/wp\/v2\/pages"}],"about":[{"href":"https:\/\/agora.xtec.cat\/iesvplantada\/wp-json\/wp\/v2\/types\/page"}],"author":[{"embeddable":true,"href":"https:\/\/agora.xtec.cat\/iesvplantada\/wp-json\/wp\/v2\/users\/7"}],"replies":[{"embeddable":true,"href":"https:\/\/agora.xtec.cat\/iesvplantada\/wp-json\/wp\/v2\/comments?post=4499"}],"version-history":[{"count":3,"href":"https:\/\/agora.xtec.cat\/iesvplantada\/wp-json\/wp\/v2\/pages\/4499\/revisions"}],"predecessor-version":[{"id":8133,"href":"https:\/\/agora.xtec.cat\/iesvplantada\/wp-json\/wp\/v2\/pages\/4499\/revisions\/8133"}],"up":[{"embeddable":true,"href":"https:\/\/agora.xtec.cat\/iesvplantada\/wp-json\/wp\/v2\/pages\/1215"}],"wp:attachment":[{"href":"https:\/\/agora.xtec.cat\/iesvplantada\/wp-json\/wp\/v2\/media?parent=4499"}],"curies":[{"name":"wp","href":"https:\/\/api.w.org\/{rel}","templated":true}]}}