{"id":43,"date":"2014-09-17T16:45:07","date_gmt":"2014-09-17T16:45:07","guid":{"rendered":"http:\/\/agora.xtec.cat\/iesvplantada\/\/?page_id=43"},"modified":"2025-11-22T11:04:12","modified_gmt":"2025-11-22T10:04:12","slug":"consell-escolar","status":"publish","type":"page","link":"https:\/\/agora.xtec.cat\/iesvplantada\/linstitut\/consell-escolar\/","title":{"rendered":"Consell escolar"},"content":{"rendered":"<p>El Consell Escolar del centre \u00e9s l\u2019\u00f2rgan de participaci\u00f3 de la comunitat escolar en el govern dels instituts d\u2019educaci\u00f3 secund\u00e0ria i l\u2019\u00f2rgan de programaci\u00f3, seguiment i avaluaci\u00f3 general de les seves activitats. Si voleu m\u00e9s informaci\u00f3 consulteu el seg\u00fcent\u00a0<a href=\"https:\/\/educacio.gencat.cat\/ca\/arees-actuacio\/centres-serveis-educatius\/centres\/consells-escolars-centres\/\">enlla\u00e7<\/a>.<\/p>\n<p><span style=\"color: #ff6600;\"><strong>S\u00f3n compet\u00e8ncies del consell escolar<\/strong>:<\/span><\/p>\n<ol>\n<li>Aprovar el projecte educatiu i les modificacions corresponents per una majoria de tres cinquenes parts dels membres.<\/li>\n<li>Aprovar la programaci\u00f3 general anual del centre i avaluar-ne el desenvolupament i els resultats.<\/li>\n<li>Aprovar les propostes d\u2019acords de corresponsabilitat, convenis i altres acords de col\u00b7laboraci\u00f3 del centre amb entitats o institucions.<\/li>\n<li>Aprovar les normes d\u2019organitzaci\u00f3 i funcionament i les modificacions corresponents.<\/li>\n<li>Aprovar la carta de comprom\u00eds educatiu.<\/li>\n<li>Aprovar el pressupost del centre i el rendiment de comptes.<\/li>\n<li>Intervenir en el procediment d\u2019admissi\u00f3 d\u2019alumnes.<\/li>\n<li>Participar en el procediment de selecci\u00f3 i en la proposta de cessament del director o directora.<\/li>\n<li>Intervenir en la resoluci\u00f3 dels conflictes i, si escau, revisar les sancions als alumnes.<\/li>\n<li>Aprovar les directrius per a la programaci\u00f3 d\u2019activitats escolars complement\u00e0ries i d\u2019activitats extraescolars, i avaluar-ne el desenvolupament.<\/li>\n<li>Participar en les an\u00e0lisis i les avaluacions del funcionament general del centre i con\u00e8ixer l\u2019evoluci\u00f3 del rendiment escolar.<\/li>\n<li>Aprovar els criteris de col\u00b7laboraci\u00f3 amb altres centres i amb l\u2019entorn.<\/li>\n<li>Qualsevol altra que li sigui atribu\u00efda per les normes legals o reglament\u00e0ries.<\/li>\n<\/ol>\n<p><span style=\"color: #ff6600;\"><strong>MEMBRES DEL CONSELL ESCOLAR CURS 25-26<\/strong><\/span><\/p>\n<table style=\"border-color: #000000; width: 537px;\">\n<tbody>\n<tr>\n<td style=\"width: 245px;\"><strong>Directora<\/strong><\/td>\n<td style=\"width: 284px;\">M\u00f3nica da Silva e Sousa Monteiro<\/td>\n<\/tr>\n<tr>\n<td style=\"width: 245px;\"><strong>Cap d&#8217;Estudis<\/strong><\/td>\n<td style=\"width: 284px;\">Ramon Musach Pi<\/td>\n<\/tr>\n<tr>\n<td style=\"width: 245px;\"><strong>Representant de l\u2019Ajuntament<\/strong><\/td>\n<td style=\"width: 284px;\">M\u00f3nica Mart\u00ednez Curiel<\/td>\n<\/tr>\n<tr>\n<td style=\"width: 245px;\" rowspan=\"9\"><strong>Representants del Professorat<\/strong><\/p>\n<p>&nbsp;<\/p>\n<p>&nbsp;<\/p>\n<p>&nbsp;<\/p>\n<p>&nbsp;<\/p>\n<p>&nbsp;<\/p>\n<p>&nbsp;<\/p>\n<p>&nbsp;<\/td>\n<td style=\"width: 284px;\">N\u00faria Bustos Morancho<\/td>\n<\/tr>\n<tr>\n<td style=\"width: 284px;\">Montse Chaparro Garcia<\/td>\n<\/tr>\n<tr>\n<td style=\"width: 284px;\">Cristina Cheira Vicens<\/td>\n<\/tr>\n<tr>\n<td style=\"width: 284px;\">Toni Fuentes Ortin<\/td>\n<\/tr>\n<tr>\n<td style=\"width: 284px;\">Miriam Monterrubio Marin<\/td>\n<\/tr>\n<tr>\n<td style=\"width: 284px;\">Carme Parra Madue\u00f1o<\/td>\n<\/tr>\n<tr>\n<td style=\"width: 284px;\">Marina Peralba Mart\u00ednez<\/td>\n<\/tr>\n<tr>\n<td style=\"width: 284px;\"><span style=\"background-color: #f9f9f9;\">Ismael Ramos Conejo<\/span><\/td>\n<\/tr>\n<tr>\n<td style=\"width: 284px;\">Javi Turrado Alarc\u00f3n<\/td>\n<\/tr>\n<tr>\n<td style=\"width: 245px;\" rowspan=\"4\"><strong>Representants de l\u2019Alumnat<\/strong><\/p>\n<p>&nbsp;<\/p>\n<p>&nbsp;<\/p>\n<p>&nbsp;<\/td>\n<td style=\"width: 284px;\">Pablo Gaig Lozano<\/td>\n<\/tr>\n<tr>\n<td style=\"width: 284px;\">Martina Garcia Zapata<\/td>\n<\/tr>\n<tr>\n<td style=\"width: 284px;\">Arnau Mart\u00edn G\u00f3mez<\/td>\n<\/tr>\n<tr>\n<td style=\"width: 284px;\">Carlos Pesantez Huanga<\/td>\n<\/tr>\n<tr>\n<td style=\"width: 245px;\" rowspan=\"6\"><strong>Representants dels Pares i Mares<\/strong><\/p>\n<p>&nbsp;<\/p>\n<p>&nbsp;<\/p>\n<p>&nbsp;<\/p>\n<p>&nbsp;<\/p>\n<p>&nbsp;<\/p>\n<p>&nbsp;<\/td>\n<td style=\"width: 284px;\"><\/td>\n<\/tr>\n<tr>\n<td style=\"width: 284px;\">Noem\u00ed Fandos Algamasilla<\/td>\n<\/tr>\n<tr>\n<td style=\"width: 284px;\">Neus Fern\u00e1ndez L\u00f3pez<\/td>\n<\/tr>\n<tr>\n<td style=\"width: 284px;\">Jaime Gallardo Guti\u00e9rrez<\/td>\n<\/tr>\n<tr>\n<td style=\"width: 284px;\">Ana Maria Jim\u00e9nez Herreros<\/td>\n<\/tr>\n<tr>\n<td style=\"width: 284px;\">Laura S\u00e1nchez R\u00edos<\/td>\n<\/tr>\n<tr>\n<td style=\"width: 245px;\"><strong>AFA<\/strong><\/td>\n<td style=\"width: 284px;\">Mariona G\u00f3mez Rodr\u00edguez<\/td>\n<\/tr>\n<tr>\n<td style=\"width: 245px;\"><strong>PAS<\/strong><\/td>\n<td style=\"width: 284px;\">Tino Jordan Mart\u00edn<\/td>\n<\/tr>\n<tr>\n<td style=\"width: 245px;\"><strong>PAE<\/strong><\/td>\n<td style=\"width: 284px;\">J\u00e8ssica Garcia Ortiz<\/td>\n<\/tr>\n<tr>\n<td style=\"width: 245px;\"><strong>Secret\u00e0ria<\/strong><\/td>\n<td style=\"width: 284px;\">Paula Vilaseca Abril<\/td>\n<\/tr>\n<\/tbody>\n<\/table>\n","protected":false},"excerpt":{"rendered":"<p>El Consell Escolar del centre \u00e9s l\u2019\u00f2rgan de participaci\u00f3 de la comunitat escolar en el govern dels instituts d\u2019educaci\u00f3 secund\u00e0ria i l\u2019\u00f2rgan de programaci\u00f3, seguiment i avaluaci\u00f3 general de les seves activitats. Si voleu m\u00e9s informaci\u00f3 consulteu el seg\u00fcent\u00a0<a href=\"https:\/\/educacio.gencat.cat\/ca\/arees-actuacio\/centres-serveis-educatius\/centres\/consells-escolars-centres\/\">enlla\u00e7<\/a>.<br \/>\nS\u00f3n compet\u00e8ncies del consell escolar:<\/p>\n<ol>\n<li>Aprovar el&hellip;  <a href=\"https:\/\/agora.xtec.cat\/iesvplantada\/linstitut\/consell-escolar\/\" title=\"Read Consell escolar\">Llegeix m\u00e9s\u00bb<\/a><br \/>\n","protected":false},"author":1,"featured_media":0,"parent":19,"menu_order":50,"comment_status":"closed","ping_status":"closed","template":"page-templates\/side-menu.php","meta":{"_bbp_topic_count":0,"_bbp_reply_count":0,"_bbp_total_topic_count":0,"_bbp_total_reply_count":0,"_bbp_voice_count":0,"_bbp_anonymous_reply_count":0,"_bbp_topic_count_hidden":0,"_bbp_reply_count_hidden":0,"_bbp_forum_subforum_count":0,"footnotes":""},"class_list":["post-43","page","type-page","status-publish","hentry"],"post_mailing_queue_ids":[],"_links":{"self":[{"href":"https:\/\/agora.xtec.cat\/iesvplantada\/wp-json\/wp\/v2\/pages\/43","targetHints":{"allow":["GET"]}}],"collection":[{"href":"https:\/\/agora.xtec.cat\/iesvplantada\/wp-json\/wp\/v2\/pages"}],"about":[{"href":"https:\/\/agora.xtec.cat\/iesvplantada\/wp-json\/wp\/v2\/types\/page"}],"author":[{"embeddable":true,"href":"https:\/\/agora.xtec.cat\/iesvplantada\/wp-json\/wp\/v2\/users\/1"}],"replies":[{"embeddable":true,"href":"https:\/\/agora.xtec.cat\/iesvplantada\/wp-json\/wp\/v2\/comments?post=43"}],"version-history":[{"count":7,"href":"https:\/\/agora.xtec.cat\/iesvplantada\/wp-json\/wp\/v2\/pages\/43\/revisions"}],"predecessor-version":[{"id":11176,"href":"https:\/\/agora.xtec.cat\/iesvplantada\/wp-json\/wp\/v2\/pages\/43\/revisions\/11176"}],"up":[{"embeddable":true,"href":"https:\/\/agora.xtec.cat\/iesvplantada\/wp-json\/wp\/v2\/pages\/19"}],"wp:attachment":[{"href":"https:\/\/agora.xtec.cat\/iesvplantada\/wp-json\/wp\/v2\/media?parent=43"}],"curies":[{"name":"wp","href":"https:\/\/api.w.org\/{rel}","templated":true}]}}