{"id":3647,"date":"2018-11-08T19:53:52","date_gmt":"2018-11-08T18:53:52","guid":{"rendered":"http:\/\/agora.xtec.cat\/iesvplantada\/?page_id=3647"},"modified":"2023-05-27T14:36:36","modified_gmt":"2023-05-27T12:36:36","slug":"projecte-de-direccio-pdd","status":"publish","type":"page","link":"https:\/\/agora.xtec.cat\/iesvplantada\/d-organitzacio-i-gestio\/projecte-de-direccio-pdd\/","title":{"rendered":"Projecte de direcci\u00f3 (PdD)"},"content":{"rendered":"<p style=\"text-align: justify;\">Amb el projecte de direcci\u00f3 l&#8217;equip directiu agafa un comprom\u00eds amb la comunitat educativa i es fa una concreci\u00f3 del Projecte Educatiu de Centre (PEC) per a un per\u00edode de quatre anys, 2022-2026. En ell es concreten el objectius que es volen aconseguir, a partir d\u2019una relaci\u00f3 d&#8217;estrat\u00e8gies i activitats que s&#8217;aniran realitzant en aquest per\u00edode. Per tal d\u2019avaluar el nivell d&#8217;assoliment dels objectius es defineixen uns indicadors.<\/p>\n<p>El projecte de direcci\u00f3 est\u00e0 elaborat amb la voluntat d&#8217;aconseguir:<\/p>\n<ul>\n<li>Un espai educatiu de tots i per tots<\/li>\n<li>Una educaci\u00f3 integral<\/li>\n<li>Amb igualtat d&#8217;oportunitats<\/li>\n<li>i on tothom se&#8217;n pugui sentir part.<\/li>\n<\/ul>\n<table style=\"border-collapse: collapse; width: 100%;\">\n<tbody>\n<tr>\n<td style=\"width: 50%; text-align: center;\"><a href=\"https:\/\/agora.xtec.cat\/iesvplantada\/wp-content\/uploads\/usu537\/bp-attachments\/3654\/PdD-VP-Monica-da-Silva-Juny.pdf\" target=\"_blank\" rel=\"noopener\"><img loading=\"lazy\" decoding=\"async\" class=\"alignnone wp-image-9082\" src=\"https:\/\/agora.xtec.cat\/iesvplantada\/wp-content\/uploads\/usu537\/2023\/05\/Portada.png\" alt=\"\" width=\"200\" height=\"280\" srcset=\"https:\/\/agora.xtec.cat\/iesvplantada\/wp-content\/uploads\/usu537\/2023\/05\/Portada.png 455w, https:\/\/agora.xtec.cat\/iesvplantada\/wp-content\/uploads\/usu537\/2023\/05\/Portada-214x300.png 214w\" sizes=\"auto, (max-width: 200px) 100vw, 200px\" \/><\/a><\/td>\n<td style=\"width: 50%;\">\n<h3 style=\"text-align: center;\"><a href=\"https:\/\/agora.xtec.cat\/iesvplantada\/wp-content\/uploads\/usu537\/bp-attachments\/3654\/PdD-Institut-Vicen\u00e7-Plantada.pdf\" target=\"_blank\" rel=\"noopener\"><img loading=\"lazy\" decoding=\"async\" class=\"aligncenter wp-image-3678\" src=\"https:\/\/agora.xtec.cat\/iesvplantada\/wp-content\/uploads\/usu537\/2018\/11\/PdD.png\" alt=\"\" width=\"200\" height=\"276\" srcset=\"https:\/\/agora.xtec.cat\/iesvplantada\/wp-content\/uploads\/usu537\/2018\/11\/PdD.png 267w, https:\/\/agora.xtec.cat\/iesvplantada\/wp-content\/uploads\/usu537\/2018\/11\/PdD-218x300.png 218w\" sizes=\"auto, (max-width: 200px) 100vw, 200px\" \/><\/a><\/h3>\n<\/td>\n<\/tr>\n<\/tbody>\n<\/table>\n","protected":false},"excerpt":{"rendered":"<p>Amb el projecte de direcci\u00f3 l&#8217;equip directiu agafa un comprom\u00eds amb la comunitat educativa i es fa una concreci\u00f3 del Projecte Educatiu de Centre (PEC) per a un per\u00edode de quatre anys, 2022-2026. En ell es concreten el objectius que es volen aconseguir, a partir&hellip;  <a href=\"https:\/\/agora.xtec.cat\/iesvplantada\/d-organitzacio-i-gestio\/projecte-de-direccio-pdd\/\" title=\"Read Projecte de direcci\u00f3 (PdD)\">Llegeix m\u00e9s\u00bb<\/a><\/p>\n","protected":false},"author":7,"featured_media":0,"parent":3638,"menu_order":40,"comment_status":"closed","ping_status":"closed","template":"page-templates\/side-menu.php","meta":{"_bbp_topic_count":0,"_bbp_reply_count":0,"_bbp_total_topic_count":0,"_bbp_total_reply_count":0,"_bbp_voice_count":0,"_bbp_anonymous_reply_count":0,"_bbp_topic_count_hidden":0,"_bbp_reply_count_hidden":0,"_bbp_forum_subforum_count":0,"footnotes":""},"class_list":["post-3647","page","type-page","status-publish","hentry"],"post_mailing_queue_ids":[],"_links":{"self":[{"href":"https:\/\/agora.xtec.cat\/iesvplantada\/wp-json\/wp\/v2\/pages\/3647","targetHints":{"allow":["GET"]}}],"collection":[{"href":"https:\/\/agora.xtec.cat\/iesvplantada\/wp-json\/wp\/v2\/pages"}],"about":[{"href":"https:\/\/agora.xtec.cat\/iesvplantada\/wp-json\/wp\/v2\/types\/page"}],"author":[{"embeddable":true,"href":"https:\/\/agora.xtec.cat\/iesvplantada\/wp-json\/wp\/v2\/users\/7"}],"replies":[{"embeddable":true,"href":"https:\/\/agora.xtec.cat\/iesvplantada\/wp-json\/wp\/v2\/comments?post=3647"}],"version-history":[{"count":4,"href":"https:\/\/agora.xtec.cat\/iesvplantada\/wp-json\/wp\/v2\/pages\/3647\/revisions"}],"predecessor-version":[{"id":9088,"href":"https:\/\/agora.xtec.cat\/iesvplantada\/wp-json\/wp\/v2\/pages\/3647\/revisions\/9088"}],"up":[{"embeddable":true,"href":"https:\/\/agora.xtec.cat\/iesvplantada\/wp-json\/wp\/v2\/pages\/3638"}],"wp:attachment":[{"href":"https:\/\/agora.xtec.cat\/iesvplantada\/wp-json\/wp\/v2\/media?parent=3647"}],"curies":[{"name":"wp","href":"https:\/\/api.w.org\/{rel}","templated":true}]}}