{"id":3585,"date":"2018-10-18T23:29:52","date_gmt":"2018-10-18T21:29:52","guid":{"rendered":"http:\/\/agora.xtec.cat\/iesvplantada\/?page_id=3585"},"modified":"2024-10-28T21:11:30","modified_gmt":"2024-10-28T20:11:30","slug":"pga","status":"publish","type":"page","link":"https:\/\/agora.xtec.cat\/iesvplantada\/d-organitzacio-i-gestio\/pga\/","title":{"rendered":"Programaci\u00f3 General Anual (PGA)"},"content":{"rendered":"<p>\u00c9s el document que concreta, a partir del Projecte Educatiu de Centre o del Projecte de Direcci\u00f3 en el seu defecte, les actuacions concretes per a cada curs, basant-se en les quatre l\u00ednies de millora del centre:<\/p>\n<ul>\n<li>Millora dels resultats educatius<\/li>\n<li>Millora de la cohesi\u00f3 social<\/li>\n<li>Millora de la gesti\u00f3 i documentaci\u00f3 de centre<\/li>\n<li>Millora de la imatge de centre i la relaci\u00f3 amb l&#8217;entorn<\/li>\n<\/ul>\n<p>Cadascun dels objectius estan definits amb les actuacions, desenvolupament i indicadors d\u2019avaluaci\u00f3.<\/p>\n<p>La PGA \u00e9s valorada al final de cada curs pels diferents agents del centre, creant la Mem\u00f2ria del curs, on es recullen les actuacions fetes i pendents, a partir dels indicadors d&#8217;avaluaci\u00f3 previstos a principi de curs.<\/p>\n<table style=\"border-collapse: collapse; width: 90%; height: 752px;\" border=\"1\">\n<tbody>\n<tr style=\"height: 156px;\">\n<td style=\"width: 35%; height: 156px;\"><strong>Programaci\u00f3 general anual curs 2024-2025:<\/strong><\/td>\n<td style=\"width: 15%; height: 156px;\"><img loading=\"lazy\" decoding=\"async\" class=\"aligncenter wp-image-3676\" src=\"https:\/\/agora.xtec.cat\/iesvplantada\/wp-content\/uploads\/usu537\/2018\/11\/pga2018.bmp\" alt=\"\" width=\"151\" height=\"139\" \/><\/td>\n<td style=\"width: 35%; height: 32px;\"><strong>\u00a0Pla d&#8217;obertura de centre 2024\/2025:<\/strong><\/td>\n<td style=\"width: 15%; height: 32px;\"><a href=\"https:\/\/agora.xtec.cat\/iesvplantada\/wp-content\/uploads\/usu537\/bp-attachments\/3654\/2425-Pla-dobertura-setembre.pdf\" target=\"_blank\" rel=\"noopener\"><img loading=\"lazy\" decoding=\"async\" class=\"aligncenter wp-image-3676\" src=\"https:\/\/agora.xtec.cat\/iesvplantada\/wp-content\/uploads\/usu537\/2018\/11\/pga2018.bmp\" alt=\"\" width=\"151\" height=\"139\" \/><\/a><\/td>\n<\/tr>\n<tr style=\"height: 32px;\">\n<td style=\"width: 35%; height: 32px;\"><strong>Resoluci\u00f3 d&#8217;aprovaci\u00f3 de la PGA2425:<\/strong><\/td>\n<td style=\"width: 15%; height: 32px;\">Resoluci\u00f3<\/td>\n<td style=\"width: 35%; height: 32px;\"><strong>\u00a0<\/strong><\/td>\n<td style=\"width: 15%; height: 32px;\"><\/td>\n<\/tr>\n<tr style=\"height: 156px;\">\n<td style=\"width: 35%; height: 156px;\"><strong>Programaci\u00f3 general anual curs 2023-2024:<\/strong><\/td>\n<td style=\"width: 15%; height: 156px;\"><a href=\"https:\/\/agora.xtec.cat\/iesvplantada\/wp-content\/uploads\/usu537\/2024\/02\/PGA-2324.pdf\" target=\"_blank\" rel=\"noopener noreferrer\"><img loading=\"lazy\" decoding=\"async\" class=\"aligncenter wp-image-3676\" src=\"https:\/\/agora.xtec.cat\/iesvplantada\/wp-content\/uploads\/usu537\/2018\/11\/pga2018.bmp\" alt=\"\" width=\"151\" height=\"139\" \/><\/a><\/td>\n<td style=\"width: 35%; height: 156px;\"><strong> Pla d&#8217;obertura de centre 2023\/2024:<\/strong><\/td>\n<td style=\"width: 15%; height: 156px;\"><a href=\"https:\/\/agora.xtec.cat\/iesvplantada\/wp-content\/uploads\/usu537\/bp-attachments\/3654\/2324-Pla-dobertura-setembre.pdf\" target=\"_blank\" rel=\"noopener\"><img loading=\"lazy\" decoding=\"async\" class=\"aligncenter wp-image-3676\" src=\"https:\/\/agora.xtec.cat\/iesvplantada\/wp-content\/uploads\/usu537\/2018\/11\/pga2018.bmp\" alt=\"\" width=\"151\" height=\"139\" \/><\/a><\/td>\n<\/tr>\n<tr style=\"height: 32px;\">\n<td style=\"width: 35%; height: 32px;\"><strong>Resoluci\u00f3 d&#8217;aprovaci\u00f3 de la PGA2324:<\/strong><\/td>\n<td style=\"width: 15%; height: 32px;\"><a href=\"https:\/\/agora.xtec.cat\/iesvplantada\/wp-content\/uploads\/usu537\/2024\/02\/Resolucio-aprovacio-PGA-signada.pdf\" target=\"_blank\" rel=\"noopener\">Resoluci\u00f3<\/a><\/td>\n<td style=\"width: 35%; height: 32px;\"><strong>\u00a0<\/strong><\/td>\n<td style=\"width: 15%; height: 32px;\"><\/td>\n<\/tr>\n<tr style=\"height: 156px;\">\n<td style=\"width: 35%; height: 156px;\"><strong>Programaci\u00f3 general anual curs 2022-2023:<\/strong><\/td>\n<td style=\"width: 15%; height: 156px;\"><a href=\"https:\/\/agora.xtec.cat\/iesvplantada\/wp-content\/uploads\/usu537\/bp-attachments\/3654\/PGA-2223.pdf\" target=\"_blank\" rel=\"noopener noreferrer\"><img loading=\"lazy\" decoding=\"async\" class=\"aligncenter wp-image-3676\" src=\"https:\/\/agora.xtec.cat\/iesvplantada\/wp-content\/uploads\/usu537\/2018\/11\/pga2018.bmp\" alt=\"\" width=\"151\" height=\"139\" \/><\/a><\/td>\n<td style=\"width: 35%; height: 156px;\"><strong>\u00a0Pla d&#8217;obertura de centre 2022\/2023:<\/strong><\/td>\n<td style=\"width: 15%; height: 156px;\"><a href=\"https:\/\/agora.xtec.cat\/iesvplantada\/wp-content\/uploads\/usu537\/bp-attachments\/3654\/2223-Pla-dobertura-setembre.pdf\" target=\"_blank\" rel=\"noopener\"><img loading=\"lazy\" decoding=\"async\" class=\"aligncenter wp-image-3676\" src=\"https:\/\/agora.xtec.cat\/iesvplantada\/wp-content\/uploads\/usu537\/2018\/11\/pga2018.bmp\" alt=\"\" width=\"151\" height=\"139\" \/><\/a><\/td>\n<\/tr>\n<tr style=\"height: 32px;\">\n<td style=\"width: 35%; height: 32px;\"><strong>Resoluci\u00f3 d&#8217;aprovaci\u00f3 de la PGA2223:<\/strong><\/td>\n<td style=\"width: 15%; height: 32px;\"><a href=\"https:\/\/agora.xtec.cat\/iesvplantada\/wp-content\/uploads\/usu537\/bp-attachments\/3654\/Resolucio-aprovacio-PGA-signada-1.pdf\" target=\"_blank\" rel=\"noopener\">Resoluci\u00f3<\/a><\/td>\n<td style=\"width: 35%; height: 32px;\"><strong>\u00a0<\/strong><\/td>\n<td style=\"width: 15%; height: 32px;\"><\/td>\n<\/tr>\n<tr style=\"height: 156px;\">\n<td style=\"width: 35%; height: 156px;\"><strong>Programaci\u00f3 general anual curs 2021-2022:<\/strong><\/td>\n<td style=\"width: 15%; height: 156px;\"><a href=\"https:\/\/agora.xtec.cat\/iesvplantada\/wp-content\/uploads\/usu537\/bp-attachments\/3654\/PGA-2122.pdf\" target=\"_blank\" rel=\"noopener noreferrer\"><img loading=\"lazy\" decoding=\"async\" class=\"aligncenter wp-image-3676\" src=\"https:\/\/agora.xtec.cat\/iesvplantada\/wp-content\/uploads\/usu537\/2018\/11\/pga2018.bmp\" alt=\"\" width=\"151\" height=\"139\" \/><\/a><\/td>\n<td style=\"width: 35%; height: 156px;\"><strong>Pla d&#8217;obertura de centre (COVID) curs 2021-2022:<\/strong><\/td>\n<td style=\"width: 15%; height: 156px;\"><a href=\"https:\/\/agora.xtec.cat\/iesvplantada\/wp-content\/uploads\/usu537\/bp-attachments\/3654\/2122-Pla-dobertura-setembre.pdf\" target=\"_blank\" rel=\"noopener noreferrer\"><img loading=\"lazy\" decoding=\"async\" class=\"aligncenter wp-image-3676\" src=\"https:\/\/agora.xtec.cat\/iesvplantada\/wp-content\/uploads\/usu537\/2018\/11\/pga2018.bmp\" alt=\"\" width=\"151\" height=\"139\" \/><\/a><\/td>\n<\/tr>\n<tr style=\"height: 32px;\">\n<td style=\"width: 35%; height: 32px;\"><strong>Resoluci\u00f3 d&#8217;aprovaci\u00f3 de la PGA2122:<\/strong><\/td>\n<td style=\"width: 15%; height: 32px;\"><strong><a href=\"https:\/\/agora.xtec.cat\/iesvplantada\/wp-content\/uploads\/usu537\/bp-attachments\/3654\/Resolucio-aprovacio-PGA-signada.pdf\" target=\"_blank\" rel=\"noopener\">Resoluci\u00f3<\/a><\/strong><\/td>\n<td style=\"width: 35%; height: 32px;\"><strong>Resoluci\u00f3 d&#8217;aprovaci\u00f3 del Pla d&#8217;obertura 2122:<\/strong><\/td>\n<td style=\"width: 15%; height: 32px;\"><a href=\"https:\/\/agora.xtec.cat\/iesvplantada\/wp-content\/uploads\/usu537\/bp-attachments\/3654\/Resolucio-aprovacio-POC-signat.pdf\" target=\"_blank\" rel=\"noopener\"><strong>Resoluci\u00f3<\/strong><\/a><\/td>\n<\/tr>\n<tr style=\"height: 156px;\">\n<td style=\"width: 35%; height: 156px;\"><strong>Programaci\u00f3 general anual curs 2020-2021:<\/strong><\/td>\n<td style=\"width: 15%; height: 156px;\"><a href=\"https:\/\/agora.xtec.cat\/iesvplantada\/wp-content\/uploads\/usu537\/bp-attachments\/3654\/PGA-2021.pdf\" target=\"_blank\" rel=\"noopener noreferrer\"><img loading=\"lazy\" decoding=\"async\" class=\"aligncenter wp-image-3676\" src=\"https:\/\/agora.xtec.cat\/iesvplantada\/wp-content\/uploads\/usu537\/2018\/11\/pga2018.bmp\" alt=\"\" width=\"151\" height=\"139\" \/><\/a><\/td>\n<td style=\"width: 35%; height: 156px;\"><strong>Pla d&#8217;obertura de centre (COVID) curs 2020-2021:<\/strong><\/td>\n<td style=\"width: 15%; height: 156px;\"><a href=\"https:\/\/agora.xtec.cat\/iesvplantada\/wp-content\/uploads\/usu537\/bp-attachments\/3654\/2021-Pla-dobertura-setembre-v1.pdf\" target=\"_blank\" rel=\"noopener noreferrer\"><img loading=\"lazy\" decoding=\"async\" class=\"aligncenter wp-image-3676\" src=\"https:\/\/agora.xtec.cat\/iesvplantada\/wp-content\/uploads\/usu537\/2018\/11\/pga2018.bmp\" alt=\"\" width=\"151\" height=\"139\" \/><\/a><\/td>\n<\/tr>\n<tr style=\"height: 32px;\">\n<td style=\"width: 35%; height: 32px;\"><strong>Resoluci\u00f3 d&#8217;aprovaci\u00f3 de la PGA2021:<\/strong><\/td>\n<td style=\"width: 15%; height: 32px;\"><\/td>\n<td style=\"width: 35%; height: 32px;\"><\/td>\n<td style=\"width: 15%; height: 32px;\"><\/td>\n<\/tr>\n<tr style=\"height: 156px;\">\n<td style=\"width: 35%; height: 156px;\"><strong>Programaci\u00f3 general anual curs 2019-2020:<\/strong><\/td>\n<td style=\"width: 15%; height: 156px;\"><a href=\"https:\/\/agora.xtec.cat\/iesvplantada\/wp-content\/uploads\/usu537\/bp-attachments\/3654\/PGA-1920.pdf\" target=\"_blank\" rel=\"noopener noreferrer\"><img loading=\"lazy\" decoding=\"async\" class=\"aligncenter wp-image-3676\" src=\"https:\/\/agora.xtec.cat\/iesvplantada\/wp-content\/uploads\/usu537\/2018\/11\/pga2018.bmp\" alt=\"\" width=\"151\" height=\"139\" \/><\/a><\/td>\n<td style=\"width: 35%; height: 156px;\"><\/td>\n<td style=\"width: 15%; height: 156px;\"><\/td>\n<\/tr>\n<tr style=\"height: 32px;\">\n<td style=\"width: 35%; height: 32px;\"><strong>Resoluci\u00f3 d&#8217;aprovaci\u00f3 de la PGA1920:<\/strong><\/td>\n<td style=\"width: 15%; height: 32px;\"><strong>\u00a0<a href=\"https:\/\/agora.xtec.cat\/iesvplantada\/wp-content\/uploads\/usu537\/bp-attachments\/3654\/Resoluci\u00f3-Aprovaci\u00f3-PGA-signada.pdf\" target=\"_blank\" rel=\"noopener noreferrer\">Resoluci\u00f3<\/a><\/strong><\/td>\n<td style=\"width: 35%; height: 32px;\"><strong>\u00a0<\/strong><\/td>\n<td style=\"width: 15%; height: 32px;\"><strong>\u00a0<\/strong><\/td>\n<\/tr>\n<\/tbody>\n<\/table>\n<p>&nbsp;<\/p>\n<p>&nbsp;<\/p>\n","protected":false},"excerpt":{"rendered":"<p>\u00c9s el document que concreta, a partir del Projecte Educatiu de Centre o del Projecte de Direcci\u00f3 en el seu defecte, les actuacions concretes per a cada curs, basant-se en les quatre l\u00ednies de millora del centre:<\/p>\n<ul>\n<li>Millora dels resultats educatius<\/li>\n<li>Millora de la cohesi\u00f3 social<\/li>\n<li>Millora de&hellip;  <a href=\"https:\/\/agora.xtec.cat\/iesvplantada\/d-organitzacio-i-gestio\/pga\/\" title=\"Read Programaci\u00f3 General Anual (PGA)\">Llegeix m\u00e9s\u00bb<\/a><br \/>\n","protected":false},"author":7,"featured_media":0,"parent":3638,"menu_order":50,"comment_status":"closed","ping_status":"closed","template":"page-templates\/side-menu.php","meta":{"_bbp_topic_count":0,"_bbp_reply_count":0,"_bbp_total_topic_count":0,"_bbp_total_reply_count":0,"_bbp_voice_count":0,"_bbp_anonymous_reply_count":0,"_bbp_topic_count_hidden":0,"_bbp_reply_count_hidden":0,"_bbp_forum_subforum_count":0,"footnotes":""},"class_list":["post-3585","page","type-page","status-publish","hentry"],"post_mailing_queue_ids":[],"_links":{"self":[{"href":"https:\/\/agora.xtec.cat\/iesvplantada\/wp-json\/wp\/v2\/pages\/3585","targetHints":{"allow":["GET"]}}],"collection":[{"href":"https:\/\/agora.xtec.cat\/iesvplantada\/wp-json\/wp\/v2\/pages"}],"about":[{"href":"https:\/\/agora.xtec.cat\/iesvplantada\/wp-json\/wp\/v2\/types\/page"}],"author":[{"embeddable":true,"href":"https:\/\/agora.xtec.cat\/iesvplantada\/wp-json\/wp\/v2\/users\/7"}],"replies":[{"embeddable":true,"href":"https:\/\/agora.xtec.cat\/iesvplantada\/wp-json\/wp\/v2\/comments?post=3585"}],"version-history":[{"count":6,"href":"https:\/\/agora.xtec.cat\/iesvplantada\/wp-json\/wp\/v2\/pages\/3585\/revisions"}],"predecessor-version":[{"id":10502,"href":"https:\/\/agora.xtec.cat\/iesvplantada\/wp-json\/wp\/v2\/pages\/3585\/revisions\/10502"}],"up":[{"embeddable":true,"href":"https:\/\/agora.xtec.cat\/iesvplantada\/wp-json\/wp\/v2\/pages\/3638"}],"wp:attachment":[{"href":"https:\/\/agora.xtec.cat\/iesvplantada\/wp-json\/wp\/v2\/media?parent=3585"}],"curies":[{"name":"wp","href":"https:\/\/api.w.org\/{rel}","templated":true}]}}