{"id":3147,"date":"2018-06-23T14:02:12","date_gmt":"2018-06-23T12:02:12","guid":{"rendered":"http:\/\/agora.xtec.cat\/iesvplantada\/?page_id=3147"},"modified":"2018-07-11T18:17:50","modified_gmt":"2018-07-11T16:17:50","slug":"deures-destiu-2018","status":"publish","type":"page","link":"https:\/\/agora.xtec.cat\/iesvplantada\/deures-destiu-2018\/","title":{"rendered":"Deures d&#8217;estiu 2018"},"content":{"rendered":"<p><strong>Aqu\u00ed teniu la feina que s&#8217;ha de fer, i\u00a0<span style=\"text-decoration: underline;\">presentar el mateix dia de l&#8217;examen<\/span>, en el cas que s&#8217;hagi de recuperar la mat\u00e8ria al setembre:<\/strong><\/p>\n<table class=\" aligncenter\" style=\"width: 775px;\">\n<tbody>\n<tr style=\"font-size: 125%; background-color: #d86e3e;\">\n<td style=\"width: 163px; text-align: center;\"><\/td>\n<td style=\"width: 127px; color: white; text-align: center;\"><strong>1r d\u2019ESO<\/strong><\/td>\n<td style=\"width: 116px; color: white; text-align: center;\"><strong>2n d\u2019ESO<\/strong><\/td>\n<td style=\"width: 136px; color: white; text-align: center;\"><strong>3r d\u2019ESO<\/strong><\/td>\n<td style=\"width: 121px; color: white; text-align: center;\"><strong>4t d\u2019ESO<\/strong><\/td>\n<td style=\"width: 112px; color: white; text-align: center;\"><strong>1r Batxillerat<\/strong><\/td>\n<\/tr>\n<tr>\n<td style=\"width: 163px;\"><strong><b><br \/>\n<\/b><\/strong><\/p>\n<h2>Angl\u00e8s<\/h2>\n<\/td>\n<td style=\"width: 127px;\"><a href=\"http:\/\/agora.xtec.cat\/iesvplantada\/wp-content\/uploads\/usu537\/bp-attachments\/1787\/Dossier-de-recuperaci\u00a2-angl\u00e4s-1r-ESO-amb-solucionari.pdf\" target=\"_blank\" rel=\"noopener noreferrer\"><img decoding=\"async\" class=\"aligncenter\" src=\"http:\/\/agora.xtec.cat\/iesvplantada\/wp-content\/uploads\/usu537\/2017\/07\/linedpaperpencil32.png\" \/><\/a><\/td>\n<td style=\"width: 116px;\"><a href=\"http:\/\/agora.xtec.cat\/iesvplantada\/wp-content\/uploads\/usu537\/bp-attachments\/1787\/Dossier-de-recuperaci\u00f3-angl\u00e8s-2n-ESO-amb-solucionari.pdf\" target=\"_blank\" rel=\"noopener noreferrer\"><img decoding=\"async\" class=\"aligncenter\" src=\"http:\/\/agora.xtec.cat\/iesvplantada\/wp-content\/uploads\/usu537\/2017\/07\/linedpaperpencil32.png\" \/><\/a><\/td>\n<td style=\"width: 136px;\"><a href=\"http:\/\/agora.xtec.cat\/iesvplantada\/wp-content\/uploads\/usu537\/bp-attachments\/1787\/dossier-de-recuperaci\u00a2-angl\u00e4s-3r-ESO-amb-solucionari.pdf\" target=\"_blank\" rel=\"noopener noreferrer\"><img decoding=\"async\" class=\"aligncenter\" src=\"http:\/\/agora.xtec.cat\/iesvplantada\/wp-content\/uploads\/usu537\/2017\/07\/linedpaperpencil32.png\" \/><\/a><\/td>\n<td style=\"width: 121px;\"><a href=\"http:\/\/agora.xtec.cat\/iesvplantada\/wp-content\/uploads\/usu537\/bp-attachments\/1787\/Dossier-de-recuperacioangl\u00e4s-4t-ESO-amb-solucionari.pdf\" target=\"_blank\" rel=\"noopener noreferrer\"><img decoding=\"async\" class=\"aligncenter\" src=\"http:\/\/agora.xtec.cat\/iesvplantada\/wp-content\/uploads\/usu537\/2017\/07\/linedpaperpencil32.png\" \/><\/a><\/td>\n<td style=\"width: 112px;\"><\/td>\n<\/tr>\n<tr>\n<td style=\"width: 163px;\"><strong><br \/>\n<\/strong><\/p>\n<h2>Biologia i Geologia<\/h2>\n<\/td>\n<td style=\"width: 127px;\"><a href=\"http:\/\/agora.xtec.cat\/iesvplantada\/wp-content\/uploads\/usu537\/bp-attachments\/3150\/DOSSIER_RECUPERACIO_CCNN_1_ESO_ORDINARI_SET_18.pdf\" target=\"_blank\" rel=\"noopener noreferrer\"><img loading=\"lazy\" decoding=\"async\" class=\"aligncenter\" src=\"http:\/\/agora.xtec.cat\/iesvplantada\/wp-content\/uploads\/usu537\/2017\/07\/linedpaperpencil32.png\" alt=\"\" width=\"32\" height=\"32\" \/><\/a><span style=\"text-decoration: underline;\"><strong>Alumnes NEE<\/strong><\/span><br \/>\n<a href=\"http:\/\/agora.xtec.cat\/iesvplantada\/wp-content\/uploads\/usu537\/bp-attachments\/3150\/DOSSIER_RECUPERACIO_CCNN_1_ESO_ADAPTAT_SET_18.pdf\" target=\"_blank\" rel=\"noopener noreferrer\"><img loading=\"lazy\" decoding=\"async\" class=\"aligncenter\" src=\"http:\/\/agora.xtec.cat\/iesvplantada\/wp-content\/uploads\/usu537\/2017\/07\/linedpaperpencil32.png\" alt=\"\" width=\"32\" height=\"32\" \/><\/a><\/td>\n<td style=\"width: 116px;\"><\/td>\n<td style=\"width: 136px;\"><a href=\"http:\/\/agora.xtec.cat\/iesvplantada\/wp-content\/uploads\/usu537\/bp-attachments\/3150\/DOSSIER_RECUPERACIO_BIOLOGIA_GEOLOGIA_3_ESO_-GENERAL_SET_18.pdf\" target=\"_blank\" rel=\"noopener noreferrer\"><img loading=\"lazy\" decoding=\"async\" class=\"aligncenter\" src=\"http:\/\/agora.xtec.cat\/iesvplantada\/wp-content\/uploads\/usu537\/2017\/07\/linedpaperpencil32.png\" alt=\"\" width=\"32\" height=\"32\" \/><\/a><\/td>\n<td style=\"width: 121px;\"><\/td>\n<td style=\"width: 112px;\"><\/td>\n<\/tr>\n<tr>\n<td style=\"width: 163px;\"><strong><br \/>\n<\/strong><\/p>\n<h2>Castell\u00e0<\/h2>\n<\/td>\n<td style=\"width: 127px;\"><a href=\"http:\/\/agora.xtec.cat\/iesvplantada\/wp-content\/uploads\/usu537\/bp-attachments\/3150\/DossierRecuCaste1oESO.pdf\" target=\"_blank\" rel=\"noopener noreferrer\"><img loading=\"lazy\" decoding=\"async\" class=\"aligncenter\" src=\"http:\/\/agora.xtec.cat\/iesvplantada\/wp-content\/uploads\/usu537\/2017\/07\/linedpaperpencil32.png\" alt=\"\" width=\"32\" height=\"32\" \/><\/a><\/td>\n<td style=\"width: 116px;\"><a href=\"http:\/\/agora.xtec.cat\/iesvplantada\/wp-content\/uploads\/usu537\/bp-attachments\/3150\/DossierRecuCaste2oESO.pdf\" target=\"_blank\" rel=\"noopener noreferrer\"><img loading=\"lazy\" decoding=\"async\" class=\"aligncenter\" src=\"http:\/\/agora.xtec.cat\/iesvplantada\/wp-content\/uploads\/usu537\/2017\/07\/linedpaperpencil32.png\" alt=\"\" width=\"32\" height=\"32\" \/><\/a><\/td>\n<td style=\"width: 136px;\"><a href=\"http:\/\/agora.xtec.cat\/iesvplantada\/wp-content\/uploads\/usu537\/bp-attachments\/3150\/DossierRecuCaste3oESO.pdf\" target=\"_blank\" rel=\"noopener noreferrer\"><img loading=\"lazy\" decoding=\"async\" class=\"aligncenter\" src=\"http:\/\/agora.xtec.cat\/iesvplantada\/wp-content\/uploads\/usu537\/2017\/07\/linedpaperpencil32.png\" alt=\"\" width=\"32\" height=\"32\" \/><\/a><\/td>\n<td style=\"width: 121px;\"><\/td>\n<td style=\"width: 112px;\"><\/td>\n<\/tr>\n<tr>\n<td style=\"width: 163px;\"><strong><br \/>\n<\/strong><\/p>\n<h2>Catal\u00e0<\/h2>\n<p><a href=\"http:\/\/agora.xtec.cat\/iesvplantada\/wp-content\/uploads\/usu537\/bp-attachments\/3150\/Criteris-catal\u00c3-setembre.pdf\" target=\"_blank\" rel=\"noopener noreferrer\"><span style=\"text-decoration: underline;\"><strong>Indicacions General<\/strong><\/span><\/a><\/td>\n<td style=\"width: 127px;\"><\/td>\n<td style=\"width: 116px;\"><a href=\"http:\/\/agora.xtec.cat\/iesvplantada\/wp-content\/uploads\/usu537\/bp-attachments\/3150\/DOSSIER-DE-RECUPERACI\u00d3-DE-LLENGUA-CATALANA.pdf\" target=\"_blank\" rel=\"noopener noreferrer\"><img loading=\"lazy\" decoding=\"async\" class=\"aligncenter\" src=\"http:\/\/agora.xtec.cat\/iesvplantada\/wp-content\/uploads\/usu537\/2017\/07\/linedpaperpencil32.png\" alt=\"\" width=\"32\" height=\"32\" \/><\/a><\/td>\n<td style=\"width: 136px;\"><a href=\"http:\/\/agora.xtec.cat\/iesvplantada\/wp-content\/uploads\/usu537\/bp-attachments\/3150\/DOSSIER-DE-RECUPERACI\u00d3__-LLENGUA-CATALANA-3r-ESO.pdf\" target=\"_blank\" rel=\"noopener noreferrer\"><img loading=\"lazy\" decoding=\"async\" class=\"aligncenter\" src=\"http:\/\/agora.xtec.cat\/iesvplantada\/wp-content\/uploads\/usu537\/2017\/07\/linedpaperpencil32.png\" alt=\"\" width=\"32\" height=\"32\" \/><\/a><\/td>\n<td style=\"width: 121px;\"><\/td>\n<td style=\"width: 112px;\"><\/td>\n<\/tr>\n<tr>\n<td style=\"width: 163px;\"><strong><b><br \/>\n<\/b><\/strong><\/p>\n<h2>Ci\u00e8ncies Socials<\/h2>\n<\/td>\n<td style=\"width: 127px;\"><a href=\"http:\/\/agora.xtec.cat\/iesvplantada\/wp-content\/uploads\/usu537\/bp-attachments\/3150\/DOSSIER-RECUPERACI\u00d3-DESTIU-CCSS-1r-dESO.pdf\" target=\"_blank\" rel=\"noopener noreferrer\"><img loading=\"lazy\" decoding=\"async\" class=\"aligncenter\" src=\"http:\/\/agora.xtec.cat\/iesvplantada\/wp-content\/uploads\/usu537\/2017\/07\/linedpaperpencil32.png\" alt=\"\" width=\"32\" height=\"32\" \/><\/a><\/td>\n<td style=\"width: 116px;\"><a href=\"http:\/\/agora.xtec.cat\/iesvplantada\/wp-content\/uploads\/usu537\/bp-attachments\/3150\/DOSSIER-ESTIU-SETEMBRE-2n-dESO.pdf\" target=\"_blank\" rel=\"noopener noreferrer\"><img loading=\"lazy\" decoding=\"async\" class=\"aligncenter\" src=\"http:\/\/agora.xtec.cat\/iesvplantada\/wp-content\/uploads\/usu537\/2017\/07\/linedpaperpencil32.png\" alt=\"\" width=\"32\" height=\"32\" \/><\/a><\/td>\n<td style=\"width: 136px;\"><a href=\"http:\/\/agora.xtec.cat\/iesvplantada\/wp-content\/uploads\/usu537\/bp-attachments\/3150\/DOSSIER-ESTIU-3r-dESO.pdf\" target=\"_blank\" rel=\"noopener noreferrer\"><img loading=\"lazy\" decoding=\"async\" class=\"aligncenter\" src=\"http:\/\/agora.xtec.cat\/iesvplantada\/wp-content\/uploads\/usu537\/2017\/07\/linedpaperpencil32.png\" alt=\"\" width=\"32\" height=\"32\" \/><\/a><\/td>\n<td style=\"width: 121px;\"><a href=\"http:\/\/agora.xtec.cat\/iesvplantada\/wp-content\/uploads\/usu537\/bp-attachments\/3150\/DOSSIER-ESTIU-4t-dESO.pdf\" target=\"_blank\" rel=\"noopener noreferrer\"><img loading=\"lazy\" decoding=\"async\" class=\"aligncenter\" src=\"http:\/\/agora.xtec.cat\/iesvplantada\/wp-content\/uploads\/usu537\/2017\/07\/linedpaperpencil32.png\" alt=\"\" width=\"32\" height=\"32\" \/><\/a><\/td>\n<td style=\"width: 112px;\"><\/td>\n<\/tr>\n<tr>\n<td style=\"width: 163px;\"><strong><br \/>\n<\/strong><\/p>\n<h2>Ed. Visual i Pl\u00e0stica<\/h2>\n<\/td>\n<td style=\"width: 127px;\"><a href=\"http:\/\/agora.xtec.cat\/iesvplantada\/wp-content\/uploads\/usu537\/bp-attachments\/3150\/DOSSIER-DE-RECUPERACI\u00d3-DE-1r-ESO.pdf\" target=\"_blank\" rel=\"noopener noreferrer\"><img loading=\"lazy\" decoding=\"async\" class=\"aligncenter\" src=\"http:\/\/agora.xtec.cat\/iesvplantada\/wp-content\/uploads\/usu537\/2017\/07\/linedpaperpencil32.png\" alt=\"\" width=\"32\" height=\"32\" \/><\/a><\/td>\n<td style=\"width: 116px;\"><a href=\"http:\/\/agora.xtec.cat\/iesvplantada\/wp-content\/uploads\/usu537\/bp-attachments\/3150\/Dossier-recuperaci\u00f3-dEducaci\u00f3-Visual-i-Pl\u00e0stica-2n-ESO.pdf\" target=\"_blank\" rel=\"noopener noreferrer\"><img loading=\"lazy\" decoding=\"async\" class=\"aligncenter\" src=\"http:\/\/agora.xtec.cat\/iesvplantada\/wp-content\/uploads\/usu537\/2017\/07\/linedpaperpencil32.png\" alt=\"\" width=\"32\" height=\"32\" \/><\/a><\/td>\n<td style=\"width: 136px;\"><\/td>\n<td style=\"width: 121px;\">\u00a0<a href=\"http:\/\/agora.xtec.cat\/iesvplantada\/wp-content\/uploads\/usu537\/bp-attachments\/3150\/dossier-recuperacio-4t-eso.pdf\" target=\"_blank\" rel=\"noopener noreferrer\"><img loading=\"lazy\" decoding=\"async\" class=\"aligncenter\" src=\"http:\/\/agora.xtec.cat\/iesvplantada\/wp-content\/uploads\/usu537\/2017\/07\/linedpaperpencil32.png\" alt=\"\" width=\"32\" height=\"32\" \/><\/a><\/td>\n<td style=\"width: 112px;\"><\/td>\n<\/tr>\n<tr>\n<td style=\"width: 163px;\"><strong><br \/>\n<\/strong><\/p>\n<h2>Emprenadoria<\/h2>\n<\/td>\n<td style=\"width: 127px;\"><\/td>\n<td style=\"width: 116px;\"><\/td>\n<td style=\"width: 136px;\"><a href=\"http:\/\/agora.xtec.cat\/iesvplantada\/wp-content\/uploads\/usu537\/bp-attachments\/3150\/RECUPERACI\u00d3-SETEMBRE-EMPRENDORIA.pdf\" target=\"_blank\" rel=\"noopener noreferrer\"><img loading=\"lazy\" decoding=\"async\" class=\"aligncenter\" src=\"http:\/\/agora.xtec.cat\/iesvplantada\/wp-content\/uploads\/usu537\/2017\/07\/linedpaperpencil32.png\" alt=\"\" width=\"32\" height=\"32\" \/><\/a><\/td>\n<td style=\"width: 121px;\"><\/td>\n<td style=\"width: 112px;\"><\/td>\n<\/tr>\n<tr>\n<td style=\"width: 163px;\"><strong><br \/>\n<\/strong><\/p>\n<h2>F\u00edsica i Qu\u00edmica<\/h2>\n<\/td>\n<td style=\"width: 127px;\"><\/td>\n<td style=\"width: 116px;\"><a href=\"http:\/\/agora.xtec.cat\/iesvplantada\/wp-content\/uploads\/usu537\/bp-attachments\/3150\/FQ2n-ESO_dossier-recuperacio_estiu-2018.pdf\" target=\"_blank\" rel=\"noopener noreferrer\"><img loading=\"lazy\" decoding=\"async\" class=\"aligncenter\" src=\"http:\/\/agora.xtec.cat\/iesvplantada\/wp-content\/uploads\/usu537\/2017\/07\/linedpaperpencil32.png\" alt=\"\" width=\"32\" height=\"32\" \/><\/a><\/td>\n<td style=\"width: 136px;\"><a href=\"http:\/\/agora.xtec.cat\/iesvplantada\/wp-content\/uploads\/usu537\/bp-attachments\/3150\/FQ3r-ESO_dossier-recuperacio_estiu-2018.pdf\" target=\"_blank\" rel=\"noopener noreferrer\"><img loading=\"lazy\" decoding=\"async\" class=\"aligncenter\" src=\"http:\/\/agora.xtec.cat\/iesvplantada\/wp-content\/uploads\/usu537\/2017\/07\/linedpaperpencil32.png\" alt=\"\" width=\"32\" height=\"32\" \/><\/a><\/td>\n<td style=\"width: 121px;\"><a href=\"http:\/\/agora.xtec.cat\/iesvplantada\/wp-content\/uploads\/usu537\/bp-attachments\/3150\/FQ4t-ESO_dossier-recuperacio_estiu-2018.pdf\" target=\"_blank\" rel=\"noopener noreferrer\"><img loading=\"lazy\" decoding=\"async\" class=\"aligncenter\" src=\"http:\/\/agora.xtec.cat\/iesvplantada\/wp-content\/uploads\/usu537\/2017\/07\/linedpaperpencil32.png\" alt=\"\" width=\"32\" height=\"32\" \/><\/a><\/td>\n<td style=\"width: 112px;\"><\/td>\n<\/tr>\n<tr>\n<td style=\"width: 163px;\"><strong><br \/>\n<\/strong><\/p>\n<h2>Llat\u00ed<\/h2>\n<p><strong>\u00a0<\/strong><\/p>\n<h2>Grec<\/h2>\n<\/td>\n<td style=\"width: 127px;\"><\/td>\n<td style=\"width: 116px;\"><\/td>\n<td style=\"width: 136px;\"><\/td>\n<td style=\"width: 121px;\">\u00a0<a href=\"http:\/\/agora.xtec.cat\/iesvplantada\/wp-content\/uploads\/usu537\/bp-attachments\/3150\/LLAT\u00cd.-Deures-destiu-de-4t-dESO-2018.pdf\" target=\"_blank\" rel=\"noopener noreferrer\"><img loading=\"lazy\" decoding=\"async\" class=\"aligncenter\" src=\"http:\/\/agora.xtec.cat\/iesvplantada\/wp-content\/uploads\/usu537\/2017\/07\/linedpaperpencil32.png\" alt=\"\" width=\"32\" height=\"32\" \/><\/a><b><\/b><\/td>\n<td style=\"width: 112px;\"><span style=\"text-decoration: underline;\"><strong>Llat\u00ed<\/strong><\/span><br \/>\n<a href=\"http:\/\/agora.xtec.cat\/iesvplantada\/wp-content\/uploads\/usu537\/bp-attachments\/3150\/LLAT\u00cd-1r-Batx.-Deures-destiu-2018.pdf\" target=\"_blank\" rel=\"noopener noreferrer\"><img loading=\"lazy\" decoding=\"async\" class=\"aligncenter\" src=\"http:\/\/agora.xtec.cat\/iesvplantada\/wp-content\/uploads\/usu537\/2017\/07\/linedpaperpencil32.png\" alt=\"\" width=\"32\" height=\"32\" \/><\/a><b><u>Grec<\/u><\/b><br \/>\n<a href=\"http:\/\/agora.xtec.cat\/iesvplantada\/wp-content\/uploads\/usu537\/bp-attachments\/3150\/GREC.-1r-Batx.-Deures-destiu-2018.pdf\" target=\"_blank\" rel=\"noopener noreferrer\"><img loading=\"lazy\" decoding=\"async\" class=\"aligncenter\" src=\"http:\/\/agora.xtec.cat\/iesvplantada\/wp-content\/uploads\/usu537\/2017\/07\/linedpaperpencil32.png\" alt=\"\" width=\"32\" height=\"32\" \/><\/a><\/td>\n<\/tr>\n<tr>\n<td style=\"width: 163px;\"><strong><br \/>\n<\/strong><\/p>\n<h2>Matem\u00e0tiques<\/h2>\n<\/td>\n<td style=\"width: 127px;\"><a href=\"http:\/\/agora.xtec.cat\/iesvplantada\/wp-content\/uploads\/usu537\/bp-attachments\/3150\/1r-ESO-1718-Dossier-destiu.pdf\" target=\"_blank\" rel=\"noopener noreferrer\"><img loading=\"lazy\" decoding=\"async\" class=\"aligncenter\" src=\"http:\/\/agora.xtec.cat\/iesvplantada\/wp-content\/uploads\/usu537\/2017\/07\/linedpaperpencil32.png\" alt=\"\" width=\"32\" height=\"32\" \/><\/a><\/td>\n<td style=\"width: 116px;\"><a href=\"http:\/\/agora.xtec.cat\/iesvplantada\/wp-content\/uploads\/usu537\/bp-attachments\/3150\/2n-ESO-1718-Dossier-destiu-de-Matem\u00e0tiques.pdf\" target=\"_blank\" rel=\"noopener noreferrer\"><img loading=\"lazy\" decoding=\"async\" class=\"aligncenter\" src=\"http:\/\/agora.xtec.cat\/iesvplantada\/wp-content\/uploads\/usu537\/2017\/07\/linedpaperpencil32.png\" alt=\"\" width=\"32\" height=\"32\" \/><\/a><\/td>\n<td style=\"width: 136px;\"><a href=\"http:\/\/agora.xtec.cat\/iesvplantada\/wp-content\/uploads\/usu537\/bp-attachments\/3150\/3r-ESO-1718-Dossier-destiu.pdf\" target=\"_blank\" rel=\"noopener noreferrer\"><img loading=\"lazy\" decoding=\"async\" class=\"aligncenter\" src=\"http:\/\/agora.xtec.cat\/iesvplantada\/wp-content\/uploads\/usu537\/2017\/07\/linedpaperpencil32.png\" alt=\"\" width=\"32\" height=\"32\" \/><\/a><\/td>\n<td style=\"width: 121px;\"><a href=\"http:\/\/agora.xtec.cat\/iesvplantada\/wp-content\/uploads\/usu537\/bp-attachments\/3150\/4t-ESO-1718-Dossier-destiu.pdf\" target=\"_blank\" rel=\"noopener noreferrer\"><img loading=\"lazy\" decoding=\"async\" class=\"aligncenter\" src=\"http:\/\/agora.xtec.cat\/iesvplantada\/wp-content\/uploads\/usu537\/2017\/07\/linedpaperpencil32.png\" alt=\"\" width=\"32\" height=\"32\" \/><\/a><\/td>\n<td style=\"width: 112px;\"><\/td>\n<\/tr>\n<tr>\n<td style=\"width: 163px;\">\n<h2><strong>M\u00fasica<\/strong><\/h2>\n<\/td>\n<td style=\"width: 127px;\"><a href=\"http:\/\/agora.xtec.cat\/iesvplantada\/wp-content\/uploads\/usu537\/bp-attachments\/3150\/Dossier-estiu-1rESO.pdf\" target=\"_blank\" rel=\"noopener noreferrer\"><img loading=\"lazy\" decoding=\"async\" class=\"aligncenter\" src=\"http:\/\/agora.xtec.cat\/iesvplantada\/wp-content\/uploads\/usu537\/2017\/07\/linedpaperpencil32.png\" alt=\"\" width=\"32\" height=\"32\" \/><\/a><\/td>\n<td style=\"width: 116px;\"><\/td>\n<td style=\"width: 136px;\"><span style=\"text-decoration: underline;\"><strong>UAC<\/strong><\/span><\/p>\n<p><a href=\"http:\/\/agora.xtec.cat\/iesvplantada\/wp-content\/uploads\/usu537\/bp-attachments\/3150\/Dossier-estiu-3UAC.pdf\" target=\"_blank\" rel=\"noopener noreferrer\"><img loading=\"lazy\" decoding=\"async\" class=\"aligncenter\" src=\"http:\/\/agora.xtec.cat\/iesvplantada\/wp-content\/uploads\/usu537\/2017\/07\/linedpaperpencil32.png\" alt=\"\" width=\"32\" height=\"32\" \/><\/a><\/td>\n<td style=\"width: 121px;\"><a href=\"http:\/\/agora.xtec.cat\/iesvplantada\/wp-content\/uploads\/usu537\/bp-attachments\/3150\/Dossier-estiu-4t.pdf\" target=\"_blank\" rel=\"noopener noreferrer\"><img loading=\"lazy\" decoding=\"async\" class=\"aligncenter\" src=\"http:\/\/agora.xtec.cat\/iesvplantada\/wp-content\/uploads\/usu537\/2017\/07\/linedpaperpencil32.png\" alt=\"\" width=\"32\" height=\"32\" \/><\/a><\/td>\n<\/tr>\n<tr>\n<td style=\"width: 163px;\"><strong><br \/>\n<\/strong><\/p>\n<h2>Tecnologia<\/h2>\n<\/td>\n<td style=\"width: 127px;\"><\/td>\n<td style=\"width: 116px;\"><a href=\"http:\/\/agora.xtec.cat\/iesvplantada\/wp-content\/uploads\/usu537\/bp-attachments\/3150\/Sufici\u00e8ncia_i_recuperaci\u00f3_2n_ESO_TECNO_revisat_2018.pdf\" target=\"_blank\" rel=\"noopener noreferrer\"><img loading=\"lazy\" decoding=\"async\" class=\"aligncenter\" src=\"http:\/\/agora.xtec.cat\/iesvplantada\/wp-content\/uploads\/usu537\/2017\/07\/linedpaperpencil32.png\" alt=\"\" width=\"32\" height=\"32\" \/><\/a><\/td>\n<td style=\"width: 136px;\">\u00a0<a href=\"http:\/\/agora.xtec.cat\/iesvplantada\/wp-content\/uploads\/usu537\/bp-attachments\/3150\/DOSSIER-RECUPERACIO-Tecnologia-3er-ESO-SETEMBRE-curs-2017-2018.pdf\" target=\"_blank\" rel=\"noopener noreferrer\"><img loading=\"lazy\" decoding=\"async\" class=\"aligncenter\" src=\"http:\/\/agora.xtec.cat\/iesvplantada\/wp-content\/uploads\/usu537\/2017\/07\/linedpaperpencil32.png\" alt=\"\" width=\"32\" height=\"32\" \/><\/a><\/td>\n<td style=\"width: 121px;\"><\/td>\n<td style=\"width: 112px;\"><\/td>\n<\/tr>\n<tr>\n<td style=\"width: 163px;\">\n<h2>Treball de S\u00edntesi<\/h2>\n<\/td>\n<td style=\"width: 127px;\"><\/td>\n<td style=\"width: 116px;\"><\/td>\n<td style=\"width: 136px;\"><a href=\"http:\/\/agora.xtec.cat\/iesvplantada\/wp-content\/uploads\/usu537\/bp-attachments\/3150\/RECUPERACIO\u0301-SETEMBRE-SI\u0301NTESI-3r-ESO.pdf\" target=\"_blank\" rel=\"noopener noreferrer\"><img loading=\"lazy\" decoding=\"async\" class=\"aligncenter\" src=\"http:\/\/agora.xtec.cat\/iesvplantada\/wp-content\/uploads\/usu537\/2017\/07\/linedpaperpencil32.png\" alt=\"\" width=\"32\" height=\"32\" \/><\/a><\/td>\n<td style=\"width: 121px;\"><\/td>\n<td style=\"width: 112px;\"><\/td>\n<\/tr>\n<tr>\n<td style=\"width: 163px;\">\n<h2><strong>Grup redu\u00eft<\/strong><\/h2>\n<\/td>\n<td style=\"width: 243px;\" colspan=\"2\"><a href=\"http:\/\/agora.xtec.cat\/iesvplantada\/wp-content\/uploads\/usu537\/bp-attachments\/3150\/DOSSIER-DESTIU-17-18.pdf\" target=\"_blank\" rel=\"noopener noreferrer\"><img loading=\"lazy\" decoding=\"async\" class=\"aligncenter\" src=\"http:\/\/agora.xtec.cat\/iesvplantada\/wp-content\/uploads\/usu537\/2017\/07\/linedpaperpencil32.png\" alt=\"\" width=\"32\" height=\"32\" \/><\/a><\/td>\n<td style=\"width: 136px;\"><\/td>\n<td style=\"width: 121px;\"><\/td>\n<td style=\"width: 112px;\"><\/td>\n<\/tr>\n<\/tbody>\n<\/table>\n","protected":false},"excerpt":{"rendered":"<p>Aqu\u00ed teniu la feina que s&#8217;ha de fer, i\u00a0presentar el mateix dia de l&#8217;examen, en el cas que s&#8217;hagi de recuperar la mat\u00e8ria al setembre:<\/p>\n<p>1r d\u2019ESO<br \/>\n2n d\u2019ESO<br \/>\n3r d\u2019ESO<br \/>\n4t d\u2019ESO<br \/>\n1r Batxillerat<\/p>\n<p>Angl\u00e8s<\/p>\n<p><a href=\"http:\/\/agora.xtec.cat\/iesvplantada\/wp-content\/uploads\/usu537\/bp-attachments\/1787\/Dossier-de-recuperaci\u00a2-angl\u00e4s-1r-ESO-amb-solucionari.pdf\" target=\"_blank\" rel=\"noopener noreferrer\"><\/a><br \/>\n<a href=\"http:\/\/agora.xtec.cat\/iesvplantada\/wp-content\/uploads\/usu537\/bp-attachments\/1787\/Dossier-de-recuperaci\u00f3-angl\u00e8s-2n-ESO-amb-solucionari.pdf\" target=\"_blank\" rel=\"noopener noreferrer\"><\/a><br \/>\n<a href=\"http:\/\/agora.xtec.cat\/iesvplantada\/wp-content\/uploads\/usu537\/bp-attachments\/1787\/dossier-de-recuperaci\u00a2-angl\u00e4s-3r-ESO-amb-solucionari.pdf\" target=\"_blank\" rel=\"noopener noreferrer\"><\/a><br \/>\n<a href=\"http:\/\/agora.xtec.cat\/iesvplantada\/wp-content\/uploads\/usu537\/bp-attachments\/1787\/Dossier-de-recuperacioangl\u00e4s-4t-ESO-amb-solucionari.pdf\" target=\"_blank\" rel=\"noopener&hellip;  <a href=\"https:\/\/agora.xtec.cat\/iesvplantada\/deures-destiu-2018\/\" title=\"Read Deures d&#8217;estiu 2018\">Llegeix m\u00e9s\u00bb<\/a><\/p>\n","protected":false},"author":7,"featured_media":0,"parent":0,"menu_order":0,"comment_status":"closed","ping_status":"closed","template":"","meta":{"_bbp_topic_count":0,"_bbp_reply_count":0,"_bbp_total_topic_count":0,"_bbp_total_reply_count":0,"_bbp_voice_count":0,"_bbp_anonymous_reply_count":0,"_bbp_topic_count_hidden":0,"_bbp_reply_count_hidden":0,"_bbp_forum_subforum_count":0,"footnotes":""},"class_list":["post-3147","page","type-page","status-publish","hentry"],"post_mailing_queue_ids":[],"_links":{"self":[{"href":"https:\/\/agora.xtec.cat\/iesvplantada\/wp-json\/wp\/v2\/pages\/3147","targetHints":{"allow":["GET"]}}],"collection":[{"href":"https:\/\/agora.xtec.cat\/iesvplantada\/wp-json\/wp\/v2\/pages"}],"about":[{"href":"https:\/\/agora.xtec.cat\/iesvplantada\/wp-json\/wp\/v2\/types\/page"}],"author":[{"embeddable":true,"href":"https:\/\/agora.xtec.cat\/iesvplantada\/wp-json\/wp\/v2\/users\/7"}],"replies":[{"embeddable":true,"href":"https:\/\/agora.xtec.cat\/iesvplantada\/wp-json\/wp\/v2\/comments?post=3147"}],"version-history":[{"count":3,"href":"https:\/\/agora.xtec.cat\/iesvplantada\/wp-json\/wp\/v2\/pages\/3147\/revisions"}],"predecessor-version":[{"id":3217,"href":"https:\/\/agora.xtec.cat\/iesvplantada\/wp-json\/wp\/v2\/pages\/3147\/revisions\/3217"}],"wp:attachment":[{"href":"https:\/\/agora.xtec.cat\/iesvplantada\/wp-json\/wp\/v2\/media?parent=3147"}],"curies":[{"name":"wp","href":"https:\/\/api.w.org\/{rel}","templated":true}]}}