{"id":2375,"date":"2018-01-30T22:18:05","date_gmt":"2018-01-30T21:18:05","guid":{"rendered":"http:\/\/agora.xtec.cat\/iesvplantada\/?page_id=2375"},"modified":"2026-03-25T21:08:51","modified_gmt":"2026-03-25T20:08:51","slug":"cicles","status":"publish","type":"page","link":"https:\/\/agora.xtec.cat\/iesvplantada\/secretaria\/complecio\/cicles\/","title":{"rendered":"Cicles"},"content":{"rendered":"<h3>INFORMACI\u00d3 DE LA COMPLECI\u00d3 DELS CICLES EXTINGITS LOE &#8211; curs 2025-2026<\/h3>\n<h3>Informem a tot l\u2019alumnat i ex-alumnat del centre amb m\u00f2duls i\/o unitats formatives pendents dels cicles formatius en extinci\u00f3\u00a0<i>LOE<\/i>\u00a0que s\u2019obrir\u00e0 el per\u00edode de matr\u00edcula per a la convocat\u00f2ria d\u2019<em><strong>ex\u00e0mens extraordinaris de compleci\u00f3<\/strong><\/em>\u00a0a l\u2019octubre. En el moment de la matr\u00edcula haureu d\u2019especificar de quins m\u00f2duls i\/o unitats formatives us voldreu matricular.<\/h3>\n<h3><strong>Compleci\u00f3 d\u2019estudis<\/strong><\/h3>\n<p>\u00c9s el procediment establert per l\u2019administraci\u00f3 per completar els ensenyaments de formaci\u00f3 professional que s\u2019extingeixen. Es poden completar els estudis durant els dos cursos seg\u00fcents a l\u2019extinci\u00f3 (2025-26 i 2026-27).<\/p>\n<p>Est\u00e0 regulat en Ordre EDF\/74\/2025, de 15 de maig.<\/p>\n<p>En el cas del nostre Institut estan afectats els cicles formatius:<\/p>\n<ul>\n<li>CFGM Guia en el Medi Natural i en Temps de LLeure<\/li>\n<li>CFGS Ensenyament i Animaci\u00f3 Socioesportiva<\/li>\n<\/ul>\n<h3><strong>Inscripci\u00f3 i matr\u00edcula:<\/strong><\/h3>\n<p>La inscripci\u00f3 a les proves d\u2019avaluaci\u00f3 s\u2019ha de dur a terme:<\/p>\n<ul>\n<li><strong>De l\u20191 al 15 d\u2019octubre<\/strong>. Permet participar en les convocat\u00f2ries extraordin\u00e0ries de novembre i d&#8217;abril.<\/li>\n<li><strong>De l&#8217;1 al 15 de mar\u00e7<\/strong>. Permet participar en la convocat\u00f2ria extraordin\u00e0ria d&#8217;abril.<\/li>\n<\/ul>\n<p>Permet participar en les convocat\u00f2ries de novembre i d\u2019abril. L\u2019alumnat haur\u00e0 de confirmar, amb l\u2019antelaci\u00f3, l\u2019assist\u00e8ncia o la ren\u00fancia a la segona convocat\u00f2ria via inst\u00e0ncia adre\u00e7ada al centre per correu electr\u00f2nic a secretaria@insvplantada.cat<\/p>\n<p>&nbsp;<\/p>\n<h4>ENVIAR LA DOCUMENTACI\u00d3 A:\u00a0 <a href=\"mailto:secretaria@insvplantada.cat\">secretaria@insvplantada.cat<\/a> \u2013 <strong>assumpte: compleci\u00f3 Cicles<\/strong><\/h4>\n<p>&nbsp;<\/p>\n<h3 style=\"text-align: center;\"><a href=\"https:\/\/agora.xtec.cat\/iesvplantada\/wp-content\/uploads\/usu537\/2025\/10\/Sollicitud-de-complecio.pdf\">Sol\u00b7licitud de compleci\u00f3<\/a> (a l&#8217;octubre i al mar\u00e7)<\/h3>\n<p>A continuaci\u00f3 teniu un document amb l&#8217;explicaci\u00f3 de com emplenar un document PDF: <a href=\"https:\/\/agora.xtec.cat\/iesvplantada\/wp-content\/uploads\/usu537\/2022\/10\/2_Com_emplenar_un_document_PDF.pdf\" target=\"_blank\" rel=\"noopener\">&#8220;Com emplenar un document PDF&#8221;<\/a><\/p>\n<p>Documents que cal presentar per fer la inscripci\u00f3:<\/p>\n<ul>\n<li>Fotoc\u00f2pia del DNI (annexada)<\/li>\n<li>Ingr\u00e9s del preu p\u00fablic . La ren\u00fancia a la convocat\u00f2ria d\u2019abril no implica la devoluci\u00f3 de la matr\u00edcula.<\/li>\n<\/ul>\n<h3><strong>Preu p\u00fablic:<\/strong><\/h3>\n<p>Preu p\u00fablic per la compleci\u00f3, per unitat formativa, dels\u00a0<i><b><u>cicles formatius de grau superior<\/u><\/b><\/i>\u00a0de formaci\u00f3 professional inicial, d\u2019arts pl\u00e0stiques i disseny, derivats de la Llei org\u00e0nica 2\/2006, de 3 de maig, d\u2019educaci\u00f3 (LOE), impartits en els centres dependents del Departament d\u2019Educaci\u00f3 i Formaci\u00f3 Professional:\u00a0<b>25,00 euros.<\/b><\/p>\n<p>La ren\u00fancia a la convocat\u00f2ria d\u2019abril no implica la devoluci\u00f3 de la matr\u00edcula.<\/p>\n<h3><strong>1a convocat\u00f2ria:<\/strong><\/h3>\n<p>Els ex\u00e0mens de la 1a convocat\u00f2ria es realitzaran entre el 17 i el 28 de novembre. L&#8217;alumnat que est\u00e0 en compleci\u00f3 tindr\u00e0 acc\u00e9s a un curs de Moodle on tindran el detall del dia i hora de cada prova.<\/p>\n<h3><strong>2a convocat\u00f2ria:<\/strong><\/h3>\n<p>Els ex\u00e0mens de la 1a convocat\u00f2ria es realitzaran entre el 13 i el 24 d&#8217;abril. L&#8217;alumnat que est\u00e0 en compleci\u00f3 tindr\u00e0 acc\u00e9s a un curs de Moodle on tindran el detall del dia, hora i funcionament de cada prova.<\/p>\n","protected":false},"excerpt":{"rendered":"<p>INFORMACI\u00d3 DE LA COMPLECI\u00d3 DELS CICLES EXTINGITS LOE &#8211; curs 2025-2026<br \/>\nInformem a tot l\u2019alumnat i ex-alumnat del centre amb m\u00f2duls i\/o unitats formatives pendents dels cicles formatius en extinci\u00f3\u00a0LOE\u00a0que s\u2019obrir\u00e0 el per\u00edode de matr\u00edcula per a la convocat\u00f2ria d\u2019ex\u00e0mens extraordinaris de compleci\u00f3\u00a0a l\u2019octubre. En el&hellip;  <a href=\"https:\/\/agora.xtec.cat\/iesvplantada\/secretaria\/complecio\/cicles\/\" title=\"Read Cicles\">Llegeix m\u00e9s\u00bb<\/a><\/p>\n","protected":false},"author":7,"featured_media":0,"parent":1210,"menu_order":20,"comment_status":"closed","ping_status":"closed","template":"page-templates\/side-menu.php","meta":{"_bbp_topic_count":0,"_bbp_reply_count":0,"_bbp_total_topic_count":0,"_bbp_total_reply_count":0,"_bbp_voice_count":0,"_bbp_anonymous_reply_count":0,"_bbp_topic_count_hidden":0,"_bbp_reply_count_hidden":0,"_bbp_forum_subforum_count":0,"footnotes":""},"class_list":["post-2375","page","type-page","status-publish","hentry"],"post_mailing_queue_ids":[],"_links":{"self":[{"href":"https:\/\/agora.xtec.cat\/iesvplantada\/wp-json\/wp\/v2\/pages\/2375","targetHints":{"allow":["GET"]}}],"collection":[{"href":"https:\/\/agora.xtec.cat\/iesvplantada\/wp-json\/wp\/v2\/pages"}],"about":[{"href":"https:\/\/agora.xtec.cat\/iesvplantada\/wp-json\/wp\/v2\/types\/page"}],"author":[{"embeddable":true,"href":"https:\/\/agora.xtec.cat\/iesvplantada\/wp-json\/wp\/v2\/users\/7"}],"replies":[{"embeddable":true,"href":"https:\/\/agora.xtec.cat\/iesvplantada\/wp-json\/wp\/v2\/comments?post=2375"}],"version-history":[{"count":6,"href":"https:\/\/agora.xtec.cat\/iesvplantada\/wp-json\/wp\/v2\/pages\/2375\/revisions"}],"predecessor-version":[{"id":11346,"href":"https:\/\/agora.xtec.cat\/iesvplantada\/wp-json\/wp\/v2\/pages\/2375\/revisions\/11346"}],"up":[{"embeddable":true,"href":"https:\/\/agora.xtec.cat\/iesvplantada\/wp-json\/wp\/v2\/pages\/1210"}],"wp:attachment":[{"href":"https:\/\/agora.xtec.cat\/iesvplantada\/wp-json\/wp\/v2\/media?parent=2375"}],"curies":[{"name":"wp","href":"https:\/\/api.w.org\/{rel}","templated":true}]}}