{"id":2371,"date":"2018-01-30T22:16:11","date_gmt":"2018-01-30T21:16:11","guid":{"rendered":"http:\/\/agora.xtec.cat\/iesvplantada\/?page_id=2371"},"modified":"2026-01-26T23:21:30","modified_gmt":"2026-01-26T22:21:30","slug":"eso","status":"publish","type":"page","link":"https:\/\/agora.xtec.cat\/iesvplantada\/secretaria\/complecio\/eso\/","title":{"rendered":"ESO"},"content":{"rendered":"<h3>Proves anuals per completar els ensenyaments d&#8217;ESO<\/h3>\n<p>Com cada any, el Departament d&#8217;Ensenyament, convoca proves per a l&#8217;obtenci\u00f3 del t\u00edtol de graduat en educaci\u00f3 secund\u00e0ria obligat\u00f2ria, per als alumnes que no l&#8217;hagin obtingut en finalitzar l&#8217;etapa.<\/p>\n<p>Aquestes proves s&#8217;han de realitzar en aquell centre on es troba l&#8217;expedient de l&#8217;alumne, \u00e9s a dir on va cursar l&#8217;\u00faltim curs de l&#8217;ESO.<\/p>\n<h4>Requisits<\/h4>\n<p>Per poder realitzar aquestes proves a la convocat\u00f2ria del 2026 els alumnes han de reunir aquests requisits:<\/p>\n<ol>\n<li>Haver finalitzat l&#8217;ESO l&#8217;any 2024 o 2025<\/li>\n<li>Tenir almenys 18 anys o complir-los durant l&#8217;any 2026.<\/li>\n<li>Haver cursat l&#8217;ESO (el 4t curs incl\u00f2s) sense haver obtingut el t\u00edtol i amb mat\u00e8ries suspeses.<\/li>\n<\/ol>\n<h4>Calendari<\/h4>\n<div style=\"text-align: center;\">\n<table border=\"2\" width=\"700\">\n<tbody>\n<tr>\n<td style=\"width: 353.333px;\"><strong>Fases <\/strong><\/td>\n<td style=\"width: 182.222px;\"><strong>Dates<\/strong><\/td>\n<\/tr>\n<tr>\n<td style=\"width: 353.333px;\"><strong>Presentaci\u00f3 de sol\u00b7licituds d&#8217;inscripci\u00f3<\/strong><\/td>\n<td style=\"width: 182.222px;\">Del 2 al 13 de febrer de 2026<\/td>\n<\/tr>\n<tr>\n<td style=\"width: 353.333px;\">Publicaci\u00f3 al tauler d&#8217;anuncis del centre del calendari de les proves i de les llistes d&#8217;admesos i exclosos<\/td>\n<td style=\"width: 182.222px;\">2 de mar\u00e7 de 2026<\/td>\n<\/tr>\n<tr>\n<td style=\"width: 353.333px;\">Termini de presentaci\u00f3 de reclamacions a les llistes d&#8217;admesos i exclosos<\/td>\n<td style=\"width: 182.222px;\">Del 3 al 5 de mar\u00e7 de 2026<\/td>\n<\/tr>\n<tr>\n<td style=\"width: 536.667px;\" colspan=\"2\"><\/td>\n<\/tr>\n<tr>\n<td style=\"width: 353.333px;\">Realitzaci\u00f3 de les proves<\/td>\n<td style=\"width: 182.222px;\">Durant el mes de mar\u00e7<\/p>\n<p>S&#8217;enviar\u00e0 calendari detallat als admesos.<\/td>\n<\/tr>\n<\/tbody>\n<\/table>\n<\/div>\n<h4>Continguts i Criteris d&#8217;Avaluaci\u00f3<\/h4>\n<p><a href=\"https:\/\/agora.xtec.cat\/iesvplantada\/wp-content\/uploads\/usu537\/2025\/03\/Llengua-castellana.pdf\">Llengua castellana<\/a><\/p>\n<p><a href=\"https:\/\/agora.xtec.cat\/iesvplantada\/wp-content\/uploads\/usu537\/2025\/03\/Llengua-catalana.pdf\">Llengua catalana<\/a><\/p>\n<p><a href=\"https:\/\/agora.xtec.cat\/iesvplantada\/wp-content\/uploads\/usu537\/2025\/03\/Matematiques.pdf\">Matem\u00e0tiques<\/a><\/p>\n<p><a href=\"https:\/\/agora.xtec.cat\/iesvplantada\/wp-content\/uploads\/usu537\/2025\/03\/Competencies-i-Criteris-Avaluacio-GESO-Geografia-i-Historia.pdf\" target=\"_blank\" rel=\"noopener\">Ci\u00e8ncies Socials<\/a><\/p>\n<p><a href=\"https:\/\/agora.xtec.cat\/iesvplantada\/wp-content\/uploads\/usu537\/2025\/03\/Competencies-i-Criteris-Avaluacio-GESO-Tecnologia-i-Digitalitzacio.pdf\">Inform\u00e0tica<\/a><\/p>\n<p>M\u00e9s informaci\u00f3\u00a0<a href=\"https:\/\/espai.educacio.gencat.cat\/Alumnes\/Proves-anuals-completar-ensenyaments-ESO\/Pagines\/default.aspx\" target=\"_blank\" rel=\"noopener\">aqu\u00ed<\/a><\/p>\n","protected":false},"excerpt":{"rendered":"<p>Proves anuals per completar els ensenyaments d&#8217;ESO<br \/>\nCom cada any, el Departament d&#8217;Ensenyament, convoca proves per a l&#8217;obtenci\u00f3 del t\u00edtol de graduat en educaci\u00f3 secund\u00e0ria obligat\u00f2ria, per als alumnes que no l&#8217;hagin obtingut en finalitzar l&#8217;etapa.<br \/>\nAquestes proves s&#8217;han de realitzar en aquell centre on es troba&hellip;  <a href=\"https:\/\/agora.xtec.cat\/iesvplantada\/secretaria\/complecio\/eso\/\" title=\"Read ESO\">Llegeix m\u00e9s\u00bb<\/a><\/p>\n","protected":false},"author":7,"featured_media":0,"parent":1210,"menu_order":10,"comment_status":"closed","ping_status":"closed","template":"page-templates\/side-menu.php","meta":{"_bbp_topic_count":0,"_bbp_reply_count":0,"_bbp_total_topic_count":0,"_bbp_total_reply_count":0,"_bbp_voice_count":0,"_bbp_anonymous_reply_count":0,"_bbp_topic_count_hidden":0,"_bbp_reply_count_hidden":0,"_bbp_forum_subforum_count":0,"footnotes":""},"class_list":["post-2371","page","type-page","status-publish","hentry"],"post_mailing_queue_ids":[],"_links":{"self":[{"href":"https:\/\/agora.xtec.cat\/iesvplantada\/wp-json\/wp\/v2\/pages\/2371","targetHints":{"allow":["GET"]}}],"collection":[{"href":"https:\/\/agora.xtec.cat\/iesvplantada\/wp-json\/wp\/v2\/pages"}],"about":[{"href":"https:\/\/agora.xtec.cat\/iesvplantada\/wp-json\/wp\/v2\/types\/page"}],"author":[{"embeddable":true,"href":"https:\/\/agora.xtec.cat\/iesvplantada\/wp-json\/wp\/v2\/users\/7"}],"replies":[{"embeddable":true,"href":"https:\/\/agora.xtec.cat\/iesvplantada\/wp-json\/wp\/v2\/comments?post=2371"}],"version-history":[{"count":6,"href":"https:\/\/agora.xtec.cat\/iesvplantada\/wp-json\/wp\/v2\/pages\/2371\/revisions"}],"predecessor-version":[{"id":11235,"href":"https:\/\/agora.xtec.cat\/iesvplantada\/wp-json\/wp\/v2\/pages\/2371\/revisions\/11235"}],"up":[{"embeddable":true,"href":"https:\/\/agora.xtec.cat\/iesvplantada\/wp-json\/wp\/v2\/pages\/1210"}],"wp:attachment":[{"href":"https:\/\/agora.xtec.cat\/iesvplantada\/wp-json\/wp\/v2\/media?parent=2371"}],"curies":[{"name":"wp","href":"https:\/\/api.w.org\/{rel}","templated":true}]}}