{"id":1961,"date":"2017-09-12T19:16:53","date_gmt":"2017-09-12T17:16:53","guid":{"rendered":"http:\/\/agora.xtec.cat\/iesvplantada\/?page_id=1961"},"modified":"2019-09-11T20:04:16","modified_gmt":"2019-09-11T18:04:16","slug":"beques","status":"publish","type":"page","link":"https:\/\/agora.xtec.cat\/iesvplantada\/secretaria\/beques\/","title":{"rendered":"Beques"},"content":{"rendered":"<p>En aquest apartat trobareu informaci\u00f3 sobre les diferents beques convocades per les administracions p\u00fabliques adre\u00e7ades a l&#8217;alumnat del centre.<\/p>\n<p>Per accedir a la informaci\u00f3 de cada tipus de beca cal desplegar l&#8217;apartat &#8220;beques&#8221; en el men\u00fa de l&#8217;esquerra.<\/p>\n","protected":false},"excerpt":{"rendered":"<p>En aquest apartat trobareu informaci\u00f3 sobre les diferents beques convocades per les administracions p\u00fabliques adre\u00e7ades a l&#8217;alumnat del centre.<br \/>\nPer accedir a la informaci\u00f3 de cada tipus de beca cal desplegar l&#8217;apartat &#8220;beques&#8221; en el men\u00fa de l&#8217;esquerra.<\/p>\n","protected":false},"author":7,"featured_media":0,"parent":1207,"menu_order":40,"comment_status":"closed","ping_status":"closed","template":"page-templates\/side-menu.php","meta":{"_bbp_topic_count":0,"_bbp_reply_count":0,"_bbp_total_topic_count":0,"_bbp_total_reply_count":0,"_bbp_voice_count":0,"_bbp_anonymous_reply_count":0,"_bbp_topic_count_hidden":0,"_bbp_reply_count_hidden":0,"_bbp_forum_subforum_count":0,"footnotes":""},"class_list":["post-1961","page","type-page","status-publish","hentry"],"post_mailing_queue_ids":[],"_links":{"self":[{"href":"https:\/\/agora.xtec.cat\/iesvplantada\/wp-json\/wp\/v2\/pages\/1961","targetHints":{"allow":["GET"]}}],"collection":[{"href":"https:\/\/agora.xtec.cat\/iesvplantada\/wp-json\/wp\/v2\/pages"}],"about":[{"href":"https:\/\/agora.xtec.cat\/iesvplantada\/wp-json\/wp\/v2\/types\/page"}],"author":[{"embeddable":true,"href":"https:\/\/agora.xtec.cat\/iesvplantada\/wp-json\/wp\/v2\/users\/7"}],"replies":[{"embeddable":true,"href":"https:\/\/agora.xtec.cat\/iesvplantada\/wp-json\/wp\/v2\/comments?post=1961"}],"version-history":[{"count":3,"href":"https:\/\/agora.xtec.cat\/iesvplantada\/wp-json\/wp\/v2\/pages\/1961\/revisions"}],"predecessor-version":[{"id":4538,"href":"https:\/\/agora.xtec.cat\/iesvplantada\/wp-json\/wp\/v2\/pages\/1961\/revisions\/4538"}],"up":[{"embeddable":true,"href":"https:\/\/agora.xtec.cat\/iesvplantada\/wp-json\/wp\/v2\/pages\/1207"}],"wp:attachment":[{"href":"https:\/\/agora.xtec.cat\/iesvplantada\/wp-json\/wp\/v2\/media?parent=1961"}],"curies":[{"name":"wp","href":"https:\/\/api.w.org\/{rel}","templated":true}]}}