{"id":19,"date":"2014-09-17T14:56:56","date_gmt":"2014-09-17T14:56:56","guid":{"rendered":"http:\/\/agora.xtec.cat\/iesvplantada\/\/?page_id=19"},"modified":"2018-11-08T19:22:41","modified_gmt":"2018-11-08T18:22:41","slug":"linstitut","status":"publish","type":"page","link":"https:\/\/agora.xtec.cat\/iesvplantada\/linstitut\/","title":{"rendered":"L&#8217;institut"},"content":{"rendered":"<h3>\u201cCreiem en la persona que hi ha darrera de cada alumne\u201d<\/h3>\n<p>L\u2019institut Vicen\u00e7 Plantada de Mollet del Vall\u00e8s \u00e9s un centre p\u00fablic d\u2019ensenyament, que imparteix Educaci\u00f3 Secund\u00e0ria Obligat\u00f2ria i estudis post obligatoris de Batxillerat i Cicles Formatius.<\/p>\n<p>Actualment, els alumnes poden cursar el batxillerat en les modalitats de Ci\u00e8ncies i Tecnologia, d\u2019Humanitats i de Ci\u00e8ncies Socials amb la possibilitat de cursar a la vegada el Batxibac.<\/p>\n<p>Respecte de la formaci\u00f3 professional s\u2019imparteixen: el Cicles Formatius de Grau Mitj\u00e0 de Conducci\u00f3 d\u2019Activitats Fisicoesportives en el Medi Natural i el Grau Superior (1r i 2n curs) d\u2019Animaci\u00f3 d\u2019Activitats F\u00edsiques i Esportives.<\/p>\n<p>Com a centre d\u2019ensenyament p\u00fablic, volem aconseguir l\u2019educaci\u00f3 integral de l\u2019alumnat, tenint en compte l\u2019adquisici\u00f3 de coneixements i la formaci\u00f3 en valors en un entorn educatiu que vol ser integrador i inclusiu, identificat amb els valors propis de l\u2019ensenyament p\u00fablic al nostre pa\u00eds: equitat, la\u00efcitat i catalanitat.<\/p>\n<p>Aix\u00f2 implica el comprom\u00eds d\u2019obtenir la m\u00e0xima qualitat de formaci\u00f3 per l\u2019alumnat amb bones capacitats d\u2019aprenentatge, la qual cosa desenvolupem amb el Projecte Columbus d\u2019integraci\u00f3 de lleng\u00fces estrangeres a l\u2019ESO, les proves Cangur de matem\u00e0tiques, el projecte Asimov (rob\u00f2tica i programaci\u00f3), la doble titulaci\u00f3 Batxillerat-Baccalaur\u00e9at i el Projecte Terra al Batxillerat. A m\u00e9s a m\u00e9s treballem amb mesures compensadores adre\u00e7ades espec\u00edficament als sectors socials m\u00e9s desafavorits i amb menors expectatives educatives.<\/p>\n<p>Per a aconseguir-ho, l\u2019Institut Vicen\u00e7 Plantada considera imprescindible una pr\u00e0ctica educativa basada en l\u2019assumpci\u00f3 per part de tota la comunitat educativa dels valors dels quals aquest objectiu \u00e9s inseparable: solidaritat, catalanitat, multiculturalitat, inclusi\u00f3, esfor\u00e7, treball competencial, cooperaci\u00f3 i di\u00e0leg en un entorn digital.<\/p>\n<p>&nbsp;<\/p>\n","protected":false},"excerpt":{"rendered":"<p>\u201cCreiem en la persona que hi ha darrera de cada alumne\u201d<br \/>\nL\u2019institut Vicen\u00e7 Plantada de Mollet del Vall\u00e8s \u00e9s un centre p\u00fablic d\u2019ensenyament, que imparteix Educaci\u00f3 Secund\u00e0ria Obligat\u00f2ria i estudis post obligatoris de Batxillerat i Cicles Formatius.<br \/>\nActualment, els alumnes poden cursar el batxillerat en les modalitats&hellip;  <a href=\"https:\/\/agora.xtec.cat\/iesvplantada\/linstitut\/\" title=\"Read L&#8217;institut\">Llegeix m\u00e9s\u00bb<\/a><\/p>\n","protected":false},"author":1,"featured_media":0,"parent":0,"menu_order":0,"comment_status":"closed","ping_status":"closed","template":"page-templates\/side-menu.php","meta":{"_bbp_topic_count":0,"_bbp_reply_count":0,"_bbp_total_topic_count":0,"_bbp_total_reply_count":0,"_bbp_voice_count":0,"_bbp_anonymous_reply_count":0,"_bbp_topic_count_hidden":0,"_bbp_reply_count_hidden":0,"_bbp_forum_subforum_count":0,"footnotes":""},"class_list":["post-19","page","type-page","status-publish","hentry"],"post_mailing_queue_ids":[],"_links":{"self":[{"href":"https:\/\/agora.xtec.cat\/iesvplantada\/wp-json\/wp\/v2\/pages\/19","targetHints":{"allow":["GET"]}}],"collection":[{"href":"https:\/\/agora.xtec.cat\/iesvplantada\/wp-json\/wp\/v2\/pages"}],"about":[{"href":"https:\/\/agora.xtec.cat\/iesvplantada\/wp-json\/wp\/v2\/types\/page"}],"author":[{"embeddable":true,"href":"https:\/\/agora.xtec.cat\/iesvplantada\/wp-json\/wp\/v2\/users\/1"}],"replies":[{"embeddable":true,"href":"https:\/\/agora.xtec.cat\/iesvplantada\/wp-json\/wp\/v2\/comments?post=19"}],"version-history":[{"count":2,"href":"https:\/\/agora.xtec.cat\/iesvplantada\/wp-json\/wp\/v2\/pages\/19\/revisions"}],"predecessor-version":[{"id":3636,"href":"https:\/\/agora.xtec.cat\/iesvplantada\/wp-json\/wp\/v2\/pages\/19\/revisions\/3636"}],"wp:attachment":[{"href":"https:\/\/agora.xtec.cat\/iesvplantada\/wp-json\/wp\/v2\/media?parent=19"}],"curies":[{"name":"wp","href":"https:\/\/api.w.org\/{rel}","templated":true}]}}