{"id":1640,"date":"2017-06-08T20:19:31","date_gmt":"2017-06-08T18:19:31","guid":{"rendered":"http:\/\/agora.xtec.cat\/iesvplantada\/?page_id=1640"},"modified":"2023-06-26T08:51:43","modified_gmt":"2023-06-26T06:51:43","slug":"1r-de-batxillerat","status":"publish","type":"page","link":"https:\/\/agora.xtec.cat\/iesvplantada\/secretaria\/matricula\/1r-de-batxillerat\/","title":{"rendered":"1r de Batxillerat"},"content":{"rendered":"<p><strong>DATES DE MATR\u00cdCULA<\/strong><\/p>\n<p>Dies abans de l\u2019inici del per\u00edode de matricula rebran un correu electr\u00f2nic amb les instruccions per tal de formalitzar la matr\u00edcula.<\/p>\n<p><span style=\"text-decoration: underline;\"><strong>Alumnat del centre:<\/strong><strong> <span style=\"color: #ff0000; text-decoration: underline;\">del 22 de juny al 3 de juliol de 2023<\/span><\/strong><\/span><\/p>\n<p><span style=\"color: #000000;\"><b><u>Documents de matr\u00edcula: <\/u><a href=\"https:\/\/agora.xtec.cat\/iesvplantada\/docs\/documents-matricula-1r-de-batxillerat\/\">enlla<\/a><a href=\"https:\/\/agora.xtec.cat\/iesvplantada\/docs\/documents-matricula-1r-de-batxillerat\/\">\u00e7<\/a><\/b><\/span><\/p>\n<p>&nbsp;<\/p>\n<p>&nbsp;<\/p>\n","protected":false},"excerpt":{"rendered":"<p>DATES DE MATR\u00cdCULA<br \/>\nDies abans de l\u2019inici del per\u00edode de matricula rebran un correu electr\u00f2nic amb les instruccions per tal de formalitzar la matr\u00edcula.<br \/>\nAlumnat del centre: del 22 de juny al 3 de juliol de 2023<br \/>\nDocuments de matr\u00edcula: <a href=\"https:\/\/agora.xtec.cat\/iesvplantada\/docs\/documents-matricula-1r-de-batxillerat\/\">enlla<\/a><a href=\"https:\/\/agora.xtec.cat\/iesvplantada\/docs\/documents-matricula-1r-de-batxillerat\/\">\u00e7<\/a><br \/>\n&nbsp;<br \/>\n&nbsp;<\/p>\n","protected":false},"author":7,"featured_media":0,"parent":1215,"menu_order":0,"comment_status":"closed","ping_status":"closed","template":"page-templates\/side-menu.php","meta":{"_bbp_topic_count":0,"_bbp_reply_count":0,"_bbp_total_topic_count":0,"_bbp_total_reply_count":0,"_bbp_voice_count":0,"_bbp_anonymous_reply_count":0,"_bbp_topic_count_hidden":0,"_bbp_reply_count_hidden":0,"_bbp_forum_subforum_count":0,"footnotes":""},"class_list":["post-1640","page","type-page","status-publish","hentry"],"post_mailing_queue_ids":[],"_links":{"self":[{"href":"https:\/\/agora.xtec.cat\/iesvplantada\/wp-json\/wp\/v2\/pages\/1640","targetHints":{"allow":["GET"]}}],"collection":[{"href":"https:\/\/agora.xtec.cat\/iesvplantada\/wp-json\/wp\/v2\/pages"}],"about":[{"href":"https:\/\/agora.xtec.cat\/iesvplantada\/wp-json\/wp\/v2\/types\/page"}],"author":[{"embeddable":true,"href":"https:\/\/agora.xtec.cat\/iesvplantada\/wp-json\/wp\/v2\/users\/7"}],"replies":[{"embeddable":true,"href":"https:\/\/agora.xtec.cat\/iesvplantada\/wp-json\/wp\/v2\/comments?post=1640"}],"version-history":[{"count":4,"href":"https:\/\/agora.xtec.cat\/iesvplantada\/wp-json\/wp\/v2\/pages\/1640\/revisions"}],"predecessor-version":[{"id":9282,"href":"https:\/\/agora.xtec.cat\/iesvplantada\/wp-json\/wp\/v2\/pages\/1640\/revisions\/9282"}],"up":[{"embeddable":true,"href":"https:\/\/agora.xtec.cat\/iesvplantada\/wp-json\/wp\/v2\/pages\/1215"}],"wp:attachment":[{"href":"https:\/\/agora.xtec.cat\/iesvplantada\/wp-json\/wp\/v2\/media?parent=1640"}],"curies":[{"name":"wp","href":"https:\/\/api.w.org\/{rel}","templated":true}]}}