{"id":1497,"date":"2017-04-27T19:11:56","date_gmt":"2017-04-27T17:11:56","guid":{"rendered":"http:\/\/agora.xtec.cat\/iesvplantada\/?page_id=1497"},"modified":"2026-03-23T11:33:54","modified_gmt":"2026-03-23T10:33:54","slug":"batxibac","status":"publish","type":"page","link":"https:\/\/agora.xtec.cat\/iesvplantada\/secretaria\/preinscripcio\/batxibac\/","title":{"rendered":"Batxibac"},"content":{"rendered":"<h3>Procediment preinscripci\u00f3 BATXIBAC curs 2026\/2027<\/h3>\n<p>Tota la informaci\u00f3 general sobre la preinscripci\u00f3 al Batxibac la podeu trobar al seg\u00fcent enlla\u00e7:<\/p>\n<p><a href=\"https:\/\/educacio.gencat.cat\/ca\/tramits\/tramits-temes\/preinscripcio-batxillerat?&amp;moda=2\" target=\"_blank\" rel=\"noopener noreferrer\"><strong>Estudiar a Catalunya. Informaci\u00f3 general preinscripci\u00f3\u00a0a<\/strong><strong>l Batxibac<\/strong><\/a><\/p>\n<p><strong>Normativa<\/strong>: <strong>RESOLUCI\u00d3 EDF\/293\/2026, de 6 de febrer<\/strong>, per la qual s&#8217;aproven les normes de preinscripci\u00f3 i matr\u00edcula d&#8217;alumnes als centres del Servei d&#8217;Educaci\u00f3 de Catalunya i altres centres educatius, en els diversos ensenyaments sostinguts amb fons p\u00fablic, per al curs 2026-2027.<\/p>\n<h3>Calendari<\/h3>\n<ul>\n<li>Publicaci\u00f3 de l\u2019oferta: <strong>19 de mar\u00e7 de 2026<\/strong><\/li>\n<li>Presentaci\u00f3 sol\u00b7licituds al centre: <strong>del 20 al 27 de mar\u00e7 de 2026<\/strong><\/li>\n<li>Prova de nivell: <strong>7 d&#8217;abril de 2026 a les 11.30h<\/strong><\/li>\n<li>Publicaci\u00f3 llistes alumnat adm\u00e8s: <strong>8 d&#8217;abril de 2026<\/strong>. (Consultar aqu\u00ed)<\/li>\n<\/ul>\n<h3>Oferta \u2013 Reserva de places per Batxibac pel curs 2026-27<\/h3>\n<table style=\"height: 153px; width: 203px;\">\n<tbody>\n<tr style=\"height: 41px;\">\n<td style=\"height: 41px; width: 110px;\"><\/td>\n<td style=\"height: 41px; width: 85.8333px;\">N. Places<\/td>\n<\/tr>\n<tr style=\"height: 56px;\">\n<td style=\"height: 56px; width: 110px;\">1r Batxillerat<\/td>\n<td style=\"height: 56px; width: 85.8333px; text-align: center;\">2<\/td>\n<\/tr>\n<tr style=\"height: 56px;\">\n<td style=\"height: 56px; width: 110px;\">2n Batxillerat<\/td>\n<td style=\"height: 56px; width: 85.8333px; text-align: center;\">0<\/td>\n<\/tr>\n<\/tbody>\n<\/table>\n<h3>Presentaci\u00f3 sol\u00b7licitud preinscripci\u00f3<\/h3>\n<p>Per Internet: <a href=\"https:\/\/agora.xtec.cat\/iesvplantada\/wp-content\/uploads\/usu537\/2026\/03\/SOL_PREINSC_BATXIBAC.pdf\">Sol\u00b7licitud<\/a><\/p>\n<p>El resguard de la sol\u00b7licitud de preinscripci\u00f3 amb la documentaci\u00f3 necess\u00e0ria s\u2019ha d\u2019enviar a l\u2019adre\u00e7a de correu:<\/p>\n<p><a href=\"mailto:secretaria@insvplantada.cat\">secretaria@insvplantada.cat<\/a><\/p>\n<h3>Documentaci\u00f3<\/h3>\n<ul>\n<li>Formulari de preinscripci\u00f3: Sol\u00b7licitud<\/li>\n<li>Si l\u2019alumne no \u00e9s del centre: certificaci\u00f3 del nivell B1 de llengua francesa. En cas contrari ha de fer la prova de nivell al centre.<\/li>\n<li>Si l\u2019alumne \u00e9s del centre i ha estudiat franc\u00e8s 1r idioma: els professors certificaran el seu nivell.<\/li>\n<li>ORIGINAL I FOTOC\u00d2PIA DE:\n<ul>\n<li>DNI, NIE o passaport de l\u2019alumne\/a i del pare i mare o tutor\/a legal, en cas d&#8217;alumnes menors d&#8217;edat<\/li>\n<li>Llibre de fam\u00edlia complert o certificat de naixement.<\/li>\n<li>TIS (Targeta d\u2019identificaci\u00f3 sanit\u00e0ria) de l\u2019alumne.<\/li>\n<\/ul>\n<\/li>\n<\/ul>\n<p>Per a qualsevol consulta enviar correu a:\u00a0<a href=\"mailto:secretaria@insvplantada.cat\">secretaria@insvplantada.cat<\/a><\/p>\n<h4 id=\"llistat\"><\/h4>\n<p>&nbsp;<\/p>\n<h3>Llistat d&#8217;admesos curs 2026\/2027<\/h3>\n<p>Alumnat de nova incorporaci\u00f3 al centre adm\u00e8s:<\/p>\n<table style=\"width: 12%; height: 342px;\" width=\"300\">\n<tbody>\n<tr style=\"height: 57px;\">\n<td style=\"height: 57px;\" width=\"150\"><strong>Alumne\/a<\/strong><\/td>\n<td style=\"height: 57px;\" width=\"150\"><strong>DNI<\/strong><\/td>\n<\/tr>\n<tr style=\"height: 57px;\">\n<td style=\"height: 57px;\" width=\"150\"><\/td>\n<td style=\"height: 57px;\" width=\"150\"><\/td>\n<\/tr>\n<tr style=\"height: 57px;\">\n<td style=\"height: 57px;\" width=\"150\"><\/td>\n<td style=\"height: 57px;\" width=\"150\"><\/td>\n<\/tr>\n<tr style=\"height: 57px;\">\n<td style=\"height: 57px;\" width=\"150\"><\/td>\n<td style=\"height: 57px;\" width=\"150\"><\/td>\n<\/tr>\n<tr style=\"height: 57px;\">\n<td style=\"height: 57px;\" width=\"150\"><\/td>\n<td style=\"height: 57px;\" width=\"150\"><\/td>\n<\/tr>\n<tr style=\"height: 57px;\">\n<td style=\"height: 57px;\" width=\"150\"><\/td>\n<td style=\"height: 57px;\" width=\"150\"><\/td>\n<\/tr>\n<tr>\n<td><\/td>\n<td><\/td>\n<\/tr>\n<\/tbody>\n<\/table>\n<p><strong>\u00a0<\/strong><strong>(L\u2019alumnat que cursa l\u2019ESO al centre no surt en aquesta llista)<\/strong><\/p>\n","protected":false},"excerpt":{"rendered":"<p>Procediment preinscripci\u00f3 BATXIBAC curs 2026\/2027<br \/>\nTota la informaci\u00f3 general sobre la preinscripci\u00f3 al Batxibac la podeu trobar al seg\u00fcent enlla\u00e7:<br \/>\n<a href=\"https:\/\/educacio.gencat.cat\/ca\/tramits\/tramits-temes\/preinscripcio-batxillerat?&amp;moda=2\" target=\"_blank\" rel=\"noopener noreferrer\">Estudiar a Catalunya. Informaci\u00f3 general preinscripci\u00f3\u00a0al Batxibac<\/a><br \/>\nNormativa: RESOLUCI\u00d3 EDF\/293\/2026, de 6 de febrer, per la qual s&#8217;aproven les normes de preinscripci\u00f3 i matr\u00edcula&hellip;  <a href=\"https:\/\/agora.xtec.cat\/iesvplantada\/secretaria\/preinscripcio\/batxibac\/\" title=\"Read Batxibac\">Llegeix m\u00e9s\u00bb<\/a><\/p>\n","protected":false},"author":7,"featured_media":0,"parent":1212,"menu_order":12,"comment_status":"closed","ping_status":"closed","template":"page-templates\/side-menu.php","meta":{"_bbp_topic_count":0,"_bbp_reply_count":0,"_bbp_total_topic_count":0,"_bbp_total_reply_count":0,"_bbp_voice_count":0,"_bbp_anonymous_reply_count":0,"_bbp_topic_count_hidden":0,"_bbp_reply_count_hidden":0,"_bbp_forum_subforum_count":0,"footnotes":""},"class_list":["post-1497","page","type-page","status-publish","hentry"],"post_mailing_queue_ids":[],"_links":{"self":[{"href":"https:\/\/agora.xtec.cat\/iesvplantada\/wp-json\/wp\/v2\/pages\/1497","targetHints":{"allow":["GET"]}}],"collection":[{"href":"https:\/\/agora.xtec.cat\/iesvplantada\/wp-json\/wp\/v2\/pages"}],"about":[{"href":"https:\/\/agora.xtec.cat\/iesvplantada\/wp-json\/wp\/v2\/types\/page"}],"author":[{"embeddable":true,"href":"https:\/\/agora.xtec.cat\/iesvplantada\/wp-json\/wp\/v2\/users\/7"}],"replies":[{"embeddable":true,"href":"https:\/\/agora.xtec.cat\/iesvplantada\/wp-json\/wp\/v2\/comments?post=1497"}],"version-history":[{"count":6,"href":"https:\/\/agora.xtec.cat\/iesvplantada\/wp-json\/wp\/v2\/pages\/1497\/revisions"}],"predecessor-version":[{"id":11331,"href":"https:\/\/agora.xtec.cat\/iesvplantada\/wp-json\/wp\/v2\/pages\/1497\/revisions\/11331"}],"up":[{"embeddable":true,"href":"https:\/\/agora.xtec.cat\/iesvplantada\/wp-json\/wp\/v2\/pages\/1212"}],"wp:attachment":[{"href":"https:\/\/agora.xtec.cat\/iesvplantada\/wp-json\/wp\/v2\/media?parent=1497"}],"curies":[{"name":"wp","href":"https:\/\/api.w.org\/{rel}","templated":true}]}}