{"id":1256,"date":"2017-03-08T17:38:54","date_gmt":"2017-03-08T16:38:54","guid":{"rendered":"http:\/\/agora.xtec.cat\/iesvplantada\/?page_id=1256"},"modified":"2026-04-16T00:29:58","modified_gmt":"2026-04-15T22:29:58","slug":"batxillerat","status":"publish","type":"page","link":"https:\/\/agora.xtec.cat\/iesvplantada\/secretaria\/preinscripcio\/batxillerat\/","title":{"rendered":"Batxillerat (per alumnes que no s\u00f3n del centre)"},"content":{"rendered":"<p style=\"text-align: left;\">Tota la informaci\u00f3 general sobre la preinscripci\u00f3 al \u00a0Batxillerat la podeu trobar al seg\u00fcent enlla\u00e7:<\/p>\n<p style=\"text-align: center;\"><a href=\"https:\/\/preinscripcio.gencat.cat\/ca\/estudis\/batxillerat\/inici\/\" target=\"_blank\" rel=\"noopener noreferrer\"><strong>Estudiar a Catalunya. Informaci\u00f3 general preinscripci\u00f3\u00a0al Batxillerat<\/strong><\/a><\/p>\n<p><strong>Normativa<\/strong>: <strong>RESOLUCI\u00d3 EDF\/293\/2026, de 6 de febrer<\/strong>, per la qual s&#8217;aproven les normes de preinscripci\u00f3 i matr\u00edcula d&#8217;alumnes als centres del Servei d&#8217;Educaci\u00f3 de Catalunya i altres centres educatius, en els diversos ensenyaments sostinguts amb fons p\u00fablic, per al curs 2026-2027.<\/p>\n<p style=\"text-align: left;\"><strong><span style=\"text-decoration: underline;\">Criteris<\/span>:<\/strong> els criteris de prioritat per a l&#8217;ordenaci\u00f3 de les sol\u00b7licituds queden recollits en el seg\u00fcent apartat: <span style=\"text-decoration: underline;\"><a href=\"#criteris\"><strong>criteris<\/strong><\/a><\/span><\/p>\n<p style=\"text-align: left;\"><strong><span style=\"text-decoration: underline;\">Documentaci\u00f3<\/span>:<\/strong> Un cop enviada la preinscripci\u00f3 en el resguard es detalla tota la documentaci\u00f3 que s&#8217;ha de presentar en el cas que sigui necessari.<\/p>\n<h2>Oferta<\/h2>\n<p><strong>Publicaci\u00f3 de l&#8217;oferta inicial<\/strong>: <strong>8 d&#8217;abril de 2026<\/strong><\/p>\n<p>Podeu consultar l&#8217;oferta de places al batxillerat a l&#8217;<a href=\"https:\/\/agora.xtec.cat\/iesvplantada\/portada\/publicada-loferta-inicial-al-batxillerat-5\/\">enlla\u00e7<\/a><\/p>\n<h2>Calendari<\/h2>\n<table style=\"height: 458px; width: 97.1087%;\">\n<tbody>\n<tr style=\"height: 57px;\">\n<td style=\"height: 57px; width: 1016.89px;\" colspan=\"2\">\n<h4><strong>\u00a0PREINSCRIPCI\u00d3<\/strong><\/h4>\n<\/td>\n<\/tr>\n<tr style=\"height: 31px;\">\n<td style=\"height: 31px; width: 687.111px; text-align: center;\" colspan=\"2\">\n<table style=\"width: 46.0903%;\">\n<tbody>\n<tr>\n<td style=\"width: 522px;\" colspan=\"9\">\n<p style=\"text-align: center;\"><strong>ABRIL<\/strong><\/p>\n<\/td>\n<\/tr>\n<tr>\n<td style=\"width: 55px;\">9<\/td>\n<td style=\"width: 55px;\">10<\/td>\n<td style=\"width: 55px;\">11<\/td>\n<td style=\"width: 55px;\">12<\/td>\n<td style=\"width: 55px;\">13<\/td>\n<td style=\"width: 55px;\">14<\/td>\n<td style=\"width: 72px;\">15<\/td>\n<td style=\"width: 55px;\">16<\/td>\n<td style=\"width: 65px;\">17<\/td>\n<\/tr>\n<tr>\n<td style=\"width: 457px;\" colspan=\"8\">\n<p style=\"text-align: center;\"><strong>Preinscripci\u00f3 electr\u00f2nica o telem\u00e0tica<\/strong><\/p>\n<p>acc\u00e9s a la sol\u00b7licitud aqu\u00ed<\/td>\n<td style=\"width: 65px;\">\n<p style=\"text-align: center;\"><strong>\u00a0<\/strong><\/p>\n<\/td>\n<\/tr>\n<tr>\n<td style=\"text-align: center; width: 522px;\" colspan=\"9\"><strong>Presentaci\u00f3 documentaci\u00f3<\/strong><\/td>\n<\/tr>\n<\/tbody>\n<\/table>\n<\/td>\n<\/tr>\n<tr style=\"height: 31px;\">\n<td style=\"height: 31px; width: 687.111px;\">Publicaci\u00f3 de les llistes amb la puntuaci\u00f3 provisional:<\/td>\n<td style=\"height: 31px; width: 328px;\"><strong>14 de maig de 2026.<\/strong> Consulta<\/td>\n<\/tr>\n<tr style=\"height: 96px;\">\n<td style=\"height: 96px; width: 687.111px;\">Presentaci\u00f3 de reclamacions a la puntuaci\u00f3 provisional:<\/td>\n<td style=\"height: 96px; width: 328px;\"><strong> del 14 al 20 de maig de 2026<\/strong>.<\/p>\n<p>Acc\u00e9s a l&#8217;eina per fer a reclamaci\u00f3: no disponible.<\/td>\n<\/tr>\n<tr style=\"height: 31px;\">\n<td style=\"height: 31px; width: 687.111px;\">Publicaci\u00f3 de les llistes amb la puntuaci\u00f3 un cop resoltes les reclamacions:<\/td>\n<td style=\"height: 31px; width: 328px;\"><strong>26 de maig de 2026<\/strong>. Consulta<\/td>\n<\/tr>\n<tr style=\"height: 31px;\">\n<td style=\"height: 31px; width: 687.111px;\">Sorteig del n\u00famero de desempat:<\/td>\n<td style=\"height: 31px; width: 328px;\"><strong>26 de maig de 2026 a les 11h:\u00a0<\/strong><\/p>\n<p>N\u00famero sol\u00b7licitud m\u00e9s alt:<\/td>\n<\/tr>\n<tr style=\"height: 31px;\">\n<td style=\"height: 31px; width: 687.111px;\">Publicaci\u00f3 de la llista ordenada definitiva:<\/td>\n<td style=\"height: 31px; width: 328px;\"><strong>29 de maig de 2026<\/strong>\u00a0consulta<\/td>\n<\/tr>\n<tr style=\"height: 31px;\">\n<td style=\"height: 31px; width: 687.111px;\">Publicaci\u00f3 de l&#8217;oferta final:<\/td>\n<td style=\"height: 31px; width: 328px;\"><strong>17 de juny de 2026<\/strong>\u00a0(Consulta)<\/td>\n<\/tr>\n<tr style=\"height: 31px;\">\n<td style=\"height: 31px; width: 687.111px;\">Llista d&#8217;alumnes admesos i llista d&#8217;espera:<\/td>\n<td style=\"height: 31px; width: 328px;\"><strong>17 de juny de 2026<\/strong>\u00a0(consulta)<\/td>\n<\/tr>\n<tr>\n<td style=\"width: 687.111px;\">Per\u00edode per interposar reclamacions a la llista d&#8217;alumnes admesos davant la comissi\u00f3 de garanties d&#8217;admissi\u00f3:<\/td>\n<td style=\"width: 328px;\"><strong>del 17 al 19 de juny de 2026<\/strong><\/td>\n<\/tr>\n<tr style=\"height: 57px;\">\n<td style=\"height: 57px; width: 1016.89px;\" colspan=\"2\">\n<h4>MATRICULACI\u00d3<\/h4>\n<\/td>\n<\/tr>\n<tr style=\"height: 31px;\">\n<td style=\"height: 31px; width: 687.111px;\">Matr\u00edcula<\/td>\n<td style=\"height: 31px; width: 328px;\"><strong>del 18 al 30 de juny de 2026<\/strong><\/td>\n<\/tr>\n<\/tbody>\n<\/table>\n<p>&nbsp;<\/p>\n<h2>Suport a la presentaci\u00f3 de la preinscripci\u00f3<\/h2>\n<p>Es podr\u00e0 sol\u00b7licitar cita suport per com fer aquest tr\u00e0mit a trav\u00e9s de:<\/p>\n<ul>\n<li>Correu electr\u00f2nic: <a href=\"mailto:secretaria@insvplantada.cat?subject=Sol\u00b7licitud%20de%20cita%20pr\u00e8via\" target=\"_blank\" rel=\"noopener noreferrer\"><span class=\"\">secretaria@insvplantada.cat<\/span><\/a> \u00a0indicant nom i tel\u00e8fon de contacte.<\/li>\n<li>Tel\u00e8fon: 93 570 58 12, de dilluns a divendres, de 9 a 13,30h.<\/li>\n<\/ul>\n<p>Un cop rebuda la sol\u00b7licitud, personal del centre es posar\u00e0 en contacte amb la fam\u00edlia. Per minimitzar els riscos, i davant la recomanaci\u00f3 de fer el m\u00ednim de sol\u00b7licituds de forma presencial, es procurar\u00e0 guiar a la fam\u00edlia per poder presentar la sol\u00b7licitud electr\u00f2nica.<\/p>\n<p>Per a qualsevol consulta enviar correu a: <a href=\"mailto:secretaria@insvplantada.cat\">secretaria<span class=\"\"><span class=\"\">@insvplantada.cat<\/span><\/span><\/a><\/p>\n<p><span id=\"criteris\" style=\"font-size: 2.3125em; font-weight: bold;\">Criteris<\/span><\/p>\n<p><b>CRITERIS ESPEC\u00cdFICS DE PRIORITAT\u00a0<\/b><\/p>\n<ul>\n<li style=\"font-weight: 400;\"><span style=\"font-weight: 400;\">Tenen prefer\u00e8ncia els alumnes que procedeixen de centres p\u00fablics de Mollet del Vall\u00e8s.\u00a0<\/span><\/li>\n<\/ul>\n<p><b>CRITERIS GENERALS<\/b><\/p>\n<ol>\n<li style=\"list-style-type: none;\">\n<ol>\n<li style=\"list-style-type: none;\">\n<ul>\n<li style=\"font-weight: 400;\"><span style=\"font-weight: 400;\">Si hi ha germans matriculats al centre: <\/span><b>50 punts<\/b><span style=\"font-weight: 400;\">.<\/span><\/li>\n<li style=\"font-weight: 400;\"><span style=\"font-weight: 400;\">Per proximitat del domicili o del lloc de treball al centre sol\u00b7licitat en primer lloc <\/span><span style=\"font-weight: 400;\">(nom\u00e9s una opci\u00f3):<\/span>\n<ul>\n<li style=\"font-weight: 400;\"><span style=\"font-weight: 400;\">Domicili a l&#8217;\u00e0rea de proximitat del centre: <\/span><b>30 punts<\/b><span style=\"font-weight: 400;\">.<\/span><\/li>\n<li style=\"font-weight: 400;\"><span style=\"font-weight: 400;\">Lloc de treball a l&#8217;\u00e0rea de proximitat del centre: <\/span><b>20 punts<\/b><span style=\"font-weight: 400;\">.<\/span><\/li>\n<\/ul>\n<\/li>\n<li style=\"font-weight: 400;\"><span style=\"font-weight: 400;\">Si el pare, mare o tutor legal reben l&#8217;ajut de la renda m\u00ednima d&#8217;inserci\u00f3: <\/span><b>15 punts<\/b><span style=\"font-weight: 400;\">.<\/span><\/li>\n<\/ul>\n<\/li>\n<\/ol>\n<\/li>\n<\/ol>\n<p><b>CRITERIS COMPLEMENTARIS<\/b><\/p>\n<ul>\n<li>Per discapacitat igual o superior al 33% de l&#8217;alumne o familiar de primer grau: <strong>15 punts<\/strong>.<\/li>\n<li>Quan el pare o mare o tutor\/a legal treballa en el centre, en el moment de presentar la sol\u00b7licitud: <strong>10 punts<\/strong>.<\/li>\n<li><span style=\"font-weight: 400;\">Pel fet de formar part d&#8217;una fam\u00edlia nombrosa: <\/span><b>10 punts<\/b><span style=\"font-weight: 400;\">.<\/span><b><\/b><\/li>\n<li>Per tal de formar part d&#8217;una fam\u00edlia monoparental: <strong>10 punts<\/strong>.<\/li>\n<li>Pel fet que l&#8217;alumne\/a hagi nascut en un part m\u00faltiple: <strong>10 punts<\/strong>.<\/li>\n<li>Pel fet que l&#8217;alumne\/a es trobi en situaci\u00f3 d&#8217;acolliment familiar: <strong>10 punts<\/strong>.<\/li>\n<li>Quan s&#8217;acrediti la condici\u00f3 de v\u00edctima de viol\u00e8ncia de g\u00e8nere o terrorisme: <strong>10 punts<\/strong>.<\/li>\n<\/ul>\n","protected":false},"excerpt":{"rendered":"<p>Tota la informaci\u00f3 general sobre la preinscripci\u00f3 al \u00a0Batxillerat la podeu trobar al seg\u00fcent enlla\u00e7:<br \/>\n<a href=\"https:\/\/preinscripcio.gencat.cat\/ca\/estudis\/batxillerat\/inici\/\" target=\"_blank\" rel=\"noopener noreferrer\">Estudiar a Catalunya. Informaci\u00f3 general preinscripci\u00f3\u00a0al Batxillerat<\/a><br \/>\nNormativa: RESOLUCI\u00d3 EDF\/293\/2026, de 6 de febrer, per la qual s&#8217;aproven les normes de preinscripci\u00f3 i matr\u00edcula d&#8217;alumnes als centres del&hellip;  <a href=\"https:\/\/agora.xtec.cat\/iesvplantada\/secretaria\/preinscripcio\/batxillerat\/\" title=\"Read Batxillerat (per alumnes que no s\u00f3n del centre)\">Llegeix m\u00e9s\u00bb<\/a><\/p>\n","protected":false},"author":7,"featured_media":0,"parent":1212,"menu_order":10,"comment_status":"closed","ping_status":"closed","template":"page-templates\/side-menu.php","meta":{"_bbp_topic_count":0,"_bbp_reply_count":0,"_bbp_total_topic_count":0,"_bbp_total_reply_count":0,"_bbp_voice_count":0,"_bbp_anonymous_reply_count":0,"_bbp_topic_count_hidden":0,"_bbp_reply_count_hidden":0,"_bbp_forum_subforum_count":0,"footnotes":""},"class_list":["post-1256","page","type-page","status-publish","hentry"],"post_mailing_queue_ids":[],"_links":{"self":[{"href":"https:\/\/agora.xtec.cat\/iesvplantada\/wp-json\/wp\/v2\/pages\/1256","targetHints":{"allow":["GET"]}}],"collection":[{"href":"https:\/\/agora.xtec.cat\/iesvplantada\/wp-json\/wp\/v2\/pages"}],"about":[{"href":"https:\/\/agora.xtec.cat\/iesvplantada\/wp-json\/wp\/v2\/types\/page"}],"author":[{"embeddable":true,"href":"https:\/\/agora.xtec.cat\/iesvplantada\/wp-json\/wp\/v2\/users\/7"}],"replies":[{"embeddable":true,"href":"https:\/\/agora.xtec.cat\/iesvplantada\/wp-json\/wp\/v2\/comments?post=1256"}],"version-history":[{"count":6,"href":"https:\/\/agora.xtec.cat\/iesvplantada\/wp-json\/wp\/v2\/pages\/1256\/revisions"}],"predecessor-version":[{"id":11408,"href":"https:\/\/agora.xtec.cat\/iesvplantada\/wp-json\/wp\/v2\/pages\/1256\/revisions\/11408"}],"up":[{"embeddable":true,"href":"https:\/\/agora.xtec.cat\/iesvplantada\/wp-json\/wp\/v2\/pages\/1212"}],"wp:attachment":[{"href":"https:\/\/agora.xtec.cat\/iesvplantada\/wp-json\/wp\/v2\/media?parent=1256"}],"curies":[{"name":"wp","href":"https:\/\/api.w.org\/{rel}","templated":true}]}}