{"id":1218,"date":"2017-03-01T01:09:01","date_gmt":"2017-03-01T00:09:01","guid":{"rendered":"http:\/\/agora.xtec.cat\/iesvplantada\/?page_id=1218"},"modified":"2025-09-24T12:14:49","modified_gmt":"2025-09-24T10:14:49","slug":"convalidacionscicles","status":"publish","type":"page","link":"https:\/\/agora.xtec.cat\/iesvplantada\/secretaria\/convalidacions\/convalidacionscicles\/","title":{"rendered":"Convalidacions Cicles Formatius"},"content":{"rendered":"<h2>INFORMACI\u00d3 GENERAL SOBRE CONVALIDACIONS CURS 2025-2026<\/h2>\n<p>Es pot demanar la convalidaci\u00f3 de m\u00f2duls o unitats formatives (LOE i LOOIFP). La convalidaci\u00f3 pot ser directa o singular.<\/p>\n<p><strong>ELS ALUMNES QUE PROCEDEIXEN DEL BATXILLERAT <u>NO PODEN DEMANAR LA CONVALIDACI\u00d3<\/u> DE CAP UNITAT FORMATIVA. <\/strong><\/p>\n<p><strong><u>Convalidaci\u00f3 directa<\/u><\/strong><\/p>\n<p>La sol\u00b7licitud la resol la direcci\u00f3 del centre a partir de la normativa publicada (ENS\/58\/2003 i annexos, reials decrets de t\u00edtols) i \u00e9s aquella que permet convalidar cr\u00e8dits, m\u00f2duls o unitats formatives comuns o que ho determini la normativa de cicles formatius LOE o LOGSE, aportant altres estudis.<\/p>\n<p>Amb la sol\u00b7licitud s\u2019ha d\u2019adjuntar\u00a0 la documentaci\u00f3 i certificats requerits.<\/p>\n<p><strong><u>Convalidaci\u00f3 singular<\/u><\/strong><\/p>\n<p>La sol\u00b7licitud la resol la Direcci\u00f3 General de Formaci\u00f3 Professional Inicial i Ensenyaments de R\u00e8gim Especial.<\/p>\n<p>Una Convalidaci\u00f3 singular la pot sol\u00b7licitar l\u2019alumnat per convalidar m\u00f2duls o unitats formatives amb continguts similars o afins (no comuns) i s\u2019ha de demanar a trav\u00e9s del centre, que la trametr\u00e0 a la DG, adjuntant la documentaci\u00f3 i certificats requerits.<\/p>\n<p>Documentaci\u00f3 a presentar:<\/p>\n<ul>\n<li>Certificats on constin els cr\u00e8dits, m\u00f2duls o unitats formatives a convalidar si s\u2019ha cursat:\n<ul>\n<li>Cicles formatius diferents al que es vol convalidar.<\/li>\n<li>Cicles formatius LOE (nous) si es volen convalidar cr\u00e8dits LOGSE (antics).<\/li>\n<li>Ensenyaments reglats extingits (FP2, \u2026)<\/li>\n<li>Ensenyaments universitaris (finalitzats o nom\u00e9s iniciats).<\/li>\n<li>Ensenyaments oficials d\u2019idiomes (nivells m\u00ednims: intermedi B1 per a grau mitj\u00e0 i avan\u00e7at B2 per grau superior).<\/li>\n<li>Altres casos particulars de formaci\u00f3 reglada.<\/li>\n<\/ul>\n<\/li>\n<\/ul>\n<p><strong><u>Procediment<\/u><\/strong><\/p>\n<ul>\n<li>Per demanar les convalidacions s\u2019ha d\u2019omplir l\u2019impr\u00e8s de la sol\u00b7licitud degudament emplenat, amb la documentaci\u00f3 justificativa adjunta.<\/li>\n<li>En el cas de demanar els dos tipus de convalidacions, directa i singular , s\u2019hauran de presentar les dues sol\u00b7licituds.<\/li>\n<li>L\u2019alumne haur\u00e0 d\u2019assistir a classe fins que no rebi la resoluci\u00f3 favorable de la convalidaci\u00f3.<\/li>\n<\/ul>\n<p><strong><u>Model de sol\u00b7licitud: <\/u><\/strong><a href=\"https:\/\/drive.google.com\/file\/d\/1ckoLH264ZAMOH-Ict6YjeBo7UFulfvdN\/view?usp=sharing\"><u>descarrega<\/u><\/a><\/p>\n<p>&nbsp;<\/p>\n<p><strong>La convalidaci\u00f3 relacionada amb t\u00edtols LOGSE tindr\u00e0 efecte de CONVALIDAT i no tindr\u00e0 efectes en el promig de la nota final del cicle.<\/strong><\/p>\n<h2 style=\"text-align: center;\">TERMINI: del 25 de setembre al 8 d&#8217;octubre de 2025<\/h2>\n<h4>Un cop emplenada i signada la sol\u00b7licitud s&#8217;haur\u00e0 d&#8217;enviar escanejada o fotografiada al correu <a href=\"mailto:secretaria@insvplantada.cat\">secretaria@insvplantada.cat<\/a> indicant clarament en l&#8217;assumpte del correu &#8220;<strong>CONVALIDACIONS CICLES FORMATIU<\/strong>&#8221;\u00a0 i indicar en el missatge una adre\u00e7a de correu i tel\u00e8fon de contacte.<\/h4>\n","protected":false},"excerpt":{"rendered":"<p>INFORMACI\u00d3 GENERAL SOBRE CONVALIDACIONS CURS 2025-2026<br \/>\nEs pot demanar la convalidaci\u00f3 de m\u00f2duls o unitats formatives (LOE i LOOIFP). La convalidaci\u00f3 pot ser directa o singular.<br \/>\nELS ALUMNES QUE PROCEDEIXEN DEL BATXILLERAT NO PODEN DEMANAR LA CONVALIDACI\u00d3 DE CAP UNITAT FORMATIVA.<br \/>\nConvalidaci\u00f3 directa<br \/>\nLa sol\u00b7licitud la resol la&hellip;  <a href=\"https:\/\/agora.xtec.cat\/iesvplantada\/secretaria\/convalidacions\/convalidacionscicles\/\" title=\"Read Convalidacions Cicles Formatius\">Llegeix m\u00e9s\u00bb<\/a><\/p>\n","protected":false},"author":7,"featured_media":0,"parent":6599,"menu_order":15,"comment_status":"closed","ping_status":"closed","template":"page-templates\/side-menu.php","meta":{"_bbp_topic_count":0,"_bbp_reply_count":0,"_bbp_total_topic_count":0,"_bbp_total_reply_count":0,"_bbp_voice_count":0,"_bbp_anonymous_reply_count":0,"_bbp_topic_count_hidden":0,"_bbp_reply_count_hidden":0,"_bbp_forum_subforum_count":0,"footnotes":""},"class_list":["post-1218","page","type-page","status-publish","hentry"],"post_mailing_queue_ids":[],"_links":{"self":[{"href":"https:\/\/agora.xtec.cat\/iesvplantada\/wp-json\/wp\/v2\/pages\/1218","targetHints":{"allow":["GET"]}}],"collection":[{"href":"https:\/\/agora.xtec.cat\/iesvplantada\/wp-json\/wp\/v2\/pages"}],"about":[{"href":"https:\/\/agora.xtec.cat\/iesvplantada\/wp-json\/wp\/v2\/types\/page"}],"author":[{"embeddable":true,"href":"https:\/\/agora.xtec.cat\/iesvplantada\/wp-json\/wp\/v2\/users\/7"}],"replies":[{"embeddable":true,"href":"https:\/\/agora.xtec.cat\/iesvplantada\/wp-json\/wp\/v2\/comments?post=1218"}],"version-history":[{"count":6,"href":"https:\/\/agora.xtec.cat\/iesvplantada\/wp-json\/wp\/v2\/pages\/1218\/revisions"}],"predecessor-version":[{"id":11087,"href":"https:\/\/agora.xtec.cat\/iesvplantada\/wp-json\/wp\/v2\/pages\/1218\/revisions\/11087"}],"up":[{"embeddable":true,"href":"https:\/\/agora.xtec.cat\/iesvplantada\/wp-json\/wp\/v2\/pages\/6599"}],"wp:attachment":[{"href":"https:\/\/agora.xtec.cat\/iesvplantada\/wp-json\/wp\/v2\/media?parent=1218"}],"curies":[{"name":"wp","href":"https:\/\/api.w.org\/{rel}","templated":true}]}}