{"id":10503,"date":"2024-10-28T21:24:09","date_gmt":"2024-10-28T20:24:09","guid":{"rendered":"https:\/\/agora.xtec.cat\/iesvplantada\/?page_id=10503"},"modified":"2024-10-28T21:24:26","modified_gmt":"2024-10-28T20:24:26","slug":"pla-daccio-tutorial","status":"publish","type":"page","link":"https:\/\/agora.xtec.cat\/iesvplantada\/d-organitzacio-i-gestio\/pla-daccio-tutorial\/","title":{"rendered":"Pla d&#8217;Acci\u00f3 Tutorial (PAT)"},"content":{"rendered":"<p>El Pla d\u2019Acci\u00f3 Tutorial \u00e9s l\u2019instrument del qual ens dotem per posar en marxa un mecanisme de tres rodes o eixos: l\u2019alumne\/a, la fam\u00edlia i el grup-classe. \u00c9s un instrument transversal, flexible i obert a les necessitats emergents de cada curs i es projecta al llarg dels quatre cursos de l\u2019ESO, el Batxillerat i els Cicles Formatius. \u00c9s important comptar amb la implicaci\u00f3, la complicitat i la col\u00b7laboraci\u00f3 de les fam\u00edlies a fi que el creixement personal i acad\u00e8mic de l\u2019alumne\/a compti amb les m\u00e0ximes garanties d\u2019\u00e8xit.<\/p>\n<table style=\"border-collapse: collapse; width: 90%; height: 752px;\" border=\"1\">\n<tbody>\n<tr style=\"height: 156px;\">\n<td style=\"width: 35%; height: 156px;\"><strong>Pla d&#8217;Acci\u00f3 Tutorial 2024\/2025:<\/strong><\/td>\n<td style=\"width: 15%; height: 156px;\"><a href=\"https:\/\/agora.xtec.cat\/iesvplantada\/wp-content\/uploads\/usu537\/bp-attachments\/3654\/PAT-IVP-2024_25.pdf\" target=\"_blank\" rel=\"noopener\"><img loading=\"lazy\" decoding=\"async\" class=\"aligncenter wp-image-3676\" src=\"https:\/\/agora.xtec.cat\/iesvplantada\/wp-content\/uploads\/usu537\/2018\/11\/pga2018.bmp\" alt=\"\" width=\"151\" height=\"139\" \/><\/a><\/td>\n<\/tr>\n<\/tbody>\n<\/table>\n","protected":false},"excerpt":{"rendered":"<p>El Pla d\u2019Acci\u00f3 Tutorial \u00e9s l\u2019instrument del qual ens dotem per posar en marxa un mecanisme de tres rodes o eixos: l\u2019alumne\/a, la fam\u00edlia i el grup-classe. \u00c9s un instrument transversal, flexible i obert a les necessitats emergents de cada curs i es projecta al&hellip;  <a href=\"https:\/\/agora.xtec.cat\/iesvplantada\/d-organitzacio-i-gestio\/pla-daccio-tutorial\/\" title=\"Read Pla d&#8217;Acci\u00f3 Tutorial (PAT)\">Llegeix m\u00e9s\u00bb<\/a><\/p>\n","protected":false},"author":7,"featured_media":0,"parent":3638,"menu_order":80,"comment_status":"closed","ping_status":"closed","template":"page-templates\/side-menu.php","meta":{"_bbp_topic_count":0,"_bbp_reply_count":0,"_bbp_total_topic_count":0,"_bbp_total_reply_count":0,"_bbp_voice_count":0,"_bbp_anonymous_reply_count":0,"_bbp_topic_count_hidden":0,"_bbp_reply_count_hidden":0,"_bbp_forum_subforum_count":0,"footnotes":""},"class_list":["post-10503","page","type-page","status-publish","hentry"],"post_mailing_queue_ids":[],"_links":{"self":[{"href":"https:\/\/agora.xtec.cat\/iesvplantada\/wp-json\/wp\/v2\/pages\/10503","targetHints":{"allow":["GET"]}}],"collection":[{"href":"https:\/\/agora.xtec.cat\/iesvplantada\/wp-json\/wp\/v2\/pages"}],"about":[{"href":"https:\/\/agora.xtec.cat\/iesvplantada\/wp-json\/wp\/v2\/types\/page"}],"author":[{"embeddable":true,"href":"https:\/\/agora.xtec.cat\/iesvplantada\/wp-json\/wp\/v2\/users\/7"}],"replies":[{"embeddable":true,"href":"https:\/\/agora.xtec.cat\/iesvplantada\/wp-json\/wp\/v2\/comments?post=10503"}],"version-history":[{"count":2,"href":"https:\/\/agora.xtec.cat\/iesvplantada\/wp-json\/wp\/v2\/pages\/10503\/revisions"}],"predecessor-version":[{"id":10506,"href":"https:\/\/agora.xtec.cat\/iesvplantada\/wp-json\/wp\/v2\/pages\/10503\/revisions\/10506"}],"up":[{"embeddable":true,"href":"https:\/\/agora.xtec.cat\/iesvplantada\/wp-json\/wp\/v2\/pages\/3638"}],"wp:attachment":[{"href":"https:\/\/agora.xtec.cat\/iesvplantada\/wp-json\/wp\/v2\/media?parent=10503"}],"curies":[{"name":"wp","href":"https:\/\/api.w.org\/{rel}","templated":true}]}}