{"id":10500,"date":"2024-10-28T21:10:37","date_gmt":"2024-10-28T20:10:37","guid":{"rendered":"https:\/\/agora.xtec.cat\/iesvplantada\/?page_id=10500"},"modified":"2025-11-20T22:54:35","modified_gmt":"2025-11-20T21:54:35","slug":"projecte-curricular-de-centre-pc","status":"publish","type":"page","link":"https:\/\/agora.xtec.cat\/iesvplantada\/d-organitzacio-i-gestio\/projecte-curricular-de-centre-pc\/","title":{"rendered":"Projecte Curricular de Centre (PC)"},"content":{"rendered":"<p>El Projecte curricular de centre (PCC) \u00e9s el document que expressa com es desenvolupa el projecte educatiu de centre i el curr\u00edculum normatiu a trav\u00e9s de les mat\u00e8ries o assignatures del centre. Inclou el desplegament horari de cada mat\u00e8ria, els continguts que s\u2019han d\u2019impartir per curs i orientacions generals per a la programaci\u00f3 did\u00e0ctica per part dels docents.<\/p>\n<table style=\"border-collapse: collapse; width: 90%; height: 752px;\" border=\"1\">\n<tbody>\n<tr style=\"height: 156px;\">\n<td style=\"width: 35%; height: 156px;\"><strong>\u00a0Projecte curricular de centre 2025\/2026:<\/strong><\/td>\n<td style=\"width: 15%; height: 156px;\"><a href=\"https:\/\/agora.xtec.cat\/iesvplantada\/wp-content\/uploads\/usu537\/bp-attachments\/3654\/PC-IVP-2025_26.pdf\" target=\"_blank\" rel=\"noopener\"><img loading=\"lazy\" decoding=\"async\" class=\"aligncenter wp-image-3676\" src=\"https:\/\/agora.xtec.cat\/iesvplantada\/wp-content\/uploads\/usu537\/2018\/11\/pga2018.bmp\" alt=\"\" width=\"151\" height=\"139\" \/><\/a><\/td>\n<\/tr>\n<tr style=\"height: 156px;\">\n<td style=\"width: 35%; height: 156px;\"><strong>\u00a0Projecte curricular de centre 2024\/2025:<\/strong><\/td>\n<td style=\"width: 15%; height: 156px;\"><a href=\"https:\/\/agora.xtec.cat\/iesvplantada\/wp-content\/uploads\/usu537\/bp-attachments\/3654\/PC-IVP-2024_25.pdf\" target=\"_blank\" rel=\"noopener\"><img loading=\"lazy\" decoding=\"async\" class=\"aligncenter wp-image-3676\" src=\"https:\/\/agora.xtec.cat\/iesvplantada\/wp-content\/uploads\/usu537\/2018\/11\/pga2018.bmp\" alt=\"\" width=\"151\" height=\"139\" \/><\/a><\/td>\n<\/tr>\n<tr style=\"height: 156px;\">\n<td style=\"width: 35%; height: 156px;\"><strong>\u00a0Projecte curricular de centre 2023\/2024:<\/strong><\/td>\n<td style=\"width: 15%; height: 156px;\"><a href=\"https:\/\/agora.xtec.cat\/iesvplantada\/wp-content\/uploads\/usu537\/bp-attachments\/3654\/PC-IVP-2023_24.pdf\" target=\"_blank\" rel=\"noopener\"><img loading=\"lazy\" decoding=\"async\" class=\"aligncenter wp-image-3676\" src=\"https:\/\/agora.xtec.cat\/iesvplantada\/wp-content\/uploads\/usu537\/2018\/11\/pga2018.bmp\" alt=\"\" width=\"151\" height=\"139\" \/><\/a><\/td>\n<\/tr>\n<\/tbody>\n<\/table>\n","protected":false},"excerpt":{"rendered":"<p>El Projecte curricular de centre (PCC) \u00e9s el document que expressa com es desenvolupa el projecte educatiu de centre i el curr\u00edculum normatiu a trav\u00e9s de les mat\u00e8ries o assignatures del centre. Inclou el desplegament horari de cada mat\u00e8ria, els continguts que s\u2019han d\u2019impartir per&hellip;  <a href=\"https:\/\/agora.xtec.cat\/iesvplantada\/d-organitzacio-i-gestio\/projecte-curricular-de-centre-pc\/\" title=\"Read Projecte Curricular de Centre (PC)\">Llegeix m\u00e9s\u00bb<\/a><\/p>\n","protected":false},"author":7,"featured_media":0,"parent":3638,"menu_order":70,"comment_status":"closed","ping_status":"closed","template":"page-templates\/side-menu.php","meta":{"_bbp_topic_count":0,"_bbp_reply_count":0,"_bbp_total_topic_count":0,"_bbp_total_reply_count":0,"_bbp_voice_count":0,"_bbp_anonymous_reply_count":0,"_bbp_topic_count_hidden":0,"_bbp_reply_count_hidden":0,"_bbp_forum_subforum_count":0,"footnotes":""},"class_list":["post-10500","page","type-page","status-publish","hentry"],"post_mailing_queue_ids":[],"_links":{"self":[{"href":"https:\/\/agora.xtec.cat\/iesvplantada\/wp-json\/wp\/v2\/pages\/10500","targetHints":{"allow":["GET"]}}],"collection":[{"href":"https:\/\/agora.xtec.cat\/iesvplantada\/wp-json\/wp\/v2\/pages"}],"about":[{"href":"https:\/\/agora.xtec.cat\/iesvplantada\/wp-json\/wp\/v2\/types\/page"}],"author":[{"embeddable":true,"href":"https:\/\/agora.xtec.cat\/iesvplantada\/wp-json\/wp\/v2\/users\/7"}],"replies":[{"embeddable":true,"href":"https:\/\/agora.xtec.cat\/iesvplantada\/wp-json\/wp\/v2\/comments?post=10500"}],"version-history":[{"count":2,"href":"https:\/\/agora.xtec.cat\/iesvplantada\/wp-json\/wp\/v2\/pages\/10500\/revisions"}],"predecessor-version":[{"id":11175,"href":"https:\/\/agora.xtec.cat\/iesvplantada\/wp-json\/wp\/v2\/pages\/10500\/revisions\/11175"}],"up":[{"embeddable":true,"href":"https:\/\/agora.xtec.cat\/iesvplantada\/wp-json\/wp\/v2\/pages\/3638"}],"wp:attachment":[{"href":"https:\/\/agora.xtec.cat\/iesvplantada\/wp-json\/wp\/v2\/media?parent=10500"}],"curies":[{"name":"wp","href":"https:\/\/api.w.org\/{rel}","templated":true}]}}