{"id":519,"date":"2016-04-16T16:03:43","date_gmt":"2016-04-16T15:03:43","guid":{"rendered":"http:\/\/agora.xtec.cat\/iesvinyet\/?page_id=519"},"modified":"2025-09-09T19:00:38","modified_gmt":"2025-09-09T17:00:38","slug":"horaris","status":"publish","type":"page","link":"https:\/\/agora.xtec.cat\/iesvinyet\/secretaria\/horaris\/","title":{"rendered":"Horari"},"content":{"rendered":"<h2><span style=\"color: #800080;\"><strong>Horari d\u2019atenci\u00f3 al p\u00fablic<\/strong><\/span><\/h2>\n<table style=\"border-collapse: collapse; width: 99.8788%; height: 58px;\" border=\"1\">\n<tbody>\n<tr style=\"height: 10px;\">\n<td style=\"width: 100%; height: 10px;\"><strong>MATINS<\/strong>: De dilluns a divendres de 8.30 a 15.00.<\/p>\n<p>&nbsp;<\/td>\n<\/tr>\n<tr style=\"height: 48px;\">\n<td style=\"width: 100%; height: 48px;\">Expedici\u00f3 de certificats i altra documentaci\u00f3: 48 hores<\/p>\n<p>Per qualsevol consulta relacionada amb certificats, preinscripci\u00f3 o matr\u00edcula, us podeu adre\u00e7ar a <strong>administracio@insvinyet.<\/strong><\/td>\n<\/tr>\n<\/tbody>\n<\/table>\n<p>&nbsp;<\/p>\n","protected":false},"excerpt":{"rendered":"<p>Horari d\u2019atenci\u00f3 al p\u00fablic<\/p>\n<p>MATINS: De dilluns a divendres de 8.30 a 15.00.<br \/>\n&nbsp;<\/p>\n<p>Expedici\u00f3 de certificats i altra documentaci\u00f3: 48 hores<br \/>\nPer qualsevol consulta relacionada amb certificats, preinscripci\u00f3 o matr\u00edcula, us podeu adre\u00e7ar a administracio@insvinyet.<\/p>\n<p>&nbsp;<\/p>\n","protected":false},"author":1,"featured_media":0,"parent":81,"menu_order":0,"comment_status":"closed","ping_status":"closed","template":"","meta":{"_bbp_topic_count":0,"_bbp_reply_count":0,"_bbp_total_topic_count":0,"_bbp_total_reply_count":0,"_bbp_voice_count":0,"_bbp_anonymous_reply_count":0,"_bbp_topic_count_hidden":0,"_bbp_reply_count_hidden":0,"_bbp_forum_subforum_count":0,"footnotes":""},"class_list":["post-519","page","type-page","status-publish","hentry"],"post_mailing_queue_ids":[],"_links":{"self":[{"href":"https:\/\/agora.xtec.cat\/iesvinyet\/wp-json\/wp\/v2\/pages\/519","targetHints":{"allow":["GET"]}}],"collection":[{"href":"https:\/\/agora.xtec.cat\/iesvinyet\/wp-json\/wp\/v2\/pages"}],"about":[{"href":"https:\/\/agora.xtec.cat\/iesvinyet\/wp-json\/wp\/v2\/types\/page"}],"author":[{"embeddable":true,"href":"https:\/\/agora.xtec.cat\/iesvinyet\/wp-json\/wp\/v2\/users\/1"}],"replies":[{"embeddable":true,"href":"https:\/\/agora.xtec.cat\/iesvinyet\/wp-json\/wp\/v2\/comments?post=519"}],"version-history":[{"count":5,"href":"https:\/\/agora.xtec.cat\/iesvinyet\/wp-json\/wp\/v2\/pages\/519\/revisions"}],"predecessor-version":[{"id":3250,"href":"https:\/\/agora.xtec.cat\/iesvinyet\/wp-json\/wp\/v2\/pages\/519\/revisions\/3250"}],"up":[{"embeddable":true,"href":"https:\/\/agora.xtec.cat\/iesvinyet\/wp-json\/wp\/v2\/pages\/81"}],"wp:attachment":[{"href":"https:\/\/agora.xtec.cat\/iesvinyet\/wp-json\/wp\/v2\/media?parent=519"}],"curies":[{"name":"wp","href":"https:\/\/api.w.org\/{rel}","templated":true}]}}