{"id":21,"date":"2014-09-17T16:14:14","date_gmt":"2014-09-17T16:14:14","guid":{"rendered":"http:\/\/agora.xtec.cat\/iesvinyet\/?page_id=21"},"modified":"2021-10-18T17:14:57","modified_gmt":"2021-10-18T15:14:57","slug":"on-som","status":"publish","type":"page","link":"https:\/\/agora.xtec.cat\/iesvinyet\/linstitut\/on-som\/","title":{"rendered":"On som?"},"content":{"rendered":"<p>&nbsp;<\/p>\n<p><img loading=\"lazy\" decoding=\"async\" class=\"wp-image-390 alignright\" src=\"http:\/\/agora.xtec.cat\/iesvinyet\/wp-content\/uploads\/usu987\/2014\/09\/mapa1.jpg\" alt=\"mapa1\" width=\"903\" height=\"379\" srcset=\"https:\/\/agora.xtec.cat\/iesvinyet\/wp-content\/uploads\/usu987\/2014\/09\/mapa1.jpg 1000w, https:\/\/agora.xtec.cat\/iesvinyet\/wp-content\/uploads\/usu987\/2014\/09\/mapa1-300x126.jpg 300w\" sizes=\"auto, (max-width: 903px) 100vw, 903px\" \/><span style=\"color: #ff6600;\"><strong>INSTITUT VINYET<\/strong><\/span><\/p>\n<p><span style=\"color: #333399;\"><strong>Carrer Mestre Manel Torrens Girona, 2-6<br \/>\n08870 Sitges<\/strong><\/span><\/p>\n<p><span style=\"color: #ff6600;\"><strong>Codi de centre: <\/strong><\/span><span style=\"color: #333399;\"><strong>08061014<\/strong><\/span><\/p>\n<p style=\"color: #666666;\"><span style=\"color: #ff6600;\"><strong>Tel\u00e8fon:<\/strong><\/span> <span style=\"color: #333399;\"><strong>93 810 71 32<\/strong><\/span><\/p>\n<p><span style=\"color: #993366;\"><b><span style=\"color: #ff6600;\">Adre\u00e7a de correu:<\/span> <span style=\"color: #333399;\">a8061014@xtec.cat<\/span><\/b><\/span><\/p>\n<p>&nbsp;<\/p>\n<p><a href=\"https:\/\/www.google.es\/maps\/@41.2341648,1.7896603,697m\/data=!3m1!1e3\" target=\"_blank\" rel=\"noopener noreferrer\"><span style=\"color: #333399;\">Ampliar\u00a0Mapa<\/span><\/a><\/p>\n<p>&nbsp;<\/p>\n<p>&nbsp;<\/p>\n<p><span style=\"color: #ff6600;\"><strong>TRANSPORT<\/strong><\/span><\/p>\n<p>L\u2019Institut disposa de <span style=\"color: #333399;\"><strong>p\u00e0rquing de bicicletes i patinets<\/strong><\/span>. Aquell alumnat que opti per venir al centre en bici o patinet, podr\u00e0 fer \u00fas del p\u00e0rquing, tancat i exterior, tenint en compte que haur\u00e0 de portar el seu propi cadenat.<\/p>\n<p>L\u2019Ajuntament de Sitges ofereix, tamb\u00e9, un servei d\u2019<span style=\"color: #333399;\"><strong>autob\u00fas llan\u00e7adora<\/strong><\/span>, tant a l\u2019inici com al final de la jornada lectiva, que fa el trajecte des de l\u2019Oasis fins a l\u2019Institut i a la inversa, en els horaris seg\u00fcents:<\/p>\n<p style=\"padding-left: 40px;\"><span style=\"color: #333399;\"><strong>Sortida des de l\u2019Oasis: 8.00 i 8.20<\/strong><\/span><\/p>\n<p style=\"padding-left: 40px;\"><span style=\"color: #333399;\"><strong>Sortida des de l\u2019Institut: 15.07, 15.27 i 15.45.<\/strong><\/span><\/p>\n<p>L\u2019alumnat que faci \u00fas d\u2019aquest servei, pot utilitzar-lo amb la T-16. Us facilitem un enlla\u00e7 sobre aquesta targeta de transport on hi trobareu m\u00e9s informaci\u00f3:<\/p>\n<p><span style=\"color: #333399;\"><a style=\"color: #333399;\" href=\"https:\/\/www.t-16.cat\/Publica\/T12\/Inicio.aspx\">https:\/\/www.t-16.cat\/Publica\/T12\/Inicio.aspx<\/a><\/span><\/p>\n<p>Aix\u00ed mateix, la l\u00ednia 2 del servei d\u2019Autob\u00fas urb\u00e0, Can Pei-Terramar, tamb\u00e9 t\u00e9 parada a l\u2019Institut Vinyet i opera des de les 6.45 fins a les 21.15. Adjuntem enlla\u00e7 amb la informaci\u00f3 sobre aquest servei: <span style=\"color: #333399;\"><a style=\"color: #333399;\" href=\"https:\/\/www.sitges.cat\/serveis\/mobilitat\/autobus\">https:\/\/www.sitges.cat\/serveis\/mobilitat\/autobus<\/a><\/span><\/p>\n<p>Per a l\u2019alumnat que ve de Vilanova o de Les Roquetes, l\u2019empresa Bus Garraf, tamb\u00e9 ofereix servei de transport, amb parada a pocs metres de l\u2019Institut Vinyet. Podeu consultar els horaris en aquest <span style=\"color: #333399;\"><a style=\"color: #333399;\" href=\"https:\/\/www.busgarraf.cat\/wp-qbicus\/uploads\/2020\/11\/VILANOVA-LES-ROQUETES-SITGES-EL-PRAT-DE-LLOBREGAT-HOSPITALET-DE-LLOBREGAT1.pdf\">enlla\u00e7<\/a>.<\/span><\/p>\n","protected":false},"excerpt":{"rendered":"<p>&nbsp;<br \/>\nINSTITUT VINYET<br \/>\nCarrer Mestre Manel Torrens Girona, 2-6<br \/>\n08870 Sitges<br \/>\nCodi de centre: 08061014<br \/>\nTel\u00e8fon: 93 810 71 32<br \/>\nAdre\u00e7a de correu: a8061014@xtec.cat<br \/>\n&nbsp;<br \/>\n<a href=\"https:\/\/www.google.es\/maps\/@41.2341648,1.7896603,697m\/data=!3m1!1e3\" target=\"_blank\" rel=\"noopener noreferrer\">Ampliar\u00a0Mapa<\/a><br \/>\n&nbsp;<br \/>\n&nbsp;<br \/>\nTRANSPORT<br \/>\nL\u2019Institut disposa de p\u00e0rquing de bicicletes i patinets. Aquell alumnat que opti per venir al centre en bici o patinet, podr\u00e0 fer \u00fas del&hellip;  <a href=\"https:\/\/agora.xtec.cat\/iesvinyet\/linstitut\/on-som\/\" title=\"Read On som?\">Llegeix m\u00e9s\u00bb<\/a><\/p>\n","protected":false},"author":1,"featured_media":0,"parent":19,"menu_order":10,"comment_status":"closed","ping_status":"closed","template":"page-templates\/side-menu.php","meta":{"_bbp_topic_count":0,"_bbp_reply_count":0,"_bbp_total_topic_count":0,"_bbp_total_reply_count":0,"_bbp_voice_count":0,"_bbp_anonymous_reply_count":0,"_bbp_topic_count_hidden":0,"_bbp_reply_count_hidden":0,"_bbp_forum_subforum_count":0,"footnotes":""},"class_list":["post-21","page","type-page","status-publish","hentry"],"post_mailing_queue_ids":[],"_links":{"self":[{"href":"https:\/\/agora.xtec.cat\/iesvinyet\/wp-json\/wp\/v2\/pages\/21","targetHints":{"allow":["GET"]}}],"collection":[{"href":"https:\/\/agora.xtec.cat\/iesvinyet\/wp-json\/wp\/v2\/pages"}],"about":[{"href":"https:\/\/agora.xtec.cat\/iesvinyet\/wp-json\/wp\/v2\/types\/page"}],"author":[{"embeddable":true,"href":"https:\/\/agora.xtec.cat\/iesvinyet\/wp-json\/wp\/v2\/users\/1"}],"replies":[{"embeddable":true,"href":"https:\/\/agora.xtec.cat\/iesvinyet\/wp-json\/wp\/v2\/comments?post=21"}],"version-history":[{"count":5,"href":"https:\/\/agora.xtec.cat\/iesvinyet\/wp-json\/wp\/v2\/pages\/21\/revisions"}],"predecessor-version":[{"id":2795,"href":"https:\/\/agora.xtec.cat\/iesvinyet\/wp-json\/wp\/v2\/pages\/21\/revisions\/2795"}],"up":[{"embeddable":true,"href":"https:\/\/agora.xtec.cat\/iesvinyet\/wp-json\/wp\/v2\/pages\/19"}],"wp:attachment":[{"href":"https:\/\/agora.xtec.cat\/iesvinyet\/wp-json\/wp\/v2\/media?parent=21"}],"curies":[{"name":"wp","href":"https:\/\/api.w.org\/{rel}","templated":true}]}}