{"id":195,"date":"2014-09-22T10:39:39","date_gmt":"2014-09-22T10:39:39","guid":{"rendered":"http:\/\/agora.xtec.cat\/iesvinyet\/?page_id=195"},"modified":"2021-10-18T18:46:38","modified_gmt":"2021-10-18T16:46:38","slug":"estudis","status":"publish","type":"page","link":"https:\/\/agora.xtec.cat\/iesvinyet\/estudis\/","title":{"rendered":"OFERTA EDUCATIVA"},"content":{"rendered":"<h6 class=\"entry-header\" style=\"color: #444444;\">L&#8217;Institut Vinyet ofereix els ensenyaments d&#8217;ESO i Batxillerat.<\/h6>\n<p>Compta amb 3 l\u00ednies d&#8217;<strong>ESO<\/strong> per a cadascun dels nivells, distribu\u00efdes en 4 grups-classes, de 1r a 3r, i 3 grups al nivell de 4t. Els grups s\u00f3n heterogenis i tenen en compte els diversos estils d&#8217;aprenentatge de l&#8217;alumnat, aix\u00ed com la diversitat metodol\u00f2gica dels equips educatius.<\/p>\n<p>Al <strong>Batxillerat<\/strong>, s&#8217;ofereixen les modalitats de Ci\u00e8ncies i Tecnologia i d&#8217;Humanitats i Ci\u00e8ncies Socials. L&#8217;alumnat pot personalitzar el seu itinerari formatiu, gr\u00e0cies a la col\u00b7laboraci\u00f3 que el centre i l&#8217;Institut Obert de Catalunya (IOC) duen a terme, amb l&#8217;objectiu d&#8217;ampliar l&#8217;oferta de mat\u00e8ries que pot cursar l&#8217;alumnat.<\/p>\n<p>&nbsp;<\/p>\n","protected":false},"excerpt":{"rendered":"<p>L&#8217;Institut Vinyet ofereix els ensenyaments d&#8217;ESO i Batxillerat.<br \/>\nCompta amb 3 l\u00ednies d&#8217;ESO per a cadascun dels nivells, distribu\u00efdes en 4 grups-classes, de 1r a 3r, i 3 grups al nivell de 4t. Els grups s\u00f3n heterogenis i tenen en compte els diversos estils d&#8217;aprenentatge de&hellip;  <a href=\"https:\/\/agora.xtec.cat\/iesvinyet\/estudis\/\" title=\"Read OFERTA EDUCATIVA\">Llegeix m\u00e9s\u00bb<\/a><\/p>\n","protected":false},"author":1,"featured_media":0,"parent":0,"menu_order":0,"comment_status":"closed","ping_status":"closed","template":"","meta":{"_bbp_topic_count":0,"_bbp_reply_count":0,"_bbp_total_topic_count":0,"_bbp_total_reply_count":0,"_bbp_voice_count":0,"_bbp_anonymous_reply_count":0,"_bbp_topic_count_hidden":0,"_bbp_reply_count_hidden":0,"_bbp_forum_subforum_count":0,"footnotes":""},"class_list":["post-195","page","type-page","status-publish","hentry"],"post_mailing_queue_ids":[],"_links":{"self":[{"href":"https:\/\/agora.xtec.cat\/iesvinyet\/wp-json\/wp\/v2\/pages\/195","targetHints":{"allow":["GET"]}}],"collection":[{"href":"https:\/\/agora.xtec.cat\/iesvinyet\/wp-json\/wp\/v2\/pages"}],"about":[{"href":"https:\/\/agora.xtec.cat\/iesvinyet\/wp-json\/wp\/v2\/types\/page"}],"author":[{"embeddable":true,"href":"https:\/\/agora.xtec.cat\/iesvinyet\/wp-json\/wp\/v2\/users\/1"}],"replies":[{"embeddable":true,"href":"https:\/\/agora.xtec.cat\/iesvinyet\/wp-json\/wp\/v2\/comments?post=195"}],"version-history":[{"count":3,"href":"https:\/\/agora.xtec.cat\/iesvinyet\/wp-json\/wp\/v2\/pages\/195\/revisions"}],"predecessor-version":[{"id":2862,"href":"https:\/\/agora.xtec.cat\/iesvinyet\/wp-json\/wp\/v2\/pages\/195\/revisions\/2862"}],"wp:attachment":[{"href":"https:\/\/agora.xtec.cat\/iesvinyet\/wp-json\/wp\/v2\/media?parent=195"}],"curies":[{"name":"wp","href":"https:\/\/api.w.org\/{rel}","templated":true}]}}