{"id":687,"date":"2016-01-19T08:32:08","date_gmt":"2016-01-19T07:32:08","guid":{"rendered":"http:\/\/agora.xtec.cat\/iesvilatzara\/?page_id=687"},"modified":"2025-01-27T16:23:12","modified_gmt":"2025-01-27T15:23:12","slug":"educacio-fisica","status":"publish","type":"page","link":"https:\/\/agora.xtec.cat\/iesvilatzara\/departaments-didactics\/educacio-fisica\/","title":{"rendered":"Educaci\u00f3 f\u00edsica"},"content":{"rendered":"<p>L&#8217;\u00e0rea d&#8217;Educaci\u00f3 F\u00edsica es desenvolupa des de 1r d&#8217;ESO fins a 1r de Batxillerat amb l&#8217;objectiu de treballar l&#8217;activitat f\u00edsica i l&#8217;esport des d&#8217;un punt de vista actiu i saludable.<\/p>\n<p>Al llarg dels diferents cursos es treballen diferents esports individuals, col\u00b7lectius i d&#8217;adversari amb l&#8217;objectiu de treballar no nom\u00e9s la t\u00e8cnica i la t\u00e0ctica individual i col\u00b7lectiva sin\u00f3 tamb\u00e9 els valors que porten de manera intr\u00ednseca.<\/p>\n<p>Un altre dels eixos de treball s\u00f3n les activitats relacionades amb la condici\u00f3 f\u00edsica orientades no tant al rendiment i l&#8217;assoliment d&#8217;unes marques o registres individuals sin\u00f3 a la promoci\u00f3 de l&#8217;activitat f\u00edsica activa i saludable.<\/p>\n<p>El treball de l&#8217;expressi\u00f3 corporal i el ritme tamb\u00e9 hi seran presents mitjan\u00e7ant activitats coreografiades, danses populars, treball de m\u00edmica o d&#8217;acrosport buscant que l&#8217;alumnat s&#8217;expressi amb llibertat tant amb suport musicals com sense.<\/p>\n<p>Finalment hi haur\u00e0 tot un bloc d&#8217;activitats relacionades amb en l&#8217;entorn amb l&#8217;objectiu de realitzar activitats f\u00edsico &#8211; esportives de manera sostenible i segura que es puguin realitzar tant dins el centre com fora aprofitant tots els recursos del nostre entorn m\u00e9s propers.<\/p>\n<p><a href=\"https:\/\/agora.xtec.cat\/iesvilatzara\/wp-content\/uploads\/usu356\/2025\/01\/Nou-Curriculum-EF-ESO-2022-Web.png\"><img loading=\"lazy\" decoding=\"async\" class=\"aligncenter wp-image-27480 size-large\" src=\"https:\/\/agora.xtec.cat\/iesvilatzara\/wp-content\/uploads\/usu356\/2025\/01\/Nou-Curriculum-EF-ESO-2022-Web-763x1024.png\" alt=\"\" width=\"763\" height=\"1024\" srcset=\"https:\/\/agora.xtec.cat\/iesvilatzara\/wp-content\/uploads\/usu356\/2025\/01\/Nou-Curriculum-EF-ESO-2022-Web-763x1024.png 763w, https:\/\/agora.xtec.cat\/iesvilatzara\/wp-content\/uploads\/usu356\/2025\/01\/Nou-Curriculum-EF-ESO-2022-Web-223x300.png 223w, https:\/\/agora.xtec.cat\/iesvilatzara\/wp-content\/uploads\/usu356\/2025\/01\/Nou-Curriculum-EF-ESO-2022-Web-768x1031.png 768w, https:\/\/agora.xtec.cat\/iesvilatzara\/wp-content\/uploads\/usu356\/2025\/01\/Nou-Curriculum-EF-ESO-2022-Web-1144x1536.png 1144w, https:\/\/agora.xtec.cat\/iesvilatzara\/wp-content\/uploads\/usu356\/2025\/01\/Nou-Curriculum-EF-ESO-2022-Web-1525x2048.png 1525w\" sizes=\"auto, (max-width: 763px) 100vw, 763px\" \/><\/a><\/p>\n","protected":false},"excerpt":{"rendered":"<p>L&#8217;\u00e0rea d&#8217;Educaci\u00f3 F\u00edsica es desenvolupa des de 1r d&#8217;ESO fins a 1r de Batxillerat amb l&#8217;objectiu de treballar l&#8217;activitat f\u00edsica i l&#8217;esport des d&#8217;un punt de vista actiu i saludable.<br \/>\nAl llarg dels diferents cursos es treballen diferents esports individuals, col\u00b7lectius i d&#8217;adversari amb l&#8217;objectiu de&hellip;  <a href=\"https:\/\/agora.xtec.cat\/iesvilatzara\/departaments-didactics\/educacio-fisica\/\" title=\"Read Educaci\u00f3 f\u00edsica\">Llegeix m\u00e9s\u00bb<\/a><\/p>\n","protected":false},"author":1,"featured_media":0,"parent":358,"menu_order":100,"comment_status":"closed","ping_status":"closed","template":"","meta":{"_bbp_topic_count":0,"_bbp_reply_count":0,"_bbp_total_topic_count":0,"_bbp_total_reply_count":0,"_bbp_voice_count":0,"_bbp_anonymous_reply_count":0,"_bbp_topic_count_hidden":0,"_bbp_reply_count_hidden":0,"_bbp_forum_subforum_count":0,"footnotes":""},"class_list":["post-687","page","type-page","status-publish","hentry"],"post_mailing_queue_ids":[],"_links":{"self":[{"href":"https:\/\/agora.xtec.cat\/iesvilatzara\/wp-json\/wp\/v2\/pages\/687","targetHints":{"allow":["GET"]}}],"collection":[{"href":"https:\/\/agora.xtec.cat\/iesvilatzara\/wp-json\/wp\/v2\/pages"}],"about":[{"href":"https:\/\/agora.xtec.cat\/iesvilatzara\/wp-json\/wp\/v2\/types\/page"}],"author":[{"embeddable":true,"href":"https:\/\/agora.xtec.cat\/iesvilatzara\/wp-json\/wp\/v2\/users\/1"}],"replies":[{"embeddable":true,"href":"https:\/\/agora.xtec.cat\/iesvilatzara\/wp-json\/wp\/v2\/comments?post=687"}],"version-history":[{"count":6,"href":"https:\/\/agora.xtec.cat\/iesvilatzara\/wp-json\/wp\/v2\/pages\/687\/revisions"}],"predecessor-version":[{"id":27481,"href":"https:\/\/agora.xtec.cat\/iesvilatzara\/wp-json\/wp\/v2\/pages\/687\/revisions\/27481"}],"up":[{"embeddable":true,"href":"https:\/\/agora.xtec.cat\/iesvilatzara\/wp-json\/wp\/v2\/pages\/358"}],"wp:attachment":[{"href":"https:\/\/agora.xtec.cat\/iesvilatzara\/wp-json\/wp\/v2\/media?parent=687"}],"curies":[{"name":"wp","href":"https:\/\/api.w.org\/{rel}","templated":true}]}}