{"id":680,"date":"2016-01-19T08:30:38","date_gmt":"2016-01-19T07:30:38","guid":{"rendered":"http:\/\/agora.xtec.cat\/iesvilatzara\/?page_id=680"},"modified":"2024-06-29T21:10:00","modified_gmt":"2024-06-29T19:10:00","slug":"tecnologies","status":"publish","type":"page","link":"https:\/\/agora.xtec.cat\/iesvilatzara\/departaments-didactics\/tecnologies\/","title":{"rendered":"Tecnologies"},"content":{"rendered":"<p style=\"text-align: justify;\">Des de l\u2019 \u00e0rea de Tecnologia es pret\u00e9n que l\u2019alumnat adquireixi una cultura tecnol\u00f2gica que li permeti moure\u2019s i entendre el m\u00f3n que ens envolta, les seves caracter\u00edstiques, processos, comunicacions&#8230;\u00a0 Es desenvolupen aspectes t\u00e8cnics relacionats amb la compet\u00e8ncia matem\u00e0tica, la compet\u00e8ncia en ci\u00e8ncia, tecnologia i enginyeria, i la compet\u00e8ncia digital.<\/p>\n<p style=\"text-align: justify;\">Durant l\u2019aprenentatge tecnol\u00f2gic l\u2019alumne centrar\u00e0 la seva atenci\u00f3 en l\u2019adquisici\u00f3 de coneixements i capacitats necess\u00e0ries per prendre decisions sobre l\u2019\u00fas d\u2019objectes i processos tecnol\u00f2gics, a resoldre reptes relacionats amb ells. Es persegueix que l\u2019alumne sigui capa\u00e7, des d\u2019una visi\u00f3 cr\u00edtica, d\u2019augmentar la seva capacitat per actuar sobre el medi que l\u2019envolta, modificant-lo si \u00e9s necessari d\u2019acord amb els objectius marcats. Els quatre blocs de sabers interrelacionats que es treballen s\u00f3n:\u00a0 el proc\u00e9s de resoluci\u00f3 de problemes i de projectes; operadors tecnol\u00f2gics; pensament computacional, automatitzaci\u00f3 i rob\u00f2tica, i tecnologia sostenible.<\/p>\n<p>&nbsp;<\/p>\n<p style=\"text-align: center;\">\r\n\t<div class=\"slideshow_container slideshow_container_style-light\" style=\"height: 200px; \" data-slideshow-id=\"1290\" data-style-name=\"style-light\" data-style-version=\"2.3.1\" >\r\n\r\n\t\t\t\t\t<div class=\"slideshow_loading_icon\"><\/div>\r\n\t\t\r\n\t\t<div class=\"slideshow_content\" style=\"display: none;\">\r\n\r\n\t\t\t<div class=\"slideshow_view\">\r\n\t\t\t\t<div class=\"slideshow_slide slideshow_slide_image\">\r\n\t\t\t\t\t\t\t\t\t\t\t<img src=\"https:\/\/agora.xtec.cat\/iesvilatzara\/wp-content\/uploads\/usu356\/2016\/03\/IMG_20160224_132506.jpg\" alt=\"IMG_20160224_132506\" width=\"1400\" height=\"1050\" \/>\r\n\t\t\t\t\t\t\t\t\t\t<div class=\"slideshow_description_box slideshow_transparent\">\r\n\t\t\t\t\t\t<div class=\"slideshow_title\">IMG_20160224_132506<\/div>\t\t\t\t\t\t\t\t\t\t\t<\/div>\r\n\t\t\t\t<\/div>\r\n\r\n\t\t\t\t\t\t<div style=\"clear: both;\"><\/div><\/div><div class=\"slideshow_view\">\r\n\t\t\t\t<div class=\"slideshow_slide slideshow_slide_image\">\r\n\t\t\t\t\t\t\t\t\t\t\t<img src=\"https:\/\/agora.xtec.cat\/iesvilatzara\/wp-content\/uploads\/usu356\/2016\/03\/IMG_20160224_132411.jpg\" alt=\"IMG_20160224_132411\" width=\"1400\" height=\"1050\" \/>\r\n\t\t\t\t\t\t\t\t\t\t<div class=\"slideshow_description_box slideshow_transparent\">\r\n\t\t\t\t\t\t<div class=\"slideshow_title\">IMG_20160224_132411<\/div>\t\t\t\t\t\t\t\t\t\t\t<\/div>\r\n\t\t\t\t<\/div>\r\n\r\n\t\t\t\t\t\t<div style=\"clear: both;\"><\/div><\/div><div class=\"slideshow_view\">\r\n\t\t\t\t<div class=\"slideshow_slide slideshow_slide_image\">\r\n\t\t\t\t\t\t\t\t\t\t\t<img src=\"https:\/\/agora.xtec.cat\/iesvilatzara\/wp-content\/uploads\/usu356\/2016\/03\/IMG_20160224_132353.jpg\" alt=\"IMG_20160224_132353\" width=\"1400\" height=\"1050\" \/>\r\n\t\t\t\t\t\t\t\t\t\t<div class=\"slideshow_description_box slideshow_transparent\">\r\n\t\t\t\t\t\t<div class=\"slideshow_title\">IMG_20160224_132353<\/div>\t\t\t\t\t\t\t\t\t\t\t<\/div>\r\n\t\t\t\t<\/div>\r\n\r\n\t\t\t\t\t\t<div style=\"clear: both;\"><\/div><\/div><div class=\"slideshow_view\">\r\n\t\t\t\t<div class=\"slideshow_slide slideshow_slide_image\">\r\n\t\t\t\t\t\t\t\t\t\t\t<img src=\"https:\/\/agora.xtec.cat\/iesvilatzara\/wp-content\/uploads\/usu356\/2016\/03\/IMG_20160225_1112351.jpg\" alt=\"IMG_20160225_111235\" width=\"1400\" height=\"1050\" \/>\r\n\t\t\t\t\t\t\t\t\t\t<div class=\"slideshow_description_box slideshow_transparent\">\r\n\t\t\t\t\t\t<div class=\"slideshow_title\">IMG_20160225_111235<\/div>\t\t\t\t\t\t\t\t\t\t\t<\/div>\r\n\t\t\t\t<\/div>\r\n\r\n\t\t\t\t\t\t<div style=\"clear: both;\"><\/div><\/div><div class=\"slideshow_view\">\r\n\t\t\t\t<div class=\"slideshow_slide slideshow_slide_image\">\r\n\t\t\t\t\t\t\t\t\t\t\t<img src=\"https:\/\/agora.xtec.cat\/iesvilatzara\/wp-content\/uploads\/usu356\/2016\/03\/IMG_20160225_1113241.jpg\" alt=\"IMG_20160225_111324\" width=\"1400\" height=\"1050\" \/>\r\n\t\t\t\t\t\t\t\t\t\t<div class=\"slideshow_description_box slideshow_transparent\">\r\n\t\t\t\t\t\t<div class=\"slideshow_title\">IMG_20160225_111324<\/div>\t\t\t\t\t\t\t\t\t\t\t<\/div>\r\n\t\t\t\t<\/div>\r\n\r\n\t\t\t\t\t\t<div style=\"clear: both;\"><\/div><\/div><div class=\"slideshow_view\">\r\n\t\t\t\t<div class=\"slideshow_slide slideshow_slide_image\">\r\n\t\t\t\t\t\t\t\t\t\t\t<img src=\"https:\/\/agora.xtec.cat\/iesvilatzara\/wp-content\/uploads\/usu356\/2016\/03\/IMG_20160224_132529.jpg\" alt=\"IMG_20160224_132529\" width=\"1400\" height=\"1050\" \/>\r\n\t\t\t\t\t\t\t\t\t\t<div class=\"slideshow_description_box slideshow_transparent\">\r\n\t\t\t\t\t\t<div class=\"slideshow_title\">IMG_20160224_132529<\/div>\t\t\t\t\t\t\t\t\t\t\t<\/div>\r\n\t\t\t\t<\/div>\r\n\r\n\t\t\t\t\t\t<div style=\"clear: both;\"><\/div><\/div>\r\n\t\t<\/div>\r\n\r\n\t\t<div class=\"slideshow_controlPanel slideshow_transparent\" style=\"display: none;\"><ul><li class=\"slideshow_togglePlay\" data-play-text=\"Visualitza\" data-pause-text=\"Pausa\"><\/li><\/ul><\/div>\r\n\r\n\t\t<div class=\"slideshow_button slideshow_previous slideshow_transparent\" role=\"button\" data-previous-text=\"Anterior\" style=\"display: none;\"><\/div>\r\n\t\t<div class=\"slideshow_button slideshow_next slideshow_transparent\" role=\"button\" data-next-text=\"Seg\u00fcent\" style=\"display: none;\"><\/div>\r\n\r\n\t\t<div class=\"slideshow_pagination\" style=\"display: none;\" data-go-to-text=\"V\u00e9s a la diapositiva\"><div class=\"slideshow_pagination_center\"><\/div><\/div>\r\n\r\n\t\t<!-- WordPress Slideshow Version 2.3.1 -->\r\n\r\n\t\t\t<\/div>\r\n\r\n<\/p>\n<p style=\"text-align: justify;\">Es busca un aprenentatge competencial i pr\u00e0ctic, basat en l\u2019aprenentatge actiu. L\u2019alumnat t\u00e9 l\u2019oportunitat d\u2019explorar, descobrir, experimentar, aplicar i reflexionar mentre realitza diferents pr\u00e0ctiques i intenta solucionar els reptes proposats. Les situacions d\u2019aprenentatge es desenvolupen al taller de Tecnologia, un espai\u00a0 on disposen dd&#8217;impressora 3D, material d&#8217;electr\u00f2nica i de rob\u00f2tica, mecanismes i eines per la construcci\u00f3 de maquetes. Els projectes tecnol\u00f2gics s\u00f3n especialment adequats per integrar els sabers de la mat\u00e8ria de Tecnologia.<\/p>\n<p>Alguns dels projectes que es desenvolupen, entre d&#8217;altres, durant l&#8217;estapa de l&#8217;ESO s\u00f3n:<\/p>\n<ul>\n<li style=\"list-style-type: none;\">\n<ul>\n<li>Disseny i elaboraci\u00f3 d&#8217;un aerogenerador<\/li>\n<li>Implementaci\u00f3 en planta del sistema el\u00e8ctric d&#8217;un habitatge.<\/li>\n<li>Pr\u00e0ctiques per veure els efectes dels esfor\u00e7os que pateixen les estructures i les propietats dels materials.<\/li>\n<li>Disseny d&#8217;una balan\u00e7a romana.<\/li>\n<li>Pr\u00e0ctiques amb m\u00e0quines simples.<\/li>\n<li>Automatitzaci\u00f3 de maquetes amb Arduino.<\/li>\n<\/ul>\n<\/li>\n<\/ul>\n<p style=\"text-align: justify;\">A m\u00e9s a m\u00e9s, amb l&#8217;optativa de Rob\u00f2tica que es fa de 1r a 3r d&#8217;ESO els alumnes poden treballen la programaci\u00f3, desenvolupant el pensament cr\u00edtic per crear solucions innovadoresa, la resoluci\u00f3 de problemes, les compet\u00e8ncies STEM i el pensament l\u00f2gic.<\/p>\n<h5><a href=\"https:\/\/agora.xtec.cat\/iesvilatzara\/categoria\/noticies-portada\/projectes\/robotica\/\" target=\"_blank\" rel=\"noopener\">Not\u00edcies de rob\u00f2tica i programaci\u00f3<\/a><\/h5>\n","protected":false},"excerpt":{"rendered":"<p>Des de l\u2019 \u00e0rea de Tecnologia es pret\u00e9n que l\u2019alumnat adquireixi una cultura tecnol\u00f2gica que li permeti moure\u2019s i entendre el m\u00f3n que ens envolta, les seves caracter\u00edstiques, processos, comunicacions&#8230;\u00a0 Es desenvolupen aspectes t\u00e8cnics relacionats amb la compet\u00e8ncia matem\u00e0tica, la compet\u00e8ncia en ci\u00e8ncia, tecnologia i&hellip;  <a href=\"https:\/\/agora.xtec.cat\/iesvilatzara\/departaments-didactics\/tecnologies\/\" title=\"Read Tecnologies\">Llegeix m\u00e9s\u00bb<\/a><\/p>\n","protected":false},"author":1,"featured_media":0,"parent":358,"menu_order":70,"comment_status":"closed","ping_status":"closed","template":"","meta":{"_bbp_topic_count":0,"_bbp_reply_count":0,"_bbp_total_topic_count":0,"_bbp_total_reply_count":0,"_bbp_voice_count":0,"_bbp_anonymous_reply_count":0,"_bbp_topic_count_hidden":0,"_bbp_reply_count_hidden":0,"_bbp_forum_subforum_count":0,"footnotes":""},"class_list":["post-680","page","type-page","status-publish","hentry"],"post_mailing_queue_ids":[],"_links":{"self":[{"href":"https:\/\/agora.xtec.cat\/iesvilatzara\/wp-json\/wp\/v2\/pages\/680","targetHints":{"allow":["GET"]}}],"collection":[{"href":"https:\/\/agora.xtec.cat\/iesvilatzara\/wp-json\/wp\/v2\/pages"}],"about":[{"href":"https:\/\/agora.xtec.cat\/iesvilatzara\/wp-json\/wp\/v2\/types\/page"}],"author":[{"embeddable":true,"href":"https:\/\/agora.xtec.cat\/iesvilatzara\/wp-json\/wp\/v2\/users\/1"}],"replies":[{"embeddable":true,"href":"https:\/\/agora.xtec.cat\/iesvilatzara\/wp-json\/wp\/v2\/comments?post=680"}],"version-history":[{"count":6,"href":"https:\/\/agora.xtec.cat\/iesvilatzara\/wp-json\/wp\/v2\/pages\/680\/revisions"}],"predecessor-version":[{"id":26630,"href":"https:\/\/agora.xtec.cat\/iesvilatzara\/wp-json\/wp\/v2\/pages\/680\/revisions\/26630"}],"up":[{"embeddable":true,"href":"https:\/\/agora.xtec.cat\/iesvilatzara\/wp-json\/wp\/v2\/pages\/358"}],"wp:attachment":[{"href":"https:\/\/agora.xtec.cat\/iesvilatzara\/wp-json\/wp\/v2\/media?parent=680"}],"curies":[{"name":"wp","href":"https:\/\/api.w.org\/{rel}","templated":true}]}}